{"id":9603,"date":"2025-12-09T19:28:58","date_gmt":"2025-12-09T18:28:58","guid":{"rendered":"https:\/\/www.vinscoeur.be\/index.php\/product\/9j7xw4r1pzbs\/"},"modified":"2025-12-09T19:28:58","modified_gmt":"2025-12-09T18:28:58","slug":"9j7xw4r1pzbs","status":"publish","type":"product","link":"https:\/\/www.vinscoeur.be\/index.php\/product\/9j7xw4r1pzbs\/","title":{"rendered":"Cuv\u00e9e Paulette ros\u00e9 2021 (ros\u00e9), Ambroise"},"content":{"rendered":"","protected":false},"excerpt":{"rendered":"","protected":false},"featured_media":0,"template":"","meta":{"_acf_changed":false},"product_brand":[],"product_cat":[546,201],"product_tag":[544],"class_list":{"0":"post-9603","1":"product","2":"type-product","3":"status-publish","5":"product_cat-ambroise","6":"product_cat-bourgogne","7":"product_tag-p26","9":"first","10":"instock","11":"shipping-taxable","12":"purchasable","13":"product-type-simple"},"acf":[],"_links":{"self":[{"href":"https:\/\/www.vinscoeur.be\/index.php\/wp-json\/wp\/v2\/product\/9603","targetHints":{"allow":["GET"]}}],"collection":[{"href":"https:\/\/www.vinscoeur.be\/index.php\/wp-json\/wp\/v2\/product"}],"about":[{"href":"https:\/\/www.vinscoeur.be\/index.php\/wp-json\/wp\/v2\/types\/product"}],"wp:attachment":[{"href":"https:\/\/www.vinscoeur.be\/index.php\/wp-json\/wp\/v2\/media?parent=9603"}],"wp:term":[{"taxonomy":"product_brand","embeddable":true,"href":"https:\/\/www.vinscoeur.be\/index.php\/wp-json\/wp\/v2\/product_brand?post=9603"},{"taxonomy":"product_cat","embeddable":true,"href":"https:\/\/www.vinscoeur.be\/index.php\/wp-json\/wp\/v2\/product_cat?post=9603"},{"taxonomy":"product_tag","embeddable":true,"href":"https:\/\/www.vinscoeur.be\/index.php\/wp-json\/wp\/v2\/product_tag?post=9603"}],"curies":[{"name":"wp","href":"https:\/\/api.w.org\/{rel}","templated":true}]}}