{"id":9346,"date":"2025-11-14T21:33:02","date_gmt":"2025-11-14T20:33:02","guid":{"rendered":"https:\/\/www.vinscoeur.be\/index.php\/product\/bourgogne-cote-chalonnaise-2023-rouge-eveche-2\/"},"modified":"2026-04-14T22:00:17","modified_gmt":"2026-04-14T20:00:17","slug":"bourgogne-cote-chalonnaise-2023-rouge-eveche-2","status":"publish","type":"product","link":"https:\/\/www.vinscoeur.be\/index.php\/product\/bourgogne-cote-chalonnaise-2023-rouge-eveche-2\/","title":{"rendered":"Bourgogne C\u00f4te Chalonnaise 2023 (rouge), Ev\u00each\u00e9"},"content":{"rendered":"","protected":false},"excerpt":{"rendered":"","protected":false},"featured_media":0,"template":"","meta":{"_acf_changed":false},"product_brand":[],"product_cat":[201,222],"product_tag":[506,327],"class_list":{"0":"post-9346","1":"product","2":"type-product","3":"status-publish","5":"product_cat-bourgogne","6":"product_cat-eveche","7":"product_tag-a25","8":"product_tag-reliquat","10":"first","11":"outofstock","12":"purchasable","13":"product-type-simple"},"acf":[],"_links":{"self":[{"href":"https:\/\/www.vinscoeur.be\/index.php\/wp-json\/wp\/v2\/product\/9346","targetHints":{"allow":["GET"]}}],"collection":[{"href":"https:\/\/www.vinscoeur.be\/index.php\/wp-json\/wp\/v2\/product"}],"about":[{"href":"https:\/\/www.vinscoeur.be\/index.php\/wp-json\/wp\/v2\/types\/product"}],"wp:attachment":[{"href":"https:\/\/www.vinscoeur.be\/index.php\/wp-json\/wp\/v2\/media?parent=9346"}],"wp:term":[{"taxonomy":"product_brand","embeddable":true,"href":"https:\/\/www.vinscoeur.be\/index.php\/wp-json\/wp\/v2\/product_brand?post=9346"},{"taxonomy":"product_cat","embeddable":true,"href":"https:\/\/www.vinscoeur.be\/index.php\/wp-json\/wp\/v2\/product_cat?post=9346"},{"taxonomy":"product_tag","embeddable":true,"href":"https:\/\/www.vinscoeur.be\/index.php\/wp-json\/wp\/v2\/product_tag?post=9346"}],"curies":[{"name":"wp","href":"https:\/\/api.w.org\/{rel}","templated":true}]}}