{"id":8853,"date":"2025-11-14T21:26:16","date_gmt":"2025-11-14T20:26:16","guid":{"rendered":"https:\/\/www.vinscoeur.be\/index.php\/product\/weent0pmhv2e\/"},"modified":"2025-11-14T21:26:17","modified_gmt":"2025-11-14T20:26:17","slug":"bourgogne-aligote-2024-blanc-eveche","status":"publish","type":"product","link":"https:\/\/www.vinscoeur.be\/index.php\/product\/bourgogne-aligote-2024-blanc-eveche\/","title":{"rendered":"Bourgogne Aligot\u00e9 2024 (blanc), Ev\u00each\u00e9"},"content":{"rendered":"","protected":false},"excerpt":{"rendered":"","protected":false},"featured_media":0,"template":"","meta":{"_acf_changed":false},"product_brand":[],"product_cat":[201,222],"product_tag":[506],"class_list":{"0":"post-8853","1":"product","2":"type-product","3":"status-publish","5":"product_cat-bourgogne","6":"product_cat-eveche","7":"product_tag-a25","9":"first","10":"outofstock","11":"purchasable","12":"product-type-simple"},"acf":[],"_links":{"self":[{"href":"https:\/\/www.vinscoeur.be\/index.php\/wp-json\/wp\/v2\/product\/8853","targetHints":{"allow":["GET"]}}],"collection":[{"href":"https:\/\/www.vinscoeur.be\/index.php\/wp-json\/wp\/v2\/product"}],"about":[{"href":"https:\/\/www.vinscoeur.be\/index.php\/wp-json\/wp\/v2\/types\/product"}],"wp:attachment":[{"href":"https:\/\/www.vinscoeur.be\/index.php\/wp-json\/wp\/v2\/media?parent=8853"}],"wp:term":[{"taxonomy":"product_brand","embeddable":true,"href":"https:\/\/www.vinscoeur.be\/index.php\/wp-json\/wp\/v2\/product_brand?post=8853"},{"taxonomy":"product_cat","embeddable":true,"href":"https:\/\/www.vinscoeur.be\/index.php\/wp-json\/wp\/v2\/product_cat?post=8853"},{"taxonomy":"product_tag","embeddable":true,"href":"https:\/\/www.vinscoeur.be\/index.php\/wp-json\/wp\/v2\/product_tag?post=8853"}],"curies":[{"name":"wp","href":"https:\/\/api.w.org\/{rel}","templated":true}]}}