{"id":8776,"date":"2025-11-14T21:25:54","date_gmt":"2025-11-14T20:25:54","guid":{"rendered":"https:\/\/www.vinscoeur.be\/index.php\/product\/2a7dd3r3ghmq\/"},"modified":"2025-11-14T21:25:56","modified_gmt":"2025-11-14T20:25:56","slug":"pouilly-fume-selene-2022-blanc-denizot","status":"publish","type":"product","link":"https:\/\/www.vinscoeur.be\/index.php\/product\/pouilly-fume-selene-2022-blanc-denizot\/","title":{"rendered":"Pouilly-Fum\u00e9 \u00ab\u00a0S\u00e9l\u00e9n\u00e9\u00a0\u00bb 2022 (blanc), Denizot"},"content":{"rendered":"","protected":false},"excerpt":{"rendered":"","protected":false},"featured_media":0,"template":"","meta":{"_acf_changed":false},"product_brand":[],"product_cat":[463,204],"product_tag":[506],"class_list":{"0":"post-8776","1":"product","2":"type-product","3":"status-publish","5":"product_cat-denizot","6":"product_cat-loire","7":"product_tag-a25","9":"first","10":"outofstock","11":"purchasable","12":"product-type-simple"},"acf":[],"_links":{"self":[{"href":"https:\/\/www.vinscoeur.be\/index.php\/wp-json\/wp\/v2\/product\/8776","targetHints":{"allow":["GET"]}}],"collection":[{"href":"https:\/\/www.vinscoeur.be\/index.php\/wp-json\/wp\/v2\/product"}],"about":[{"href":"https:\/\/www.vinscoeur.be\/index.php\/wp-json\/wp\/v2\/types\/product"}],"wp:attachment":[{"href":"https:\/\/www.vinscoeur.be\/index.php\/wp-json\/wp\/v2\/media?parent=8776"}],"wp:term":[{"taxonomy":"product_brand","embeddable":true,"href":"https:\/\/www.vinscoeur.be\/index.php\/wp-json\/wp\/v2\/product_brand?post=8776"},{"taxonomy":"product_cat","embeddable":true,"href":"https:\/\/www.vinscoeur.be\/index.php\/wp-json\/wp\/v2\/product_cat?post=8776"},{"taxonomy":"product_tag","embeddable":true,"href":"https:\/\/www.vinscoeur.be\/index.php\/wp-json\/wp\/v2\/product_tag?post=8776"}],"curies":[{"name":"wp","href":"https:\/\/api.w.org\/{rel}","templated":true}]}}