{"id":7844,"date":"2025-07-06T11:59:02","date_gmt":"2025-07-06T09:59:02","guid":{"rendered":"https:\/\/www.vinscoeur.be\/index.php\/product\/l6o25tcfsrkq\/"},"modified":"2025-07-06T11:59:11","modified_gmt":"2025-07-06T09:59:11","slug":"chateauneuf-du-pape-2024-blanc-abbe-dine","status":"publish","type":"product","link":"https:\/\/www.vinscoeur.be\/index.php\/product\/chateauneuf-du-pape-2024-blanc-abbe-dine\/","title":{"rendered":"Ch\u00e2teauneuf du P\u00e2pe 2024 (blanc), Abb\u00e9 D\u00eene"},"content":{"rendered":"","protected":false},"excerpt":{"rendered":"","protected":false},"featured_media":0,"template":"","meta":{"_acf_changed":false},"product_brand":[],"product_cat":[234,202],"product_tag":[505],"class_list":{"0":"post-7844","1":"product","2":"type-product","3":"status-publish","5":"product_cat-abbe-dine","6":"product_cat-cotes-du-rhone","7":"product_tag-p25","9":"first","10":"outofstock","11":"purchasable","12":"product-type-simple"},"acf":[],"_links":{"self":[{"href":"https:\/\/www.vinscoeur.be\/index.php\/wp-json\/wp\/v2\/product\/7844","targetHints":{"allow":["GET"]}}],"collection":[{"href":"https:\/\/www.vinscoeur.be\/index.php\/wp-json\/wp\/v2\/product"}],"about":[{"href":"https:\/\/www.vinscoeur.be\/index.php\/wp-json\/wp\/v2\/types\/product"}],"wp:attachment":[{"href":"https:\/\/www.vinscoeur.be\/index.php\/wp-json\/wp\/v2\/media?parent=7844"}],"wp:term":[{"taxonomy":"product_brand","embeddable":true,"href":"https:\/\/www.vinscoeur.be\/index.php\/wp-json\/wp\/v2\/product_brand?post=7844"},{"taxonomy":"product_cat","embeddable":true,"href":"https:\/\/www.vinscoeur.be\/index.php\/wp-json\/wp\/v2\/product_cat?post=7844"},{"taxonomy":"product_tag","embeddable":true,"href":"https:\/\/www.vinscoeur.be\/index.php\/wp-json\/wp\/v2\/product_tag?post=7844"}],"curies":[{"name":"wp","href":"https:\/\/api.w.org\/{rel}","templated":true}]}}