{"id":6630,"date":"2025-07-06T11:55:38","date_gmt":"2025-07-06T09:55:38","guid":{"rendered":"https:\/\/www.vinscoeur.be\/index.php\/product\/2ktva1ax0w5l-2\/"},"modified":"2025-07-06T11:55:45","modified_gmt":"2025-07-06T09:55:45","slug":"bourgogne-aligote-2023-blanc-eveche","status":"publish","type":"product","link":"https:\/\/www.vinscoeur.be\/index.php\/product\/bourgogne-aligote-2023-blanc-eveche\/","title":{"rendered":"Bourgogne Aligot\u00e9 2023 (blanc), Ev\u00each\u00e9"},"content":{"rendered":"","protected":false},"excerpt":{"rendered":"","protected":false},"featured_media":0,"template":"","meta":{"_acf_changed":false},"product_brand":[],"product_cat":[201,222],"product_tag":[459,327],"class_list":{"0":"post-6630","1":"product","2":"type-product","3":"status-publish","5":"product_cat-bourgogne","6":"product_cat-eveche","7":"product_tag-a24","8":"product_tag-reliquat","10":"first","11":"outofstock","12":"purchasable","13":"product-type-simple"},"acf":[],"_links":{"self":[{"href":"https:\/\/www.vinscoeur.be\/index.php\/wp-json\/wp\/v2\/product\/6630","targetHints":{"allow":["GET"]}}],"collection":[{"href":"https:\/\/www.vinscoeur.be\/index.php\/wp-json\/wp\/v2\/product"}],"about":[{"href":"https:\/\/www.vinscoeur.be\/index.php\/wp-json\/wp\/v2\/types\/product"}],"wp:attachment":[{"href":"https:\/\/www.vinscoeur.be\/index.php\/wp-json\/wp\/v2\/media?parent=6630"}],"wp:term":[{"taxonomy":"product_brand","embeddable":true,"href":"https:\/\/www.vinscoeur.be\/index.php\/wp-json\/wp\/v2\/product_brand?post=6630"},{"taxonomy":"product_cat","embeddable":true,"href":"https:\/\/www.vinscoeur.be\/index.php\/wp-json\/wp\/v2\/product_cat?post=6630"},{"taxonomy":"product_tag","embeddable":true,"href":"https:\/\/www.vinscoeur.be\/index.php\/wp-json\/wp\/v2\/product_tag?post=6630"}],"curies":[{"name":"wp","href":"https:\/\/api.w.org\/{rel}","templated":true}]}}