{"id":5298,"date":"2025-07-06T11:54:39","date_gmt":"2025-07-06T09:54:39","guid":{"rendered":"https:\/\/www.vinscoeur.be\/index.php\/product\/hsn6rqksqkef\/"},"modified":"2025-07-06T11:54:46","modified_gmt":"2025-07-06T09:54:46","slug":"chateauneuf-du-pape-2023-blanc-abbe-dine","status":"publish","type":"product","link":"https:\/\/www.vinscoeur.be\/index.php\/product\/chateauneuf-du-pape-2023-blanc-abbe-dine\/","title":{"rendered":"Ch\u00e2teauneuf du P\u00e2pe 2023 (blanc), Abb\u00e9 D\u00eene"},"content":{"rendered":"","protected":false},"excerpt":{"rendered":"","protected":false},"featured_media":0,"template":"","meta":{"_acf_changed":false},"product_brand":[],"product_cat":[234,202],"product_tag":[325,327],"class_list":{"0":"post-5298","1":"product","2":"type-product","3":"status-publish","5":"product_cat-abbe-dine","6":"product_cat-cotes-du-rhone","7":"product_tag-p24","8":"product_tag-reliquat","10":"first","11":"outofstock","12":"purchasable","13":"product-type-simple"},"acf":[],"_links":{"self":[{"href":"https:\/\/www.vinscoeur.be\/index.php\/wp-json\/wp\/v2\/product\/5298","targetHints":{"allow":["GET"]}}],"collection":[{"href":"https:\/\/www.vinscoeur.be\/index.php\/wp-json\/wp\/v2\/product"}],"about":[{"href":"https:\/\/www.vinscoeur.be\/index.php\/wp-json\/wp\/v2\/types\/product"}],"wp:attachment":[{"href":"https:\/\/www.vinscoeur.be\/index.php\/wp-json\/wp\/v2\/media?parent=5298"}],"wp:term":[{"taxonomy":"product_brand","embeddable":true,"href":"https:\/\/www.vinscoeur.be\/index.php\/wp-json\/wp\/v2\/product_brand?post=5298"},{"taxonomy":"product_cat","embeddable":true,"href":"https:\/\/www.vinscoeur.be\/index.php\/wp-json\/wp\/v2\/product_cat?post=5298"},{"taxonomy":"product_tag","embeddable":true,"href":"https:\/\/www.vinscoeur.be\/index.php\/wp-json\/wp\/v2\/product_tag?post=5298"}],"curies":[{"name":"wp","href":"https:\/\/api.w.org\/{rel}","templated":true}]}}