{"id":10301,"date":"2026-04-01T11:48:01","date_gmt":"2026-04-01T09:48:01","guid":{"rendered":"https:\/\/www.vinscoeur.be\/index.php\/product\/q6xiao2znl5t\/"},"modified":"2026-04-01T11:48:03","modified_gmt":"2026-04-01T09:48:03","slug":"q6xiao2znl5t","status":"publish","type":"product","link":"https:\/\/www.vinscoeur.be\/index.php\/product\/q6xiao2znl5t\/","title":{"rendered":"C\u00f4tes du Rh\u00f4ne 2024 (blanc), Abb\u00e9 D\u00eene"},"content":{"rendered":"","protected":false},"excerpt":{"rendered":"","protected":false},"featured_media":0,"template":"","meta":{"_acf_changed":false},"product_brand":[],"product_cat":[234,202],"product_tag":[544],"class_list":{"0":"post-10301","1":"product","2":"type-product","3":"status-publish","5":"product_cat-abbe-dine","6":"product_cat-cotes-du-rhone","7":"product_tag-p26","9":"first","10":"instock","11":"shipping-taxable","12":"purchasable","13":"product-type-simple"},"acf":[],"_links":{"self":[{"href":"https:\/\/www.vinscoeur.be\/index.php\/wp-json\/wp\/v2\/product\/10301","targetHints":{"allow":["GET"]}}],"collection":[{"href":"https:\/\/www.vinscoeur.be\/index.php\/wp-json\/wp\/v2\/product"}],"about":[{"href":"https:\/\/www.vinscoeur.be\/index.php\/wp-json\/wp\/v2\/types\/product"}],"wp:attachment":[{"href":"https:\/\/www.vinscoeur.be\/index.php\/wp-json\/wp\/v2\/media?parent=10301"}],"wp:term":[{"taxonomy":"product_brand","embeddable":true,"href":"https:\/\/www.vinscoeur.be\/index.php\/wp-json\/wp\/v2\/product_brand?post=10301"},{"taxonomy":"product_cat","embeddable":true,"href":"https:\/\/www.vinscoeur.be\/index.php\/wp-json\/wp\/v2\/product_cat?post=10301"},{"taxonomy":"product_tag","embeddable":true,"href":"https:\/\/www.vinscoeur.be\/index.php\/wp-json\/wp\/v2\/product_tag?post=10301"}],"curies":[{"name":"wp","href":"https:\/\/api.w.org\/{rel}","templated":true}]}}