{"id":4129,"date":"1970-01-01T00:00:00","date_gmt":"1969-12-31T23:00:00","guid":{"rendered":"http:\/\/ymmnqox.cluster028.hosting.ovh.net\/?page_id=4129"},"modified":"2026-02-11T14:46:26","modified_gmt":"2026-02-11T13:46:26","slug":"domaine-jean-paul-tollot-anne-gros","status":"publish","type":"page","link":"https:\/\/www.vinscoeur.be\/index.php\/domaine-jean-paul-tollot-anne-gros\/","title":{"rendered":"Domaine Jean-Paul TOLLOT &amp; Anne GROS"},"content":{"rendered":"\n<h2 class=\"wp-block-heading has-text-align-center has-large-font-size\"><strong>Vos commandes de vins du Domaine Jean-Paul TOLLOT &#8211; Anne GROS passent par une pr\u00e9commande. Pour plus d&rsquo;informations<\/strong><\/h2>\n\n\n\n<div class=\"wp-block-buttons is-horizontal is-content-justification-center is-layout-flex wp-container-core-buttons-is-layout-499968f5 wp-block-buttons-is-layout-flex\">\n<div class=\"wp-block-button has-custom-width wp-block-button__width-50 is-style-outline is-style-outline--1\"><a class=\"wp-block-button__link has-colibri-color-1-color has-colibri-color-4-background-color has-text-color has-background wp-element-button\" href=\"https:\/\/www.vinscoeur.be\/index.php\/precommandes\/\" style=\"border-radius:50px\">Cliquez ici<\/a><\/div>\n<\/div>\n\n\n\n<div style=\"height:51px\" aria-hidden=\"true\" class=\"wp-block-spacer\"><\/div>\n\n\n\n<p><strong><a href=\"https:\/\/www.tollot-gros.com\/\" target=\"_blank\" rel=\"noreferrer noopener\">Lien vers le site du Domaine<\/a><\/strong><\/p>\n\n\n\n<div style=\"height:90px\" aria-hidden=\"true\" class=\"wp-block-spacer\"><\/div>\n\n\n\n<figure class=\"wp-block-embed is-type-video is-provider-youtube wp-block-embed-youtube wp-embed-aspect-16-9 wp-has-aspect-ratio\"><div class=\"wp-block-embed__wrapper\">\n<iframe loading=\"lazy\" title=\"Pr\u00e9sentation des vins du Domaine Anne Gros &amp; Jean-Paul Tollot\" width=\"500\" height=\"281\" src=\"https:\/\/www.youtube.com\/embed\/T5setHzKH08?feature=oembed\" frameborder=\"0\" allow=\"accelerometer; autoplay; clipboard-write; encrypted-media; gyroscope; picture-in-picture; web-share\" referrerpolicy=\"strict-origin-when-cross-origin\" allowfullscreen><\/iframe>\n<\/div><figcaption class=\"wp-element-caption\"><strong><em>Pr\u00e9sentation des diff\u00e9rentes cuv\u00e9es<\/em><\/strong><\/figcaption><\/figure>\n\n\n\n<div style=\"height:90px\" aria-hidden=\"true\" class=\"wp-block-spacer\"><\/div>\n\n\n\n<p>Depuis quelques ann\u00e9es, en 2006 plus pr\u00e9cis\u00e9ment, Anne Gros s\u2019est lanc\u00e9e avec Jean-Paul Tollot dans une nouvelle aventure vigneronne\u2026 en Minervois, dans le Languedoc&nbsp;! &nbsp;Le Domaine (20 h. actuellement) se situe \u00e0 Cazelles, dans  la zone \u00ab\u00a0Le Causse\u00a0\u00bb. Cette zone est caract\u00e9ris\u00e9e par son altitude plus \u00e9lev\u00e9e que le reste de la r\u00e9gion, entre 200 et 500 m\u00e8tres, ce qui permet un r\u00e9chauffement plus lent au printemps et des pluies plus importantes et r\u00e9guli\u00e8res. De plus, le sol calcaire dur ou tendre selon les parcelles, typique du minervois, offre un r\u00e9chauffement indirect des vignes. Ces conditions tant g\u00e9ographiques que g\u00e9ologiques permettent ainsi la production d\u2019un vin \u00e0 la maturation lente et \u00e0 la gamme aromatique marqu\u00e9e par la fra\u00eecheur. D\u00e8s le premier mill\u00e9sime en 2007, le&nbsp;Domaine Anne Gros et Jean-Paul Tollot&nbsp;propose une production soign\u00e9e et tr\u00e8s qualitative, qui n\u2019aura de cesse de monter en gamme mill\u00e9sime apr\u00e8s mill\u00e9sime. Ensemble, ils d\u00e9couvrent d\u2019autres terroirs et cultivent les c\u00e9pages typiquement sudistes, pour le plus grands bonheur des admirateurs de leurs vins qui se r\u00e9galeront ici avec une production tout en fruit\u00e9 et en rondeur. Les vins du&nbsp;domaine Jean-Paul Tollot et Anne Gros se distinguent aussi par leur caract\u00e8re authentique et leur profondeur. Les cuv\u00e9es rouges r\u00e9v\u00e8lent une palette aromatique riche de fruits noirs, d&rsquo;\u00e9pices et de notes de garrigue, soulign\u00e9e par une structure \u00e9l\u00e9gante et des tanins velout\u00e9s. La cuv\u00e9e de vin blanc, quant \u00e0 elle, \u00e9blouit par sa fra\u00eecheur, ses ar\u00f4mes d&rsquo;agrumes et de fleurs blanches, ainsi que sa finale min\u00e9rale.<\/p>\n\n\n\n<div style=\"height:100px\" aria-hidden=\"true\" class=\"wp-block-spacer\"><\/div>\n\n\n\n<div class=\"wp-block-media-text is-stacked-on-mobile\" style=\"grid-template-columns:34% auto\"><figure class=\"wp-block-media-text__media\"><img loading=\"lazy\" decoding=\"async\" width=\"436\" height=\"436\" src=\"https:\/\/www.vinscoeur.be\/wp-content\/uploads\/2024\/01\/02826c9e9de36357de81f0a4b52287f91462886722.jpgxw218xh218xr2xgn.png\" alt=\"\" class=\"wp-image-3828 size-full\" srcset=\"https:\/\/www.vinscoeur.be\/wp-content\/uploads\/2024\/01\/02826c9e9de36357de81f0a4b52287f91462886722.jpgxw218xh218xr2xgn.png 436w, https:\/\/www.vinscoeur.be\/wp-content\/uploads\/2024\/01\/02826c9e9de36357de81f0a4b52287f91462886722.jpgxw218xh218xr2xgn-300x300.png 300w, https:\/\/www.vinscoeur.be\/wp-content\/uploads\/2024\/01\/02826c9e9de36357de81f0a4b52287f91462886722.jpgxw218xh218xr2xgn-150x150.png 150w\" sizes=\"auto, (max-width: 436px) 100vw, 436px\" \/><\/figure><div class=\"wp-block-media-text__content\">\n<p>Puisqu&rsquo;il leur \u00e9tait impossible de le faire en Bourgogne, Anne Gros et Jean-Paul Tollot ont unis leurs talents dans le Minervois.<\/p>\n<\/div><\/div>\n\n\n\n<div style=\"height:90px\" aria-hidden=\"true\" class=\"wp-block-spacer\"><\/div>\n\n\n\n<div class=\"wp-block-media-text has-media-on-the-right is-stacked-on-mobile\" style=\"grid-template-columns:auto 65%\"><div class=\"wp-block-media-text__content\">\n<p class=\"has-text-align-right\">Un de leur \u00ab\u00a0terrain de jeu\u00a0\u00bb<\/p>\n<\/div><figure class=\"wp-block-media-text__media\"><img loading=\"lazy\" decoding=\"async\" width=\"1024\" height=\"684\" src=\"https:\/\/www.vinscoeur.be\/wp-content\/uploads\/2024\/01\/1462887877minervois_349_large-1024x684.jpg\" alt=\"\" class=\"wp-image-3829 size-full\" srcset=\"https:\/\/www.vinscoeur.be\/wp-content\/uploads\/2024\/01\/1462887877minervois_349_large-1024x684.jpg 1024w, https:\/\/www.vinscoeur.be\/wp-content\/uploads\/2024\/01\/1462887877minervois_349_large-300x200.jpg 300w, https:\/\/www.vinscoeur.be\/wp-content\/uploads\/2024\/01\/1462887877minervois_349_large-768x513.jpg 768w, https:\/\/www.vinscoeur.be\/wp-content\/uploads\/2024\/01\/1462887877minervois_349_large-1536x1025.jpg 1536w, https:\/\/www.vinscoeur.be\/wp-content\/uploads\/2024\/01\/1462887877minervois_349_large.jpg 1618w\" sizes=\"auto, (max-width: 1024px) 100vw, 1024px\" \/><\/figure><\/div>\n\n\n\n<div class=\"wp-block-media-text is-stacked-on-mobile\"><figure class=\"wp-block-media-text__media\"><img loading=\"lazy\" decoding=\"async\" width=\"792\" height=\"1024\" src=\"https:\/\/www.vinscoeur.be\/wp-content\/uploads\/2025\/12\/domaine-anne-gros-jp-tollot-la-5050-igp-cotes-du-brian-rouge-2020-792x1024.jpg\" alt=\"\" class=\"wp-image-9810 size-full\" srcset=\"https:\/\/www.vinscoeur.be\/wp-content\/uploads\/2025\/12\/domaine-anne-gros-jp-tollot-la-5050-igp-cotes-du-brian-rouge-2020-792x1024.jpg 792w, https:\/\/www.vinscoeur.be\/wp-content\/uploads\/2025\/12\/domaine-anne-gros-jp-tollot-la-5050-igp-cotes-du-brian-rouge-2020-232x300.jpg 232w, https:\/\/www.vinscoeur.be\/wp-content\/uploads\/2025\/12\/domaine-anne-gros-jp-tollot-la-5050-igp-cotes-du-brian-rouge-2020-768x993.jpg 768w, https:\/\/www.vinscoeur.be\/wp-content\/uploads\/2025\/12\/domaine-anne-gros-jp-tollot-la-5050-igp-cotes-du-brian-rouge-2020-600x776.jpg 600w, https:\/\/www.vinscoeur.be\/wp-content\/uploads\/2025\/12\/domaine-anne-gros-jp-tollot-la-5050-igp-cotes-du-brian-rouge-2020.jpg 1100w\" sizes=\"auto, (max-width: 792px) 100vw, 792px\" \/><\/figure><div class=\"wp-block-media-text__content\">\n<p>Et pourquoi donc ce nom de cuv\u00e9e alors qu&rsquo;elle est compos\u00e9e de 3 c\u00e9pages ?<\/p>\n\n\n\n<figure class=\"wp-block-image size-full\"><img loading=\"lazy\" decoding=\"async\" width=\"49\" height=\"46\" src=\"https:\/\/www.vinscoeur.be\/wp-content\/uploads\/2025\/12\/image-2.png\" alt=\"\" class=\"wp-image-9820\" \/><\/figure>\n\n\n\n<p>50% Anne Gros &#8211; 50% Jean-Paul Tollot<\/p>\n\n\n\n<figure class=\"wp-block-image size-full\"><img loading=\"lazy\" decoding=\"async\" width=\"45\" height=\"45\" src=\"https:\/\/www.vinscoeur.be\/wp-content\/uploads\/2025\/12\/image-3.png\" alt=\"\" class=\"wp-image-9821\" \/><\/figure>\n\n\n\n<p>(dixit Anne Gros 3-12-2025)<\/p>\n<\/div><\/div>\n\n\n\n<div class=\"wp-block-group\"><div class=\"wp-block-group__inner-container is-layout-constrained wp-block-group-is-layout-constrained\">\n<figure class=\"wp-block-gallery has-nested-images columns-8 is-cropped wp-block-gallery-2 is-layout-flex wp-block-gallery-is-layout-flex\">\n<figure class=\"wp-block-image size-full\"><img loading=\"lazy\" decoding=\"async\" width=\"184\" height=\"600\" data-id=\"4685\" src=\"https:\/\/www.vinscoeur.be\/wp-content\/uploads\/2024\/02\/HNxyU8X2T6SkIbFFhVRiiA_pb_x600.png\" alt=\"\" class=\"wp-image-4685\" srcset=\"https:\/\/www.vinscoeur.be\/wp-content\/uploads\/2024\/02\/HNxyU8X2T6SkIbFFhVRiiA_pb_x600.png 184w, https:\/\/www.vinscoeur.be\/wp-content\/uploads\/2024\/02\/HNxyU8X2T6SkIbFFhVRiiA_pb_x600-92x300.png 92w\" sizes=\"auto, (max-width: 184px) 100vw, 184px\" \/><\/figure>\n\n\n\n<figure class=\"wp-block-image size-large\"><img loading=\"lazy\" decoding=\"async\" width=\"200\" height=\"600\" data-id=\"7194\" src=\"https:\/\/www.vinscoeur.be\/wp-content\/uploads\/2024\/11\/la-grenache-8.png\" alt=\"\" class=\"wp-image-7194\" srcset=\"https:\/\/www.vinscoeur.be\/wp-content\/uploads\/2024\/11\/la-grenache-8.png 200w, https:\/\/www.vinscoeur.be\/wp-content\/uploads\/2024\/11\/la-grenache-8-100x300.png 100w\" sizes=\"auto, (max-width: 200px) 100vw, 200px\" \/><\/figure>\n\n\n\n<figure class=\"wp-block-image size-large\"><img loading=\"lazy\" decoding=\"async\" width=\"400\" height=\"700\" data-id=\"3820\" src=\"https:\/\/www.vinscoeur.be\/wp-content\/uploads\/2024\/01\/l-o-de-la-vie-2017-domaine-anne-gros-et-jean-paul-tollot.jpg\" alt=\"\" class=\"wp-image-3820\" srcset=\"https:\/\/www.vinscoeur.be\/wp-content\/uploads\/2024\/01\/l-o-de-la-vie-2017-domaine-anne-gros-et-jean-paul-tollot.jpg 400w, https:\/\/www.vinscoeur.be\/wp-content\/uploads\/2024\/01\/l-o-de-la-vie-2017-domaine-anne-gros-et-jean-paul-tollot-171x300.jpg 171w\" sizes=\"auto, (max-width: 400px) 100vw, 400px\" \/><\/figure>\n\n\n\n<figure class=\"wp-block-image size-large\"><img loading=\"lazy\" decoding=\"async\" width=\"152\" height=\"531\" data-id=\"7195\" src=\"https:\/\/www.vinscoeur.be\/wp-content\/uploads\/2024\/11\/F1118_2019NM_c.png\" alt=\"\" class=\"wp-image-7195\" srcset=\"https:\/\/www.vinscoeur.be\/wp-content\/uploads\/2024\/11\/F1118_2019NM_c.png 152w, https:\/\/www.vinscoeur.be\/wp-content\/uploads\/2024\/11\/F1118_2019NM_c-86x300.png 86w\" sizes=\"auto, (max-width: 152px) 100vw, 152px\" \/><\/figure>\n\n\n\n<figure class=\"wp-block-image size-large\"><img loading=\"lazy\" decoding=\"async\" width=\"400\" height=\"700\" data-id=\"3821\" src=\"https:\/\/www.vinscoeur.be\/wp-content\/uploads\/2024\/01\/les-combettes-rouge-2016-domaine-anne-gros-et-jean-paul-tollot.jpg\" alt=\"\" class=\"wp-image-3821\" srcset=\"https:\/\/www.vinscoeur.be\/wp-content\/uploads\/2024\/01\/les-combettes-rouge-2016-domaine-anne-gros-et-jean-paul-tollot.jpg 400w, https:\/\/www.vinscoeur.be\/wp-content\/uploads\/2024\/01\/les-combettes-rouge-2016-domaine-anne-gros-et-jean-paul-tollot-171x300.jpg 171w\" sizes=\"auto, (max-width: 400px) 100vw, 400px\" \/><\/figure>\n\n\n\n<figure class=\"wp-block-image size-large\"><img loading=\"lazy\" decoding=\"async\" width=\"800\" height=\"800\" data-id=\"7192\" src=\"https:\/\/www.vinscoeur.be\/wp-content\/uploads\/2024\/11\/domaine-anne-gros-et-jean-paul-tollot-pinot-noir-le-clos-2018.webp\" alt=\"\" class=\"wp-image-7192\" srcset=\"https:\/\/www.vinscoeur.be\/wp-content\/uploads\/2024\/11\/domaine-anne-gros-et-jean-paul-tollot-pinot-noir-le-clos-2018.webp 800w, https:\/\/www.vinscoeur.be\/wp-content\/uploads\/2024\/11\/domaine-anne-gros-et-jean-paul-tollot-pinot-noir-le-clos-2018-300x300.webp 300w, https:\/\/www.vinscoeur.be\/wp-content\/uploads\/2024\/11\/domaine-anne-gros-et-jean-paul-tollot-pinot-noir-le-clos-2018-150x150.webp 150w, https:\/\/www.vinscoeur.be\/wp-content\/uploads\/2024\/11\/domaine-anne-gros-et-jean-paul-tollot-pinot-noir-le-clos-2018-768x768.webp 768w, https:\/\/www.vinscoeur.be\/wp-content\/uploads\/2024\/11\/domaine-anne-gros-et-jean-paul-tollot-pinot-noir-le-clos-2018-600x600.webp 600w, https:\/\/www.vinscoeur.be\/wp-content\/uploads\/2024\/11\/domaine-anne-gros-et-jean-paul-tollot-pinot-noir-le-clos-2018-100x100.webp 100w\" sizes=\"auto, (max-width: 800px) 100vw, 800px\" \/><\/figure>\n\n\n\n<figure class=\"wp-block-image size-large\"><img loading=\"lazy\" decoding=\"async\" width=\"400\" height=\"700\" data-id=\"3822\" src=\"https:\/\/www.vinscoeur.be\/wp-content\/uploads\/2024\/01\/la-ciaude-2019-domaine-anne-gros-et-jean-paul-tollot.jpg\" alt=\"\" class=\"wp-image-3822\" srcset=\"https:\/\/www.vinscoeur.be\/wp-content\/uploads\/2024\/01\/la-ciaude-2019-domaine-anne-gros-et-jean-paul-tollot.jpg 400w, https:\/\/www.vinscoeur.be\/wp-content\/uploads\/2024\/01\/la-ciaude-2019-domaine-anne-gros-et-jean-paul-tollot-171x300.jpg 171w\" sizes=\"auto, (max-width: 400px) 100vw, 400px\" \/><\/figure>\n\n\n\n<figure class=\"wp-block-image size-large\"><img loading=\"lazy\" decoding=\"async\" width=\"400\" height=\"700\" data-id=\"7198\" src=\"https:\/\/www.vinscoeur.be\/wp-content\/uploads\/2024\/11\/les-carretals-2016-domaine-anne-gros-et-jean-paul-tollot-1.jpg\" alt=\"\" class=\"wp-image-7198\" srcset=\"https:\/\/www.vinscoeur.be\/wp-content\/uploads\/2024\/11\/les-carretals-2016-domaine-anne-gros-et-jean-paul-tollot-1.jpg 400w, https:\/\/www.vinscoeur.be\/wp-content\/uploads\/2024\/11\/les-carretals-2016-domaine-anne-gros-et-jean-paul-tollot-1-171x300.jpg 171w\" sizes=\"auto, (max-width: 400px) 100vw, 400px\" \/><\/figure>\n<figcaption class=\"blocks-gallery-caption wp-element-caption\">les 8 autres cuv\u00e9es de vin rouge propos\u00e9es \u00e0 la vente de printemps 2026 des Vins-C\u0153ur<\/figcaption><\/figure>\n<\/div><\/div>\n\n\n\n<div style=\"height:100px\" aria-hidden=\"true\" class=\"wp-block-spacer\"><\/div>\n\n\n\n<p><strong><em>Liste des vins disponibles \u00e0 l\u2019achat lors de notre d\u00e9gustation de printemps 2026 :<\/em><\/strong><\/p>\n\n\n\n<figure class=\"wp-block-table is-style-stripes has-small-font-size\"><table class=\"has-colibri-color-6-color has-colibri-color-4-background-color has-text-color has-background has-link-color\"><tbody><tr><td><ul><li><em><strong>Vin Blanc<\/strong><\/em> <\/li><\/ul><\/td><td>&nbsp;<\/td><\/tr><tr><td><mark style=\"background-color:#303e7a\" class=\"has-inline-color has-colibri-color-4-color\">C\u00f4tes du Brian IGP &#8211; La V\/R<\/mark>&nbsp;<\/td><td>2024<\/td><\/tr><tr><td><ul><li><em><strong>Vin Rouge<\/strong><\/em> <\/li><\/ul><\/td><td>&nbsp;<\/td><\/tr><tr><td>C\u00f4tes du Brian rouge IGP &#8211; La 50\/50\u00a0<\/td><td>2024<\/td><\/tr><tr><td>C\u00f4tes du Brian IGP &#8211; La CinsO&nbsp;(Cinsaut) <\/td><td>2024<\/td><\/tr><tr><td>C\u00f4tes du Brian IGP &#8211; La Grenache 8 (Grenache)<\/td><td>2024<\/td><\/tr><tr><td>Minervois Cazelles &#8211; L\u2019\u00d4 de la Vie <\/td><td>2024<\/td><\/tr><tr><td><mark style=\"background-color:#303e7a\" class=\"has-inline-color has-colibri-color-4-color\">Minervois &#8211; Les Fontanilles<\/mark><\/td><td>2024<\/td><\/tr><tr><td>C\u00f4tes du Brian IGP &#8211; Les Combettes&nbsp;(Marselan) <\/td><td>2024<\/td><\/tr><tr><td>C\u00f4tes du Brian IGP &#8211; L&rsquo;Enclos (Pinot Noir) <\/td><td>2024<\/td><\/tr><tr><td>Minervois Cazelles &#8211; La Ciaude<\/td><td>2024<\/td><\/tr><tr><td>Minervois Cazelles &#8211; Les Carr\u00e9tals<\/td><td>2024<\/td><\/tr><\/tbody><\/table><figcaption class=\"wp-element-caption\"><strong>Cuv\u00e9es \u00e0 d\u00e9gust\u00e9es le 19 avril 2026<\/strong> : <mark style=\"background-color:#303e7a\" class=\"has-inline-color has-colibri-color-4-color\">nom de la cuv\u00e9e<\/mark><\/figcaption><\/figure>\n\n\n\n<div style=\"height:50px\" aria-hidden=\"true\" class=\"wp-block-spacer\"><\/div>\n\n\n\n<div class=\"wp-block-buttons is-layout-flex wp-block-buttons-is-layout-flex\">\n<div class=\"wp-block-button\"><a class=\"wp-block-button__link wp-element-button\" href=\"https:\/\/www.vinscoeur.be\/index.php\/les-domaines\/\" target=\"_blank\" rel=\"noreferrer noopener\">Retour aux domaines<\/a><\/div>\n<\/div>\n","protected":false},"excerpt":{"rendered":"<p>Vos commandes de vins du Domaine Jean-Paul TOLLOT &#8211; Anne GROS passent par une pr\u00e9commande. Pour plus d&rsquo;informations Lien vers le site du Domaine Depuis quelques ann\u00e9es, en 2006 plus pr\u00e9cis\u00e9ment, Anne Gros s\u2019est lanc\u00e9e avec Jean-Paul Tollot dans une nouvelle aventure vigneronne\u2026 en Minervois, dans le Languedoc&nbsp;! &nbsp;Le Domaine (20 h. actuellement) se situe [&hellip;]<\/p>\n","protected":false},"author":54,"featured_media":3820,"parent":0,"menu_order":0,"comment_status":"closed","ping_status":"open","template":"","meta":{"_acf_changed":false,"footnotes":""},"categories":[15],"tags":[],"class_list":["post-4129","page","type-page","status-publish","has-post-thumbnail","hentry","category-languedoc"],"acf":[],"_links":{"self":[{"href":"https:\/\/www.vinscoeur.be\/index.php\/wp-json\/wp\/v2\/pages\/4129","targetHints":{"allow":["GET"]}}],"collection":[{"href":"https:\/\/www.vinscoeur.be\/index.php\/wp-json\/wp\/v2\/pages"}],"about":[{"href":"https:\/\/www.vinscoeur.be\/index.php\/wp-json\/wp\/v2\/types\/page"}],"author":[{"embeddable":true,"href":"https:\/\/www.vinscoeur.be\/index.php\/wp-json\/wp\/v2\/users\/54"}],"replies":[{"embeddable":true,"href":"https:\/\/www.vinscoeur.be\/index.php\/wp-json\/wp\/v2\/comments?post=4129"}],"version-history":[{"count":28,"href":"https:\/\/www.vinscoeur.be\/index.php\/wp-json\/wp\/v2\/pages\/4129\/revisions"}],"predecessor-version":[{"id":10093,"href":"https:\/\/www.vinscoeur.be\/index.php\/wp-json\/wp\/v2\/pages\/4129\/revisions\/10093"}],"wp:featuredmedia":[{"embeddable":true,"href":"https:\/\/www.vinscoeur.be\/index.php\/wp-json\/wp\/v2\/media\/3820"}],"wp:attachment":[{"href":"https:\/\/www.vinscoeur.be\/index.php\/wp-json\/wp\/v2\/media?parent=4129"}],"wp:term":[{"taxonomy":"category","embeddable":true,"href":"https:\/\/www.vinscoeur.be\/index.php\/wp-json\/wp\/v2\/categories?post=4129"},{"taxonomy":"post_tag","embeddable":true,"href":"https:\/\/www.vinscoeur.be\/index.php\/wp-json\/wp\/v2\/tags?post=4129"}],"curies":[{"name":"wp","href":"https:\/\/api.w.org\/{rel}","templated":true}]}}