{"id":4124,"date":"1970-01-01T00:00:00","date_gmt":"1969-12-31T23:00:00","guid":{"rendered":"http:\/\/ymmnqox.cluster028.hosting.ovh.net\/?page_id=4124"},"modified":"2025-12-30T13:31:43","modified_gmt":"2025-12-30T12:31:43","slug":"domaine-consolation","status":"publish","type":"page","link":"https:\/\/www.vinscoeur.be\/index.php\/domaine-consolation\/","title":{"rendered":"Domaine CONSOLATION"},"content":{"rendered":"\n<div style=\"height:30px\" aria-hidden=\"true\" class=\"wp-block-spacer\"><\/div>\n\n\n\n<p><strong><a href=\"http:\/\/www.coumedelmas.com\/fr\/\">Lien vers le site des Domaines CONSOLATION &#8211; COUME DEL MAS et MAS CHRISTINE<\/a><\/strong><\/p>\n\n\n\n<div style=\"height:90px\" aria-hidden=\"true\" class=\"wp-block-spacer\"><\/div>\n\n\n\n<div class=\"wp-block-media-text is-stacked-on-mobile\" style=\"grid-template-columns:34% auto\"><figure class=\"wp-block-media-text__media\"><img loading=\"lazy\" decoding=\"async\" width=\"403\" height=\"438\" src=\"https:\/\/www.vinscoeur.be\/wp-content\/uploads\/2023\/12\/P.-Gard.png\" alt=\"\" class=\"wp-image-3316 size-full\" srcset=\"https:\/\/www.vinscoeur.be\/wp-content\/uploads\/2023\/12\/P.-Gard.png 403w, https:\/\/www.vinscoeur.be\/wp-content\/uploads\/2023\/12\/P.-Gard-276x300.png 276w\" sizes=\"auto, (max-width: 403px) 100vw, 403px\" \/><\/figure><div class=\"wp-block-media-text__content\">\n<p>Philippe Gard, propri\u00e9taire du Domaine Consolation.<\/p>\n<\/div><\/div>\n\n\n\n<div style=\"height:90px\" aria-hidden=\"true\" class=\"wp-block-spacer\"><\/div>\n\n\n\n<figure class=\"wp-block-gallery has-nested-images columns-5 is-cropped wp-block-gallery-1 is-layout-flex wp-block-gallery-is-layout-flex\">\n<figure class=\"wp-block-image size-full\"><img loading=\"lazy\" decoding=\"async\" width=\"566\" height=\"856\" data-id=\"9788\" src=\"https:\/\/www.vinscoeur.be\/wp-content\/uploads\/2025\/12\/coume-del-mas-collioure-schistes-2010.jpg\" alt=\"\" class=\"wp-image-9788\" srcset=\"https:\/\/www.vinscoeur.be\/wp-content\/uploads\/2025\/12\/coume-del-mas-collioure-schistes-2010.jpg 566w, https:\/\/www.vinscoeur.be\/wp-content\/uploads\/2025\/12\/coume-del-mas-collioure-schistes-2010-198x300.jpg 198w\" sizes=\"auto, (max-width: 566px) 100vw, 566px\" \/><\/figure>\n\n\n\n<figure class=\"wp-block-image size-full is-style-default\"><img loading=\"lazy\" decoding=\"async\" width=\"107\" height=\"269\" data-id=\"9789\" src=\"https:\/\/www.vinscoeur.be\/wp-content\/uploads\/2025\/12\/quadratur-2019-1.jpg\" alt=\"\" class=\"wp-image-9789\" \/><\/figure>\n\n\n\n<figure class=\"wp-block-image size-full\"><img loading=\"lazy\" decoding=\"async\" width=\"655\" height=\"1012\" data-id=\"9778\" src=\"https:\/\/www.vinscoeur.be\/wp-content\/uploads\/2025\/12\/HED33019.jpg\" alt=\"\" class=\"wp-image-9778\" srcset=\"https:\/\/www.vinscoeur.be\/wp-content\/uploads\/2025\/12\/HED33019.jpg 655w, https:\/\/www.vinscoeur.be\/wp-content\/uploads\/2025\/12\/HED33019-194x300.jpg 194w, https:\/\/www.vinscoeur.be\/wp-content\/uploads\/2025\/12\/HED33019-600x927.jpg 600w\" sizes=\"auto, (max-width: 655px) 100vw, 655px\" \/><\/figure>\n\n\n\n<figure class=\"wp-block-image size-full\"><img loading=\"lazy\" decoding=\"async\" width=\"400\" height=\"700\" data-id=\"9786\" src=\"https:\/\/www.vinscoeur.be\/wp-content\/uploads\/2025\/12\/banyuls-galateo-2021-coume-del-mas.jpg\" alt=\"\" class=\"wp-image-9786\" srcset=\"https:\/\/www.vinscoeur.be\/wp-content\/uploads\/2025\/12\/banyuls-galateo-2021-coume-del-mas.jpg 400w, https:\/\/www.vinscoeur.be\/wp-content\/uploads\/2025\/12\/banyuls-galateo-2021-coume-del-mas-171x300.jpg 171w\" sizes=\"auto, (max-width: 400px) 100vw, 400px\" \/><\/figure>\n<figcaption class=\"blocks-gallery-caption wp-element-caption\">Les 4 cuv\u00e9es propos\u00e9es cette ann\u00e9e<\/figcaption><\/figure>\n\n\n\n<div style=\"height:50px\" aria-hidden=\"true\" class=\"wp-block-spacer\"><\/div>\n\n\n\n<p><strong><em>Liste des vins disponibles \u00e0 l\u2019achat lors de notre d\u00e9gustation de printemps 2026<\/em><\/strong> :<\/p>\n\n\n\n<div style=\"height:30px\" aria-hidden=\"true\" class=\"wp-block-spacer\"><\/div>\n\n\n\n<figure class=\"wp-block-table is-style-stripes has-small-font-size\"><table class=\"has-colibri-color-6-color has-colibri-color-4-background-color has-text-color has-background has-link-color\"><tbody><tr><td><ul><li><em><strong>Vins Rouge<\/strong><\/em><\/li><\/ul><\/td><td class=\"has-text-align-right\" data-align=\"right\">&nbsp;<\/td><\/tr><tr><td>Collioure \u00ab\u00a0Schiste\u00a0\u00bb<\/td><td class=\"has-text-align-right\" data-align=\"right\">2024<\/td><\/tr><tr><td>Collioure \u00ab\u00a0Quadratur\u00a0\u00bb<\/td><td class=\"has-text-align-right\" data-align=\"right\">2024<\/td><\/tr><tr><td>Collioure \u00ab\u00a0Dog Strangler\u00a0\u00bb<\/td><td class=\"has-text-align-right\" data-align=\"right\">2022 ou 2023<\/td><\/tr><tr><td><ul><li><em><strong>Vin doux naturel<\/strong><\/em><\/li><\/ul><\/td><td class=\"has-text-align-right\" data-align=\"right\"><\/td><\/tr><tr><td>Banyuls \u00ab\u00a0Galat\u00e9o\u00a0\u00bb 50 cl<\/td><td class=\"has-text-align-right\" data-align=\"right\">2024<\/td><\/tr><\/tbody><\/table><\/figure>\n\n\n\n<div style=\"height:30px\" aria-hidden=\"true\" class=\"wp-block-spacer\"><\/div>\n\n\n\n<div class=\"wp-block-buttons is-layout-flex wp-block-buttons-is-layout-flex\">\n<div class=\"wp-block-button\"><a class=\"wp-block-button__link wp-element-button\" href=\"https:\/\/www.vinscoeur.be\/index.php\/les-domaines\/\" target=\"_blank\" rel=\"noreferrer noopener\">Retour aux Domaines<\/a><\/div>\n<\/div>\n","protected":false},"excerpt":{"rendered":"<p>Lien vers le site des Domaines CONSOLATION &#8211; COUME DEL MAS et MAS CHRISTINE Philippe Gard, propri\u00e9taire du Domaine Consolation. Liste des vins disponibles \u00e0 l\u2019achat lors de notre d\u00e9gustation de printemps 2026 : Vins Rouge &nbsp; Collioure \u00ab\u00a0Schiste\u00a0\u00bb 2024 Collioure \u00ab\u00a0Quadratur\u00a0\u00bb 2024 Collioure \u00ab\u00a0Dog Strangler\u00a0\u00bb 2022 ou 2023 Vin doux naturel Banyuls \u00ab\u00a0Galat\u00e9o\u00a0\u00bb 50 [&hellip;]<\/p>\n","protected":false},"author":54,"featured_media":3304,"parent":0,"menu_order":0,"comment_status":"closed","ping_status":"open","template":"","meta":{"_acf_changed":false,"footnotes":""},"categories":[24],"tags":[],"class_list":["post-4124","page","type-page","status-publish","has-post-thumbnail","hentry","category-roussillon"],"acf":[],"_links":{"self":[{"href":"https:\/\/www.vinscoeur.be\/index.php\/wp-json\/wp\/v2\/pages\/4124","targetHints":{"allow":["GET"]}}],"collection":[{"href":"https:\/\/www.vinscoeur.be\/index.php\/wp-json\/wp\/v2\/pages"}],"about":[{"href":"https:\/\/www.vinscoeur.be\/index.php\/wp-json\/wp\/v2\/types\/page"}],"author":[{"embeddable":true,"href":"https:\/\/www.vinscoeur.be\/index.php\/wp-json\/wp\/v2\/users\/54"}],"replies":[{"embeddable":true,"href":"https:\/\/www.vinscoeur.be\/index.php\/wp-json\/wp\/v2\/comments?post=4124"}],"version-history":[{"count":13,"href":"https:\/\/www.vinscoeur.be\/index.php\/wp-json\/wp\/v2\/pages\/4124\/revisions"}],"predecessor-version":[{"id":9803,"href":"https:\/\/www.vinscoeur.be\/index.php\/wp-json\/wp\/v2\/pages\/4124\/revisions\/9803"}],"wp:featuredmedia":[{"embeddable":true,"href":"https:\/\/www.vinscoeur.be\/index.php\/wp-json\/wp\/v2\/media\/3304"}],"wp:attachment":[{"href":"https:\/\/www.vinscoeur.be\/index.php\/wp-json\/wp\/v2\/media?parent=4124"}],"wp:term":[{"taxonomy":"category","embeddable":true,"href":"https:\/\/www.vinscoeur.be\/index.php\/wp-json\/wp\/v2\/categories?post=4124"},{"taxonomy":"post_tag","embeddable":true,"href":"https:\/\/www.vinscoeur.be\/index.php\/wp-json\/wp\/v2\/tags?post=4124"}],"curies":[{"name":"wp","href":"https:\/\/api.w.org\/{rel}","templated":true}]}}