{"id":4115,"date":"2023-09-11T11:04:35","date_gmt":"2023-09-11T09:04:35","guid":{"rendered":"http:\/\/ymmnqox.cluster028.hosting.ovh.net\/index.php\/domaine-de-nerleux\/"},"modified":"2025-10-14T14:14:56","modified_gmt":"2025-10-14T12:14:56","slug":"domaine-de-nerleux","status":"publish","type":"page","link":"https:\/\/www.vinscoeur.be\/index.php\/domaine-de-nerleux\/","title":{"rendered":"Domaine de NERLEUX"},"content":{"rendered":"\n<p><strong><a href=\"https:\/\/www.nerleux.fr\/\" target=\"_blank\" rel=\"noreferrer noopener\">Lien vers le site du Domaine<\/a><\/strong><\/p>\n\n\n\n<div style=\"height:50px\" aria-hidden=\"true\" class=\"wp-block-spacer\"><\/div>\n\n\n\n<p>Nerleux signifie loups noirs en ancien fran\u00e7ais&nbsp;mais il y a bien longtemps que les loups ont laiss\u00e9 place \u00e0 la vigne sur les terres du Domaine de Nerleux. Depuis&nbsp;1870&nbsp;et&nbsp;neuf g\u00e9n\u00e9rations de vignerons, Le Domaine de Nerleux s\u2019\u00e9tend sur 30 hectares de vignes plant\u00e9es essentiellement en Cabernet franc et Chenin mais aussi du Chardonnay, Cabernet sauvignon, Pinot noir et Grolleau. Aujourd\u2019hui \u00e0 la t\u00eate du domaine, c\u2019est&nbsp;Am\u00e9lie Neau&nbsp;qui, depuis&nbsp;2010&nbsp;a impuls\u00e9 la conversion des vignes en bio.&nbsp;Ce changement s\u2019est op\u00e9r\u00e9 petit \u00e0 petit, avec l\u2019introduction du travail du sol notamment. Hectare par hectare, les d\u00e9sherbages chimiques ont laiss\u00e9 place aux d\u00e9sherbages m\u00e9caniques voire manuels pour certaines parcelles&nbsp;et des haies, sources de biodiversit\u00e9, ont aussi \u00e9t\u00e9 replant\u00e9es dans certaines parcelles.&nbsp;Le domaine viticole est implant\u00e9 sur du tuffeau, une pierre calcaire typique de l\u2019appellation&nbsp;qui&nbsp;donne toute sa typicit\u00e9 aux vins du Domaine de Nerleux. Sa porosit\u00e9 lui permet de retenir l\u2019eau pour la restituer \u00e0 la vigne aux moments les plus opportuns, un atout majeur \u00e0 l\u2019\u00e8re du r\u00e9chauffement climatique&nbsp;et cela&nbsp;donne beaucoup de fra\u00eecheur aux vins du domaine.&nbsp;<\/p>\n\n\n\n<div style=\"height:50px\" aria-hidden=\"true\" class=\"wp-block-spacer\"><\/div>\n\n\n\n<div class=\"wp-block-media-text alignwide is-stacked-on-mobile\"><figure class=\"wp-block-media-text__media\"><img loading=\"lazy\" decoding=\"async\" width=\"1024\" height=\"683\" src=\"https:\/\/www.vinscoeur.be\/wp-content\/uploads\/2023\/08\/Amelie-NEAU-1024x683.jpg\" alt=\"\" class=\"wp-image-2864 size-full\" srcset=\"https:\/\/www.vinscoeur.be\/wp-content\/uploads\/2023\/08\/Amelie-NEAU-1024x683.jpg 1024w, https:\/\/www.vinscoeur.be\/wp-content\/uploads\/2023\/08\/Amelie-NEAU-600x400.jpg 600w, https:\/\/www.vinscoeur.be\/wp-content\/uploads\/2023\/08\/Amelie-NEAU-300x200.jpg 300w, https:\/\/www.vinscoeur.be\/wp-content\/uploads\/2023\/08\/Amelie-NEAU-768x513.jpg 768w, https:\/\/www.vinscoeur.be\/wp-content\/uploads\/2023\/08\/Amelie-NEAU.jpg 1401w\" sizes=\"auto, (max-width: 1024px) 100vw, 1024px\" \/><\/figure><div class=\"wp-block-media-text__content\">\n<p>Amelie Neau, responsable du Domaine de Nerleux depuis 2010.<\/p>\n<\/div><\/div>\n\n\n\n<div style=\"height:50px\" aria-hidden=\"true\" class=\"wp-block-spacer\"><\/div>\n\n\n\n<div class=\"wp-block-media-text alignwide is-stacked-on-mobile\"><figure class=\"wp-block-media-text__media\"><img loading=\"lazy\" decoding=\"async\" width=\"1024\" height=\"683\" src=\"https:\/\/www.vinscoeur.be\/wp-content\/uploads\/2023\/08\/1469117057nerleux_dsc6720-1024x683.jpg\" alt=\"\" class=\"wp-image-2859 size-full\" srcset=\"https:\/\/www.vinscoeur.be\/wp-content\/uploads\/2023\/08\/1469117057nerleux_dsc6720-1024x683.jpg 1024w, https:\/\/www.vinscoeur.be\/wp-content\/uploads\/2023\/08\/1469117057nerleux_dsc6720-600x400.jpg 600w, https:\/\/www.vinscoeur.be\/wp-content\/uploads\/2023\/08\/1469117057nerleux_dsc6720-300x200.jpg 300w, https:\/\/www.vinscoeur.be\/wp-content\/uploads\/2023\/08\/1469117057nerleux_dsc6720-768x513.jpg 768w, https:\/\/www.vinscoeur.be\/wp-content\/uploads\/2023\/08\/1469117057nerleux_dsc6720.jpg 1401w\" sizes=\"auto, (max-width: 1024px) 100vw, 1024px\" \/><\/figure><div class=\"wp-block-media-text__content\">\n<p>Bienvenue au Domaine &#8230;<\/p>\n<\/div><\/div>\n\n\n\n<div style=\"height:50px\" aria-hidden=\"true\" class=\"wp-block-spacer\"><\/div>\n\n\n\n<div class=\"wp-block-media-text alignwide is-stacked-on-mobile\"><figure class=\"wp-block-media-text__media\"><img loading=\"lazy\" decoding=\"async\" width=\"474\" height=\"316\" src=\"https:\/\/www.vinscoeur.be\/wp-content\/uploads\/2023\/08\/OIP.jpeg\" alt=\"\" class=\"wp-image-2865 size-full\" srcset=\"https:\/\/www.vinscoeur.be\/wp-content\/uploads\/2023\/08\/OIP.jpeg 474w, https:\/\/www.vinscoeur.be\/wp-content\/uploads\/2023\/08\/OIP-300x200.jpeg 300w\" sizes=\"auto, (max-width: 474px) 100vw, 474px\" \/><\/figure><div class=\"wp-block-media-text__content\">\n<p>Une des caves du Domaine creus\u00e9e dans le tuffeau. <\/p>\n<\/div><\/div>\n\n\n\n<div style=\"height:50px\" aria-hidden=\"true\" class=\"wp-block-spacer\"><\/div>\n\n\n\n<p><font><strong><font><font><em><em>Liste des vins disponibles \u00e0 l\u2019achat lors de notre d\u00e9gustatio<\/em><\/em><\/font><\/font><em><font><font>n <\/font><\/font><\/em><\/strong><\/font><em><strong><font><font><font>d<\/font><\/font><\/font>&lsquo;automne<font><font><font> 202<\/font><\/font><\/font><\/strong><\/em><font><strong><em><font><font>5 <\/font><\/font><\/em><font><font><em><em>:<\/em><\/em><\/font><\/font><\/strong><\/font><\/p>\n\n\n\n<div style=\"height:26px\" aria-hidden=\"true\" class=\"wp-block-spacer\"><\/div>\n\n\n\n<figure class=\"wp-block-table is-style-stripes has-small-font-size\"><table class=\"has-colibri-color-6-color has-colibri-color-2-background-color has-text-color has-background has-link-color\"><tbody><tr><td><ul><br><li><em><strong>Cr\u00e9mant de Loire<\/strong><\/em><\/li><\/ul><\/td><td>&nbsp;<\/td><\/tr><tr><td>Cr\u00e9mant de Loire ros\u00e9 \u00ab\u00a0La Folie des Loups\u00a0\u00bb<\/td><td>&nbsp;<\/td><\/tr><tr><td>Cr\u00e9mant de Loire blanc \u00ab\u00a0La Folie des Loups\u00a0\u00bb<\/td><td>&nbsp;<\/td><\/tr><tr><td><ul><br><li><em><strong>Vin Blanc<\/strong><\/em><\/li><\/ul><\/td><td>&nbsp;<\/td><\/tr><tr><td><mark style=\"background-color:#303e7a\" class=\"has-inline-color has-colibri-color-4-color\">Saumur \u00ab\u00a0Cuv\u00e9e des Nerleux\u00a0\u00bb<\/mark><\/td><td>2024<\/td><\/tr><tr><td><mark style=\"background-color:#303e7a\" class=\"has-inline-color has-colibri-color-4-color\">Saumur \u00ab\u00a0Clos Paulette\u00a0\u00bb<\/mark><\/td><td>2024<\/td><\/tr><tr><td><mark style=\"background-color:#303e7a\" class=\"has-inline-color has-colibri-color-4-color\">Saumur \u00ab\u00a0Les Loups Noirs\u00a0\u00bb<\/mark><\/td><td>2023<\/td><\/tr><tr><td><ul><br><li><em><strong>Vin Rouge<\/strong><\/em><\/li><\/ul><\/td><td>&nbsp;<\/td><\/tr><tr><td><mark style=\"background-color:#303e7a\" class=\"has-inline-color has-colibri-color-4-color\">Saumur Champigny \u00ab\u00a0Cuv\u00e9e des Nerleux\u00a0\u00bb<\/mark><\/td><td>2023<\/td><\/tr><tr><td>Saumur Champigny \u00ab\u00a0Clos des Ch\u00e2tains\u00a0\u00bb<\/td><td>2022<\/td><\/tr><tr><td><mark style=\"background-color:#303e7a\" class=\"has-inline-color has-colibri-color-4-color\">Saumur Champigny \u00ab\u00a0Les Loups Noirs\u00a0\u00bb<\/mark><\/td><td>2022<\/td><\/tr><tr><td><ul><br><li><em><strong>Vin avec sucre r\u00e9siduel (100 g\/l)<\/strong><\/em><\/li><\/ul><\/td><td>&nbsp;<\/td><\/tr><tr><td>Coteaux de Saumur \u00ab\u00a0Les Loups Dor\u00e9s\u00a0\u00bb <strong>Bio<\/strong><\/td><td>2023<\/td><\/tr><\/tbody><\/table><figcaption class=\"wp-element-caption\">Cuv\u00e9es d\u00e9gust\u00e9es le 13 septembre 2025 :&nbsp;<mark><mark style=\"background-color:#303e7a\" class=\"has-inline-color has-colibri-color-4-color\">nom de la cuv\u00e9e<\/mark><\/mark><\/figcaption><\/figure>\n\n\n\n<div style=\"height:25px\" aria-hidden=\"true\" class=\"wp-block-spacer\"><\/div>\n\n\n\n<div class=\"wp-block-buttons is-layout-flex wp-block-buttons-is-layout-flex\">\n<div class=\"wp-block-button\"><a class=\"wp-block-button__link wp-element-button\" href=\"https:\/\/www.vinscoeur.be\/index.php\/les-domaines\/\" target=\"_blank\" rel=\"noreferrer noopener\">Retour aux domaines<\/a><\/div>\n<\/div>\n\n\n\n<p><\/p>\n","protected":false},"excerpt":{"rendered":"<p>Lien vers le site du Domaine Nerleux signifie loups noirs en ancien fran\u00e7ais&nbsp;mais il y a bien longtemps que les loups ont laiss\u00e9 place \u00e0 la vigne sur les terres du Domaine de Nerleux. Depuis&nbsp;1870&nbsp;et&nbsp;neuf g\u00e9n\u00e9rations de vignerons, Le Domaine de Nerleux s\u2019\u00e9tend sur 30 hectares de vignes plant\u00e9es essentiellement en Cabernet franc et Chenin [&hellip;]<\/p>\n","protected":false},"author":54,"featured_media":2859,"parent":0,"menu_order":0,"comment_status":"closed","ping_status":"open","template":"","meta":{"_acf_changed":false,"footnotes":""},"categories":[10],"tags":[],"class_list":["post-4115","page","type-page","status-publish","has-post-thumbnail","hentry","category-loire"],"acf":[],"_links":{"self":[{"href":"https:\/\/www.vinscoeur.be\/index.php\/wp-json\/wp\/v2\/pages\/4115","targetHints":{"allow":["GET"]}}],"collection":[{"href":"https:\/\/www.vinscoeur.be\/index.php\/wp-json\/wp\/v2\/pages"}],"about":[{"href":"https:\/\/www.vinscoeur.be\/index.php\/wp-json\/wp\/v2\/types\/page"}],"author":[{"embeddable":true,"href":"https:\/\/www.vinscoeur.be\/index.php\/wp-json\/wp\/v2\/users\/54"}],"replies":[{"embeddable":true,"href":"https:\/\/www.vinscoeur.be\/index.php\/wp-json\/wp\/v2\/comments?post=4115"}],"version-history":[{"count":13,"href":"https:\/\/www.vinscoeur.be\/index.php\/wp-json\/wp\/v2\/pages\/4115\/revisions"}],"predecessor-version":[{"id":9222,"href":"https:\/\/www.vinscoeur.be\/index.php\/wp-json\/wp\/v2\/pages\/4115\/revisions\/9222"}],"wp:featuredmedia":[{"embeddable":true,"href":"https:\/\/www.vinscoeur.be\/index.php\/wp-json\/wp\/v2\/media\/2859"}],"wp:attachment":[{"href":"https:\/\/www.vinscoeur.be\/index.php\/wp-json\/wp\/v2\/media?parent=4115"}],"wp:term":[{"taxonomy":"category","embeddable":true,"href":"https:\/\/www.vinscoeur.be\/index.php\/wp-json\/wp\/v2\/categories?post=4115"},{"taxonomy":"post_tag","embeddable":true,"href":"https:\/\/www.vinscoeur.be\/index.php\/wp-json\/wp\/v2\/tags?post=4115"}],"curies":[{"name":"wp","href":"https:\/\/api.w.org\/{rel}","templated":true}]}}