{"id":4112,"date":"2023-09-11T11:25:58","date_gmt":"2023-09-11T09:25:58","guid":{"rendered":"http:\/\/ymmnqox.cluster028.hosting.ovh.net\/index.php\/domaine-marcel-richaud\/"},"modified":"2026-01-02T14:01:34","modified_gmt":"2026-01-02T13:01:34","slug":"domaine-marcel-richaud","status":"publish","type":"page","link":"https:\/\/www.vinscoeur.be\/index.php\/domaine-marcel-richaud\/","title":{"rendered":"Domaine Marcel RICHAUD"},"content":{"rendered":"\n<p><strong><a href=\"https:\/\/www.domaine-richaud.fr\/\" target=\"_blank\" rel=\"noreferrer noopener\">Lien vers le site du Domaine<\/a><\/strong><\/p>\n\n\n\n<div style=\"height:50px\" aria-hidden=\"true\" class=\"wp-block-spacer\"><\/div>\n\n\n\n<p>On ne pr\u00e9sente plus le grand&nbsp;Marcel Richaud&nbsp;! Responsable en partie du renouveau de l&rsquo;appellation Cairanne, beaucoup lui sont redevables de ce passage de &lsquo;Cairanne&rsquo; \u00e0 &lsquo;Cru&rsquo; en 2015 ! Des questions, Marcel s\u2019en pose avec un unique objectif : respecter toujours plus les raisins et ce si beau terroir de Cairanne. L\u2019histoire du&nbsp;Domaine&nbsp;Marcel Richaud&nbsp;commence \u00e0 la fin des ann\u00e9es 1960. Les raisins vont alors tout droit \u00e0 la cave coop\u00e9rative de Cairanne. Quand le jeune Marcel reprend le domaine familial en 1974 \u00e0 l\u2019\u00e2ge de 17 ans, il a la ferme intention de s\u2019affranchir de la coop\u00e9rative et de vendre en bouteilles. Toujours dans la recherche,&nbsp;Marcel Richaud&nbsp;veut prendre davantage de risques et en 1987 avec l\u2019acquisition de 3 ha sur le tr\u00e8s beau climat \u00ab Ebrescade \u00bb, ses&nbsp;vins natures&nbsp;commencent \u00e0 faire parler de lui. En effet il fait la connaissance de personnes influentes comme&nbsp;Marcel Lapierre&nbsp;\u00e0 Morgon mais aussi Yann Rohel. <\/p>\n\n\n\n<p>Tous les vins du Domaine Marcel Richaud sont&nbsp;certifi\u00e9s bio. La mati\u00e8re premi\u00e8re est respect\u00e9e du d\u00e9but \u00e0 la fin, elle est \u00e0 la base de tout pour Marcel : les vendanges sont r\u00e9alis\u00e9es par une \u00e9quipe de 30 personnes avec des raisins ayant une maturit\u00e9 maximale, le tri est s\u00e9v\u00e8re pour obtenir un rendement moyen de 35 ha\/hl. La cueillette est r\u00e9alis\u00e9e \u00e0 des heures pr\u00e9cises dans des contenants diff\u00e9rents selon les raisins du matin ou de l\u2019apr\u00e8s-midi. Ces derniers sont dispos\u00e9s en chambre froide pour ralentir la vigueur des fermentations. Les fermentations d\u00e9marrent avec uniquement les levures indig\u00e8nes des raisins et sont tr\u00e8s surveill\u00e9es pour \u00eatre lentes. Elles se terminent en cuves ou en demi-muids selon les cuv\u00e9es. Lorsque les vins sont stabilis\u00e9s, il n\u2019y ni collage, ni filtrage et un petit ajustement de soufre (de l\u2019ordre de 15mg de S02 total).&nbsp;<\/p>\n\n\n\n<p>Sans cesse Marcel est dans la r\u00e9flexion : culture des sols, taille de la vigne, vinification, \u00e9levage, mais aussi au sein m\u00eame du syndicat de l\u2019appellation.&nbsp;Tout est mis en \u0153uvre pour nous proposer des&nbsp;vins naturels&nbsp;de la meilleure qualit\u00e9 possible. Marcel raccroche doucement mais plus que s\u00fbrement pour laisser la place \u00e0 ses enfants Thomas, Claire et tout r\u00e9cemment Edith.&nbsp;<\/p>\n\n\n\n<div style=\"height:50px\" aria-hidden=\"true\" class=\"wp-block-spacer\"><\/div>\n\n\n\n<div class=\"wp-block-media-text alignwide is-stacked-on-mobile\"><figure class=\"wp-block-media-text__media\"><img loading=\"lazy\" decoding=\"async\" width=\"700\" height=\"361\" src=\"https:\/\/www.vinscoeur.be\/wp-content\/uploads\/2023\/07\/29b305803c31ca962ce7f799d54814e5_thumb.jpg\" alt=\"\" class=\"wp-image-2742 size-full\" srcset=\"https:\/\/www.vinscoeur.be\/wp-content\/uploads\/2023\/07\/29b305803c31ca962ce7f799d54814e5_thumb.jpg 700w, https:\/\/www.vinscoeur.be\/wp-content\/uploads\/2023\/07\/29b305803c31ca962ce7f799d54814e5_thumb-600x309.jpg 600w, https:\/\/www.vinscoeur.be\/wp-content\/uploads\/2023\/07\/29b305803c31ca962ce7f799d54814e5_thumb-300x155.jpg 300w\" sizes=\"auto, (max-width: 700px) 100vw, 700px\" \/><\/figure><div class=\"wp-block-media-text__content\">\n<p><strong>Thomas,<\/strong> <strong>Claire et Marcel Richaud<\/strong><\/p>\n<\/div><\/div>\n\n\n\n<div style=\"height:50px\" aria-hidden=\"true\" class=\"wp-block-spacer\"><\/div>\n\n\n\n<div class=\"wp-block-media-text alignwide has-media-on-the-right is-stacked-on-mobile\"><div class=\"wp-block-media-text__content\">\n<p><strong>Le \u00ab\u00a0Loup Blanc\u00a0\u00bb au travail !<\/strong><\/p>\n<\/div><figure class=\"wp-block-media-text__media\"><img loading=\"lazy\" decoding=\"async\" width=\"452\" height=\"303\" src=\"https:\/\/www.vinscoeur.be\/wp-content\/uploads\/2023\/07\/domaine-richaud-marcelrichaud.png\" alt=\"\" class=\"wp-image-2744 size-full\" srcset=\"https:\/\/www.vinscoeur.be\/wp-content\/uploads\/2023\/07\/domaine-richaud-marcelrichaud.png 452w, https:\/\/www.vinscoeur.be\/wp-content\/uploads\/2023\/07\/domaine-richaud-marcelrichaud-300x201.png 300w\" sizes=\"auto, (max-width: 452px) 100vw, 452px\" \/><\/figure><\/div>\n\n\n\n<div style=\"height:50px\" aria-hidden=\"true\" class=\"wp-block-spacer\"><\/div>\n\n\n\n<figure class=\"wp-block-gallery has-nested-images columns-5 is-cropped wp-block-gallery-1 is-layout-flex wp-block-gallery-is-layout-flex\">\n<figure class=\"wp-block-image size-full\"><img loading=\"lazy\" decoding=\"async\" width=\"192\" height=\"600\" data-id=\"2752\" src=\"https:\/\/www.vinscoeur.be\/wp-content\/uploads\/2023\/07\/domainerichaud_cairanne_blc-192x600-1.png\" alt=\"\" class=\"wp-image-2752\" srcset=\"https:\/\/www.vinscoeur.be\/wp-content\/uploads\/2023\/07\/domainerichaud_cairanne_blc-192x600-1.png 192w, https:\/\/www.vinscoeur.be\/wp-content\/uploads\/2023\/07\/domainerichaud_cairanne_blc-192x600-1-96x300.png 96w\" sizes=\"auto, (max-width: 192px) 100vw, 192px\" \/><\/figure>\n\n\n\n<figure class=\"wp-block-image size-full\"><img loading=\"lazy\" decoding=\"async\" width=\"410\" height=\"1280\" data-id=\"9868\" src=\"https:\/\/www.vinscoeur.be\/wp-content\/uploads\/2026\/01\/domaine-richaud_cdr_tradition-famille-410x1280-1.png\" alt=\"\" class=\"wp-image-9868\" srcset=\"https:\/\/www.vinscoeur.be\/wp-content\/uploads\/2026\/01\/domaine-richaud_cdr_tradition-famille-410x1280-1.png 410w, https:\/\/www.vinscoeur.be\/wp-content\/uploads\/2026\/01\/domaine-richaud_cdr_tradition-famille-410x1280-1-96x300.png 96w, https:\/\/www.vinscoeur.be\/wp-content\/uploads\/2026\/01\/domaine-richaud_cdr_tradition-famille-410x1280-1-328x1024.png 328w\" sizes=\"auto, (max-width: 410px) 100vw, 410px\" \/><\/figure>\n\n\n\n<figure class=\"wp-block-image size-full\"><img loading=\"lazy\" decoding=\"async\" width=\"192\" height=\"600\" data-id=\"2754\" src=\"https:\/\/www.vinscoeur.be\/wp-content\/uploads\/2023\/07\/domainerichaud_cdr_terredegalets-192x600-2.png\" alt=\"\" class=\"wp-image-2754\" srcset=\"https:\/\/www.vinscoeur.be\/wp-content\/uploads\/2023\/07\/domainerichaud_cdr_terredegalets-192x600-2.png 192w, https:\/\/www.vinscoeur.be\/wp-content\/uploads\/2023\/07\/domainerichaud_cdr_terredegalets-192x600-2-96x300.png 96w\" sizes=\"auto, (max-width: 192px) 100vw, 192px\" \/><\/figure>\n\n\n\n<figure class=\"wp-block-image size-full\"><img loading=\"lazy\" decoding=\"async\" width=\"192\" height=\"600\" data-id=\"2755\" src=\"https:\/\/www.vinscoeur.be\/wp-content\/uploads\/2023\/07\/domainerichaud_cairanne_rge-192x600-2.png\" alt=\"\" class=\"wp-image-2755\" srcset=\"https:\/\/www.vinscoeur.be\/wp-content\/uploads\/2023\/07\/domainerichaud_cairanne_rge-192x600-2.png 192w, https:\/\/www.vinscoeur.be\/wp-content\/uploads\/2023\/07\/domainerichaud_cairanne_rge-192x600-2-96x300.png 96w\" sizes=\"auto, (max-width: 192px) 100vw, 192px\" \/><\/figure>\n\n\n\n<figure class=\"wp-block-image size-full\"><img loading=\"lazy\" decoding=\"async\" width=\"192\" height=\"600\" data-id=\"2753\" src=\"https:\/\/www.vinscoeur.be\/wp-content\/uploads\/2023\/07\/domainerichaud_cairanne_ebrescade-192x600-2.png\" alt=\"\" class=\"wp-image-2753\" srcset=\"https:\/\/www.vinscoeur.be\/wp-content\/uploads\/2023\/07\/domainerichaud_cairanne_ebrescade-192x600-2.png 192w, https:\/\/www.vinscoeur.be\/wp-content\/uploads\/2023\/07\/domainerichaud_cairanne_ebrescade-192x600-2-96x300.png 96w\" sizes=\"auto, (max-width: 192px) 100vw, 192px\" \/><\/figure>\n<\/figure>\n\n\n\n<p class=\"has-text-align-center\"><strong>Les 5 cuv\u00e9es propos\u00e9es par \u00ab\u00a0Les Vins-C\u0153ur\u00a0\u00bb<\/strong><\/p>\n\n\n\n<div style=\"height:50px\" aria-hidden=\"true\" class=\"wp-block-spacer\"><\/div>\n\n\n\n<p><font><strong><font><font><em><em>Liste des vins disponibles \u00e0 l\u2019achat lors de notre d\u00e9gustatio<\/em><\/em><\/font><\/font><em><font><font>n <\/font><\/font><\/em><\/strong><\/font><em><strong>de printemps 2026<\/strong><\/em> <font><strong><font><font><em><em>:<\/em><\/em><\/font><\/font><\/strong><\/font><\/p>\n\n\n\n<div style=\"height:20px\" aria-hidden=\"true\" class=\"wp-block-spacer\"><\/div>\n\n\n\n<figure class=\"wp-block-table is-style-stripes has-small-font-size\"><table class=\"has-colibri-color-6-color has-colibri-color-4-background-color has-text-color has-background has-link-color\"><tbody><tr><td><ul><li><em><strong>Vin<\/strong><\/em><strong><em> Blanc<\/em><\/strong><\/li><\/ul><\/td><td>&nbsp;<\/td><\/tr><tr><td>C\u00f4tes du Rh\u00f4ne Villages &#8211; Cairanne <\/td><td>2024<\/td><\/tr><tr><td><ul><li><em><strong>Vin<\/strong><\/em><strong><em> Rouge<\/em><\/strong><\/li><\/ul><\/td><td><\/td><\/tr><tr><td><mark style=\"background-color:#303e7a\" class=\"has-inline-color has-colibri-color-4-color\">C\u00f4tes du Rh\u00f4ne \u00ab\u00a0Tradition\u00a0\u00bb<\/mark><\/td><td>2024<\/td><\/tr><tr><td>C\u00f4tes du Rh\u00f4ne \u00ab\u00a0Les Galets\u00a0\u00bb<\/td><td>2024<\/td><\/tr><tr><td><mark style=\"background-color:#303e7a\" class=\"has-inline-color has-colibri-color-4-color\">C\u00f4tes du Rh\u00f4ne Villages &#8211; Cairanne <\/mark><\/td><td>2024<\/td><\/tr><tr><td><mark style=\"background-color:#303e7a\" class=\"has-inline-color has-colibri-color-4-color\">C\u00f4tes du Rh\u00f4ne Villages &#8211; Cairanne \u00ab\u00a0L&rsquo;Ebrescade\u00a0\u00bb<\/mark><\/td><td>2023<\/td><\/tr><\/tbody><\/table><figcaption class=\"wp-element-caption\"><strong>Cuv\u00e9es \u00e0 d\u00e9guster le 19 avril 2026<\/strong> : <mark style=\"background-color:#303e7a\" class=\"has-inline-color has-colibri-color-4-color\">nom de la cuv\u00e9e<\/mark><\/figcaption><\/figure>\n\n\n\n<div style=\"height:20px\" aria-hidden=\"true\" class=\"wp-block-spacer\"><\/div>\n\n\n\n<div class=\"wp-block-buttons is-layout-flex wp-block-buttons-is-layout-flex\">\n<div class=\"wp-block-button\"><a class=\"wp-block-button__link wp-element-button\" href=\"https:\/\/www.vinscoeur.be\/index.php\/les-domaines\/\" target=\"_blank\" rel=\"noreferrer noopener\">Retour aux domaines<\/a><\/div>\n<\/div>\n","protected":false},"excerpt":{"rendered":"<p>Lien vers le site du Domaine On ne pr\u00e9sente plus le grand&nbsp;Marcel Richaud&nbsp;! Responsable en partie du renouveau de l&rsquo;appellation Cairanne, beaucoup lui sont redevables de ce passage de &lsquo;Cairanne&rsquo; \u00e0 &lsquo;Cru&rsquo; en 2015 ! Des questions, Marcel s\u2019en pose avec un unique objectif : respecter toujours plus les raisins et ce si beau terroir [&hellip;]<\/p>\n","protected":false},"author":54,"featured_media":2736,"parent":0,"menu_order":0,"comment_status":"closed","ping_status":"open","template":"","meta":{"_acf_changed":false,"footnotes":""},"categories":[25],"tags":[],"class_list":["post-4112","page","type-page","status-publish","has-post-thumbnail","hentry","category-rhone-sud"],"acf":[],"_links":{"self":[{"href":"https:\/\/www.vinscoeur.be\/index.php\/wp-json\/wp\/v2\/pages\/4112","targetHints":{"allow":["GET"]}}],"collection":[{"href":"https:\/\/www.vinscoeur.be\/index.php\/wp-json\/wp\/v2\/pages"}],"about":[{"href":"https:\/\/www.vinscoeur.be\/index.php\/wp-json\/wp\/v2\/types\/page"}],"author":[{"embeddable":true,"href":"https:\/\/www.vinscoeur.be\/index.php\/wp-json\/wp\/v2\/users\/54"}],"replies":[{"embeddable":true,"href":"https:\/\/www.vinscoeur.be\/index.php\/wp-json\/wp\/v2\/comments?post=4112"}],"version-history":[{"count":14,"href":"https:\/\/www.vinscoeur.be\/index.php\/wp-json\/wp\/v2\/pages\/4112\/revisions"}],"predecessor-version":[{"id":9872,"href":"https:\/\/www.vinscoeur.be\/index.php\/wp-json\/wp\/v2\/pages\/4112\/revisions\/9872"}],"wp:featuredmedia":[{"embeddable":true,"href":"https:\/\/www.vinscoeur.be\/index.php\/wp-json\/wp\/v2\/media\/2736"}],"wp:attachment":[{"href":"https:\/\/www.vinscoeur.be\/index.php\/wp-json\/wp\/v2\/media?parent=4112"}],"wp:term":[{"taxonomy":"category","embeddable":true,"href":"https:\/\/www.vinscoeur.be\/index.php\/wp-json\/wp\/v2\/categories?post=4112"},{"taxonomy":"post_tag","embeddable":true,"href":"https:\/\/www.vinscoeur.be\/index.php\/wp-json\/wp\/v2\/tags?post=4112"}],"curies":[{"name":"wp","href":"https:\/\/api.w.org\/{rel}","templated":true}]}}