{"id":4110,"date":"2023-09-11T11:21:23","date_gmt":"2023-09-11T09:21:23","guid":{"rendered":"http:\/\/ymmnqox.cluster028.hosting.ovh.net\/index.php\/domaine-du-vieux-donjon\/"},"modified":"2025-09-16T12:21:49","modified_gmt":"2025-09-16T10:21:49","slug":"domaine-du-vieux-donjon","status":"publish","type":"page","link":"https:\/\/www.vinscoeur.be\/index.php\/domaine-du-vieux-donjon\/","title":{"rendered":"Domaine du VIEUX DONJON"},"content":{"rendered":"\n<p>Les vins du Sud savent eux aussi combiner d\u00e9licatesse et \u00e9l\u00e9gance. Le domaine ch\u00e2teneauvois \u00ab\u00a0Le Vieux Donjon\u00a0\u00bb nous en apporte une d\u00e9monstration brillante avec ses deux cuv\u00e9es sign\u00e9es par la famille Michel, qui produisent un volume de bouteilles tr\u00e8s confidentiel. <\/p>\n\n\n\n<p>Le domaine a \u00e9t\u00e9 fond\u00e9 par Marcel Michel, le p\u00e8re de Lucien Michel qui vient de passer progressivement la main \u00e0 sa fille Claire, arriv\u00e9e au domaine en 2007. Pendant longtemps, le domaine a vendu ses vins aux puissants n\u00e9gociants r\u00e9gionaux. Mais \u00e0 partir de 1966 les Michel ont commenc\u00e9 \u00e0 mettre en bouteille le vin de leur domaine. Lucien Michel et son \u00e9pouse Marie-Jos\u00e9 ont pris les commandes de la propri\u00e9t\u00e9 en 1979. <\/p>\n\n\n\n<p>Le vignoble du Vieux Donjon couvre 15 hectares, dont 14 en rouge et un seul en blanc. Les deux tiers du vignoble rouge se situent sur un terroir classique de galets roul\u00e9s, le reste se r\u00e9partissant sur diff\u00e9rents types de terroirs. L&rsquo;\u00e2ge moyen des vignes d\u00e9passe les 50 ans, les grenaches \u00e9tant en bonne partie centenaires ! Les vignes de syrah et de mourv\u00e8dre ont pour leur part autour de 30 ans. Les m\u00e9thodes de culture sont aujourd&rsquo;hui tr\u00e8s proches du bio. Les vinifications sont des plus traditionnelles, sans chercher \u00e0 imposer un style : levures indig\u00e8nes, \u00e9grappage assez pouss\u00e9 mais pas total selon les mill\u00e9simes, vinifications en cuves b\u00e9ton et \u00e9levage de 12 mois en foudre. <\/p>\n\n\n\n<p>Un must de l&rsquo;appellation, sortant tr\u00e8s r\u00e9guli\u00e8rement dans les revues sp\u00e9cialis\u00e9es parmi les meilleurs vins de l&rsquo;appellation, \u00e0 un prix qui est rest\u00e9 raisonnable.<\/p>\n\n\n\n<div style=\"height:50px\" aria-hidden=\"true\" class=\"wp-block-spacer\"><\/div>\n\n\n\n<div class=\"wp-block-media-text alignwide is-stacked-on-mobile\"><figure class=\"wp-block-media-text__media\"><img loading=\"lazy\" decoding=\"async\" width=\"400\" height=\"267\" src=\"https:\/\/www.vinscoeur.be\/wp-content\/uploads\/2023\/07\/le-vieux-donjon-1.png\" alt=\"\" class=\"wp-image-2718 size-full\" srcset=\"https:\/\/www.vinscoeur.be\/wp-content\/uploads\/2023\/07\/le-vieux-donjon-1.png 400w, https:\/\/www.vinscoeur.be\/wp-content\/uploads\/2023\/07\/le-vieux-donjon-1-300x200.png 300w\" sizes=\"auto, (max-width: 400px) 100vw, 400px\" \/><\/figure><div class=\"wp-block-media-text__content\">\n<p>La famille Michel : Lucien et Marie-Jos\u00e9 entour\u00e9s de leurs enfants Claire et Fran\u00e7ois, ing\u00e9nieur agronome de formation arriv\u00e9 au Domaine en 2012<\/p>\n<\/div><\/div>\n\n\n\n<div style=\"height:50px\" aria-hidden=\"true\" class=\"wp-block-spacer\"><\/div>\n\n\n\n<div class=\"wp-block-media-text alignwide is-stacked-on-mobile\"><figure class=\"wp-block-media-text__media\"><img loading=\"lazy\" decoding=\"async\" width=\"400\" height=\"267\" src=\"https:\/\/www.vinscoeur.be\/wp-content\/uploads\/2023\/07\/le-vieux-donjon-4.png\" alt=\"\" class=\"wp-image-2719 size-full\" srcset=\"https:\/\/www.vinscoeur.be\/wp-content\/uploads\/2023\/07\/le-vieux-donjon-4.png 400w, https:\/\/www.vinscoeur.be\/wp-content\/uploads\/2023\/07\/le-vieux-donjon-4-300x200.png 300w\" sizes=\"auto, (max-width: 400px) 100vw, 400px\" \/><\/figure><div class=\"wp-block-media-text__content\">\n<p>Les galets roul\u00e9s de l&rsquo;appellation CNDP<\/p>\n<\/div><\/div>\n\n\n\n<div style=\"height:50px\" aria-hidden=\"true\" class=\"wp-block-spacer\"><\/div>\n\n\n\n<div class=\"wp-block-media-text alignwide is-stacked-on-mobile\"><figure class=\"wp-block-media-text__media\"><img loading=\"lazy\" decoding=\"async\" width=\"450\" height=\"300\" src=\"https:\/\/www.vinscoeur.be\/wp-content\/uploads\/2023\/07\/87.png\" alt=\"\" class=\"wp-image-2720 size-full\" srcset=\"https:\/\/www.vinscoeur.be\/wp-content\/uploads\/2023\/07\/87.png 450w, https:\/\/www.vinscoeur.be\/wp-content\/uploads\/2023\/07\/87-300x200.png 300w\" sizes=\"auto, (max-width: 450px) 100vw, 450px\" \/><\/figure><div class=\"wp-block-media-text__content\">\n<p>L&rsquo;\u00e9tiquette tr\u00e8s caract\u00e9ristique des bouteilles du Domaine du Vieux Donjon<\/p>\n<\/div><\/div>\n\n\n\n<div style=\"height:50px\" aria-hidden=\"true\" class=\"wp-block-spacer\"><\/div>\n\n\n\n<p><font><strong><font><font><em><em>Liste des vins disponibles \u00e0 l\u2019achat lors de notre d\u00e9gustatio<\/em><\/em><\/font><\/font><em><font><font>n <\/font><\/font><\/em><\/strong><\/font><em><strong><font><font><font>d<\/font><\/font><\/font>&lsquo;automne<font><font><font> 202<\/font><\/font><\/font><\/strong><\/em><font><strong><em><font><font>5<\/font><\/font><\/em><font><font><em><em> :<\/em><\/em><\/font><\/font><\/strong><\/font><\/p>\n\n\n\n<div style=\"height:20px\" aria-hidden=\"true\" class=\"wp-block-spacer\"><\/div>\n\n\n\n<figure class=\"wp-block-table is-style-stripes has-small-font-size\"><table class=\"has-colibri-color-6-color has-colibri-color-2-background-color has-text-color has-background has-link-color\"><tbody><tr><td>\n<ul>\n<li><em><strong>Vin Blanc<\/strong><\/em><\/li>\n<\/ul>\n<\/td><td>&nbsp;<\/td><\/tr><tr><td><mark style=\"background-color:#303e7a\" class=\"has-inline-color has-colibri-color-4-color\">Ch\u00e2teauneuf-du-Pape<\/mark><\/td><td>2024<\/td><\/tr><tr><td>\n<ul>\n<li><em><strong>Vin Rouge<\/strong><\/em><\/li>\n<\/ul>\n<\/td><td>&nbsp;<\/td><\/tr><tr><td><mark style=\"background-color:#303e7a\" class=\"has-inline-color has-colibri-color-4-color\">Ch\u00e2teauneuf-du-Pape<\/mark><\/td><td>2023<\/td><\/tr><tr><td>Ch\u00e2teauneuf-du-Pape (magnum)<\/td><td>2023<\/td><\/tr><\/tbody><\/table><figcaption class=\"wp-element-caption\">Cuv\u00e9es d\u00e9gust\u00e9es le 13 septembre 2025 :\u00a0<mark style=\"background-color:#303e7a\" class=\"has-inline-color has-colibri-color-4-color\">nom de la cuv\u00e9e<\/mark><\/figcaption><\/figure>\n\n\n\n<div style=\"height:20px\" aria-hidden=\"true\" class=\"wp-block-spacer\"><\/div>\n\n\n\n<div class=\"wp-block-buttons is-layout-flex wp-block-buttons-is-layout-flex\">\n<div class=\"wp-block-button\"><a class=\"wp-block-button__link wp-element-button\" href=\"https:\/\/www.vinscoeur.be\/index.php\/les-domaines\/\" target=\"_blank\" rel=\"noreferrer noopener\">Retour aux domaines<\/a><\/div>\n<\/div>\n\n\n\n<p><\/p>\n","protected":false},"excerpt":{"rendered":"<p>Les vins du Sud savent eux aussi combiner d\u00e9licatesse et \u00e9l\u00e9gance. Le domaine ch\u00e2teneauvois \u00ab\u00a0Le Vieux Donjon\u00a0\u00bb nous en apporte une d\u00e9monstration brillante avec ses deux cuv\u00e9es sign\u00e9es par la famille Michel, qui produisent un volume de bouteilles tr\u00e8s confidentiel. Le domaine a \u00e9t\u00e9 fond\u00e9 par Marcel Michel, le p\u00e8re de Lucien Michel qui vient [&hellip;]<\/p>\n","protected":false},"author":54,"featured_media":2718,"parent":0,"menu_order":0,"comment_status":"closed","ping_status":"open","template":"","meta":{"_acf_changed":false,"footnotes":""},"categories":[25],"tags":[],"class_list":["post-4110","page","type-page","status-publish","has-post-thumbnail","hentry","category-rhone-sud"],"acf":[],"_links":{"self":[{"href":"https:\/\/www.vinscoeur.be\/index.php\/wp-json\/wp\/v2\/pages\/4110","targetHints":{"allow":["GET"]}}],"collection":[{"href":"https:\/\/www.vinscoeur.be\/index.php\/wp-json\/wp\/v2\/pages"}],"about":[{"href":"https:\/\/www.vinscoeur.be\/index.php\/wp-json\/wp\/v2\/types\/page"}],"author":[{"embeddable":true,"href":"https:\/\/www.vinscoeur.be\/index.php\/wp-json\/wp\/v2\/users\/54"}],"replies":[{"embeddable":true,"href":"https:\/\/www.vinscoeur.be\/index.php\/wp-json\/wp\/v2\/comments?post=4110"}],"version-history":[{"count":7,"href":"https:\/\/www.vinscoeur.be\/index.php\/wp-json\/wp\/v2\/pages\/4110\/revisions"}],"predecessor-version":[{"id":9035,"href":"https:\/\/www.vinscoeur.be\/index.php\/wp-json\/wp\/v2\/pages\/4110\/revisions\/9035"}],"wp:featuredmedia":[{"embeddable":true,"href":"https:\/\/www.vinscoeur.be\/index.php\/wp-json\/wp\/v2\/media\/2718"}],"wp:attachment":[{"href":"https:\/\/www.vinscoeur.be\/index.php\/wp-json\/wp\/v2\/media?parent=4110"}],"wp:term":[{"taxonomy":"category","embeddable":true,"href":"https:\/\/www.vinscoeur.be\/index.php\/wp-json\/wp\/v2\/categories?post=4110"},{"taxonomy":"post_tag","embeddable":true,"href":"https:\/\/www.vinscoeur.be\/index.php\/wp-json\/wp\/v2\/tags?post=4110"}],"curies":[{"name":"wp","href":"https:\/\/api.w.org\/{rel}","templated":true}]}}