{"id":4109,"date":"2023-09-11T11:26:26","date_gmt":"2023-09-11T09:26:26","guid":{"rendered":"http:\/\/ymmnqox.cluster028.hosting.ovh.net\/index.php\/domaine-christophe-curtat\/"},"modified":"2025-09-16T12:20:04","modified_gmt":"2025-09-16T10:20:04","slug":"domaine-christophe-curtat","status":"publish","type":"page","link":"https:\/\/www.vinscoeur.be\/index.php\/domaine-christophe-curtat\/","title":{"rendered":"Domaine Christophe CURTAT"},"content":{"rendered":"\n<p>Christophe Curtat est un vigneron qui s&rsquo;est r\u00e9v\u00e9l\u00e9 tardivement  au contact d\u2019Yves Cuilleron. En 2005, pouss\u00e9 par Yves, il revient \u00e0 ses racines agricoles et terriennes en louant un hectare de vignes. Apr\u00e8s 11 ans d&rsquo;efforts acharn\u00e9s, en 2017, il a r\u00e9ussi \u00e0 cr\u00e9er de toutes pi\u00e8ces un domaine de 7 hectares. Christophe est un vigneron tr\u00e8s actif dans ses vignes : il met un point d&rsquo;honneur \u00e0 travailler chaque parcelle afin de favoriser le d\u00e9veloppement racinaire des ceps. Sur les sols granitiques de la Vall\u00e9e du Rh\u00f4ne nord, cela se traduit par des vins droits, justes et \u00e9quilibr\u00e9s qui ont puis\u00e9 toute la min\u00e9ralit\u00e9 de leur roche m\u00e8re. En bouche, ces vins se distinguent par leur longueur et leur capacit\u00e9 de garde, des caract\u00e9ristiques communes \u00e0 toutes les cuv\u00e9es du domaine Curtat. Si les vignes b\u00e9n\u00e9ficient d&rsquo;un traitement cinq \u00e9toiles, Christophe adopte en revanche une approche moins directive \u00e0 la cave. La vinification est douce, avec tr\u00e8s peu de sulfites ajout\u00e9s et l&rsquo;utilisation exclusive de levures indig\u00e8nes. Le Guide RVF des Meilleurs Vins de France 2020 a d\u00e9cern\u00e9 \u00e0 Christophe Curtat une \u00e9toile (star en devenir), s\u00e9duit par la profondeur et la finesse de ses vins. Sa production de grands vins de Saint-Joseph, tels que le Saint-Joseph rouge \u00ab\u00a0Nomade\u00a0\u00bb et le Saint-Joseph blanc \u00ab\u00a0Sous l&rsquo;Amandier\u00a0\u00bb, est particuli\u00e8rement remarquable. Ainsi, ses diff\u00e9rentes cuv\u00e9es se retrouvent sur les plus belles tables \u00e9toil\u00e9es du sud-est de la France. Le seul probl\u00e8me r\u00e9side dans les capacit\u00e9s limit\u00e9es de Christophe \u00e0 approvisionner ses distributeurs. \u00c0 l&rsquo;avenir, de jeunes plantiers viendront s&rsquo;ajouter aux appellations Crozes-Hermitage et Saint-Joseph. <\/p>\n\n\n\n<div style=\"height:50px\" aria-hidden=\"true\" class=\"wp-block-spacer\"><\/div>\n\n\n\n<div class=\"wp-block-media-text alignwide is-stacked-on-mobile\"><figure class=\"wp-block-media-text__media\"><img loading=\"lazy\" decoding=\"async\" width=\"400\" height=\"400\" src=\"https:\/\/www.vinscoeur.be\/wp-content\/uploads\/2023\/07\/christophe-curtat-portait-cave-vin.jpg\" alt=\"\" class=\"wp-image-2687 size-full\" srcset=\"https:\/\/www.vinscoeur.be\/wp-content\/uploads\/2023\/07\/christophe-curtat-portait-cave-vin.jpg 400w, https:\/\/www.vinscoeur.be\/wp-content\/uploads\/2023\/07\/christophe-curtat-portait-cave-vin-300x300.jpg 300w, https:\/\/www.vinscoeur.be\/wp-content\/uploads\/2023\/07\/christophe-curtat-portait-cave-vin-100x100.jpg 100w, https:\/\/www.vinscoeur.be\/wp-content\/uploads\/2023\/07\/christophe-curtat-portait-cave-vin-150x150.jpg 150w\" sizes=\"auto, (max-width: 400px) 100vw, 400px\" \/><\/figure><div class=\"wp-block-media-text__content\">\n<p><strong>Christophe Curtat<\/strong><\/p>\n<\/div><\/div>\n\n\n\n<div style=\"height:50px\" aria-hidden=\"true\" class=\"wp-block-spacer\"><\/div>\n\n\n\n<figure class=\"wp-block-gallery has-nested-images columns-default is-cropped wp-block-gallery-1 is-layout-flex wp-block-gallery-is-layout-flex\">\n<figure class=\"wp-block-image size-large\"><img loading=\"lazy\" decoding=\"async\" width=\"400\" height=\"400\" data-id=\"2691\" src=\"https:\/\/www.vinscoeur.be\/wp-content\/uploads\/2023\/07\/curtat-st-joseph-blanc-sous-l-amandier.jpeg.webp\" alt=\"\" class=\"wp-image-2691\" srcset=\"https:\/\/www.vinscoeur.be\/wp-content\/uploads\/2023\/07\/curtat-st-joseph-blanc-sous-l-amandier.jpeg.webp 400w, https:\/\/www.vinscoeur.be\/wp-content\/uploads\/2023\/07\/curtat-st-joseph-blanc-sous-l-amandier.jpeg-300x300.webp 300w, https:\/\/www.vinscoeur.be\/wp-content\/uploads\/2023\/07\/curtat-st-joseph-blanc-sous-l-amandier.jpeg-100x100.webp 100w, https:\/\/www.vinscoeur.be\/wp-content\/uploads\/2023\/07\/curtat-st-joseph-blanc-sous-l-amandier.jpeg-150x150.webp 150w\" sizes=\"auto, (max-width: 400px) 100vw, 400px\" \/><\/figure>\n\n\n\n<figure class=\"wp-block-image size-large\"><img loading=\"lazy\" decoding=\"async\" width=\"400\" height=\"400\" data-id=\"2692\" src=\"https:\/\/www.vinscoeur.be\/wp-content\/uploads\/2023\/07\/curtat-st-joseph-nomade.jpeg.webp\" alt=\"\" class=\"wp-image-2692\" srcset=\"https:\/\/www.vinscoeur.be\/wp-content\/uploads\/2023\/07\/curtat-st-joseph-nomade.jpeg.webp 400w, https:\/\/www.vinscoeur.be\/wp-content\/uploads\/2023\/07\/curtat-st-joseph-nomade.jpeg-300x300.webp 300w, https:\/\/www.vinscoeur.be\/wp-content\/uploads\/2023\/07\/curtat-st-joseph-nomade.jpeg-100x100.webp 100w, https:\/\/www.vinscoeur.be\/wp-content\/uploads\/2023\/07\/curtat-st-joseph-nomade.jpeg-150x150.webp 150w\" sizes=\"auto, (max-width: 400px) 100vw, 400px\" \/><\/figure>\n<figcaption class=\"blocks-gallery-caption wp-element-caption\"><strong>Les deux St. Joseph du Domaine Curtat<\/strong><\/figcaption><\/figure>\n\n\n\n<div style=\"height:50px\" aria-hidden=\"true\" class=\"wp-block-spacer\"><\/div>\n\n\n\n<p><font><em><strong><font><font>Liste des vins disponibles \u00e0 l\u2019achat lors de notre d\u00e9gustation <\/font><\/font><\/strong><\/em><\/font><strong><em><font><font><font>d<\/font><\/font><\/font>&lsquo;automne<font><font><font> 202<\/font><\/font><\/font><\/em><\/strong><font><em><strong><font><font>5 :<\/font><\/font><\/strong><\/em><\/font><\/p>\n\n\n\n<div style=\"height:20px\" aria-hidden=\"true\" class=\"wp-block-spacer\"><\/div>\n\n\n\n<figure class=\"wp-block-table is-style-stripes has-small-font-size\"><table class=\"has-colibri-color-6-color has-colibri-color-2-background-color has-text-color has-background has-link-color\"><tbody><tr><td>\n<ul>\n<li><em><strong>Vin Blanc<\/strong><\/em><\/li>\n<\/ul>\n<\/td><td>&nbsp;<\/td><\/tr><tr><td><mark style=\"background-color:#303e7a\" class=\"has-inline-color has-colibri-color-4-color\">Saint-Joseph \u00ab\u00a0Sous l&rsquo;Amandier\u00a0\u00bb<\/mark><\/td><td>2024<br><\/td><\/tr><tr><td>\n<ul>\n<li><em><strong>Vin Rouge<\/strong><\/em><\/li>\n<\/ul>\n<\/td><td>&nbsp;<\/td><\/tr><tr><td>IGP Syrah \u00a0\u00bbVieilles vignes\u00a0\u00bb <\/td><td>2024<\/td><\/tr><tr><td><mark style=\"background-color:#303e7a\" class=\"has-inline-color has-colibri-color-4-color\">Croze-Hermitage \u00ab\u00a0F\u00e9es des Champs\u00a0\u00bb<\/mark><\/td><td>2024<\/td><\/tr><tr><td><mark style=\"background-color:#303e7a\" class=\"has-inline-color has-colibri-color-4-color\">Saint-Joseph \u00ab\u00a0Nomade\u00a0\u00bb<\/mark>&nbsp;<\/td><td>2023<br><\/td><\/tr><\/tbody><\/table><figcaption class=\"wp-element-caption\">Cuv\u00e9es d\u00e9gust\u00e9es le 13 septembre 2025 :\u00a0<mark style=\"background-color:#303e7a\" class=\"has-inline-color has-colibri-color-4-color\">nom de la cuv\u00e9e<\/mark><\/figcaption><\/figure>\n\n\n\n<div style=\"height:20px\" aria-hidden=\"true\" class=\"wp-block-spacer\"><\/div>\n\n\n\n<div class=\"wp-block-buttons is-layout-flex wp-block-buttons-is-layout-flex\">\n<div class=\"wp-block-button\"><a class=\"wp-block-button__link wp-element-button\" href=\"https:\/\/www.vinscoeur.be\/index.php\/les-domaines\/\" target=\"_blank\" rel=\"noreferrer noopener\">Retour aux domaines<\/a><\/div>\n<\/div>\n","protected":false},"excerpt":{"rendered":"<p>Christophe Curtat est un vigneron qui s&rsquo;est r\u00e9v\u00e9l\u00e9 tardivement au contact d\u2019Yves Cuilleron. En 2005, pouss\u00e9 par Yves, il revient \u00e0 ses racines agricoles et terriennes en louant un hectare de vignes. Apr\u00e8s 11 ans d&rsquo;efforts acharn\u00e9s, en 2017, il a r\u00e9ussi \u00e0 cr\u00e9er de toutes pi\u00e8ces un domaine de 7 hectares. Christophe est un [&hellip;]<\/p>\n","protected":false},"author":54,"featured_media":2687,"parent":0,"menu_order":0,"comment_status":"closed","ping_status":"open","template":"","meta":{"_acf_changed":false,"footnotes":""},"categories":[22],"tags":[],"class_list":["post-4109","page","type-page","status-publish","has-post-thumbnail","hentry","category-rhone"],"acf":[],"_links":{"self":[{"href":"https:\/\/www.vinscoeur.be\/index.php\/wp-json\/wp\/v2\/pages\/4109","targetHints":{"allow":["GET"]}}],"collection":[{"href":"https:\/\/www.vinscoeur.be\/index.php\/wp-json\/wp\/v2\/pages"}],"about":[{"href":"https:\/\/www.vinscoeur.be\/index.php\/wp-json\/wp\/v2\/types\/page"}],"author":[{"embeddable":true,"href":"https:\/\/www.vinscoeur.be\/index.php\/wp-json\/wp\/v2\/users\/54"}],"replies":[{"embeddable":true,"href":"https:\/\/www.vinscoeur.be\/index.php\/wp-json\/wp\/v2\/comments?post=4109"}],"version-history":[{"count":11,"href":"https:\/\/www.vinscoeur.be\/index.php\/wp-json\/wp\/v2\/pages\/4109\/revisions"}],"predecessor-version":[{"id":9033,"href":"https:\/\/www.vinscoeur.be\/index.php\/wp-json\/wp\/v2\/pages\/4109\/revisions\/9033"}],"wp:featuredmedia":[{"embeddable":true,"href":"https:\/\/www.vinscoeur.be\/index.php\/wp-json\/wp\/v2\/media\/2687"}],"wp:attachment":[{"href":"https:\/\/www.vinscoeur.be\/index.php\/wp-json\/wp\/v2\/media?parent=4109"}],"wp:term":[{"taxonomy":"category","embeddable":true,"href":"https:\/\/www.vinscoeur.be\/index.php\/wp-json\/wp\/v2\/categories?post=4109"},{"taxonomy":"post_tag","embeddable":true,"href":"https:\/\/www.vinscoeur.be\/index.php\/wp-json\/wp\/v2\/tags?post=4109"}],"curies":[{"name":"wp","href":"https:\/\/api.w.org\/{rel}","templated":true}]}}