{"id":4108,"date":"2023-09-11T11:11:11","date_gmt":"2023-09-11T09:11:11","guid":{"rendered":"http:\/\/ymmnqox.cluster028.hosting.ovh.net\/index.php\/domaine-berthoumieu\/"},"modified":"2025-09-16T13:19:00","modified_gmt":"2025-09-16T11:19:00","slug":"domaine-berthoumieu","status":"publish","type":"page","link":"https:\/\/www.vinscoeur.be\/index.php\/domaine-berthoumieu\/","title":{"rendered":"Domaine BERTHOUMIEU"},"content":{"rendered":"\n<p><a href=\"https:\/\/www.vinscoeur.be\/119\" target=\"_blank\" rel=\"noreferrer noopener\"><strong>Lien vers le<\/strong><\/a><a href=\"https:\/\/www.domaine-berthoumieu.com\/\" target=\"_blank\" rel=\"noreferrer noopener\"><strong> Lien vers le site du Domaine<\/strong><\/a><\/p>\n\n\n\n<div style=\"height:50px\" aria-hidden=\"true\" class=\"wp-block-spacer\"><\/div>\n\n\n\n<p>Le Domaine Berthoumieu a \u00e9t\u00e9 fond\u00e9 dans les ann\u00e9es 1850 par Virgile Dutour, sur la commune de Viella dans le Gers. Apr\u00e8s plusieurs g\u00e9n\u00e9rations, Marie-Line &amp; Didier Barr\u00e9 l\u2019ont repris dans les ann\u00e9es 1990 pour en faire une r\u00e9f\u00e9rence incontest\u00e9e sur les appellations Madiran &amp; Pacherenc du Vic-Bilh. Sur ses 25 hectares, cette propri\u00e9t\u00e9 produit des vins ambitieux alliant toujours personnalit\u00e9, identit\u00e9 et \u00e9quilibre.<\/p>\n\n\n\n<p>En 2017, les s\u0153urs Claire et Marion Bortolussi (filles d&rsquo;Alain Bortolussi du Ch\u00e2teau Viella) ont pris en main les destin\u00e9es de ce domaine phare en nouant un partenariat avec la soci\u00e9t\u00e9 Osmin &amp; Cie pour la conduite de l&rsquo;exploitation et la commercialisation des cuv\u00e9es. Claire et Marion Bortolussi, deux s\u0153urs unies dans la passion du vin, auront d\u00e9sormais \u00e0 c\u0153ur de poursuivre cette \u0153uvre d\u00e9marr\u00e9e il y a 175 ans tout en apportant leur vision personnelle de ce que sont les grands vins du Sud-Ouest. La conversion bio est engag\u00e9e depuis 2020.<\/p>\n\n\n\n<div style=\"height:50px\" aria-hidden=\"true\" class=\"wp-block-spacer\"><\/div>\n\n\n\n<figure class=\"wp-block-gallery aligncenter has-nested-images columns-default is-cropped wp-block-gallery-1 is-layout-flex wp-block-gallery-is-layout-flex\">\n<figure class=\"wp-block-image size-full is-style-rounded\"><img loading=\"lazy\" decoding=\"async\" width=\"752\" height=\"750\" data-id=\"8489\" src=\"https:\/\/www.vinscoeur.be\/wp-content\/uploads\/2025\/06\/ClaireB.jpg\" alt=\"\" class=\"wp-image-8489\" srcset=\"https:\/\/www.vinscoeur.be\/wp-content\/uploads\/2025\/06\/ClaireB.jpg 752w, https:\/\/www.vinscoeur.be\/wp-content\/uploads\/2025\/06\/ClaireB-300x300.jpg 300w, https:\/\/www.vinscoeur.be\/wp-content\/uploads\/2025\/06\/ClaireB-150x150.jpg 150w, https:\/\/www.vinscoeur.be\/wp-content\/uploads\/2025\/06\/ClaireB-600x598.jpg 600w, https:\/\/www.vinscoeur.be\/wp-content\/uploads\/2025\/06\/ClaireB-100x100.jpg 100w\" sizes=\"auto, (max-width: 752px) 100vw, 752px\" \/><\/figure>\n\n\n\n<figure class=\"wp-block-image size-full is-style-rounded\"><img loading=\"lazy\" decoding=\"async\" width=\"197\" height=\"219\" data-id=\"8497\" src=\"https:\/\/www.vinscoeur.be\/wp-content\/uploads\/2025\/06\/Capture-decran-2025-06-08-092411.png\" alt=\"\" class=\"wp-image-8497\" \/><\/figure>\n<figcaption class=\"blocks-gallery-caption wp-element-caption\">Claire et Marion Bortolussi, propri\u00e9taire actuelles du domaine Berthoumieu<\/figcaption><\/figure>\n\n\n\n<div style=\"height:50px\" aria-hidden=\"true\" class=\"wp-block-spacer\"><\/div>\n\n\n\n<div class=\"wp-block-media-text has-media-on-the-right\" style=\"grid-template-columns:auto 73%\"><div class=\"wp-block-media-text__content\">\n<p>Damiens Sartori (\u0153nologue de Osmin &amp; Cie), Claire Bortolussi, Lionel Osmin (directeur de Osmin &amp; Cie) et Marion Bortolussi en tourn\u00e9e d&rsquo;inspection des vignes  du domaine.<\/p>\n<\/div><figure class=\"wp-block-media-text__media\"><img loading=\"lazy\" decoding=\"async\" width=\"1024\" height=\"683\" src=\"https:\/\/www.vinscoeur.be\/wp-content\/uploads\/2025\/06\/136d277aea10ab730f3ea561d65eb7c8f807c2a7-1-1024x683.jpg\" alt=\"\" class=\"wp-image-8496 size-full\" srcset=\"https:\/\/www.vinscoeur.be\/wp-content\/uploads\/2025\/06\/136d277aea10ab730f3ea561d65eb7c8f807c2a7-1-1024x683.jpg 1024w, https:\/\/www.vinscoeur.be\/wp-content\/uploads\/2025\/06\/136d277aea10ab730f3ea561d65eb7c8f807c2a7-1-300x200.jpg 300w, https:\/\/www.vinscoeur.be\/wp-content\/uploads\/2025\/06\/136d277aea10ab730f3ea561d65eb7c8f807c2a7-1-768x512.jpg 768w, https:\/\/www.vinscoeur.be\/wp-content\/uploads\/2025\/06\/136d277aea10ab730f3ea561d65eb7c8f807c2a7-1-1536x1024.jpg 1536w, https:\/\/www.vinscoeur.be\/wp-content\/uploads\/2025\/06\/136d277aea10ab730f3ea561d65eb7c8f807c2a7-1-2048x1365.jpg 2048w, https:\/\/www.vinscoeur.be\/wp-content\/uploads\/2025\/06\/136d277aea10ab730f3ea561d65eb7c8f807c2a7-1-600x400.jpg 600w\" sizes=\"auto, (max-width: 1024px) 100vw, 1024px\" \/><\/figure><\/div>\n\n\n\n<div style=\"height:51px\" aria-hidden=\"true\" class=\"wp-block-spacer\"><\/div>\n\n\n\n<div class=\"wp-block-media-text alignwide is-stacked-on-mobile\"><figure class=\"wp-block-media-text__media\"><img loading=\"lazy\" decoding=\"async\" width=\"681\" height=\"1024\" src=\"https:\/\/www.vinscoeur.be\/wp-content\/uploads\/2023\/07\/6ce3f4_c491e371bfba4b2983bc2d807d6f92c3mv2-681x1024.webp\" alt=\"\" class=\"wp-image-2591 size-full\" srcset=\"https:\/\/www.vinscoeur.be\/wp-content\/uploads\/2023\/07\/6ce3f4_c491e371bfba4b2983bc2d807d6f92c3mv2-681x1024.webp 681w, https:\/\/www.vinscoeur.be\/wp-content\/uploads\/2023\/07\/6ce3f4_c491e371bfba4b2983bc2d807d6f92c3mv2-600x902.webp 600w, https:\/\/www.vinscoeur.be\/wp-content\/uploads\/2023\/07\/6ce3f4_c491e371bfba4b2983bc2d807d6f92c3mv2-200x300.webp 200w, https:\/\/www.vinscoeur.be\/wp-content\/uploads\/2023\/07\/6ce3f4_c491e371bfba4b2983bc2d807d6f92c3mv2.webp 740w\" sizes=\"auto, (max-width: 681px) 100vw, 681px\" \/><\/figure><div class=\"wp-block-media-text__content\">\n<p>\u00ab\u00a0Aulet\u00a0\u00bb A.O.P. Madiran &#8211; Domaine Berthoumieu. L&rsquo;expression d&rsquo;un grand terroir de Madiran ! Une parcelle qui laisse en \u00e9moi, un vin tout en douceur et en f\u00e9minit\u00e9, \u00ab\u00a0Aulet\u00a0\u00bb est d\u00e9finitivement un grand vin de l&rsquo;appellation.<\/p>\n<\/div><\/div>\n\n\n\n<div style=\"height:50px\" aria-hidden=\"true\" class=\"wp-block-spacer\"><\/div>\n\n\n\n<p><font><strong><font><font><em><em>Liste des vins disponibles \u00e0 l\u2019achat lors de notre d\u00e9gustatio<\/em><\/em><\/font><\/font><em><font><font>n <\/font><\/font><\/em><\/strong><\/font><em><strong><font><font><font>d<\/font><\/font><\/font>&lsquo;automne<font><font><font> 202<\/font><\/font><\/font><\/strong><\/em><font><strong><em><font><font>5<\/font><\/font><\/em><font><font><em><em> :<\/em><\/em><\/font><\/font><\/strong><\/font><\/p>\n\n\n\n<div style=\"height:20px\" aria-hidden=\"true\" class=\"wp-block-spacer\"><\/div>\n\n\n\n<figure class=\"wp-block-table is-style-stripes has-small-font-size\"><table class=\"has-colibri-color-1-color has-colibri-color-2-background-color has-text-color has-background has-link-color\"><tbody><tr><td>\n<ul>\n<li><em><strong>Vin Blanc<\/strong><\/em><\/li>\n<\/ul>\n<\/td><td>&nbsp;<\/td><\/tr><tr><td><mark style=\"background-color:#303e7a\" class=\"has-inline-color has-colibri-color-4-color\">Pacherenc-du-vic-bilh \u00ab\u00a0La F\u00e9\u00a0\u00bb sec <strong>(Bio)<\/strong><\/mark><\/td><td>2024<\/td><\/tr><tr><td>Pacherenc-du-vic-bilh \u00ab\u00a0Constance\u00a0\u00bb (doux)<\/td><td>2023<\/td><\/tr><tr><td>\n<ul>\n<li><em><strong>Vin Rouge<\/strong><\/em><\/li>\n<\/ul>\n<\/td><td>&nbsp;<\/td><\/tr><tr><td>Madiran \u00ab\u00a0Constance\u00a0\u00bb<\/td><td>2021<\/td><\/tr><tr><td>Madiran \u00ab\u00a0Charles de Batz\u00a0\u00bb&nbsp;<\/td><td>2018<\/td><\/tr><tr><td><mark style=\"background-color:#303e7a\" class=\"has-inline-color has-colibri-color-4-color\">Madiran parcellaire \u00ab\u00a0Aulet\u00a0\u00bb<\/mark><\/td><td>2022<\/td><\/tr><\/tbody><\/table><figcaption class=\"wp-element-caption\">Cuv\u00e9es d\u00e9gust\u00e9es le 13 septembre 2025 :\u00a0<mark style=\"background-color:#303e7a\" class=\"has-inline-color has-colibri-color-4-color\">nom de la cuv\u00e9e<\/mark><\/figcaption><\/figure>\n\n\n\n<div style=\"height:20px\" aria-hidden=\"true\" class=\"wp-block-spacer\"><\/div>\n\n\n\n<div class=\"wp-block-buttons is-layout-flex wp-block-buttons-is-layout-flex\">\n<div class=\"wp-block-button\"><a class=\"wp-block-button__link wp-element-button\" href=\"https:\/\/www.vinscoeur.be\/index.php\/les-domaines\/\" target=\"_blank\" rel=\"noreferrer noopener\">Retour aux domaines<\/a><\/div>\n<\/div>\n\n\n\n<p class=\"has-colibri-color-4-color has-text-color has-link-color wp-elements-727ab03560413b1b2a62fbb5b1df827d\"><\/p>\n","protected":false},"excerpt":{"rendered":"<p>Lien vers le Lien vers le site du Domaine Le Domaine Berthoumieu a \u00e9t\u00e9 fond\u00e9 dans les ann\u00e9es 1850 par Virgile Dutour, sur la commune de Viella dans le Gers. Apr\u00e8s plusieurs g\u00e9n\u00e9rations, Marie-Line &amp; Didier Barr\u00e9 l\u2019ont repris dans les ann\u00e9es 1990 pour en faire une r\u00e9f\u00e9rence incontest\u00e9e sur les appellations Madiran &amp; Pacherenc [&hellip;]<\/p>\n","protected":false},"author":54,"featured_media":2587,"parent":0,"menu_order":0,"comment_status":"closed","ping_status":"open","template":"","meta":{"_acf_changed":false,"footnotes":""},"categories":[31],"tags":[],"class_list":["post-4108","page","type-page","status-publish","has-post-thumbnail","hentry","category-sud-ouest"],"acf":[],"_links":{"self":[{"href":"https:\/\/www.vinscoeur.be\/index.php\/wp-json\/wp\/v2\/pages\/4108","targetHints":{"allow":["GET"]}}],"collection":[{"href":"https:\/\/www.vinscoeur.be\/index.php\/wp-json\/wp\/v2\/pages"}],"about":[{"href":"https:\/\/www.vinscoeur.be\/index.php\/wp-json\/wp\/v2\/types\/page"}],"author":[{"embeddable":true,"href":"https:\/\/www.vinscoeur.be\/index.php\/wp-json\/wp\/v2\/users\/54"}],"replies":[{"embeddable":true,"href":"https:\/\/www.vinscoeur.be\/index.php\/wp-json\/wp\/v2\/comments?post=4108"}],"version-history":[{"count":16,"href":"https:\/\/www.vinscoeur.be\/index.php\/wp-json\/wp\/v2\/pages\/4108\/revisions"}],"predecessor-version":[{"id":9049,"href":"https:\/\/www.vinscoeur.be\/index.php\/wp-json\/wp\/v2\/pages\/4108\/revisions\/9049"}],"wp:featuredmedia":[{"embeddable":true,"href":"https:\/\/www.vinscoeur.be\/index.php\/wp-json\/wp\/v2\/media\/2587"}],"wp:attachment":[{"href":"https:\/\/www.vinscoeur.be\/index.php\/wp-json\/wp\/v2\/media?parent=4108"}],"wp:term":[{"taxonomy":"category","embeddable":true,"href":"https:\/\/www.vinscoeur.be\/index.php\/wp-json\/wp\/v2\/categories?post=4108"},{"taxonomy":"post_tag","embeddable":true,"href":"https:\/\/www.vinscoeur.be\/index.php\/wp-json\/wp\/v2\/tags?post=4108"}],"curies":[{"name":"wp","href":"https:\/\/api.w.org\/{rel}","templated":true}]}}