{"id":4107,"date":"2023-09-11T11:22:33","date_gmt":"2023-09-11T09:22:33","guid":{"rendered":"http:\/\/ymmnqox.cluster028.hosting.ovh.net\/index.php\/domaine-terra-remota\/"},"modified":"2026-01-03T11:20:04","modified_gmt":"2026-01-03T10:20:04","slug":"domaine-terra-remota","status":"publish","type":"page","link":"https:\/\/www.vinscoeur.be\/index.php\/domaine-terra-remota\/","title":{"rendered":"Domaine TERRA REMOTA"},"content":{"rendered":"\n<p><strong><a href=\"https:\/\/www.vinscoeur.be\/118\">Lien vers le s<\/a><a href=\"https:\/\/www.terraremota.com\/\" target=\"_blank\" rel=\"noreferrer noopener\">i<\/a><a href=\"https:\/\/www.vinscoeur.be\/118\">te du Domaine<\/a><\/strong><\/p>\n\n\n\n<div style=\"height:50px\" aria-hidden=\"true\" class=\"wp-block-spacer\"><\/div>\n\n\n\n<p>Le domaine de Terra Remota a cr\u00e9\u00e9 en 1999 par Marc et Emma Bournazeau, un couple fran\u00e7ais ayant des attaches en Catalogne . Situ\u00e9e \u00e0 l\u2019extr\u00eame Nord-Est de la P\u00e9ninsule Ib\u00e9rique en Espagne, ce sont pr\u00e8s de 44 hectares que la famille aura remembr\u00e9s. En 2003 et 2004, 23 hectares ont \u00e9t\u00e9 plant\u00e9es. Depuis 2017, le domaine a \u00e9t\u00e9 \u00e9tendu \u00e0 54 hectares dont 3 hectares suppl\u00e9mentaires (1 ha de Grenache blanc, 1 ha de Chenin et, en nouveaut\u00e9, 1 ha de Xarel\u00b7lo), soit un total de 26 hectares vinifi\u00e9s. Entre les villages de Capamany et Sant Climent Sescebes, dans le Haut Empord\u00e0 (d\u00e9nomination d\u2019origine DO Empord\u00e0), le vignoble est implant\u00e9 dans une zone bois\u00e9e, et surtout prot\u00e9g\u00e9e de la Tramontane gr\u00e2ce \u00e0 la cha\u00eene de Alb\u00e8res. Ses pieds de vignes, plant\u00e9s \u00e0 15km de la M\u00e9diterran\u00e9e \u00e0 une altitude de 150 m, profitent d\u2019un sol granitique. Le processus de viticulture et de vinification est r\u00e9alis\u00e9 dans le cadre du label de&nbsp;\u00ab&nbsp;production \u00e9cologique&nbsp;\u00bb, obtenu en septembre 2012.<\/p>\n\n\n\n<div style=\"height:50px\" aria-hidden=\"true\" class=\"wp-block-spacer\"><\/div>\n\n\n\n<div class=\"wp-block-media-text alignwide is-stacked-on-mobile\" style=\"grid-template-columns:69% auto\"><figure class=\"wp-block-media-text__media\"><img loading=\"lazy\" decoding=\"async\" width=\"1024\" height=\"444\" src=\"https:\/\/www.vinscoeur.be\/wp-content\/uploads\/2023\/07\/Dossier-Lifestyle-2022-FRA-1-1024x444.jpg\" alt=\"\" class=\"wp-image-2732 size-full\" srcset=\"https:\/\/www.vinscoeur.be\/wp-content\/uploads\/2023\/07\/Dossier-Lifestyle-2022-FRA-1-1024x444.jpg 1024w, https:\/\/www.vinscoeur.be\/wp-content\/uploads\/2023\/07\/Dossier-Lifestyle-2022-FRA-1-600x260.jpg 600w, https:\/\/www.vinscoeur.be\/wp-content\/uploads\/2023\/07\/Dossier-Lifestyle-2022-FRA-1-300x130.jpg 300w, https:\/\/www.vinscoeur.be\/wp-content\/uploads\/2023\/07\/Dossier-Lifestyle-2022-FRA-1-768x333.jpg 768w, https:\/\/www.vinscoeur.be\/wp-content\/uploads\/2023\/07\/Dossier-Lifestyle-2022-FRA-1-1536x665.jpg 1536w, https:\/\/www.vinscoeur.be\/wp-content\/uploads\/2023\/07\/Dossier-Lifestyle-2022-FRA-1.jpg 1600w\" sizes=\"auto, (max-width: 1024px) 100vw, 1024px\" \/><\/figure><div class=\"wp-block-media-text__content\">\n<p>Le Domaine  Terra Remota.<\/p>\n<\/div><\/div>\n\n\n\n<div style=\"height:90px\" aria-hidden=\"true\" class=\"wp-block-spacer\"><\/div>\n\n\n\n<div class=\"wp-block-media-text alignwide has-media-on-the-right is-stacked-on-mobile\" style=\"grid-template-columns:auto 69%\"><div class=\"wp-block-media-text__content\">\n<p>Le chai du domaine con\u00e7u pour une vinification par gravit\u00e9. La vendange rentre par le c\u00f4t\u00e9 gauche, au sommet du b\u00e2timent puis descend d&rsquo;\u00e9tage en \u00e9tage au fil des \u00e9tapes, pour finir en bouteille au rez-de-chauss\u00e9e.<\/p>\n<\/div><figure class=\"wp-block-media-text__media\"><img loading=\"lazy\" decoding=\"async\" width=\"1024\" height=\"768\" src=\"https:\/\/www.vinscoeur.be\/wp-content\/uploads\/2023\/07\/IMG_20160627_142908-1024x768.jpg\" alt=\"\" class=\"wp-image-2786 size-full\" srcset=\"https:\/\/www.vinscoeur.be\/wp-content\/uploads\/2023\/07\/IMG_20160627_142908-1024x768.jpg 1024w, https:\/\/www.vinscoeur.be\/wp-content\/uploads\/2023\/07\/IMG_20160627_142908-scaled-600x450.jpg 600w, https:\/\/www.vinscoeur.be\/wp-content\/uploads\/2023\/07\/IMG_20160627_142908-300x225.jpg 300w, https:\/\/www.vinscoeur.be\/wp-content\/uploads\/2023\/07\/IMG_20160627_142908-768x576.jpg 768w, https:\/\/www.vinscoeur.be\/wp-content\/uploads\/2023\/07\/IMG_20160627_142908-1536x1152.jpg 1536w, https:\/\/www.vinscoeur.be\/wp-content\/uploads\/2023\/07\/IMG_20160627_142908-2048x1536.jpg 2048w\" sizes=\"auto, (max-width: 1024px) 100vw, 1024px\" \/><\/figure><\/div>\n\n\n\n<div style=\"height:90px\" aria-hidden=\"true\" class=\"wp-block-spacer\"><\/div>\n\n\n\n<div class=\"wp-block-media-text alignwide is-stacked-on-mobile\"><figure class=\"wp-block-media-text__media\"><img loading=\"lazy\" decoding=\"async\" width=\"1024\" height=\"768\" src=\"https:\/\/www.vinscoeur.be\/wp-content\/uploads\/2023\/07\/Dossier-Lifestyle-2022-FRA-37-Copie-1024x768.jpg\" alt=\"\" class=\"wp-image-2733 size-full\" srcset=\"https:\/\/www.vinscoeur.be\/wp-content\/uploads\/2023\/07\/Dossier-Lifestyle-2022-FRA-37-Copie-1024x768.jpg 1024w, https:\/\/www.vinscoeur.be\/wp-content\/uploads\/2023\/07\/Dossier-Lifestyle-2022-FRA-37-Copie-600x450.jpg 600w, https:\/\/www.vinscoeur.be\/wp-content\/uploads\/2023\/07\/Dossier-Lifestyle-2022-FRA-37-Copie-300x225.jpg 300w, https:\/\/www.vinscoeur.be\/wp-content\/uploads\/2023\/07\/Dossier-Lifestyle-2022-FRA-37-Copie-768x576.jpg 768w, https:\/\/www.vinscoeur.be\/wp-content\/uploads\/2023\/07\/Dossier-Lifestyle-2022-FRA-37-Copie.jpg 1070w\" sizes=\"auto, (max-width: 1024px) 100vw, 1024px\" \/><\/figure><div class=\"wp-block-media-text__content\">\n<p>Le mariage de l&rsquo;art et de la viticulture est monnaie courante au Domaine.<\/p>\n<\/div><\/div>\n\n\n\n<div style=\"height:50px\" aria-hidden=\"true\" class=\"wp-block-spacer\"><\/div>\n\n\n\n<figure class=\"wp-block-gallery has-nested-images columns-default is-cropped wp-block-gallery-1 is-layout-flex wp-block-gallery-is-layout-flex\">\n<figure class=\"wp-block-image size-large\"><img loading=\"lazy\" decoding=\"async\" width=\"385\" height=\"385\" data-id=\"2729\" src=\"https:\/\/www.vinscoeur.be\/wp-content\/uploads\/2023\/07\/TAN-NATURAL-283x1024-1-385x385-2.png\" alt=\"\" class=\"wp-image-2729\" srcset=\"https:\/\/www.vinscoeur.be\/wp-content\/uploads\/2023\/07\/TAN-NATURAL-283x1024-1-385x385-2.png 385w, https:\/\/www.vinscoeur.be\/wp-content\/uploads\/2023\/07\/TAN-NATURAL-283x1024-1-385x385-2-300x300.png 300w, https:\/\/www.vinscoeur.be\/wp-content\/uploads\/2023\/07\/TAN-NATURAL-283x1024-1-385x385-2-100x100.png 100w, https:\/\/www.vinscoeur.be\/wp-content\/uploads\/2023\/07\/TAN-NATURAL-283x1024-1-385x385-2-150x150.png 150w\" sizes=\"auto, (max-width: 385px) 100vw, 385px\" \/><\/figure>\n\n\n\n<figure class=\"wp-block-image size-large\"><img loading=\"lazy\" decoding=\"async\" width=\"385\" height=\"385\" data-id=\"2728\" src=\"https:\/\/www.vinscoeur.be\/wp-content\/uploads\/2023\/07\/Terra-Remota-Camino-385x385-1.jpg\" alt=\"\" class=\"wp-image-2728\" srcset=\"https:\/\/www.vinscoeur.be\/wp-content\/uploads\/2023\/07\/Terra-Remota-Camino-385x385-1.jpg 385w, https:\/\/www.vinscoeur.be\/wp-content\/uploads\/2023\/07\/Terra-Remota-Camino-385x385-1-300x300.jpg 300w, https:\/\/www.vinscoeur.be\/wp-content\/uploads\/2023\/07\/Terra-Remota-Camino-385x385-1-100x100.jpg 100w, https:\/\/www.vinscoeur.be\/wp-content\/uploads\/2023\/07\/Terra-Remota-Camino-385x385-1-150x150.jpg 150w\" sizes=\"auto, (max-width: 385px) 100vw, 385px\" \/><\/figure>\n<figcaption class=\"blocks-gallery-caption wp-element-caption\"><strong>Les deux cuv\u00e9es pr\u00e9sent\u00e9es par \u00ab\u00a0Les Vins Coeur\u00a0\u00bb<\/strong><br><\/figcaption><\/figure>\n\n\n\n<div style=\"height:50px\" aria-hidden=\"true\" class=\"wp-block-spacer\"><\/div>\n\n\n\n<p><font><font><font><strong><em><strong><em>Liste des vins disponibles \u00e0 l\u2019achat lors de notre d\u00e9gustatio<\/em><\/strong><\/em><\/strong><\/font><\/font><em><font><font><strong><strong>n <\/strong><\/strong><\/font><\/font><\/em><\/font><strong><em><font><font><font>d<\/font><\/font><\/font>e printemps 2026 :<\/em><\/strong><\/p>\n\n\n\n<div style=\"height:20px\" aria-hidden=\"true\" class=\"wp-block-spacer\"><\/div>\n\n\n\n<figure class=\"wp-block-table is-style-stripes has-small-font-size\"><table class=\"has-colibri-color-6-color has-colibri-color-4-background-color has-text-color has-background has-link-color\"><tbody><tr><td>\n<ul>\n<li><em><strong>Vin Rouge<\/strong><\/em><\/li>\n<\/ul>\n<\/td><td>&nbsp;<\/td><\/tr><tr><td>Tan Natural<\/td><td>2024<\/td><\/tr><tr><td><mark style=\"background-color:#303e7a\" class=\"has-inline-color has-colibri-color-4-color\">Camino<\/mark><\/td><td>2023<\/td><\/tr><\/tbody><\/table><figcaption class=\"wp-element-caption\"><strong>Cuv\u00e9es \u00e0 d\u00e9guster le 19 avril 2026<\/strong> :&nbsp;<mark><mark style=\"background-color:#303e7a\" class=\"has-inline-color has-colibri-color-4-color\">nom de la cuv\u00e9e<\/mark><\/mark><\/figcaption><\/figure>\n\n\n\n<div style=\"height:20px\" aria-hidden=\"true\" class=\"wp-block-spacer\"><\/div>\n\n\n\n<div class=\"wp-block-buttons is-layout-flex wp-block-buttons-is-layout-flex\">\n<div class=\"wp-block-button\"><a class=\"wp-block-button__link wp-element-button\" href=\"https:\/\/www.vinscoeur.be\/index.php\/les-domaines\/\" target=\"_blank\" rel=\"noreferrer noopener\">Retour aux domaines<\/a><\/div>\n<\/div>\n","protected":false},"excerpt":{"rendered":"<p>Lien vers le site du Domaine Le domaine de Terra Remota a cr\u00e9\u00e9 en 1999 par Marc et Emma Bournazeau, un couple fran\u00e7ais ayant des attaches en Catalogne . Situ\u00e9e \u00e0 l\u2019extr\u00eame Nord-Est de la P\u00e9ninsule Ib\u00e9rique en Espagne, ce sont pr\u00e8s de 44 hectares que la famille aura remembr\u00e9s. En 2003 et 2004, 23 [&hellip;]<\/p>\n","protected":false},"author":54,"featured_media":2731,"parent":0,"menu_order":0,"comment_status":"closed","ping_status":"open","template":"","meta":{"_acf_changed":false,"footnotes":""},"categories":[27],"tags":[],"class_list":["post-4107","page","type-page","status-publish","has-post-thumbnail","hentry","category-espagne"],"acf":[],"_links":{"self":[{"href":"https:\/\/www.vinscoeur.be\/index.php\/wp-json\/wp\/v2\/pages\/4107","targetHints":{"allow":["GET"]}}],"collection":[{"href":"https:\/\/www.vinscoeur.be\/index.php\/wp-json\/wp\/v2\/pages"}],"about":[{"href":"https:\/\/www.vinscoeur.be\/index.php\/wp-json\/wp\/v2\/types\/page"}],"author":[{"embeddable":true,"href":"https:\/\/www.vinscoeur.be\/index.php\/wp-json\/wp\/v2\/users\/54"}],"replies":[{"embeddable":true,"href":"https:\/\/www.vinscoeur.be\/index.php\/wp-json\/wp\/v2\/comments?post=4107"}],"version-history":[{"count":7,"href":"https:\/\/www.vinscoeur.be\/index.php\/wp-json\/wp\/v2\/pages\/4107\/revisions"}],"predecessor-version":[{"id":9883,"href":"https:\/\/www.vinscoeur.be\/index.php\/wp-json\/wp\/v2\/pages\/4107\/revisions\/9883"}],"wp:featuredmedia":[{"embeddable":true,"href":"https:\/\/www.vinscoeur.be\/index.php\/wp-json\/wp\/v2\/media\/2731"}],"wp:attachment":[{"href":"https:\/\/www.vinscoeur.be\/index.php\/wp-json\/wp\/v2\/media?parent=4107"}],"wp:term":[{"taxonomy":"category","embeddable":true,"href":"https:\/\/www.vinscoeur.be\/index.php\/wp-json\/wp\/v2\/categories?post=4107"},{"taxonomy":"post_tag","embeddable":true,"href":"https:\/\/www.vinscoeur.be\/index.php\/wp-json\/wp\/v2\/tags?post=4107"}],"curies":[{"name":"wp","href":"https:\/\/api.w.org\/{rel}","templated":true}]}}