{"id":4105,"date":"2023-09-11T11:23:12","date_gmt":"2023-09-11T09:23:12","guid":{"rendered":"http:\/\/ymmnqox.cluster028.hosting.ovh.net\/index.php\/domaine-de-lhortus\/"},"modified":"2025-12-26T11:04:57","modified_gmt":"2025-12-26T10:04:57","slug":"domaine-de-lhortus","status":"publish","type":"page","link":"https:\/\/www.vinscoeur.be\/index.php\/domaine-de-lhortus\/","title":{"rendered":"Domaine de l&rsquo;HORTUS"},"content":{"rendered":"\n<p><strong><a href=\"https:\/\/www.domaine-hortus.fr\/\" target=\"_blank\" rel=\"noreferrer noopener\">Lien vers le site du Domaine<\/a><\/strong><\/p>\n\n\n\n<div style=\"height:16px\" aria-hidden=\"true\" class=\"wp-block-spacer\"><\/div>\n\n\n\n<p>D\u00e9frich\u00e9 et cr\u00e9\u00e9 dans les ann\u00e9es 70, ce domaine est en grande partie \u00e0 l\u2019origine de la renomm\u00e9e du Pic Saint-Loup. La famille Orliac s\u2019\u00e9tend d\u00e9sormais sur un second vignoble d\u2019une dizaine d\u2019hectares dans la vall\u00e9e de la Bu\u00e8ges, baptis\u00e9 Clos du Prieur. Elle m\u00e8ne le vignoble du&nbsp;Domaine de l&rsquo;Hortus, 50 hectares d&rsquo;\u00e9boulis calcaire o\u00f9 s&rsquo;expriment magnifiquement la Syrah, le Mourv\u00e8dre et le Grenache dans une orientation nord-est id\u00e9ale pour la recherche de fraicheur.<\/p>\n\n\n\n<p>L&rsquo;Hortus&nbsp;est un domaine vivant, profond\u00e9ment ancr\u00e9 dans son terroir et dans son temps, privil\u00e9giant pour une bonne partie les m\u00e9thodes de r\u00e9colte et de vinifications traditionnelles, dans le respect de la nature, du vin et des hommes. Les Grandes Cuv\u00e9es rouges constituent de bons exemples du potentiel du cru : les vins sont color\u00e9s, soyeux de texture, \u00e9voluant dans un registre aromatique qui va de l\u2019eucalyptus aux diff\u00e9rentes vari\u00e9t\u00e9s de poivre.<\/p>\n\n\n\n<div style=\"height:50px\" aria-hidden=\"true\" class=\"wp-block-spacer\"><\/div>\n\n\n\n<div class=\"wp-block-media-text alignwide is-stacked-on-mobile\"><figure class=\"wp-block-media-text__media\"><img loading=\"lazy\" decoding=\"async\" width=\"1024\" height=\"576\" src=\"https:\/\/www.vinscoeur.be\/wp-content\/uploads\/2023\/07\/hortus-domaine-1024x576.jpg\" alt=\"\" class=\"wp-image-2711 size-full\" srcset=\"https:\/\/www.vinscoeur.be\/wp-content\/uploads\/2023\/07\/hortus-domaine-1024x576.jpg 1024w, https:\/\/www.vinscoeur.be\/wp-content\/uploads\/2023\/07\/hortus-domaine-600x338.jpg 600w, https:\/\/www.vinscoeur.be\/wp-content\/uploads\/2023\/07\/hortus-domaine-300x169.jpg 300w, https:\/\/www.vinscoeur.be\/wp-content\/uploads\/2023\/07\/hortus-domaine-768x432.jpg 768w, https:\/\/www.vinscoeur.be\/wp-content\/uploads\/2023\/07\/hortus-domaine-1536x864.jpg 1536w, https:\/\/www.vinscoeur.be\/wp-content\/uploads\/2023\/07\/hortus-domaine.jpg 1920w\" sizes=\"auto, (max-width: 1024px) 100vw, 1024px\" \/><\/figure><div class=\"wp-block-media-text__content\">\n<p>La famille Orliac au complet avant les d\u00e9c\u00e8s en 2022 de Marie-Th\u00e9r\u00e8se et de Marie, sa fille, disparue tragiquement<\/p>\n<\/div><\/div>\n\n\n\n<div style=\"height:50px\" aria-hidden=\"true\" class=\"wp-block-spacer\"><\/div>\n\n\n\n<div class=\"wp-block-media-text alignwide has-media-on-the-right is-stacked-on-mobile\"><div class=\"wp-block-media-text__content\">\n<p>Les falaises de l&rsquo;Hortus<\/p>\n<\/div><figure class=\"wp-block-media-text__media\"><img loading=\"lazy\" decoding=\"async\" width=\"1024\" height=\"725\" src=\"https:\/\/www.vinscoeur.be\/wp-content\/uploads\/2023\/07\/hortus-07-1024x725.jpg\" alt=\"\" class=\"wp-image-2712 size-full\" srcset=\"https:\/\/www.vinscoeur.be\/wp-content\/uploads\/2023\/07\/hortus-07-1024x725.jpg 1024w, https:\/\/www.vinscoeur.be\/wp-content\/uploads\/2023\/07\/hortus-07-600x425.jpg 600w, https:\/\/www.vinscoeur.be\/wp-content\/uploads\/2023\/07\/hortus-07-300x213.jpg 300w, https:\/\/www.vinscoeur.be\/wp-content\/uploads\/2023\/07\/hortus-07-768x544.jpg 768w, https:\/\/www.vinscoeur.be\/wp-content\/uploads\/2023\/07\/hortus-07.jpg 1200w\" sizes=\"auto, (max-width: 1024px) 100vw, 1024px\" \/><\/figure><\/div>\n\n\n\n<div style=\"height:50px\" aria-hidden=\"true\" class=\"wp-block-spacer\"><\/div>\n\n\n\n<div class=\"wp-block-media-text alignwide is-stacked-on-mobile\"><figure class=\"wp-block-media-text__media\"><img loading=\"lazy\" decoding=\"async\" width=\"930\" height=\"471\" src=\"https:\/\/www.vinscoeur.be\/wp-content\/uploads\/2023\/07\/Capture-4-1.png\" alt=\"\" class=\"wp-image-2714 size-full\" srcset=\"https:\/\/www.vinscoeur.be\/wp-content\/uploads\/2023\/07\/Capture-4-1.png 930w, https:\/\/www.vinscoeur.be\/wp-content\/uploads\/2023\/07\/Capture-4-1-600x304.png 600w, https:\/\/www.vinscoeur.be\/wp-content\/uploads\/2023\/07\/Capture-4-1-300x152.png 300w, https:\/\/www.vinscoeur.be\/wp-content\/uploads\/2023\/07\/Capture-4-1-768x389.png 768w\" sizes=\"auto, (max-width: 930px) 100vw, 930px\" \/><\/figure><div class=\"wp-block-media-text__content\">\n<p>Le formidable cadre de travail du Domaine de l&rsquo;Hortus, face au Pic St. Loup qui a donn\u00e9 son nom \u00e0 l&rsquo;appellation locale<\/p>\n<\/div><\/div>\n\n\n\n<div style=\"height:50px\" aria-hidden=\"true\" class=\"wp-block-spacer\"><\/div>\n\n\n\n<p><font><strong><font><font><em><em>Vin disponible \u00e0 l\u2019achat lors de notre d\u00e9gustatio<\/em><\/em><\/font><\/font><em><font><font>n <\/font><\/font><\/em><\/strong><\/font><em><strong>de printemps 2026 <\/strong><\/em><font><strong><font><font><em><em>:<\/em><\/em><\/font><\/font><\/strong><\/font><\/p>\n\n\n\n<div style=\"height:20px\" aria-hidden=\"true\" class=\"wp-block-spacer\"><\/div>\n\n\n\n<figure class=\"wp-block-table is-style-stripes has-small-font-size\"><table class=\"has-colibri-color-6-color has-colibri-color-4-background-color has-text-color has-background has-link-color\"><tbody><tr><td>\n<ul>\n<li><em><strong>Vin Rouge<\/strong><\/em><\/li>\n<\/ul>\n<\/td><td>&nbsp;<\/td><\/tr><tr><td>Pic St. Loup Gande Cuv\u00e9e<\/td><td>2022 ou 2023<\/td><\/tr><\/tbody><\/table><figcaption class=\"wp-element-caption\"><strong>Cuv\u00e9e \u00e0 d\u00e9guster le 19 avril 2026 <\/strong>:\u00a0<mark style=\"background-color:#303e7a\" class=\"has-inline-color has-colibri-color-4-color\">nom de la cuv\u00e9e<\/mark><\/figcaption><\/figure>\n\n\n\n<div style=\"height:20px\" aria-hidden=\"true\" class=\"wp-block-spacer\"><\/div>\n\n\n\n<div class=\"wp-block-buttons is-layout-flex wp-block-buttons-is-layout-flex\">\n<div class=\"wp-block-button\"><a class=\"wp-block-button__link wp-element-button\" href=\"https:\/\/www.vinscoeur.be\/index.php\/les-domaines\/\" target=\"_blank\" rel=\"noreferrer noopener\">Retour aux domaines<\/a><\/div>\n<\/div>\n","protected":false},"excerpt":{"rendered":"<p>Lien vers le site du Domaine D\u00e9frich\u00e9 et cr\u00e9\u00e9 dans les ann\u00e9es 70, ce domaine est en grande partie \u00e0 l\u2019origine de la renomm\u00e9e du Pic Saint-Loup. La famille Orliac s\u2019\u00e9tend d\u00e9sormais sur un second vignoble d\u2019une dizaine d\u2019hectares dans la vall\u00e9e de la Bu\u00e8ges, baptis\u00e9 Clos du Prieur. Elle m\u00e8ne le vignoble du&nbsp;Domaine de [&hellip;]<\/p>\n","protected":false},"author":54,"featured_media":2712,"parent":0,"menu_order":0,"comment_status":"closed","ping_status":"open","template":"","meta":{"_acf_changed":false,"footnotes":""},"categories":[15],"tags":[],"class_list":["post-4105","page","type-page","status-publish","has-post-thumbnail","hentry","category-languedoc"],"acf":[],"_links":{"self":[{"href":"https:\/\/www.vinscoeur.be\/index.php\/wp-json\/wp\/v2\/pages\/4105","targetHints":{"allow":["GET"]}}],"collection":[{"href":"https:\/\/www.vinscoeur.be\/index.php\/wp-json\/wp\/v2\/pages"}],"about":[{"href":"https:\/\/www.vinscoeur.be\/index.php\/wp-json\/wp\/v2\/types\/page"}],"author":[{"embeddable":true,"href":"https:\/\/www.vinscoeur.be\/index.php\/wp-json\/wp\/v2\/users\/54"}],"replies":[{"embeddable":true,"href":"https:\/\/www.vinscoeur.be\/index.php\/wp-json\/wp\/v2\/comments?post=4105"}],"version-history":[{"count":7,"href":"https:\/\/www.vinscoeur.be\/index.php\/wp-json\/wp\/v2\/pages\/4105\/revisions"}],"predecessor-version":[{"id":9770,"href":"https:\/\/www.vinscoeur.be\/index.php\/wp-json\/wp\/v2\/pages\/4105\/revisions\/9770"}],"wp:featuredmedia":[{"embeddable":true,"href":"https:\/\/www.vinscoeur.be\/index.php\/wp-json\/wp\/v2\/media\/2712"}],"wp:attachment":[{"href":"https:\/\/www.vinscoeur.be\/index.php\/wp-json\/wp\/v2\/media?parent=4105"}],"wp:term":[{"taxonomy":"category","embeddable":true,"href":"https:\/\/www.vinscoeur.be\/index.php\/wp-json\/wp\/v2\/categories?post=4105"},{"taxonomy":"post_tag","embeddable":true,"href":"https:\/\/www.vinscoeur.be\/index.php\/wp-json\/wp\/v2\/tags?post=4105"}],"curies":[{"name":"wp","href":"https:\/\/api.w.org\/{rel}","templated":true}]}}