{"id":4104,"date":"2023-09-11T11:06:36","date_gmt":"2023-09-11T09:06:36","guid":{"rendered":"http:\/\/ymmnqox.cluster028.hosting.ovh.net\/index.php\/domaine-bernard-fleuriet\/"},"modified":"2026-03-31T23:39:42","modified_gmt":"2026-03-31T21:39:42","slug":"domaine-bernard-fleuriet","status":"publish","type":"page","link":"https:\/\/www.vinscoeur.be\/index.php\/domaine-bernard-fleuriet\/","title":{"rendered":"Domaine Bernard FLEURIET"},"content":{"rendered":"\n<p><strong><a href=\"https:\/\/www.fleuriet-sancerre.com\/\" target=\"_blank\" rel=\"noreferrer noopener\">Lien vers le site du Domaine<\/a><\/strong><\/p>\n\n\n\n<div style=\"height:50px\" aria-hidden=\"true\" class=\"wp-block-spacer\"><\/div>\n\n\n\n<p>Situ\u00e9 \u00e0 Menetou-R\u00e2tel, juste \u00e0 c\u00f4t\u00e9 de Sancerre, le Domaine Fleuriet&nbsp;est g\u00e9r\u00e9 par Bernard, le patriarche, ainsi que ses fils Mathieu et Benoit. D\u2019une grande bonhomie et avec un sens de l\u2019accueil extraordinaire, les deux fr\u00e8res et leur p\u00e8re produisent de magnifiques vins o\u00f9 le terroir s\u2019exprime dans une grande clart\u00e9. Couvrant 30 hectares (principalement en AOC Sancerre mais \u00e9galement en AOC Menetou-Salon) c\u2019est ici le Sauvignon qui r\u00e8gne en ma\u00eetre, accompagn\u00e9 par le Pinot Noir pour les rouges et ros\u00e9s. <\/p>\n\n\n\n<p>Les vignes sont pr\u00e9sentes sur les trois grands terroirs Sancerrois et exclusivement sur les coteaux expos\u00e9s sud sud-est.&nbsp; Les terrains sont r\u00e9partis sur 10% sur les silex, 50% sur les caillottes et 40% sur les terres blanches, permettant de superbes assemblages.&nbsp;Le domaine est certifi\u00e9 en Agriculture Biologique depuis 2016 et Demeter (biodynamie) depuis 2021. Les vinifications se font avec le minimum d&rsquo;intervention possible afin de laisser le terroir s&rsquo;exprimer (levures indig\u00e8nes, utilisation minime du soufre etc.). La gamme du domaine est vari\u00e9e et toutes les cuv\u00e9es ont une identit\u00e9 qui leur est propre. Seul point commun : la qualit\u00e9 des vins ! <\/p>\n\n\n\n<div style=\"height:50px\" aria-hidden=\"true\" class=\"wp-block-spacer\"><\/div>\n\n\n\n<div class=\"wp-block-media-text alignwide is-stacked-on-mobile\"><figure class=\"wp-block-media-text__media\"><img loading=\"lazy\" decoding=\"async\" width=\"724\" height=\"383\" src=\"https:\/\/www.vinscoeur.be\/wp-content\/uploads\/2023\/07\/Famille-fleuriet.webp\" alt=\"\" class=\"wp-image-2563 size-full\" srcset=\"https:\/\/www.vinscoeur.be\/wp-content\/uploads\/2023\/07\/Famille-fleuriet.webp 724w, https:\/\/www.vinscoeur.be\/wp-content\/uploads\/2023\/07\/Famille-fleuriet-600x317.webp 600w, https:\/\/www.vinscoeur.be\/wp-content\/uploads\/2023\/07\/Famille-fleuriet-300x159.webp 300w\" sizes=\"auto, (max-width: 724px) 100vw, 724px\" \/><\/figure><div class=\"wp-block-media-text__content\">\n<p>Bernard Fleuriet et ses 2 fils Mathieu et Beno\u00eet.<\/p>\n<\/div><\/div>\n\n\n\n<div style=\"height:90px\" aria-hidden=\"true\" class=\"wp-block-spacer\"><\/div>\n\n\n\n<div class=\"wp-block-media-text alignwide has-media-on-the-right is-stacked-on-mobile\"><div class=\"wp-block-media-text__content\">\n<p>Le caveau de d\u00e9gustation.<\/p>\n<\/div><figure class=\"wp-block-media-text__media\"><img loading=\"lazy\" decoding=\"async\" width=\"296\" height=\"294\" src=\"https:\/\/www.vinscoeur.be\/wp-content\/uploads\/2023\/07\/Capture-3.png\" alt=\"\" class=\"wp-image-2568 size-full\" srcset=\"https:\/\/www.vinscoeur.be\/wp-content\/uploads\/2023\/07\/Capture-3.png 296w, https:\/\/www.vinscoeur.be\/wp-content\/uploads\/2023\/07\/Capture-3-100x100.png 100w, https:\/\/www.vinscoeur.be\/wp-content\/uploads\/2023\/07\/Capture-3-150x150.png 150w\" sizes=\"auto, (max-width: 296px) 100vw, 296px\" \/><\/figure><\/div>\n\n\n\n<div style=\"height:90px\" aria-hidden=\"true\" class=\"wp-block-spacer\"><\/div>\n\n\n\n<p><strong><em><strong><em>Liste des vins disponibles \u00e0 l\u2019achat lors de notre d\u00e9gustation de printemps 2026 :<\/em><\/strong><\/em><\/strong><\/p>\n\n\n\n<div style=\"height:20px\" aria-hidden=\"true\" class=\"wp-block-spacer\"><\/div>\n\n\n\n<figure class=\"wp-block-table is-style-stripes has-small-font-size\"><table class=\"has-colibri-color-6-color has-colibri-color-4-background-color has-text-color has-background has-link-color\"><tbody><tr><td><ul><li><em><strong>Vin Blanc<\/strong><\/em> <\/li><\/ul><\/td><td class=\"has-text-align-right\" data-align=\"right\">&nbsp;<\/td><\/tr><tr><td><mark style=\"background-color:#303e7a\" class=\"has-inline-color has-colibri-color-4-color\">Menetou-Salon<\/mark><\/td><td class=\"has-text-align-right\" data-align=\"right\">2025<\/td><\/tr><tr><td><mark style=\"background-color:#303e7a\" class=\"has-inline-color has-colibri-color-4-color\">Sancerre<\/mark><\/td><td class=\"has-text-align-right\" data-align=\"right\">2025<\/td><\/tr><tr><td><mark style=\"background-color:#303e7a\" class=\"has-inline-color has-colibri-color-4-color\">Sancerre \u00ab\u00a0Les Pierres\u00a0\u00bb<\/mark><\/td><td class=\"has-text-align-right\" data-align=\"right\">2024<\/td><\/tr><tr><td>Sancerre&nbsp;\u00ab\u00a0C\u00f4te de Marloup\u00a0\u00bb<\/td><td class=\"has-text-align-right\" data-align=\"right\">2024<\/td><\/tr><tr><td><mark style=\"background-color:#303e7a\" class=\"has-inline-color has-colibri-color-4-color\">Sancerre \u00ab\u00a0La Baronne\u00a0\u00bb<\/mark><\/td><td class=\"has-text-align-right\" data-align=\"right\">2024<\/td><\/tr><tr><td><ul><li><em><strong>Vin Rouge<\/strong><\/em> <\/li><\/ul><\/td><td class=\"has-text-align-right\" data-align=\"right\">&nbsp;<\/td><\/tr><tr><td>Sancerre<\/td><td class=\"has-text-align-right\" data-align=\"right\">2023<\/td><\/tr><\/tbody><\/table><figcaption class=\"wp-element-caption\"><strong>Cuv\u00e9es \u00e0 d\u00e9guster le 19 avril 2026<\/strong> :&nbsp;<mark style=\"background-color:#303e7a\" class=\"has-inline-color has-colibri-color-4-color\">nom de la cuv\u00e9e<\/mark><\/figcaption><\/figure>\n\n\n\n<div style=\"height:20px\" aria-hidden=\"true\" class=\"wp-block-spacer\"><\/div>\n\n\n\n<div class=\"wp-block-buttons is-layout-flex wp-block-buttons-is-layout-flex\">\n<div class=\"wp-block-button\"><a class=\"wp-block-button__link wp-element-button\" href=\"https:\/\/www.vinscoeur.be\/index.php\/les-domaines\/\" target=\"_blank\" rel=\"noreferrer noopener\">Retour aux domaines<\/a><\/div>\n<\/div>\n","protected":false},"excerpt":{"rendered":"<p>Lien vers le site du Domaine Situ\u00e9 \u00e0 Menetou-R\u00e2tel, juste \u00e0 c\u00f4t\u00e9 de Sancerre, le Domaine Fleuriet&nbsp;est g\u00e9r\u00e9 par Bernard, le patriarche, ainsi que ses fils Mathieu et Benoit. D\u2019une grande bonhomie et avec un sens de l\u2019accueil extraordinaire, les deux fr\u00e8res et leur p\u00e8re produisent de magnifiques vins o\u00f9 le terroir s\u2019exprime dans une [&hellip;]<\/p>\n","protected":false},"author":54,"featured_media":2563,"parent":0,"menu_order":0,"comment_status":"closed","ping_status":"open","template":"","meta":{"_acf_changed":false,"footnotes":""},"categories":[10],"tags":[],"class_list":["post-4104","page","type-page","status-publish","has-post-thumbnail","hentry","category-loire"],"acf":[],"_links":{"self":[{"href":"https:\/\/www.vinscoeur.be\/index.php\/wp-json\/wp\/v2\/pages\/4104","targetHints":{"allow":["GET"]}}],"collection":[{"href":"https:\/\/www.vinscoeur.be\/index.php\/wp-json\/wp\/v2\/pages"}],"about":[{"href":"https:\/\/www.vinscoeur.be\/index.php\/wp-json\/wp\/v2\/types\/page"}],"author":[{"embeddable":true,"href":"https:\/\/www.vinscoeur.be\/index.php\/wp-json\/wp\/v2\/users\/54"}],"replies":[{"embeddable":true,"href":"https:\/\/www.vinscoeur.be\/index.php\/wp-json\/wp\/v2\/comments?post=4104"}],"version-history":[{"count":13,"href":"https:\/\/www.vinscoeur.be\/index.php\/wp-json\/wp\/v2\/pages\/4104\/revisions"}],"predecessor-version":[{"id":10192,"href":"https:\/\/www.vinscoeur.be\/index.php\/wp-json\/wp\/v2\/pages\/4104\/revisions\/10192"}],"wp:featuredmedia":[{"embeddable":true,"href":"https:\/\/www.vinscoeur.be\/index.php\/wp-json\/wp\/v2\/media\/2563"}],"wp:attachment":[{"href":"https:\/\/www.vinscoeur.be\/index.php\/wp-json\/wp\/v2\/media?parent=4104"}],"wp:term":[{"taxonomy":"category","embeddable":true,"href":"https:\/\/www.vinscoeur.be\/index.php\/wp-json\/wp\/v2\/categories?post=4104"},{"taxonomy":"post_tag","embeddable":true,"href":"https:\/\/www.vinscoeur.be\/index.php\/wp-json\/wp\/v2\/tags?post=4104"}],"curies":[{"name":"wp","href":"https:\/\/api.w.org\/{rel}","templated":true}]}}