{"id":4101,"date":"2023-09-11T11:12:01","date_gmt":"2023-09-11T09:12:01","guid":{"rendered":"http:\/\/ymmnqox.cluster028.hosting.ovh.net\/index.php\/domaine-de-leveche\/"},"modified":"2025-09-16T13:13:47","modified_gmt":"2025-09-16T11:13:47","slug":"domaine-de-leveche","status":"publish","type":"page","link":"https:\/\/www.vinscoeur.be\/index.php\/domaine-de-leveche\/","title":{"rendered":"Domaine de L\u2019\u00c9V\u00caCH\u00c9"},"content":{"rendered":"\n<p><strong><a href=\"https:\/\/www.domainedeleveche.com\/\" target=\"_blank\" rel=\"noreferrer noopener\">Lien vers le site du Domaine<\/a><\/strong><\/p>\n\n\n\n<div style=\"height:50px\" aria-hidden=\"true\" class=\"wp-block-spacer\"><\/div>\n\n\n\n<p>Le d\u00e9veloppement durable et la recherche de la qualit\u00e9 correspondent \u00e0 la philosophie de travail du Domaine de l\u2019\u00c9v\u00each\u00e9.&nbsp;La certification Haute valeur environnementale (HVE) se traduit d\u2019abord au Domaine de l\u2019\u00c9v\u00each\u00e9 par une attention \u00e0 l\u2019environnement et aux pratiques<\/p>\n\n\n\n<div style=\"height:50px\" aria-hidden=\"true\" class=\"wp-block-spacer\"><\/div>\n\n\n\n<div class=\"wp-block-media-text alignwide is-stacked-on-mobile\"><figure class=\"wp-block-media-text__media\"><img loading=\"lazy\" decoding=\"async\" width=\"650\" height=\"405\" src=\"https:\/\/www.vinscoeur.be\/wp-content\/uploads\/2025\/07\/Capture-decran-2025-07-29-164446.png\" alt=\"\" class=\"wp-image-8674 size-full\" srcset=\"https:\/\/www.vinscoeur.be\/wp-content\/uploads\/2025\/07\/Capture-decran-2025-07-29-164446.png 650w, https:\/\/www.vinscoeur.be\/wp-content\/uploads\/2025\/07\/Capture-decran-2025-07-29-164446-300x187.png 300w, https:\/\/www.vinscoeur.be\/wp-content\/uploads\/2025\/07\/Capture-decran-2025-07-29-164446-600x374.png 600w\" sizes=\"auto, (max-width: 650px) 100vw, 650px\" \/><\/figure><div class=\"wp-block-media-text__content\">\n<p>L&rsquo;entr\u00e9e du vignoble du Domaine de l\u2019\u00c9v\u00each\u00e9 couvrant actuellement 14 hectares \u00e0 \u00ab\u00a02 pas\u00a0\u00bb de la propri\u00e9t\u00e9.<\/p>\n<\/div><\/div>\n\n\n\n<div style=\"height:50px\" aria-hidden=\"true\" class=\"wp-block-spacer\"><\/div>\n\n\n\n<div class=\"wp-block-media-text alignwide has-media-on-the-right is-stacked-on-mobile\"><div class=\"wp-block-media-text__content\">\n<p>Quentin et ses parents, Sylvie et Vincent Joussier. <\/p>\n<\/div><figure class=\"wp-block-media-text__media\"><img loading=\"lazy\" decoding=\"async\" width=\"1024\" height=\"683\" src=\"https:\/\/www.vinscoeur.be\/wp-content\/uploads\/2023\/07\/domaine-de-l-eveche-quentin-sylvie-vincent-joussier-1024x683.jpg\" alt=\"\" class=\"wp-image-2613 size-full\" srcset=\"https:\/\/www.vinscoeur.be\/wp-content\/uploads\/2023\/07\/domaine-de-l-eveche-quentin-sylvie-vincent-joussier-1024x683.jpg 1024w, https:\/\/www.vinscoeur.be\/wp-content\/uploads\/2023\/07\/domaine-de-l-eveche-quentin-sylvie-vincent-joussier-600x400.jpg 600w, https:\/\/www.vinscoeur.be\/wp-content\/uploads\/2023\/07\/domaine-de-l-eveche-quentin-sylvie-vincent-joussier-300x200.jpg 300w, https:\/\/www.vinscoeur.be\/wp-content\/uploads\/2023\/07\/domaine-de-l-eveche-quentin-sylvie-vincent-joussier-768x512.jpg 768w, https:\/\/www.vinscoeur.be\/wp-content\/uploads\/2023\/07\/domaine-de-l-eveche-quentin-sylvie-vincent-joussier-1536x1025.jpg 1536w, https:\/\/www.vinscoeur.be\/wp-content\/uploads\/2023\/07\/domaine-de-l-eveche-quentin-sylvie-vincent-joussier.jpg 2000w\" sizes=\"auto, (max-width: 1024px) 100vw, 1024px\" \/><\/figure><\/div>\n\n\n\n<div style=\"height:50px\" aria-hidden=\"true\" class=\"wp-block-spacer\"><\/div>\n\n\n\n<div class=\"wp-block-media-text alignwide is-stacked-on-mobile\"><figure class=\"wp-block-media-text__media\"><img loading=\"lazy\" decoding=\"async\" width=\"1024\" height=\"768\" src=\"https:\/\/www.vinscoeur.be\/wp-content\/uploads\/2023\/08\/IMG_20220110_102446-1024x768.jpg\" alt=\"\" class=\"wp-image-2869 size-full\" srcset=\"https:\/\/www.vinscoeur.be\/wp-content\/uploads\/2023\/08\/IMG_20220110_102446-1024x768.jpg 1024w, https:\/\/www.vinscoeur.be\/wp-content\/uploads\/2023\/08\/IMG_20220110_102446-600x450.jpg 600w, https:\/\/www.vinscoeur.be\/wp-content\/uploads\/2023\/08\/IMG_20220110_102446-300x225.jpg 300w, https:\/\/www.vinscoeur.be\/wp-content\/uploads\/2023\/08\/IMG_20220110_102446-768x576.jpg 768w, https:\/\/www.vinscoeur.be\/wp-content\/uploads\/2023\/08\/IMG_20220110_102446-1536x1152.jpg 1536w, https:\/\/www.vinscoeur.be\/wp-content\/uploads\/2023\/08\/IMG_20220110_102446.jpg 1600w\" sizes=\"auto, (max-width: 1024px) 100vw, 1024px\" \/><\/figure><div class=\"wp-block-media-text__content\">\n<p>La cuverie thermor\u00e9gul\u00e9e r\u00e9nov\u00e9e en 2018.<\/p>\n<\/div><\/div>\n\n\n\n<div style=\"height:50px\" aria-hidden=\"true\" class=\"wp-block-spacer\"><\/div>\n\n\n\n<p><font><strong><font><font><em><em>Liste des vins disponibles \u00e0 l\u2019achat lors de notre d\u00e9gustatio<\/em><\/em><\/font><\/font><em><font><font>n <\/font><\/font><\/em><\/strong><\/font><em><strong><font><font><font>d<\/font><\/font><\/font>&lsquo;automne<font><font><font> 202<\/font><\/font><\/font><\/strong><\/em><font><strong><em><font><font>5<\/font><\/font><\/em><\/strong><font><font><strong><em><strong><em> :<\/em><\/strong><\/em><\/strong><\/font><\/font><\/font><\/p>\n\n\n\n<div style=\"height:20px\" aria-hidden=\"true\" class=\"wp-block-spacer\"><\/div>\n\n\n\n<figure class=\"wp-block-table is-style-stripes has-small-font-size\"><table class=\"has-colibri-color-6-color has-colibri-color-2-background-color has-text-color has-background has-link-color\"><tbody><tr><td>\n<ul>\n<li><em><strong>Vin Blanc<\/strong><\/em><\/li>\n<\/ul>\n<\/td><td>&nbsp;<\/td><\/tr><tr><td>Bourgogne Aligot\u00e9<\/td><td>2024<\/td><\/tr><tr><td><mark style=\"background-color:#303e7a\" class=\"has-inline-color has-colibri-color-4-color\">Bourgogne-C\u00f4te Chalonnaise<\/mark><\/td><td>2024<\/td><\/tr><tr><td><mark style=\"background-color:#202a54\" class=\"has-inline-color has-colibri-color-4-color\">Bourgogne-C\u00f4te Chalonnaise \u00ab\u00a0Reviller\u00a0\u00bb<\/mark><\/td><td>2024<\/td><\/tr><tr><td><mark style=\"background-color:#303e7a\" class=\"has-inline-color has-colibri-color-4-color\">Bourgogne-C\u00f4te Chalonnaise \u00ab\u00a0Clos de l&rsquo;Ev\u00each\u00e9\u00a0\u00bb<\/mark><\/td><td>2024<\/td><\/tr><tr><td>Mercurey \u00ab\u00a0Les Ormeaux\u00a0\u00bb<\/td><td>2024<\/td><\/tr><tr><td>\n<ul>\n<li><em><strong>Vin Rouge<\/strong><\/em><\/li>\n<\/ul>\n<\/td><td>&nbsp;<\/td><\/tr><tr><td>Bourgogne-C\u00f4te Chalonnaise <\/td><td>2023<\/td><\/tr><tr><td><mark style=\"background-color:#303e7a\" class=\"has-inline-color has-colibri-color-4-color\">Bourgogne-C\u00f4te Chalonnaise \u00ab\u00a0Clos de l&rsquo;Ev\u00each\u00e9\u00a0\u00bb<\/mark><\/td><td>2023<\/td><\/tr><tr><td><mark style=\"background-color:#303e7a\" class=\"has-inline-color has-colibri-color-4-color\">Mercurey \u00ab\u00a0Les Murgers\u00a0\u00bb<\/mark><\/td><td>2022<\/td><\/tr><tr><td>Mercurey \u00ab\u00a0Les Murgers\u00a0\u00bb<\/td><td>2023<\/td><\/tr><tr><td>Mercurey \u00ab\u00a0Les Ormeaux\u00a0\u00bb<\/td><td>2022<\/td><\/tr><tr><td><mark style=\"background-color:#303e7a\" class=\"has-inline-color has-colibri-color-4-color\">Mercurey \u00ab\u00a0Les Ormeaux\u00a0\u00bb<\/mark><\/td><td>2023<\/td><\/tr><\/tbody><\/table><figcaption class=\"wp-element-caption\">Cuv\u00e9es d\u00e9gust\u00e9es le 13 septembre 2025 :\u00a0<mark style=\"background-color:#303e7a\" class=\"has-inline-color has-colibri-color-4-color\">nom de la cuv\u00e9e<\/mark><\/figcaption><\/figure>\n\n\n\n<div style=\"height:20px\" aria-hidden=\"true\" class=\"wp-block-spacer\"><\/div>\n\n\n\n<div class=\"wp-block-buttons is-layout-flex wp-block-buttons-is-layout-flex\">\n<div class=\"wp-block-button\"><a class=\"wp-block-button__link wp-element-button\" href=\"https:\/\/www.vinscoeur.be\/index.php\/les-domaines\/\" target=\"_blank\" rel=\"noreferrer noopener\">Retour aux domaines<\/a><\/div>\n<\/div>\n","protected":false},"excerpt":{"rendered":"<p>Lien vers le site du Domaine Le d\u00e9veloppement durable et la recherche de la qualit\u00e9 correspondent \u00e0 la philosophie de travail du Domaine de l\u2019\u00c9v\u00each\u00e9.&nbsp;La certification Haute valeur environnementale (HVE) se traduit d\u2019abord au Domaine de l\u2019\u00c9v\u00each\u00e9 par une attention \u00e0 l\u2019environnement et aux pratiques L&rsquo;entr\u00e9e du vignoble du Domaine de l\u2019\u00c9v\u00each\u00e9 couvrant actuellement 14 [&hellip;]<\/p>\n","protected":false},"author":54,"featured_media":2613,"parent":0,"menu_order":0,"comment_status":"closed","ping_status":"open","template":"","meta":{"_acf_changed":false,"footnotes":""},"categories":[19],"tags":[],"class_list":["post-4101","page","type-page","status-publish","has-post-thumbnail","hentry","category-bourgogne"],"acf":[],"_links":{"self":[{"href":"https:\/\/www.vinscoeur.be\/index.php\/wp-json\/wp\/v2\/pages\/4101","targetHints":{"allow":["GET"]}}],"collection":[{"href":"https:\/\/www.vinscoeur.be\/index.php\/wp-json\/wp\/v2\/pages"}],"about":[{"href":"https:\/\/www.vinscoeur.be\/index.php\/wp-json\/wp\/v2\/types\/page"}],"author":[{"embeddable":true,"href":"https:\/\/www.vinscoeur.be\/index.php\/wp-json\/wp\/v2\/users\/54"}],"replies":[{"embeddable":true,"href":"https:\/\/www.vinscoeur.be\/index.php\/wp-json\/wp\/v2\/comments?post=4101"}],"version-history":[{"count":13,"href":"https:\/\/www.vinscoeur.be\/index.php\/wp-json\/wp\/v2\/pages\/4101\/revisions"}],"predecessor-version":[{"id":9041,"href":"https:\/\/www.vinscoeur.be\/index.php\/wp-json\/wp\/v2\/pages\/4101\/revisions\/9041"}],"wp:featuredmedia":[{"embeddable":true,"href":"https:\/\/www.vinscoeur.be\/index.php\/wp-json\/wp\/v2\/media\/2613"}],"wp:attachment":[{"href":"https:\/\/www.vinscoeur.be\/index.php\/wp-json\/wp\/v2\/media?parent=4101"}],"wp:term":[{"taxonomy":"category","embeddable":true,"href":"https:\/\/www.vinscoeur.be\/index.php\/wp-json\/wp\/v2\/categories?post=4101"},{"taxonomy":"post_tag","embeddable":true,"href":"https:\/\/www.vinscoeur.be\/index.php\/wp-json\/wp\/v2\/tags?post=4101"}],"curies":[{"name":"wp","href":"https:\/\/api.w.org\/{rel}","templated":true}]}}