{"id":4100,"date":"2023-09-11T11:16:12","date_gmt":"2023-09-11T09:16:12","guid":{"rendered":"http:\/\/ymmnqox.cluster028.hosting.ovh.net\/index.php\/domaine-bart\/"},"modified":"2025-09-16T13:17:29","modified_gmt":"2025-09-16T11:17:29","slug":"domaine-bart-3","status":"publish","type":"page","link":"https:\/\/www.vinscoeur.be\/index.php\/domaine-bart-3\/","title":{"rendered":"Domaine BART"},"content":{"rendered":"<div class=\"wp-block-image\">\n<figure class=\"aligncenter size-full\"><img loading=\"lazy\" decoding=\"async\" width=\"350\" height=\"263\" src=\"https:\/\/www.vinscoeur.be\/wp-content\/uploads\/2023\/07\/300-grandemarque.jpg\" alt=\"\" class=\"wp-image-2603\" srcset=\"https:\/\/www.vinscoeur.be\/wp-content\/uploads\/2023\/07\/300-grandemarque.jpg 350w, https:\/\/www.vinscoeur.be\/wp-content\/uploads\/2023\/07\/300-grandemarque-300x225.jpg 300w\" sizes=\"auto, (max-width: 350px) 100vw, 350px\" \/><\/figure>\n<\/div>\n\n\n<div style=\"height:50px\" aria-hidden=\"true\" class=\"wp-block-spacer\"><\/div>\n\n\n\n<p>Le&nbsp;Domaine Bart&nbsp;existe depuis six g\u00e9n\u00e9rations \u00e0 Marsannay-la-C\u00f4te. C&rsquo;\u00e9tait, \u00e0 l&rsquo;origine, un domaine de 6 hectares, qui s&rsquo;est consid\u00e9rablement agrandi en 1985, gr\u00e2ce \u00e0 l&rsquo;h\u00e9ritage du Domaine Clair-Da\u00fc. Ce dernier a \u00e9t\u00e9 partag\u00e9 entre plusieurs domaines, dont celui de Martin et Odile Bart, sa s\u0153ur, qui cultivent l&rsquo;exploitation depuis 1982. Le Domaine Bart s&rsquo;\u00e9tend actuellement sur 22 hectares de vignes&nbsp;au c\u0153ur de la C\u00f4te de Nuits en Bourgogne.<\/p>\n\n\n\n<p>Le ma\u00eetre-mot est le respect du terroir, qui est&nbsp;cultiv\u00e9 en agriculture raisonn\u00e9e.&nbsp;Le&nbsp;domaine Bart&nbsp;accorde une attention minutieuse \u00e0 chaque \u00e9tape du processus de vinification, de la vendange \u00e0 la mise en bouteille. Chaque cuv\u00e9e est le fruit d&rsquo;une s\u00e9lection rigoureuse des meilleurs raisins, d&rsquo;une vinification pr\u00e9cise et d&rsquo;un \u00e9levage m\u00e9ticuleux, permettant ainsi d&rsquo;obtenir des vins d&rsquo;une qualit\u00e9 et d&rsquo;une expression exemplaires.<\/p>\n\n\n\n<div style=\"height:50px\" aria-hidden=\"true\" class=\"wp-block-spacer\"><\/div>\n\n\n\n<div class=\"wp-block-media-text alignwide is-stacked-on-mobile is-vertically-aligned-center\"><figure class=\"wp-block-media-text__media\"><img loading=\"lazy\" decoding=\"async\" width=\"398\" height=\"248\" src=\"https:\/\/www.vinscoeur.be\/wp-content\/uploads\/2023\/07\/Capture-3-1.png\" alt=\"\" class=\"wp-image-2602 size-full\" srcset=\"https:\/\/www.vinscoeur.be\/wp-content\/uploads\/2023\/07\/Capture-3-1.png 398w, https:\/\/www.vinscoeur.be\/wp-content\/uploads\/2023\/07\/Capture-3-1-300x187.png 300w\" sizes=\"auto, (max-width: 398px) 100vw, 398px\" \/><\/figure><div class=\"wp-block-media-text__content\">\n<p>Odile Bart s&rsquo;occupe de toute la partie administrative du Domaine.<\/p>\n<\/div><\/div>\n\n\n\n<div style=\"height:50px\" aria-hidden=\"true\" class=\"wp-block-spacer\"><\/div>\n\n\n\n<div class=\"wp-block-media-text alignwide has-media-on-the-right is-stacked-on-mobile\"><div class=\"wp-block-media-text__content\">\n<p>Martin Bart dans une nouvelle parcelle en cour de plantation.<\/p>\n<\/div><figure class=\"wp-block-media-text__media\"><img loading=\"lazy\" decoding=\"async\" width=\"604\" height=\"341\" src=\"https:\/\/www.vinscoeur.be\/wp-content\/uploads\/2023\/07\/Capture-2-2.png\" alt=\"\" class=\"wp-image-2601 size-full\" srcset=\"https:\/\/www.vinscoeur.be\/wp-content\/uploads\/2023\/07\/Capture-2-2.png 604w, https:\/\/www.vinscoeur.be\/wp-content\/uploads\/2023\/07\/Capture-2-2-600x339.png 600w, https:\/\/www.vinscoeur.be\/wp-content\/uploads\/2023\/07\/Capture-2-2-300x169.png 300w\" sizes=\"auto, (max-width: 604px) 100vw, 604px\" \/><\/figure><\/div>\n\n\n\n<div style=\"height:50px\" aria-hidden=\"true\" class=\"wp-block-spacer\"><\/div>\n\n\n\n<div class=\"wp-block-media-text alignwide is-stacked-on-mobile\"><figure class=\"wp-block-media-text__media\"><img loading=\"lazy\" decoding=\"async\" width=\"790\" height=\"403\" src=\"https:\/\/www.vinscoeur.be\/wp-content\/uploads\/2023\/07\/Capture-1-1.png\" alt=\"\" class=\"wp-image-2599 size-full\" srcset=\"https:\/\/www.vinscoeur.be\/wp-content\/uploads\/2023\/07\/Capture-1-1.png 790w, https:\/\/www.vinscoeur.be\/wp-content\/uploads\/2023\/07\/Capture-1-1-600x306.png 600w, https:\/\/www.vinscoeur.be\/wp-content\/uploads\/2023\/07\/Capture-1-1-300x153.png 300w, https:\/\/www.vinscoeur.be\/wp-content\/uploads\/2023\/07\/Capture-1-1-768x392.png 768w\" sizes=\"auto, (max-width: 790px) 100vw, 790px\" \/><\/figure><div class=\"wp-block-media-text__content\">\n<p>Pierre Bart, fils d&rsquo;Odile, a maintenant rejoint le Domaine familial.<\/p>\n<\/div><\/div>\n\n\n\n<div style=\"height:50px\" aria-hidden=\"true\" class=\"wp-block-spacer\"><\/div>\n\n\n\n<p><font><strong><font><font><em><em>Liste des vins disponibles \u00e0 l\u2019achat lors de notre d\u00e9gustatio<\/em><\/em><\/font><\/font><em><font><font>n <\/font><\/font><\/em><\/strong><\/font><em><strong><font><font><font>d<\/font><\/font><\/font>&lsquo;automne<font><font><font> 202<\/font><\/font><\/font><\/strong><\/em><font><strong><em><font><font>5<\/font><\/font><\/em><font><font><em><em> :<\/em><\/em><\/font><\/font><\/strong><\/font><\/p>\n\n\n\n<div style=\"height:21px\" aria-hidden=\"true\" class=\"wp-block-spacer\"><\/div>\n\n\n\n<figure class=\"wp-block-table is-style-stripes has-small-font-size\"><table class=\"has-colibri-color-6-color has-colibri-color-2-background-color has-text-color has-background has-link-color\"><tbody><tr><td>\n<ul>\n<li><em><strong>Vin Rouge<\/strong><\/em><\/li>\n<\/ul>\n<\/td><td>&nbsp;<\/td><\/tr><tr><td><mark style=\"background-color:#303e7a\" class=\"has-inline-color has-colibri-color-4-color\">Marsannay&nbsp; \u00ab\u00a0Es Chezots\u00a0\u00bb<\/mark><\/td><td>2023<\/td><\/tr><tr><td>Marsannay&nbsp; \u00ab\u00a0Au Champ-Salomon\u00a0\u00bb<\/td><td>2023<\/td><\/tr><tr><td><mark style=\"background-color:#303e7a\" class=\"has-inline-color has-colibri-color-4-color\">Fixin 1er Cru \u00a0\u00bb Hervelets\u00a0\u00bb<\/mark>&nbsp;<\/td><td>2023<\/td><\/tr><tr><td>Bonnes-Mares GC<\/td><td>2023<\/td><\/tr><tr><td>Chambertin &#8211; Clos de B\u00e8ze GC<\/td><td>2023<\/td><\/tr><\/tbody><\/table><figcaption class=\"wp-element-caption\">Cuv\u00e9es d\u00e9gust\u00e9es le 13 septembre 2025 :\u00a0<mark style=\"background-color:#303e7a\" class=\"has-inline-color has-colibri-color-4-color\">nom de la cuv\u00e9e<\/mark><\/figcaption><\/figure>\n\n\n\n<div style=\"height:20px\" aria-hidden=\"true\" class=\"wp-block-spacer\"><\/div>\n\n\n\n<div class=\"wp-block-buttons is-layout-flex wp-block-buttons-is-layout-flex\">\n<div class=\"wp-block-button\"><a class=\"wp-block-button__link has-small-font-size has-custom-font-size wp-element-button\" href=\"https:\/\/www.vinscoeur.be\/index.php\/les-domaines\/\" target=\"_blank\" rel=\"noreferrer noopener\">Retour aux domaines<\/a><\/div>\n<\/div>\n\n\n\n<p><\/p>\n","protected":false},"excerpt":{"rendered":"<p>Le&nbsp;Domaine Bart&nbsp;existe depuis six g\u00e9n\u00e9rations \u00e0 Marsannay-la-C\u00f4te. C&rsquo;\u00e9tait, \u00e0 l&rsquo;origine, un domaine de 6 hectares, qui s&rsquo;est consid\u00e9rablement agrandi en 1985, gr\u00e2ce \u00e0 l&rsquo;h\u00e9ritage du Domaine Clair-Da\u00fc. Ce dernier a \u00e9t\u00e9 partag\u00e9 entre plusieurs domaines, dont celui de Martin et Odile Bart, sa s\u0153ur, qui cultivent l&rsquo;exploitation depuis 1982. Le Domaine Bart s&rsquo;\u00e9tend actuellement sur [&hellip;]<\/p>\n","protected":false},"author":54,"featured_media":2598,"parent":0,"menu_order":0,"comment_status":"closed","ping_status":"open","template":"","meta":{"_acf_changed":false,"footnotes":""},"categories":[19],"tags":[],"class_list":["post-4100","page","type-page","status-publish","has-post-thumbnail","hentry","category-bourgogne"],"acf":[],"_links":{"self":[{"href":"https:\/\/www.vinscoeur.be\/index.php\/wp-json\/wp\/v2\/pages\/4100","targetHints":{"allow":["GET"]}}],"collection":[{"href":"https:\/\/www.vinscoeur.be\/index.php\/wp-json\/wp\/v2\/pages"}],"about":[{"href":"https:\/\/www.vinscoeur.be\/index.php\/wp-json\/wp\/v2\/types\/page"}],"author":[{"embeddable":true,"href":"https:\/\/www.vinscoeur.be\/index.php\/wp-json\/wp\/v2\/users\/54"}],"replies":[{"embeddable":true,"href":"https:\/\/www.vinscoeur.be\/index.php\/wp-json\/wp\/v2\/comments?post=4100"}],"version-history":[{"count":8,"href":"https:\/\/www.vinscoeur.be\/index.php\/wp-json\/wp\/v2\/pages\/4100\/revisions"}],"predecessor-version":[{"id":9047,"href":"https:\/\/www.vinscoeur.be\/index.php\/wp-json\/wp\/v2\/pages\/4100\/revisions\/9047"}],"wp:featuredmedia":[{"embeddable":true,"href":"https:\/\/www.vinscoeur.be\/index.php\/wp-json\/wp\/v2\/media\/2598"}],"wp:attachment":[{"href":"https:\/\/www.vinscoeur.be\/index.php\/wp-json\/wp\/v2\/media?parent=4100"}],"wp:term":[{"taxonomy":"category","embeddable":true,"href":"https:\/\/www.vinscoeur.be\/index.php\/wp-json\/wp\/v2\/categories?post=4100"},{"taxonomy":"post_tag","embeddable":true,"href":"https:\/\/www.vinscoeur.be\/index.php\/wp-json\/wp\/v2\/tags?post=4100"}],"curies":[{"name":"wp","href":"https:\/\/api.w.org\/{rel}","templated":true}]}}