{"id":4096,"date":"2023-03-09T20:04:22","date_gmt":"2023-03-09T19:04:22","guid":{"rendered":"http:\/\/ymmnqox.cluster028.hosting.ovh.net\/index.php\/cashback\/"},"modified":"2026-01-06T19:40:03","modified_gmt":"2026-01-06T18:40:03","slug":"cashback","status":"publish","type":"page","link":"https:\/\/www.vinscoeur.be\/index.php\/cashback\/","title":{"rendered":"Cashback"},"content":{"rendered":"\n<p>Q&nbsp;: Comment est-ce que \u00e7a fonctionne&nbsp;?<\/p>\n\n\n\n<p>R\u00a0: C\u2019est simple, votre commande de printemps g\u00e9n\u00e9rera automatiquement une r\u00e9duction \u00e0 d\u00e9duire sur votre prochain achat de vin au sein de notre association.<\/p>\n\n\n\n<div style=\"height:41px\" aria-hidden=\"true\" class=\"wp-block-spacer\"><\/div>\n\n\n\n<p>Q&nbsp;: Pourquoi cette r\u00e9duction&nbsp;?<\/p>\n\n\n\n<p>R&nbsp;: Pour r\u00e9compenser votre fid\u00e9lit\u00e9 en att\u00e9nuant un peu la hausse g\u00e9n\u00e9ralis\u00e9e du prix des vins.<\/p>\n\n\n\n<div style=\"height:41px\" aria-hidden=\"true\" class=\"wp-block-spacer\"><\/div>\n\n\n\n<p>Q&nbsp;: Quel est le montant de cette r\u00e9duction&nbsp;?<\/p>\n\n\n\n<p>R&nbsp;: Un pourcentage sur l\u2019ensemble des vins que vous commandez, quelle que soit la r\u00e9gion. Par d\u00e9faut la remise est \u00e9tablie \u00e0 3%.<\/p>\n\n\n\n<div style=\"height:42px\" aria-hidden=\"true\" class=\"wp-block-spacer\"><\/div>\n\n\n\n<p>Q&nbsp;: Que dois-je faire&nbsp;pour en b\u00e9n\u00e9ficier ?<\/p>\n\n\n\n<p>R\u00a0: Rien du tout, le montant sera calcul\u00e9 automatiquement et vous parviendra, pour votre information, dans un email sp\u00e9cifique entre la cl\u00f4ture des commandes et l\u2019enl\u00e8vement des vins. La r\u00e9duction sera automatiquement appliqu\u00e9e sur votre prochain achat. Le d\u00e9tail apparaitra sur votre confirmation de commande.<\/p>\n\n\n\n<div style=\"height:41px\" aria-hidden=\"true\" class=\"wp-block-spacer\"><\/div>\n\n\n\n<p>Q&nbsp;: Y a-t-il un minimum \u00e0 atteindre ou \u00e0 acheter&nbsp;?<\/p>\n\n\n\n<p>R&nbsp;: Non, votre r\u00e9duction est int\u00e9gralement d\u00e9duite de votre commande quel qu\u2019en soit son montant.<\/p>\n\n\n\n<div style=\"height:41px\" aria-hidden=\"true\" class=\"wp-block-spacer\"><\/div>\n\n\n\n<p>Q&nbsp;: Est-ce que les <a href=\"https:\/\/www.vinscoeur.be\/index.php\/precommandes\/\" data-type=\"page\" data-id=\"4922\" target=\"_blank\" rel=\"noreferrer noopener\">pr\u00e9commandes<\/a> g\u00e9n\u00e8rent \u00e9galement un cashback ?<\/p>\n\n\n\n<p>R\u00a0: Vous recevez \u00e9galement 3% de cashback sur les vins que vous pr\u00e9commandez, \u00e0 l&rsquo;exception de la <a href=\"https:\/\/www.vinscoeur.be\/index.php\/maison-ambroise\/\" data-type=\"page\" data-id=\"9478\">Maison Ambroise<\/a>.<\/p>\n\n\n\n<div style=\"height:43px\" aria-hidden=\"true\" class=\"wp-block-spacer\"><\/div>\n\n\n\n<p>Q&nbsp;: Une r\u00e9duction c\u2019est bien, mais je pr\u00e9f\u00e9rerais plut\u00f4t recevoir des bouteilles.<\/p>\n\n\n\n<p>R&nbsp;: F\u00e9licitations, c\u2019est bon esprit ! Pas de probl\u00e8me, vous pouvez utiliser votre cashback pour acheter des reliquats lors de nos d\u00e9gustations et lors de nos enl\u00e8vements. Le choix ne manque pas, nous avons de nombreuses bouteilles panach\u00e9es en stock, que vous pouvez acheter \u00e0 l\u2019unit\u00e9 pour red\u00e9guster tranquillement chez vous. Int\u00e9ress\u00e9&nbsp;? Scrutez le vieux tableau noir&nbsp;lors de nos \u00e9v\u00e9nements !<\/p>\n\n\n\n<div style=\"height:18px\" aria-hidden=\"true\" class=\"wp-block-spacer\"><\/div>\n\n\n<div class=\"wp-block-image\">\n<figure class=\"aligncenter size-large is-resized\"><img loading=\"lazy\" decoding=\"async\" width=\"768\" height=\"1024\" src=\"https:\/\/www.vinscoeur.be\/wp-content\/uploads\/2023\/03\/IMG_4517-768x1024.jpg\" alt=\"\" class=\"wp-image-2291\" style=\"width:192px;height:256px\" srcset=\"https:\/\/www.vinscoeur.be\/wp-content\/uploads\/2023\/03\/IMG_4517-768x1024.jpg 768w, https:\/\/www.vinscoeur.be\/wp-content\/uploads\/2023\/03\/IMG_4517-scaled-600x800.jpg 600w, https:\/\/www.vinscoeur.be\/wp-content\/uploads\/2023\/03\/IMG_4517-225x300.jpg 225w, https:\/\/www.vinscoeur.be\/wp-content\/uploads\/2023\/03\/IMG_4517-1152x1536.jpg 1152w, https:\/\/www.vinscoeur.be\/wp-content\/uploads\/2023\/03\/IMG_4517-1536x2048.jpg 1536w, https:\/\/www.vinscoeur.be\/wp-content\/uploads\/2023\/03\/IMG_4517-scaled.jpg 1920w\" sizes=\"auto, (max-width: 768px) 100vw, 768px\" \/><\/figure>\n<\/div>\n\n\n<div style=\"height:29px\" aria-hidden=\"true\" class=\"wp-block-spacer\"><\/div>\n\n\n\n<p>Q&nbsp;: Combien de temps est valide mon cashback&nbsp;?<\/p>\n\n\n\n<p>R&nbsp;: Vous avez 2 d\u00e9gustations pour l\u2019utiliser, soit un an.<\/p>\n\n\n\n<p>Exemple\u00a0: votre commande de printemps 2026 g\u00e9n\u00e8re un cashback qui pourra \u00eatre d\u00e9duit\u00a0:<\/p>\n\n\n\n<ul class=\"wp-block-list\">\n<li>Sur un achat de reliquats \u00e0 l\u2019enl\u00e8vement des vins en juin 2026, sinon<\/li>\n\n\n\n<li>Sur votre commande d&rsquo;automne 2026, sinon<\/li>\n\n\n\n<li>Sur des pr\u00e9commandes en hiver 2026, sinon<\/li>\n\n\n\n<li>Sur votre commande de printemps 2027.<\/li>\n<\/ul>\n\n\n\n<p><\/p>\n","protected":false},"excerpt":{"rendered":"<p>Q&nbsp;: Comment est-ce que \u00e7a fonctionne&nbsp;? R\u00a0: C\u2019est simple, votre commande de printemps g\u00e9n\u00e9rera automatiquement une r\u00e9duction \u00e0 d\u00e9duire sur votre prochain achat de vin au sein de notre association. Q&nbsp;: Pourquoi cette r\u00e9duction&nbsp;? R&nbsp;: Pour r\u00e9compenser votre fid\u00e9lit\u00e9 en att\u00e9nuant un peu la hausse g\u00e9n\u00e9ralis\u00e9e du prix des vins. Q&nbsp;: Quel est le montant [&hellip;]<\/p>\n","protected":false},"author":53,"featured_media":2212,"parent":0,"menu_order":0,"comment_status":"closed","ping_status":"open","template":"","meta":{"_acf_changed":false,"footnotes":""},"categories":[],"tags":[],"class_list":["post-4096","page","type-page","status-publish","has-post-thumbnail","hentry"],"acf":[],"_links":{"self":[{"href":"https:\/\/www.vinscoeur.be\/index.php\/wp-json\/wp\/v2\/pages\/4096","targetHints":{"allow":["GET"]}}],"collection":[{"href":"https:\/\/www.vinscoeur.be\/index.php\/wp-json\/wp\/v2\/pages"}],"about":[{"href":"https:\/\/www.vinscoeur.be\/index.php\/wp-json\/wp\/v2\/types\/page"}],"author":[{"embeddable":true,"href":"https:\/\/www.vinscoeur.be\/index.php\/wp-json\/wp\/v2\/users\/53"}],"replies":[{"embeddable":true,"href":"https:\/\/www.vinscoeur.be\/index.php\/wp-json\/wp\/v2\/comments?post=4096"}],"version-history":[{"count":20,"href":"https:\/\/www.vinscoeur.be\/index.php\/wp-json\/wp\/v2\/pages\/4096\/revisions"}],"predecessor-version":[{"id":9945,"href":"https:\/\/www.vinscoeur.be\/index.php\/wp-json\/wp\/v2\/pages\/4096\/revisions\/9945"}],"wp:featuredmedia":[{"embeddable":true,"href":"https:\/\/www.vinscoeur.be\/index.php\/wp-json\/wp\/v2\/media\/2212"}],"wp:attachment":[{"href":"https:\/\/www.vinscoeur.be\/index.php\/wp-json\/wp\/v2\/media?parent=4096"}],"wp:term":[{"taxonomy":"category","embeddable":true,"href":"https:\/\/www.vinscoeur.be\/index.php\/wp-json\/wp\/v2\/categories?post=4096"},{"taxonomy":"post_tag","embeddable":true,"href":"https:\/\/www.vinscoeur.be\/index.php\/wp-json\/wp\/v2\/tags?post=4096"}],"curies":[{"name":"wp","href":"https:\/\/api.w.org\/{rel}","templated":true}]}}