{"id":4095,"date":"2023-04-05T19:59:23","date_gmt":"2023-04-05T17:59:23","guid":{"rendered":"http:\/\/ymmnqox.cluster028.hosting.ovh.net\/index.php\/domaine-andre-moingeon-et-fils\/"},"modified":"2025-12-22T10:03:19","modified_gmt":"2025-12-22T09:03:19","slug":"domaine-andre-moingeon-et-fils","status":"publish","type":"page","link":"https:\/\/www.vinscoeur.be\/index.php\/domaine-andre-moingeon-et-fils\/","title":{"rendered":"Domaine Andr\u00e9 MOINGEON et fils"},"content":{"rendered":"\n<p><a href=\"https:\/\/www.vins-moingeon.com\/\" data-type=\"URL\" data-id=\"https:\/\/www.vinscoeur.be\/109\" target=\"_blank\" rel=\"noreferrer noopener\"><strong>Lien vers le site du Domaine<\/strong><\/a><\/p>\n\n\n\n<div style=\"height:26px\" aria-hidden=\"true\" class=\"wp-block-spacer\"><\/div>\n\n\n\n<p>Le Domaine Andr\u00e9 Moingeon et fils est actuellement dirig\u00e9 par Florent Moingeon. Le Domaine s&rsquo;\u00e9tend sur 9 hectares entre Puligny, Chassagne et principalement St. Aubin avec pr\u00e8s de 6 hectares. Une petite partie de la production est vendue en vrac pour des raisons pratiques (manque de place principalement) mais Florent voudrait voir disparaitre cette pratique dans les ann\u00e9es \u00e0 venir. D\u00e8s son arriv\u00e9e au Domaine, il a remis en place le travail du sol et a stopp\u00e9 l&rsquo;utilisation des d\u00e9sherbants. Depuis 2019, le 1er cru St. Aubin \u00ab\u00a0La Chateni\u00e8re\u00a0\u00bb a \u00e9t\u00e9 converti en \u00ab\u00a0Bio\u00a0\u00bb avec comme objectif de faire de m\u00eame sur tout le Domaine dans les ann\u00e9es \u00e0 venir.<\/p>\n\n\n\n<div style=\"height:25px\" aria-hidden=\"true\" class=\"wp-block-spacer\"><\/div>\n\n\n\n<figure class=\"wp-block-gallery has-nested-images columns-default is-cropped wp-block-gallery-1 is-layout-flex wp-block-gallery-is-layout-flex\">\n<figure class=\"wp-block-image size-large\"><img loading=\"lazy\" decoding=\"async\" width=\"768\" height=\"1024\" data-id=\"2396\" src=\"https:\/\/www.vinscoeur.be\/wp-content\/uploads\/2023\/04\/WhatsApp-Image-2023-03-14-3.jpg\" alt=\"\" class=\"wp-image-2396\" srcset=\"https:\/\/www.vinscoeur.be\/wp-content\/uploads\/2023\/04\/WhatsApp-Image-2023-03-14-3.jpg 768w, https:\/\/www.vinscoeur.be\/wp-content\/uploads\/2023\/04\/WhatsApp-Image-2023-03-14-3-600x800.jpg 600w, https:\/\/www.vinscoeur.be\/wp-content\/uploads\/2023\/04\/WhatsApp-Image-2023-03-14-3-225x300.jpg 225w\" sizes=\"auto, (max-width: 768px) 100vw, 768px\" \/><figcaption class=\"wp-element-caption\">Florent Moingeon<\/figcaption><\/figure>\n\n\n\n<figure class=\"wp-block-image size-large\"><img loading=\"lazy\" decoding=\"async\" width=\"768\" height=\"1024\" data-id=\"2397\" src=\"https:\/\/www.vinscoeur.be\/wp-content\/uploads\/2023\/04\/WhatsApp-Image-2023-03-14-4.jpg\" alt=\"\" class=\"wp-image-2397\" srcset=\"https:\/\/www.vinscoeur.be\/wp-content\/uploads\/2023\/04\/WhatsApp-Image-2023-03-14-4.jpg 768w, https:\/\/www.vinscoeur.be\/wp-content\/uploads\/2023\/04\/WhatsApp-Image-2023-03-14-4-600x800.jpg 600w, https:\/\/www.vinscoeur.be\/wp-content\/uploads\/2023\/04\/WhatsApp-Image-2023-03-14-4-225x300.jpg 225w\" sizes=\"auto, (max-width: 768px) 100vw, 768px\" \/><\/figure>\n\n\n\n<figure class=\"wp-block-image size-large\"><img loading=\"lazy\" decoding=\"async\" width=\"1024\" height=\"768\" data-id=\"2398\" src=\"https:\/\/www.vinscoeur.be\/wp-content\/uploads\/2023\/04\/WhatsApp-Image-2023-03-14-6.jpg\" alt=\"\" class=\"wp-image-2398\" srcset=\"https:\/\/www.vinscoeur.be\/wp-content\/uploads\/2023\/04\/WhatsApp-Image-2023-03-14-6.jpg 1024w, https:\/\/www.vinscoeur.be\/wp-content\/uploads\/2023\/04\/WhatsApp-Image-2023-03-14-6-600x450.jpg 600w, https:\/\/www.vinscoeur.be\/wp-content\/uploads\/2023\/04\/WhatsApp-Image-2023-03-14-6-300x225.jpg 300w, https:\/\/www.vinscoeur.be\/wp-content\/uploads\/2023\/04\/WhatsApp-Image-2023-03-14-6-768x576.jpg 768w\" sizes=\"auto, (max-width: 1024px) 100vw, 1024px\" \/><\/figure>\n<\/figure>\n\n\n\n<div style=\"height:25px\" aria-hidden=\"true\" class=\"wp-block-spacer\"><\/div>\n\n\n\n<p><strong><font><font><font><strong><em>Liste des vins disponibles \u00e0 l\u2019achat lors de notre d\u00e9gustation de printemps 2026 :<\/em><\/strong><\/font><\/font><\/font><\/strong><\/p>\n\n\n\n<div style=\"height:25px\" aria-hidden=\"true\" class=\"wp-block-spacer\"><\/div>\n\n\n\n<figure class=\"wp-block-table is-style-stripes has-small-font-size\"><table class=\"has-colibri-color-6-color has-colibri-color-4-background-color has-text-color has-background has-link-color\"><tbody><tr><td><ul><br><li><em><strong>Vins Blanc&nbsp;<\/strong><\/em><\/li><br><\/ul><\/td><td>&nbsp;<\/td><\/tr><tr><td><mark style=\"background-color:#303e7a\" class=\"has-inline-color has-colibri-color-4-color\">Saint-Aubin 1er cru \u00ab\u00a0Les Frionnes\u00a0\u00bb<\/mark><\/td><td>2024<\/td><\/tr><tr><td><mark style=\"background-color:#303e7a\" class=\"has-inline-color has-colibri-color-4-color\">Saint-Aubin 1er cru \u00ab\u00a0Clos de Montceau\u00a0\u00bb<\/mark><\/td><td>2024<\/td><\/tr><tr><td>Saint-Aubin 1er cru \u00ab\u00a0La Chateni\u00e8re\u00a0\u00bb <\/td><td>2024<\/td><\/tr><tr><td><mark style=\"background-color:#303e7a\" class=\"has-inline-color has-colibri-color-4-color\">Puligny Montrachet 1er cru \u00ab\u00a0La Garenne\u00a0\u00bb<\/mark><\/td><td>2024<\/td><\/tr><tr><td><mark style=\"background-color:#303e7a\" class=\"has-inline-color has-colibri-color-4-color\">Chassagne Montrachet 1er cru \u00ab\u00a0Les Vergers\u00a0\u00bb<\/mark><\/td><td>2024<\/td><\/tr><tr><td><ul><br><li><em><strong>Vins Rouge<\/strong><\/em><\/li><br><\/ul><\/td><td>&nbsp;<\/td><\/tr><tr><td>St. Aubin 1er cru \u00ab&nbsp;En Cr\u00e9ot&nbsp;\u00bb <\/td><td>2024<\/td><\/tr><tr><td><mark style=\"background-color:#303e7a\" class=\"has-inline-color has-colibri-color-4-color\">Blagny \u00ab\u00a0Le Tr\u00e9zin\u00a0\u00bb<\/mark><\/td><td>2024<\/td><\/tr><tr><td><mark style=\"background-color:#303e7a\" class=\"has-inline-color has-colibri-color-4-color\">Chassagne Montrachet<\/mark><\/td><td>2024<\/td><\/tr><\/tbody><\/table><figcaption class=\"wp-element-caption\"><strong>Cuv\u00e9es \u00e0 d\u00e9guster le 19 avril 2026<\/strong> :&nbsp;<mark style=\"background-color:#303e7a\" class=\"has-inline-color has-colibri-color-4-color\">nom de la cuv\u00e9e<\/mark><\/figcaption><\/figure>\n\n\n\n<div style=\"height:25px\" aria-hidden=\"true\" class=\"wp-block-spacer\"><\/div>\n\n\n\n<div class=\"wp-block-buttons is-layout-flex wp-block-buttons-is-layout-flex\">\n<div class=\"wp-block-button\"><a class=\"wp-block-button__link wp-element-button\" href=\"https:\/\/www.vinscoeur.be\/index.php\/les-domaines\/\">Retour aux domaines<\/a><\/div>\n<\/div>\n","protected":false},"excerpt":{"rendered":"<p>Lien vers le site du Domaine Le Domaine Andr\u00e9 Moingeon et fils est actuellement dirig\u00e9 par Florent Moingeon. Le Domaine s&rsquo;\u00e9tend sur 9 hectares entre Puligny, Chassagne et principalement St. Aubin avec pr\u00e8s de 6 hectares. Une petite partie de la production est vendue en vrac pour des raisons pratiques (manque de place principalement) mais [&hellip;]<\/p>\n","protected":false},"author":54,"featured_media":2396,"parent":0,"menu_order":0,"comment_status":"closed","ping_status":"open","template":"","meta":{"_acf_changed":false,"footnotes":""},"categories":[19],"tags":[],"class_list":["post-4095","page","type-page","status-publish","has-post-thumbnail","hentry","category-bourgogne"],"acf":[],"_links":{"self":[{"href":"https:\/\/www.vinscoeur.be\/index.php\/wp-json\/wp\/v2\/pages\/4095","targetHints":{"allow":["GET"]}}],"collection":[{"href":"https:\/\/www.vinscoeur.be\/index.php\/wp-json\/wp\/v2\/pages"}],"about":[{"href":"https:\/\/www.vinscoeur.be\/index.php\/wp-json\/wp\/v2\/types\/page"}],"author":[{"embeddable":true,"href":"https:\/\/www.vinscoeur.be\/index.php\/wp-json\/wp\/v2\/users\/54"}],"replies":[{"embeddable":true,"href":"https:\/\/www.vinscoeur.be\/index.php\/wp-json\/wp\/v2\/comments?post=4095"}],"version-history":[{"count":10,"href":"https:\/\/www.vinscoeur.be\/index.php\/wp-json\/wp\/v2\/pages\/4095\/revisions"}],"predecessor-version":[{"id":9720,"href":"https:\/\/www.vinscoeur.be\/index.php\/wp-json\/wp\/v2\/pages\/4095\/revisions\/9720"}],"wp:featuredmedia":[{"embeddable":true,"href":"https:\/\/www.vinscoeur.be\/index.php\/wp-json\/wp\/v2\/media\/2396"}],"wp:attachment":[{"href":"https:\/\/www.vinscoeur.be\/index.php\/wp-json\/wp\/v2\/media?parent=4095"}],"wp:term":[{"taxonomy":"category","embeddable":true,"href":"https:\/\/www.vinscoeur.be\/index.php\/wp-json\/wp\/v2\/categories?post=4095"},{"taxonomy":"post_tag","embeddable":true,"href":"https:\/\/www.vinscoeur.be\/index.php\/wp-json\/wp\/v2\/tags?post=4095"}],"curies":[{"name":"wp","href":"https:\/\/api.w.org\/{rel}","templated":true}]}}