{"id":4092,"date":"2023-09-11T11:21:53","date_gmt":"2023-09-11T09:21:53","guid":{"rendered":"http:\/\/ymmnqox.cluster028.hosting.ovh.net\/index.php\/domaine-daupilhac\/"},"modified":"2025-09-16T12:17:34","modified_gmt":"2025-09-16T10:17:34","slug":"domaine-daupilhac","status":"publish","type":"page","link":"https:\/\/www.vinscoeur.be\/index.php\/domaine-daupilhac\/","title":{"rendered":"Domaine d&rsquo;AUPILHAC"},"content":{"rendered":"\n<p><a href=\"https:\/\/www.aupilhac.net\/\" target=\"_blank\" rel=\"noreferrer noopener\">Lien vers le site du Domaine<\/a><\/p>\n\n\n\n<div style=\"height:90px\" aria-hidden=\"true\" class=\"wp-block-spacer\"><\/div>\n\n\n\n<p>Issu d&rsquo;une famille de vignerons depuis 5 g\u00e9n\u00e9rations,&nbsp;Sylvain Fadat&nbsp;a cr\u00e9\u00e9 le&nbsp;domaine d&rsquo;Aupilhac&nbsp;en 1989. Il a \u00e9t\u00e9 nomm\u00e9 \u00ab\u00a0Vigneron de l&rsquo;ann\u00e9e&nbsp;2021\u00a0\u00bb par la Revue du Vin de France. Situ\u00e9 \u00e0&nbsp;Montpeyroux, \u00e0 une trentaine de kilom\u00e8tres au Nord de Montpellier, le domaine s&rsquo;\u00e9tend sur 26 hectares. La cave se trouve au coeur du village, dans la maison familiale. Le domaine pratique la culture&nbsp;biologique&nbsp;et&nbsp;biodynamique&nbsp;et est certifi\u00e9 par les organismes Ecocert &amp; Demeter. Au d\u00e9part, Sylvain Fadat produisait aussi des melons, des asperges, des tomates et des p\u00eaches, avant de se consacrer exclusivement \u00e0 la culture de la vigne en 1992. Les d\u00e9buts ont \u00e9t\u00e9 \u00e9piques. En effet, les 4 premi\u00e8res ann\u00e9es, les vinifications \u00e9taient effectu\u00e9es dans des citernes de camions, dans la cave qui n&rsquo;avait pas encore de toiture ! Une cave ouverte en 1993, puis en une cave enterr\u00e9e en 1997, sont cr\u00e9\u00e9es pour entreposer les barriques et les foudres. Le vignoble est s\u00e9par\u00e9 en 2 terroirs bien distincts :<br>&#8211;&nbsp;<em><strong>Aupilhac<\/strong><\/em>, lieu-dit compos\u00e9 de vignes en terrasses expos\u00e9es Sud-Ouest, plant\u00e9 principalement des c\u00e9pages mourv\u00e8dre et carignan.<br>&#8211;&nbsp;<strong><em>Les Cocali\u00e8res<\/em><\/strong>, cirque (en forme d&rsquo;amphith\u00e9\u00e2tre) expos\u00e9 Nord et Ouest, situ\u00e9 \u00e0 350m d&rsquo;altitude. La syrah est le c\u00e9page dominant, compl\u00e9t\u00e9 par le mourv\u00e8dre et le grenache.<\/p>\n\n\n\n<p>Sylvain Fadat consid\u00e8re que le travail \u00e0 la vigne a plus d&rsquo;influence que celui de la cave sur le r\u00e9sultat final du vin:&nbsp;labours r\u00e9guliers, culture&nbsp;biologique&nbsp;et&nbsp;biodynamique,&nbsp;vendanges manuelles&nbsp;\u00e0 maturit\u00e9 optimale, fermentations avec levures indig\u00e8nes, \u00e9levage en foudres et barriques. On ne peut qu&rsquo;\u00eatre d&rsquo;accord lorsque l&rsquo;on d\u00e9guste ses vins ! Son \u00e9pouse, D\u00e9sir\u00e9e, s&rsquo;occupe de la commercialisation des vins avec une \u00e9nergie et une connaissance de ses vins peu commune. Ensemble, ils sont des ambassadeurs du patrimoine traditionnel languedocien, mais aussi des pionniers pour d\u00e9nicher de nouveaux terroirs.<\/p>\n\n\n\n<div style=\"height:90px\" aria-hidden=\"true\" class=\"wp-block-spacer\"><\/div>\n\n\n\n<div class=\"wp-block-media-text alignwide has-media-on-the-right is-stacked-on-mobile is-vertically-aligned-center\" style=\"grid-template-columns:auto 72%\"><div class=\"wp-block-media-text__content\">\n<p class=\"has-text-align-right\"><strong>D\u00e9sir\u00e9e et Sylvain Fadat<\/strong><\/p>\n<\/div><figure class=\"wp-block-media-text__media\"><img loading=\"lazy\" decoding=\"async\" width=\"870\" height=\"290\" src=\"https:\/\/www.vinscoeur.be\/wp-content\/uploads\/2023\/07\/domaine-d-aupilhac.jpg\" alt=\"\" class=\"wp-image-2700 size-full\" srcset=\"https:\/\/www.vinscoeur.be\/wp-content\/uploads\/2023\/07\/domaine-d-aupilhac.jpg 870w, https:\/\/www.vinscoeur.be\/wp-content\/uploads\/2023\/07\/domaine-d-aupilhac-600x200.jpg 600w, https:\/\/www.vinscoeur.be\/wp-content\/uploads\/2023\/07\/domaine-d-aupilhac-300x100.jpg 300w, https:\/\/www.vinscoeur.be\/wp-content\/uploads\/2023\/07\/domaine-d-aupilhac-768x256.jpg 768w\" sizes=\"auto, (max-width: 870px) 100vw, 870px\" \/><\/figure><\/div>\n\n\n\n<div style=\"height:50px\" aria-hidden=\"true\" class=\"wp-block-spacer\"><\/div>\n\n\n<div class=\"wp-block-image\">\n<figure class=\"aligncenter size-full is-resized\"><img loading=\"lazy\" decoding=\"async\" width=\"510\" height=\"490\" src=\"https:\/\/www.vinscoeur.be\/wp-content\/uploads\/2023\/07\/cropped-cropped-LOGO-aupilhac-petit.jpg\" alt=\"\" class=\"wp-image-2701\" style=\"width:255px;height:245px\" srcset=\"https:\/\/www.vinscoeur.be\/wp-content\/uploads\/2023\/07\/cropped-cropped-LOGO-aupilhac-petit.jpg 510w, https:\/\/www.vinscoeur.be\/wp-content\/uploads\/2023\/07\/cropped-cropped-LOGO-aupilhac-petit-300x288.jpg 300w\" sizes=\"auto, (max-width: 510px) 100vw, 510px\" \/><\/figure>\n<\/div>\n\n\n<div style=\"height:50px\" aria-hidden=\"true\" class=\"wp-block-spacer\"><\/div>\n\n\n\n<figure class=\"wp-block-gallery has-nested-images columns-5 is-cropped wp-block-gallery-1 is-layout-flex wp-block-gallery-is-layout-flex\">\n<figure class=\"wp-block-image size-large\"><img loading=\"lazy\" decoding=\"async\" width=\"512\" height=\"1024\" data-id=\"2704\" src=\"https:\/\/www.vinscoeur.be\/wp-content\/uploads\/2023\/07\/domaine-aupilhac-loumaset-rouge-512x1024.jpg\" alt=\"\" class=\"wp-image-2704\" srcset=\"https:\/\/www.vinscoeur.be\/wp-content\/uploads\/2023\/07\/domaine-aupilhac-loumaset-rouge-512x1024.jpg 512w, https:\/\/www.vinscoeur.be\/wp-content\/uploads\/2023\/07\/domaine-aupilhac-loumaset-rouge-150x300.jpg 150w, https:\/\/www.vinscoeur.be\/wp-content\/uploads\/2023\/07\/domaine-aupilhac-loumaset-rouge.jpg 600w\" sizes=\"auto, (max-width: 512px) 100vw, 512px\" \/><\/figure>\n\n\n\n<figure class=\"wp-block-image size-full\"><img loading=\"lazy\" decoding=\"async\" width=\"600\" height=\"1200\" data-id=\"2706\" src=\"https:\/\/www.vinscoeur.be\/wp-content\/uploads\/2023\/07\/domaine-aupilhac-cinsault-rouge.jpg\" alt=\"\" class=\"wp-image-2706\" srcset=\"https:\/\/www.vinscoeur.be\/wp-content\/uploads\/2023\/07\/domaine-aupilhac-cinsault-rouge.jpg 600w, https:\/\/www.vinscoeur.be\/wp-content\/uploads\/2023\/07\/domaine-aupilhac-cinsault-rouge-150x300.jpg 150w, https:\/\/www.vinscoeur.be\/wp-content\/uploads\/2023\/07\/domaine-aupilhac-cinsault-rouge-512x1024.jpg 512w\" sizes=\"auto, (max-width: 600px) 100vw, 600px\" \/><\/figure>\n\n\n\n<figure class=\"wp-block-image size-large\"><img loading=\"lazy\" decoding=\"async\" width=\"512\" height=\"1024\" data-id=\"2705\" src=\"https:\/\/www.vinscoeur.be\/wp-content\/uploads\/2023\/07\/domaine-aupilhac-montpeyroux-rouge-512x1024.jpg\" alt=\"\" class=\"wp-image-2705\" srcset=\"https:\/\/www.vinscoeur.be\/wp-content\/uploads\/2023\/07\/domaine-aupilhac-montpeyroux-rouge-512x1024.jpg 512w, https:\/\/www.vinscoeur.be\/wp-content\/uploads\/2023\/07\/domaine-aupilhac-montpeyroux-rouge-150x300.jpg 150w, https:\/\/www.vinscoeur.be\/wp-content\/uploads\/2023\/07\/domaine-aupilhac-montpeyroux-rouge.jpg 600w\" sizes=\"auto, (max-width: 512px) 100vw, 512px\" \/><\/figure>\n\n\n\n<figure class=\"wp-block-image size-large\"><img loading=\"lazy\" decoding=\"async\" width=\"512\" height=\"1024\" data-id=\"6136\" src=\"https:\/\/www.vinscoeur.be\/wp-content\/uploads\/2024\/07\/domaine-aupilhac-cocalieres-rouge-512x1024.jpg\" alt=\"\" class=\"wp-image-6136\" srcset=\"https:\/\/www.vinscoeur.be\/wp-content\/uploads\/2024\/07\/domaine-aupilhac-cocalieres-rouge-512x1024.jpg 512w, https:\/\/www.vinscoeur.be\/wp-content\/uploads\/2024\/07\/domaine-aupilhac-cocalieres-rouge-150x300.jpg 150w, https:\/\/www.vinscoeur.be\/wp-content\/uploads\/2024\/07\/domaine-aupilhac-cocalieres-rouge.jpg 600w\" sizes=\"auto, (max-width: 512px) 100vw, 512px\" \/><\/figure>\n\n\n\n<figure class=\"wp-block-image size-large\"><img loading=\"lazy\" decoding=\"async\" width=\"512\" height=\"1024\" data-id=\"2702\" src=\"https:\/\/www.vinscoeur.be\/wp-content\/uploads\/2023\/07\/domaine-aupilhac-boda-rouge-512x1024.jpg\" alt=\"\" class=\"wp-image-2702\" srcset=\"https:\/\/www.vinscoeur.be\/wp-content\/uploads\/2023\/07\/domaine-aupilhac-boda-rouge-512x1024.jpg 512w, https:\/\/www.vinscoeur.be\/wp-content\/uploads\/2023\/07\/domaine-aupilhac-boda-rouge-150x300.jpg 150w, https:\/\/www.vinscoeur.be\/wp-content\/uploads\/2023\/07\/domaine-aupilhac-boda-rouge.jpg 600w\" sizes=\"auto, (max-width: 512px) 100vw, 512px\" \/><\/figure>\n<figcaption class=\"blocks-gallery-caption wp-element-caption\"><strong>Les cinq cuv\u00e9es de vin rouge pr\u00e9sent\u00e9es par \u00ab\u00a0Les Vins-Coeur\u00a0\u00bb<\/strong><\/figcaption><\/figure>\n\n\n\n<div style=\"height:50px\" aria-hidden=\"true\" class=\"wp-block-spacer\"><\/div>\n\n\n\n<p><font><strong><font><font><em><em>Liste des vins disponibles \u00e0 l\u2019achat lors de notre d\u00e9gustatio<\/em><\/em><\/font><\/font><em><font><font>n <\/font><\/font><\/em><\/strong><\/font><em><strong><font><font><font>d<\/font><\/font><\/font>&lsquo;automne<font><font><font> 202<\/font><\/font><\/font><\/strong><\/em><font><strong><em><font><font>5<\/font><\/font><\/em><font><font><em><em> :<\/em><\/em><\/font><\/font><\/strong><\/font><\/p>\n\n\n\n<div style=\"height:30px\" aria-hidden=\"true\" class=\"wp-block-spacer\"><\/div>\n\n\n\n<figure class=\"wp-block-table is-style-stripes has-small-font-size\"><table class=\"has-colibri-color-6-color has-colibri-color-2-background-color has-text-color has-background has-link-color\"><tbody><tr><td>\n<ul>\n<li><em><strong>Vin Blanc<\/strong><\/em><\/li>\n<\/ul>\n<\/td><td class=\"has-text-align-right\" data-align=\"right\">&nbsp;<\/td><\/tr><tr><td>AOC Languedoc&nbsp; \u00ab\u00a0Aupilhac\u00a0\u00bb<\/td><td class=\"has-text-align-right\" data-align=\"right\">2024<\/td><\/tr><tr><td><mark style=\"background-color:#303e7a\" class=\"has-inline-color has-colibri-color-4-color\">AOC Languedoc-Montpeyroux \u00ab\u00a0Cocali\u00e8res\u00a0\u00bb<\/mark><\/td><td class=\"has-text-align-right\" data-align=\"right\">2024<\/td><\/tr><tr><td>AOC Languedoc&nbsp; \u00ab\u00a0La Boda\u00a0\u00bb<\/td><td class=\"has-text-align-right\" data-align=\"right\">2023<\/td><\/tr><tr><td>\n<ul>\n<li><em><strong>Vin Rouge<\/strong><\/em><\/li>\n<\/ul>\n<\/td><td class=\"has-text-align-right\" data-align=\"right\">&nbsp;<\/td><\/tr><tr><td>AOC Languedoc \u00ab\u00a0Lou Maset\u00a0\u00bb<\/td><td class=\"has-text-align-right\" data-align=\"right\">2023<\/td><\/tr><tr><td>VDF Le Cinsault<\/td><td class=\"has-text-align-right\" data-align=\"right\">2022<\/td><\/tr><tr><td><mark style=\"background-color:#303e7a\" class=\"has-inline-color has-colibri-color-4-color\">AOC Languedoc-Montpeyroux \u00ab\u00a0Aupilhac\u00a0\u00bb<\/mark><\/td><td class=\"has-text-align-right\" data-align=\"right\">2022<\/td><\/tr><tr><td><mark style=\"background-color:#303e7a\" class=\"has-inline-color has-colibri-color-4-color\">AOC Languedoc-Montpeyroux \u00ab\u00a0Cocali\u00e8res\u00a0\u00bb<\/mark><\/td><td class=\"has-text-align-right\" data-align=\"right\">2022<\/td><\/tr><tr><td>AOC Languedoc-Montpeyroux \u00ab\u00a0La Boda\u00a0\u00bb<\/td><td class=\"has-text-align-right\" data-align=\"right\">2022<br><\/td><\/tr><\/tbody><\/table><figcaption class=\"wp-element-caption\">Cuv\u00e9es d\u00e9gust\u00e9es le 13 septembre 2025 :\u00a0<mark style=\"background-color:#303e7a\" class=\"has-inline-color has-colibri-color-4-color\">nom de la cuv\u00e9e<\/mark><\/figcaption><\/figure>\n\n\n\n<div style=\"height:30px\" aria-hidden=\"true\" class=\"wp-block-spacer\"><\/div>\n\n\n\n<div class=\"wp-block-buttons is-layout-flex wp-block-buttons-is-layout-flex\">\n<div class=\"wp-block-button\"><a class=\"wp-block-button__link wp-element-button\" href=\"https:\/\/www.vinscoeur.be\/index.php\/les-domaines\/\" target=\"_blank\" rel=\"noreferrer noopener\">Retour aux domaines<\/a><\/div>\n<\/div>\n","protected":false},"excerpt":{"rendered":"<p>Lien vers le site du Domaine Issu d&rsquo;une famille de vignerons depuis 5 g\u00e9n\u00e9rations,&nbsp;Sylvain Fadat&nbsp;a cr\u00e9\u00e9 le&nbsp;domaine d&rsquo;Aupilhac&nbsp;en 1989. Il a \u00e9t\u00e9 nomm\u00e9 \u00ab\u00a0Vigneron de l&rsquo;ann\u00e9e&nbsp;2021\u00a0\u00bb par la Revue du Vin de France. Situ\u00e9 \u00e0&nbsp;Montpeyroux, \u00e0 une trentaine de kilom\u00e8tres au Nord de Montpellier, le domaine s&rsquo;\u00e9tend sur 26 hectares. La cave se trouve au [&hellip;]<\/p>\n","protected":false},"author":54,"featured_media":2700,"parent":0,"menu_order":0,"comment_status":"closed","ping_status":"open","template":"","meta":{"_acf_changed":false,"footnotes":""},"categories":[15],"tags":[],"class_list":["post-4092","page","type-page","status-publish","has-post-thumbnail","hentry","category-languedoc"],"acf":[],"_links":{"self":[{"href":"https:\/\/www.vinscoeur.be\/index.php\/wp-json\/wp\/v2\/pages\/4092","targetHints":{"allow":["GET"]}}],"collection":[{"href":"https:\/\/www.vinscoeur.be\/index.php\/wp-json\/wp\/v2\/pages"}],"about":[{"href":"https:\/\/www.vinscoeur.be\/index.php\/wp-json\/wp\/v2\/types\/page"}],"author":[{"embeddable":true,"href":"https:\/\/www.vinscoeur.be\/index.php\/wp-json\/wp\/v2\/users\/54"}],"replies":[{"embeddable":true,"href":"https:\/\/www.vinscoeur.be\/index.php\/wp-json\/wp\/v2\/comments?post=4092"}],"version-history":[{"count":12,"href":"https:\/\/www.vinscoeur.be\/index.php\/wp-json\/wp\/v2\/pages\/4092\/revisions"}],"predecessor-version":[{"id":9030,"href":"https:\/\/www.vinscoeur.be\/index.php\/wp-json\/wp\/v2\/pages\/4092\/revisions\/9030"}],"wp:featuredmedia":[{"embeddable":true,"href":"https:\/\/www.vinscoeur.be\/index.php\/wp-json\/wp\/v2\/media\/2700"}],"wp:attachment":[{"href":"https:\/\/www.vinscoeur.be\/index.php\/wp-json\/wp\/v2\/media?parent=4092"}],"wp:term":[{"taxonomy":"category","embeddable":true,"href":"https:\/\/www.vinscoeur.be\/index.php\/wp-json\/wp\/v2\/categories?post=4092"},{"taxonomy":"post_tag","embeddable":true,"href":"https:\/\/www.vinscoeur.be\/index.php\/wp-json\/wp\/v2\/tags?post=4092"}],"curies":[{"name":"wp","href":"https:\/\/api.w.org\/{rel}","templated":true}]}}