{"id":4090,"date":"2023-09-11T11:27:21","date_gmt":"2023-09-11T09:27:21","guid":{"rendered":"http:\/\/ymmnqox.cluster028.hosting.ovh.net\/index.php\/domaine-serge-desperrier\/"},"modified":"2025-09-16T12:05:57","modified_gmt":"2025-09-16T10:05:57","slug":"domaine-serge-desperrier","status":"publish","type":"page","link":"https:\/\/www.vinscoeur.be\/index.php\/domaine-serge-desperrier\/","title":{"rendered":"Domaine Serge DESPERRIER"},"content":{"rendered":"\n<p><strong><a href=\"https:\/\/www.domainedesperrier.com\/\" data-type=\"URL\" data-id=\"https:\/\/www.vinscoeur.be\/107\" target=\"_blank\" rel=\"noreferrer noopener\">Lien vers le site du Domaine<\/a><\/strong><\/p>\n\n\n\n<div style=\"height:50px\" aria-hidden=\"true\" class=\"wp-block-spacer\"><\/div>\n\n\n\n<p>Depuis quatre g\u00e9n\u00e9rations, la famille Desperrier est implant\u00e9e \u00e0 Roman\u00e8che-Thorins : Serge a pris les r\u00eanes du domaine en 1990. Le domaine compte actuellement six hectares de vignes et les parcelles sont situ\u00e9es sur trois des terroirs du moulin-\u00e0-vent : les Greneriers, les Breynets et le Clos de la Pierre. Ce dernier s\u2019\u00e9tend sur un hectare et constitue un monopole.<\/p>\n\n\n\n<div style=\"height:52px\" aria-hidden=\"true\" class=\"wp-block-spacer\"><\/div>\n\n\n\n<figure class=\"wp-block-gallery has-nested-images columns-default is-cropped wp-block-gallery-1 is-layout-flex wp-block-gallery-is-layout-flex\">\n<figure class=\"wp-block-image size-large\"><img loading=\"lazy\" decoding=\"async\" width=\"1024\" height=\"683\" data-id=\"1821\" src=\"http:\/\/tgtovsp.cluster031.hosting.ovh.net\/wp-content\/uploads\/2023\/02\/DSC_0643-3-1024x683.jpg\" alt=\"\" class=\"wp-image-1821\" srcset=\"https:\/\/www.vinscoeur.be\/wp-content\/uploads\/2023\/02\/DSC_0643-3-1024x683.jpg 1024w, https:\/\/www.vinscoeur.be\/wp-content\/uploads\/2023\/02\/DSC_0643-3-600x400.jpg 600w, https:\/\/www.vinscoeur.be\/wp-content\/uploads\/2023\/02\/DSC_0643-3-300x200.jpg 300w, https:\/\/www.vinscoeur.be\/wp-content\/uploads\/2023\/02\/DSC_0643-3-768x512.jpg 768w, https:\/\/www.vinscoeur.be\/wp-content\/uploads\/2023\/02\/DSC_0643-3-1536x1024.jpg 1536w, https:\/\/www.vinscoeur.be\/wp-content\/uploads\/2023\/02\/DSC_0643-3.jpg 1600w\" sizes=\"auto, (max-width: 1024px) 100vw, 1024px\" \/><figcaption class=\"wp-element-caption\"><strong>Serge Desperrier<\/strong><\/figcaption><\/figure>\n<\/figure>\n\n\n\n<div style=\"height:100px\" aria-hidden=\"true\" class=\"wp-block-spacer\"><\/div>\n\n\n\n<figure class=\"wp-block-gallery has-nested-images columns-default is-cropped wp-block-gallery-2 is-layout-flex wp-block-gallery-is-layout-flex\">\n<figure class=\"wp-block-image size-large\"><img loading=\"lazy\" decoding=\"async\" width=\"400\" height=\"300\" data-id=\"1823\" src=\"http:\/\/tgtovsp.cluster031.hosting.ovh.net\/wp-content\/uploads\/2023\/02\/DSC_0576-1.jpg\" alt=\"\" class=\"wp-image-1823\" srcset=\"https:\/\/www.vinscoeur.be\/wp-content\/uploads\/2023\/02\/DSC_0576-1.jpg 400w, https:\/\/www.vinscoeur.be\/wp-content\/uploads\/2023\/02\/DSC_0576-1-300x225.jpg 300w\" sizes=\"auto, (max-width: 400px) 100vw, 400px\" \/><figcaption class=\"wp-element-caption\"><strong>La cave de vieillissement des vins<\/strong><\/figcaption><\/figure>\n<\/figure>\n\n\n\n<div style=\"height:100px\" aria-hidden=\"true\" class=\"wp-block-spacer\"><\/div>\n\n\n\n<figure class=\"wp-block-gallery has-nested-images columns-default is-cropped wp-block-gallery-3 is-layout-flex wp-block-gallery-is-layout-flex\">\n<figure class=\"wp-block-image size-full\"><img loading=\"lazy\" decoding=\"async\" width=\"807\" height=\"538\" data-id=\"1826\" src=\"http:\/\/tgtovsp.cluster031.hosting.ovh.net\/wp-content\/uploads\/2023\/02\/4968-2432656-3.jpg\" alt=\"\" class=\"wp-image-1826\" srcset=\"https:\/\/www.vinscoeur.be\/wp-content\/uploads\/2023\/02\/4968-2432656-3.jpg 807w, https:\/\/www.vinscoeur.be\/wp-content\/uploads\/2023\/02\/4968-2432656-3-600x400.jpg 600w, https:\/\/www.vinscoeur.be\/wp-content\/uploads\/2023\/02\/4968-2432656-3-300x200.jpg 300w, https:\/\/www.vinscoeur.be\/wp-content\/uploads\/2023\/02\/4968-2432656-3-768x512.jpg 768w\" sizes=\"auto, (max-width: 807px) 100vw, 807px\" \/><figcaption class=\"wp-element-caption\">L&#8217;embl\u00e8me du cru Moulin \u00e0 vent<\/figcaption><\/figure>\n<\/figure>\n\n\n\n<div style=\"height:50px\" aria-hidden=\"true\" class=\"wp-block-spacer\"><\/div>\n\n\n\n<p><font><font><font><strong><em>Liste des vins disponibles \u00e0 l\u2019achat lors de notre d\u00e9gustation d&rsquo;automne 2025 :<\/em><\/strong><\/font><\/font><\/font><\/p>\n\n\n\n<div style=\"height:25px\" aria-hidden=\"true\" class=\"wp-block-spacer\"><\/div>\n\n\n\n<figure class=\"wp-block-table is-style-stripes has-small-font-size\"><table class=\"has-colibri-color-6-color has-colibri-color-2-background-color has-text-color has-background has-link-color\"><tbody><tr><td><em><ul><li><strong><em>Vin <\/em>Rouge<\/strong><\/li><\/ul><\/em><\/td><td>&nbsp;<\/td><\/tr><tr><td><mark style=\"background-color:#303e7a\" class=\"has-inline-color has-colibri-color-4-color\">Moulin \u00e0 Vent \u00ab\u00a0Clos de la Pierre\u00a0\u00bb Monopole<\/mark><\/td><td>2023<\/td><\/tr><tr><td><mark style=\"background-color:#303e7a\" class=\"has-inline-color has-colibri-color-4-color\">Moulin \u00e0 Vent \u00ab\u00a0Les Greneriers\u00a0\u00bb&nbsp;<\/mark><\/td><td>2023<\/td><\/tr><\/tbody><\/table><figcaption class=\"wp-element-caption\">Cuv\u00e9es d\u00e9gust\u00e9es le 13 septembre 2025 :\u00a0<mark style=\"background-color:#303e7a\" class=\"has-inline-color has-colibri-color-4-color\">nom de la cuv\u00e9e<\/mark><\/figcaption><\/figure>\n\n\n\n<div style=\"height:20px\" aria-hidden=\"true\" class=\"wp-block-spacer\"><\/div>\n\n\n\n<div class=\"wp-block-buttons is-layout-flex wp-block-buttons-is-layout-flex\">\n<div class=\"wp-block-button\"><a class=\"wp-block-button__link wp-element-button\" href=\"https:\/\/www.vinscoeur.be\/index.php\/les-domaines\/\">Retour aux domaines<\/a><\/div>\n<\/div>\n\n\n\n<p><\/p>\n","protected":false},"excerpt":{"rendered":"<p>Lien vers le site du Domaine Depuis quatre g\u00e9n\u00e9rations, la famille Desperrier est implant\u00e9e \u00e0 Roman\u00e8che-Thorins : Serge a pris les r\u00eanes du domaine en 1990. Le domaine compte actuellement six hectares de vignes et les parcelles sont situ\u00e9es sur trois des terroirs du moulin-\u00e0-vent : les Greneriers, les Breynets et le Clos de la [&hellip;]<\/p>\n","protected":false},"author":54,"featured_media":1821,"parent":0,"menu_order":0,"comment_status":"closed","ping_status":"open","template":"","meta":{"_acf_changed":false,"footnotes":""},"categories":[11],"tags":[],"class_list":["post-4090","page","type-page","status-publish","has-post-thumbnail","hentry","category-beaujolais"],"acf":[],"_links":{"self":[{"href":"https:\/\/www.vinscoeur.be\/index.php\/wp-json\/wp\/v2\/pages\/4090","targetHints":{"allow":["GET"]}}],"collection":[{"href":"https:\/\/www.vinscoeur.be\/index.php\/wp-json\/wp\/v2\/pages"}],"about":[{"href":"https:\/\/www.vinscoeur.be\/index.php\/wp-json\/wp\/v2\/types\/page"}],"author":[{"embeddable":true,"href":"https:\/\/www.vinscoeur.be\/index.php\/wp-json\/wp\/v2\/users\/54"}],"replies":[{"embeddable":true,"href":"https:\/\/www.vinscoeur.be\/index.php\/wp-json\/wp\/v2\/comments?post=4090"}],"version-history":[{"count":13,"href":"https:\/\/www.vinscoeur.be\/index.php\/wp-json\/wp\/v2\/pages\/4090\/revisions"}],"predecessor-version":[{"id":9017,"href":"https:\/\/www.vinscoeur.be\/index.php\/wp-json\/wp\/v2\/pages\/4090\/revisions\/9017"}],"wp:featuredmedia":[{"embeddable":true,"href":"https:\/\/www.vinscoeur.be\/index.php\/wp-json\/wp\/v2\/media\/1821"}],"wp:attachment":[{"href":"https:\/\/www.vinscoeur.be\/index.php\/wp-json\/wp\/v2\/media?parent=4090"}],"wp:term":[{"taxonomy":"category","embeddable":true,"href":"https:\/\/www.vinscoeur.be\/index.php\/wp-json\/wp\/v2\/categories?post=4090"},{"taxonomy":"post_tag","embeddable":true,"href":"https:\/\/www.vinscoeur.be\/index.php\/wp-json\/wp\/v2\/tags?post=4090"}],"curies":[{"name":"wp","href":"https:\/\/api.w.org\/{rel}","templated":true}]}}