{"id":4089,"date":"2023-07-27T19:59:52","date_gmt":"2023-07-27T17:59:52","guid":{"rendered":"http:\/\/ymmnqox.cluster028.hosting.ovh.net\/index.php\/clos-de-la-roilette\/"},"modified":"2025-09-16T12:06:41","modified_gmt":"2025-09-16T10:06:41","slug":"clos-de-la-roilette","status":"publish","type":"page","link":"https:\/\/www.vinscoeur.be\/index.php\/clos-de-la-roilette\/","title":{"rendered":"Clos de la ROILETTE"},"content":{"rendered":"\n<p><strong><a href=\"https:\/\/www.laroilette.com\/\" data-type=\"URL\" data-id=\"https:\/\/www.vinscoeur.be\/106\" target=\"_blank\" rel=\"noreferrer noopener\">Lien vers le site du Domaine<\/a><\/strong><\/p>\n\n\n\n<div style=\"height:49px\" aria-hidden=\"true\" class=\"wp-block-spacer\"><\/div>\n\n\n<div class=\"wp-block-image\">\n<figure class=\"aligncenter size-full\"><img loading=\"lazy\" decoding=\"async\" width=\"331\" height=\"400\" src=\"https:\/\/www.vinscoeur.be\/wp-content\/uploads\/2025\/06\/la_roilette__002926400_0711_01102014.jpeg\" alt=\"\" class=\"wp-image-8571\" srcset=\"https:\/\/www.vinscoeur.be\/wp-content\/uploads\/2025\/06\/la_roilette__002926400_0711_01102014.jpeg 331w, https:\/\/www.vinscoeur.be\/wp-content\/uploads\/2025\/06\/la_roilette__002926400_0711_01102014-248x300.jpeg 248w\" sizes=\"auto, (max-width: 331px) 100vw, 331px\" \/><\/figure>\n<\/div>\n\n\n<div style=\"height:51px\" aria-hidden=\"true\" class=\"wp-block-spacer\"><\/div>\n\n\n\n<p>L&rsquo;histoire du domaine commence v\u00e9ritablement avec un certain M. Crozet qui, au d\u00e9but du 20<sup>\u00e8me<\/sup>&nbsp;si\u00e8cle, d\u00e9posa le nom de \u00ab&nbsp;Clos de la Roilette&nbsp;\u00bb apr\u00e8s que la d\u00e9limitation des crus ait \u00e9cart\u00e9 son vignoble de l&rsquo;appellation Moulin-\u00e0-Vent. Par cette pirouette, il cr\u00e9a une marque qui devait alors supplanter l&rsquo;appellation et qui f\u00fbt rapidement reconnue \u00e0 l&rsquo;\u00e9tranger. En 1967, Fernand Coudert, le p\u00e8re d&rsquo;Alain, ach\u00e8te le domaine alors inexploit\u00e9. Celui-ci remet sur pied un vignoble riche de vieilles vignes malheureusement mal entretenues&nbsp;; dans une d\u00e9marche d\u00e9j\u00e0 qualitative, Fernand limite les rendements et privil\u00e9gie la mise en bouteille. Alain Coudert entre dans l&rsquo;exploitation en 1984 et prend les commandes avec un accompagnement paternel jusqu&rsquo;\u00e0 la fin des ann\u00e9es 80. Depuis plus de 10 ans, il a \u00e9t\u00e9 rejoint au domaine par son fils Alexis. Alain reconnait que c&rsquo;est un privil\u00e8ge d&rsquo;avoir pu conserver le nom historique du domaine et son \u00e9tiquette, tant ils sont reconnus. Il n&rsquo;oublie d&rsquo;ailleurs pas de d\u00e9poser le nom \u00ab&nbsp;Clos de la Roilette&nbsp;\u00bb tous les 10 ans \u00e0 l&rsquo;INPI, et ce m\u00eame si il n&rsquo;y a jamais eu de clos \u00e0 la Roilette. <\/p>\n\n\n\n<p>Les vignes embl\u00e9matiques du domaine (8 ha) sont situ\u00e9es, comme les b\u00e2timents d&rsquo;exploitation et d&rsquo;habitation, au lieu-dit La Roilette, reconnu officiellement comme un climat de Fleurie par l&rsquo;INAO. Ce sont majoritairement de vieilles vignes dont la moyenne d&rsquo;\u00e2ge est de 60 ans (les plus \u00e2g\u00e9es ayant plus de 90 ans). Deux parcelles de vignes (les plus \u00e2g\u00e9es), situ\u00e9es pr\u00e8s des b\u00e2timents, plus vent\u00e9es, et expos\u00e9es Nord\/Est, donnent des vins plus pleins, plus charpent\u00e9s et aussi plus acides que le reste de la Roilette ; ces vins forment la fameuse Cuv\u00e9e Tardive. Les vinifications repr\u00e9sentent ici le parfait exemple de la vinification beaujolaise traditionnelle, semi-carbonique. Elles sont faites en cuve b\u00e9ton. Il n&rsquo;y a donc pas d&rsquo;\u00e9grappage, sauf cas particulier sur des mill\u00e9simes difficiles. Les \u00e9levages sont faits dans des foudres, la mise \u00e9tant effectu\u00e9e entre F\u00e9vrier (<em>Brouilly<\/em>) et Mai (<em>Fleurie Cuv\u00e9e Tardive<\/em>) selon les cuv\u00e9es. Seule&nbsp;<em>La Griffe du Marquis<\/em>&nbsp;se d\u00e9marque&nbsp;; cette cuv\u00e9e cr\u00e9\u00e9e en 2009 \u00e0 raison de 4000 bouteilles par an environ, est \u00e9lev\u00e9e \u00e0 80-90% en barrique bourguignonne (pas de f\u00fbts neufs) pendant 1 an.<\/p>\n\n\n\n<div style=\"height:50px\" aria-hidden=\"true\" class=\"wp-block-spacer\"><\/div>\n\n\n\n<p class=\"has-text-align-center\"><strong>Pr\u00e9sentation des diff\u00e9rentes cuv\u00e9es de Fleurie<\/strong><\/p>\n\n\n\n<figure class=\"wp-block-video aligncenter\"><video height=\"382\" style=\"aspect-ratio: 1280 \/ 382;\" width=\"1280\" controls src=\"https:\/\/www.vinscoeur.be\/wp-content\/uploads\/2023\/02\/cuvees.mp4\"><\/video><\/figure>\n\n\n\n<div style=\"height:50px\" aria-hidden=\"true\" class=\"wp-block-spacer\"><\/div>\n\n\n\n<div class=\"wp-block-media-text has-media-on-the-right is-stacked-on-mobile\"><div class=\"wp-block-media-text__content\">\n<p>Alain Coudert, accueille au domaine chacun de ses clients avec entrain et bonne humeur, leur faisant toujours passer un excellent moment qui peut parfois durer plus longtemps que pr\u00e9vu&nbsp;!<\/p>\n<\/div><figure class=\"wp-block-media-text__media\"><img loading=\"lazy\" decoding=\"async\" width=\"263\" height=\"400\" src=\"https:\/\/www.vinscoeur.be\/wp-content\/uploads\/2025\/06\/copy_alain_coudert__011948200_1502_26092014.jpg\" alt=\"\" class=\"wp-image-8520 size-full\" srcset=\"https:\/\/www.vinscoeur.be\/wp-content\/uploads\/2025\/06\/copy_alain_coudert__011948200_1502_26092014.jpg 263w, https:\/\/www.vinscoeur.be\/wp-content\/uploads\/2025\/06\/copy_alain_coudert__011948200_1502_26092014-197x300.jpg 197w\" sizes=\"auto, (max-width: 263px) 100vw, 263px\" \/><\/figure><\/div>\n\n\n\n<div style=\"height:100px\" aria-hidden=\"true\" class=\"wp-block-spacer\"><\/div>\n\n\n\n<div class=\"wp-block-media-text alignwide is-stacked-on-mobile\" style=\"grid-template-columns:79% auto\"><figure class=\"wp-block-media-text__media\"><img loading=\"lazy\" decoding=\"async\" width=\"810\" height=\"540\" src=\"https:\/\/www.vinscoeur.be\/wp-content\/uploads\/2025\/06\/241273656_825138021497567_1004432702600503853_n.jpg\" alt=\"\" class=\"wp-image-8521 size-full\" srcset=\"https:\/\/www.vinscoeur.be\/wp-content\/uploads\/2025\/06\/241273656_825138021497567_1004432702600503853_n.jpg 810w, https:\/\/www.vinscoeur.be\/wp-content\/uploads\/2025\/06\/241273656_825138021497567_1004432702600503853_n-300x200.jpg 300w, https:\/\/www.vinscoeur.be\/wp-content\/uploads\/2025\/06\/241273656_825138021497567_1004432702600503853_n-768x512.jpg 768w, https:\/\/www.vinscoeur.be\/wp-content\/uploads\/2025\/06\/241273656_825138021497567_1004432702600503853_n-600x400.jpg 600w\" sizes=\"auto, (max-width: 810px) 100vw, 810px\" \/><\/figure><div class=\"wp-block-media-text__content\">\n<p>Alain Coudert et son fils Alexis<\/p>\n<\/div><\/div>\n\n\n\n<div style=\"height:50px\" aria-hidden=\"true\" class=\"wp-block-spacer\"><\/div>\n\n\n\n<p><font><font><font><strong><em>Liste des vins disponibles \u00e0 l\u2019achat lors de notre d\u00e9gustation d&rsquo;automne 2025 :<\/em><\/strong><\/font><\/font><\/font><\/p>\n\n\n\n<div style=\"height:25px\" aria-hidden=\"true\" class=\"wp-block-spacer\"><\/div>\n\n\n\n<figure class=\"wp-block-table is-style-stripes has-small-font-size\"><table class=\"has-colibri-color-6-color has-colibri-color-2-background-color has-text-color has-background has-link-color\"><tbody><tr><td><ul><br><li><em><strong>Vin rouge<\/strong><\/em><\/li><br><\/ul><\/td><td>&nbsp;<\/td><\/tr><tr><td>Brouilly&nbsp;<\/td><td>2024<\/td><\/tr><tr><td>Fleurie Clos de la Roilette&nbsp;<\/td><td>2024<\/td><\/tr><tr><td><mark style=\"background-color:#303e7a\" class=\"has-inline-color has-colibri-color-4-color\">Fleurie Clos de la Roilette \u00ab\u00a0Cuv\u00e9e tardive\u00a0\u00bb<\/mark><\/td><td>2024<\/td><\/tr><tr><td><mark style=\"background-color:#303e7a\" class=\"has-inline-color has-colibri-color-4-color\">Fleurie \u00ab\u00a0Griffe du Marquis\u00a0\u00bb<\/mark><\/td><td>2023<\/td><\/tr><\/tbody><\/table><figcaption class=\"wp-element-caption\">Cuv\u00e9es d\u00e9gust\u00e9es le 13 septembre 2025 :\u00a0<mark style=\"background-color:#303e7a\" class=\"has-inline-color has-colibri-color-4-color\">nom de la cuv\u00e9e<\/mark><\/figcaption><\/figure>\n\n\n\n<div style=\"height:25px\" aria-hidden=\"true\" class=\"wp-block-spacer\"><\/div>\n\n\n\n<div class=\"wp-block-buttons is-layout-flex wp-block-buttons-is-layout-flex\">\n<div class=\"wp-block-button\"><a class=\"wp-block-button__link wp-element-button\" href=\"https:\/\/www.vinscoeur.be\/index.php\/les-domaines\/\">Retour aux domaines<\/a><\/div>\n<\/div>\n\n\n\n<p><\/p>\n","protected":false},"excerpt":{"rendered":"<p>Lien vers le site du Domaine L&rsquo;histoire du domaine commence v\u00e9ritablement avec un certain M. Crozet qui, au d\u00e9but du 20\u00e8me&nbsp;si\u00e8cle, d\u00e9posa le nom de \u00ab&nbsp;Clos de la Roilette&nbsp;\u00bb apr\u00e8s que la d\u00e9limitation des crus ait \u00e9cart\u00e9 son vignoble de l&rsquo;appellation Moulin-\u00e0-Vent. Par cette pirouette, il cr\u00e9a une marque qui devait alors supplanter l&rsquo;appellation et [&hellip;]<\/p>\n","protected":false},"author":54,"featured_media":1812,"parent":0,"menu_order":0,"comment_status":"closed","ping_status":"open","template":"","meta":{"_acf_changed":false,"footnotes":""},"categories":[11],"tags":[],"class_list":["post-4089","page","type-page","status-publish","has-post-thumbnail","hentry","category-beaujolais"],"acf":[],"_links":{"self":[{"href":"https:\/\/www.vinscoeur.be\/index.php\/wp-json\/wp\/v2\/pages\/4089","targetHints":{"allow":["GET"]}}],"collection":[{"href":"https:\/\/www.vinscoeur.be\/index.php\/wp-json\/wp\/v2\/pages"}],"about":[{"href":"https:\/\/www.vinscoeur.be\/index.php\/wp-json\/wp\/v2\/types\/page"}],"author":[{"embeddable":true,"href":"https:\/\/www.vinscoeur.be\/index.php\/wp-json\/wp\/v2\/users\/54"}],"replies":[{"embeddable":true,"href":"https:\/\/www.vinscoeur.be\/index.php\/wp-json\/wp\/v2\/comments?post=4089"}],"version-history":[{"count":12,"href":"https:\/\/www.vinscoeur.be\/index.php\/wp-json\/wp\/v2\/pages\/4089\/revisions"}],"predecessor-version":[{"id":9018,"href":"https:\/\/www.vinscoeur.be\/index.php\/wp-json\/wp\/v2\/pages\/4089\/revisions\/9018"}],"wp:featuredmedia":[{"embeddable":true,"href":"https:\/\/www.vinscoeur.be\/index.php\/wp-json\/wp\/v2\/media\/1812"}],"wp:attachment":[{"href":"https:\/\/www.vinscoeur.be\/index.php\/wp-json\/wp\/v2\/media?parent=4089"}],"wp:term":[{"taxonomy":"category","embeddable":true,"href":"https:\/\/www.vinscoeur.be\/index.php\/wp-json\/wp\/v2\/categories?post=4089"},{"taxonomy":"post_tag","embeddable":true,"href":"https:\/\/www.vinscoeur.be\/index.php\/wp-json\/wp\/v2\/tags?post=4089"}],"curies":[{"name":"wp","href":"https:\/\/api.w.org\/{rel}","templated":true}]}}