{"id":4078,"date":"2023-01-31T14:54:29","date_gmt":"2023-01-31T13:54:29","guid":{"rendered":"http:\/\/ymmnqox.cluster028.hosting.ovh.net\/index.php\/laster\/"},"modified":"2025-12-30T13:40:52","modified_gmt":"2025-12-30T12:40:52","slug":"laster","status":"publish","type":"page","link":"https:\/\/www.vinscoeur.be\/index.php\/laster\/","title":{"rendered":"Domaine de l&rsquo;ASTER"},"content":{"rendered":"\n<p><strong><a href=\"http:\/\/www.coumedelmas.com\/fr\/\" data-type=\"URL\" data-id=\"https:\/\/www.vinscoeur.be\/105\" target=\"_blank\" rel=\"noreferrer noopener\">Lien vers le site du Domaine<\/a><\/strong><\/p>\n\n\n\n<div style=\"height:50px\" aria-hidden=\"true\" class=\"wp-block-spacer\"><\/div>\n\n\n\n<div class=\"wp-block-media-text alignwide is-stacked-on-mobile\"><figure class=\"wp-block-media-text__media\"><img loading=\"lazy\" decoding=\"async\" width=\"800\" height=\"800\" src=\"http:\/\/tgtovsp.cluster031.hosting.ovh.net\/wp-content\/uploads\/2023\/02\/1615490483529.jpg\" alt=\"\" class=\"wp-image-1605 size-full\" srcset=\"https:\/\/www.vinscoeur.be\/wp-content\/uploads\/2023\/02\/1615490483529.jpg 800w, https:\/\/www.vinscoeur.be\/wp-content\/uploads\/2023\/02\/1615490483529-300x300.jpg 300w, https:\/\/www.vinscoeur.be\/wp-content\/uploads\/2023\/02\/1615490483529-100x100.jpg 100w, https:\/\/www.vinscoeur.be\/wp-content\/uploads\/2023\/02\/1615490483529-600x600.jpg 600w, https:\/\/www.vinscoeur.be\/wp-content\/uploads\/2023\/02\/1615490483529-150x150.jpg 150w, https:\/\/www.vinscoeur.be\/wp-content\/uploads\/2023\/02\/1615490483529-768x768.jpg 768w\" sizes=\"auto, (max-width: 800px) 100vw, 800px\" \/><\/figure><div class=\"wp-block-media-text__content\">\n<p>Vincent Bilhac (fils de Jacques) actuellement aux commandes du Domaine de l&rsquo;Aster<\/p>\n<\/div><\/div>\n\n\n\n<div style=\"height:100px\" aria-hidden=\"true\" class=\"wp-block-spacer\"><\/div>\n\n\n\n<div class=\"wp-block-media-text alignwide is-stacked-on-mobile\"><figure class=\"wp-block-media-text__media\"><img loading=\"lazy\" decoding=\"async\" width=\"720\" height=\"960\" src=\"http:\/\/tgtovsp.cluster031.hosting.ovh.net\/wp-content\/uploads\/2023\/02\/138-2995-3154.jpg\" alt=\"\" class=\"wp-image-1657 size-full\" srcset=\"https:\/\/www.vinscoeur.be\/wp-content\/uploads\/2023\/02\/138-2995-3154.jpg 720w, https:\/\/www.vinscoeur.be\/wp-content\/uploads\/2023\/02\/138-2995-3154-600x800.jpg 600w, https:\/\/www.vinscoeur.be\/wp-content\/uploads\/2023\/02\/138-2995-3154-225x300.jpg 225w\" sizes=\"auto, (max-width: 720px) 100vw, 720px\" \/><\/figure><div class=\"wp-block-media-text__content\">\n<p>Le domaine pratique l&rsquo;agropastoralisme dans certaines de ses vignes &#8230;<\/p>\n<\/div><\/div>\n\n\n\n<div style=\"height:100px\" aria-hidden=\"true\" class=\"wp-block-spacer\"><\/div>\n\n\n\n<figure class=\"wp-block-gallery has-nested-images columns-6 is-cropped wp-block-gallery-1 is-layout-flex wp-block-gallery-is-layout-flex\">\n<figure class=\"wp-block-image size-full\"><img loading=\"lazy\" decoding=\"async\" width=\"150\" height=\"453\" data-id=\"7372\" src=\"https:\/\/www.vinscoeur.be\/wp-content\/uploads\/2024\/11\/Capture-decran_26-11-2024_102355_www.domaine-aster.com_.jpeg\" alt=\"\" class=\"wp-image-7372\" srcset=\"https:\/\/www.vinscoeur.be\/wp-content\/uploads\/2024\/11\/Capture-decran_26-11-2024_102355_www.domaine-aster.com_.jpeg 150w, https:\/\/www.vinscoeur.be\/wp-content\/uploads\/2024\/11\/Capture-decran_26-11-2024_102355_www.domaine-aster.com_-99x300.jpeg 99w\" sizes=\"auto, (max-width: 150px) 100vw, 150px\" \/><\/figure>\n\n\n\n<figure class=\"wp-block-image size-large\"><img loading=\"lazy\" decoding=\"async\" width=\"171\" height=\"484\" data-id=\"7369\" src=\"https:\/\/www.vinscoeur.be\/wp-content\/uploads\/2024\/11\/Capture-decran_26-11-2024_101642_www.domaine-aster.com_.jpeg\" alt=\"\" class=\"wp-image-7369\" srcset=\"https:\/\/www.vinscoeur.be\/wp-content\/uploads\/2024\/11\/Capture-decran_26-11-2024_101642_www.domaine-aster.com_.jpeg 171w, https:\/\/www.vinscoeur.be\/wp-content\/uploads\/2024\/11\/Capture-decran_26-11-2024_101642_www.domaine-aster.com_-106x300.jpeg 106w\" sizes=\"auto, (max-width: 171px) 100vw, 171px\" \/><\/figure>\n\n\n\n<figure class=\"wp-block-image size-full\"><img loading=\"lazy\" decoding=\"async\" width=\"154\" height=\"459\" data-id=\"7373\" src=\"https:\/\/www.vinscoeur.be\/wp-content\/uploads\/2024\/11\/Capture-decran_26-11-2024_102553_www.domaine-aster.com_.jpeg\" alt=\"\" class=\"wp-image-7373\" srcset=\"https:\/\/www.vinscoeur.be\/wp-content\/uploads\/2024\/11\/Capture-decran_26-11-2024_102553_www.domaine-aster.com_.jpeg 154w, https:\/\/www.vinscoeur.be\/wp-content\/uploads\/2024\/11\/Capture-decran_26-11-2024_102553_www.domaine-aster.com_-101x300.jpeg 101w\" sizes=\"auto, (max-width: 154px) 100vw, 154px\" \/><\/figure>\n\n\n\n<figure class=\"wp-block-image size-full\"><img loading=\"lazy\" decoding=\"async\" width=\"138\" height=\"416\" data-id=\"7370\" src=\"https:\/\/www.vinscoeur.be\/wp-content\/uploads\/2024\/11\/Capture-decran_26-11-2024_1072_www.domaine-aster.com_.jpeg\" alt=\"\" class=\"wp-image-7370\" srcset=\"https:\/\/www.vinscoeur.be\/wp-content\/uploads\/2024\/11\/Capture-decran_26-11-2024_1072_www.domaine-aster.com_.jpeg 138w, https:\/\/www.vinscoeur.be\/wp-content\/uploads\/2024\/11\/Capture-decran_26-11-2024_1072_www.domaine-aster.com_-100x300.jpeg 100w\" sizes=\"auto, (max-width: 138px) 100vw, 138px\" \/><\/figure>\n\n\n\n<figure class=\"wp-block-image size-full\"><img loading=\"lazy\" decoding=\"async\" width=\"160\" height=\"456\" data-id=\"7374\" src=\"https:\/\/www.vinscoeur.be\/wp-content\/uploads\/2024\/11\/Capture-decran_26-11-2024_102731_www.domaine-aster.com_.jpeg\" alt=\"\" class=\"wp-image-7374\" srcset=\"https:\/\/www.vinscoeur.be\/wp-content\/uploads\/2024\/11\/Capture-decran_26-11-2024_102731_www.domaine-aster.com_.jpeg 160w, https:\/\/www.vinscoeur.be\/wp-content\/uploads\/2024\/11\/Capture-decran_26-11-2024_102731_www.domaine-aster.com_-105x300.jpeg 105w\" sizes=\"auto, (max-width: 160px) 100vw, 160px\" \/><\/figure>\n\n\n\n<figure class=\"wp-block-image size-full\"><img loading=\"lazy\" decoding=\"async\" width=\"160\" height=\"442\" data-id=\"7371\" src=\"https:\/\/www.vinscoeur.be\/wp-content\/uploads\/2024\/11\/Capture-decran_26-11-2024_102144_www.domaine-aster.com_.jpeg\" alt=\"\" class=\"wp-image-7371\" srcset=\"https:\/\/www.vinscoeur.be\/wp-content\/uploads\/2024\/11\/Capture-decran_26-11-2024_102144_www.domaine-aster.com_.jpeg 160w, https:\/\/www.vinscoeur.be\/wp-content\/uploads\/2024\/11\/Capture-decran_26-11-2024_102144_www.domaine-aster.com_-109x300.jpeg 109w\" sizes=\"auto, (max-width: 160px) 100vw, 160px\" \/><\/figure>\n<figcaption class=\"blocks-gallery-caption wp-element-caption\">Les 6 cuv\u00e9es du Domaine de l&rsquo;Aster<\/figcaption><\/figure>\n\n\n\n<div style=\"height:50px\" aria-hidden=\"true\" class=\"wp-block-spacer\"><\/div>\n\n\n\n<p><font><font><font><strong><em><strong><em>Liste des vins disponibles \u00e0 l\u2019achat lors de notre d\u00e9gustation de printemps 2026<\/em><\/strong><\/em><\/strong><\/font><\/font><\/font> :<\/p>\n\n\n\n<div style=\"height:25px\" aria-hidden=\"true\" class=\"wp-block-spacer\"><\/div>\n\n\n\n<figure class=\"wp-block-table is-style-stripes has-small-font-size\"><table class=\"has-colibri-color-6-color has-colibri-color-4-background-color has-text-color has-background has-link-color\"><tbody><tr><td><ul><li><em><strong>Vin Blanc<\/strong><\/em><\/li><\/ul><\/td><td>&nbsp;<\/td><td>&nbsp;<\/td><\/tr><tr><td><mark style=\"background-color:#303e7a\" class=\"has-inline-color has-colibri-color-4-color\">Pr\u00e9lude<\/mark><\/td><td>2025<\/td><td><\/td><\/tr><tr><td><mark style=\"background-color:#303e7a\" class=\"has-inline-color has-colibri-color-4-color\">AOC Languedoc \u00ab\u00a0R\u00eave de Fleur\u00a0\u00bb<\/mark><\/td><td>2025<\/td><td><\/td><\/tr><tr><td><ul><li><em><strong>Vin Rouge<\/strong><\/em><\/li><\/ul><\/td><td>&nbsp;<\/td><td>&nbsp;<\/td><\/tr><tr><td><mark style=\"background-color:#303e7a\" class=\"has-inline-color has-colibri-color-4-color\">AOC Languedoc \u00ab\u00a0Trescol\u00a0\u00bb<\/mark><\/td><td>2024<\/td><td><\/td><\/tr><tr><td><mark style=\"background-color:#303e7a\" class=\"has-inline-color has-colibri-color-4-color\">AOC Languedoc-Pezenas&nbsp; \u00ab\u00a0Vitis Basaltica\u00a0\u00bb<\/mark><\/td><td>2024<\/td><td><\/td><\/tr><tr><td><mark style=\"background-color:#303e7a\" class=\"has-inline-color has-colibri-color-4-color\">AOC Languedoc-Pezenas&nbsp; \u00ab\u00a0En Montant la Calade\u00a0\u00bb<\/mark><\/td><td>2022<\/td><td><\/td><\/tr><tr><td>AOC Languedoc-Pezenas&nbsp; \u00ab\u00a0Le Hussard Noir\u00a0\u00bb<\/td><td>2020<\/td><td><\/td><\/tr><tr><td><mark style=\"background-color:#303e7a\" class=\"has-inline-color has-colibri-color-4-color\">AOC Languedoc-Pezenas&nbsp; \u00ab\u00a0Le Hussard Noir\u00a0\u00bb<\/mark><\/td><td>2021<\/td><td><\/td><\/tr><\/tbody><\/table><figcaption class=\"wp-element-caption\"><strong>Cuv\u00e9es \u00e0 d\u00e9guster le 19 avril 2026<\/strong> :&nbsp;<mark style=\"background-color:#303e7a\" class=\"has-inline-color has-colibri-color-4-color\">nom de la cuv\u00e9e<\/mark><\/figcaption><\/figure>\n\n\n\n<div style=\"height:25px\" aria-hidden=\"true\" class=\"wp-block-spacer\"><\/div>\n\n\n\n<div class=\"wp-block-buttons is-layout-flex wp-block-buttons-is-layout-flex\">\n<div class=\"wp-block-button\"><a class=\"wp-block-button__link wp-element-button\" href=\"https:\/\/www.vinscoeur.be\/index.php\/les-domaines\/\">Retour aux domaines<\/a><\/div>\n<\/div>\n","protected":false},"excerpt":{"rendered":"<p>Lien vers le site du Domaine Vincent Bilhac (fils de Jacques) actuellement aux commandes du Domaine de l&rsquo;Aster Le domaine pratique l&rsquo;agropastoralisme dans certaines de ses vignes &#8230; Liste des vins disponibles \u00e0 l\u2019achat lors de notre d\u00e9gustation de printemps 2026 : Vin Blanc &nbsp; &nbsp; Pr\u00e9lude 2025 AOC Languedoc \u00ab\u00a0R\u00eave de Fleur\u00a0\u00bb 2025 Vin [&hellip;]<\/p>\n","protected":false},"author":54,"featured_media":1476,"parent":0,"menu_order":0,"comment_status":"closed","ping_status":"open","template":"","meta":{"_acf_changed":false,"footnotes":""},"categories":[15],"tags":[],"class_list":["post-4078","page","type-page","status-publish","has-post-thumbnail","hentry","category-languedoc"],"acf":[],"_links":{"self":[{"href":"https:\/\/www.vinscoeur.be\/index.php\/wp-json\/wp\/v2\/pages\/4078","targetHints":{"allow":["GET"]}}],"collection":[{"href":"https:\/\/www.vinscoeur.be\/index.php\/wp-json\/wp\/v2\/pages"}],"about":[{"href":"https:\/\/www.vinscoeur.be\/index.php\/wp-json\/wp\/v2\/types\/page"}],"author":[{"embeddable":true,"href":"https:\/\/www.vinscoeur.be\/index.php\/wp-json\/wp\/v2\/users\/54"}],"replies":[{"embeddable":true,"href":"https:\/\/www.vinscoeur.be\/index.php\/wp-json\/wp\/v2\/comments?post=4078"}],"version-history":[{"count":11,"href":"https:\/\/www.vinscoeur.be\/index.php\/wp-json\/wp\/v2\/pages\/4078\/revisions"}],"predecessor-version":[{"id":9806,"href":"https:\/\/www.vinscoeur.be\/index.php\/wp-json\/wp\/v2\/pages\/4078\/revisions\/9806"}],"wp:featuredmedia":[{"embeddable":true,"href":"https:\/\/www.vinscoeur.be\/index.php\/wp-json\/wp\/v2\/media\/1476"}],"wp:attachment":[{"href":"https:\/\/www.vinscoeur.be\/index.php\/wp-json\/wp\/v2\/media?parent=4078"}],"wp:term":[{"taxonomy":"category","embeddable":true,"href":"https:\/\/www.vinscoeur.be\/index.php\/wp-json\/wp\/v2\/categories?post=4078"},{"taxonomy":"post_tag","embeddable":true,"href":"https:\/\/www.vinscoeur.be\/index.php\/wp-json\/wp\/v2\/tags?post=4078"}],"curies":[{"name":"wp","href":"https:\/\/api.w.org\/{rel}","templated":true}]}}