{"id":4077,"date":"2023-01-31T14:40:12","date_gmt":"2023-01-31T13:40:12","guid":{"rendered":"http:\/\/ymmnqox.cluster028.hosting.ovh.net\/index.php\/labbe-dine\/"},"modified":"2026-01-02T14:24:46","modified_gmt":"2026-01-02T13:24:46","slug":"labbe-dine","status":"publish","type":"page","link":"https:\/\/www.vinscoeur.be\/index.php\/labbe-dine\/","title":{"rendered":"Domaine l&rsquo;ABBE DINE"},"content":{"rendered":"\n<p><strong><a href=\"https:\/\/www.vinadea.com\/domaines-vins\/1-abbe-dine-chateauneuf-du-pape\" data-type=\"URL\" data-id=\"https:\/\/www.vinscoeur.be\/104\" target=\"_blank\" rel=\"noreferrer noopener\">Lien vers le site du Domaine<\/a><\/strong><\/p>\n\n\n\n<div style=\"height:50px\" aria-hidden=\"true\" class=\"wp-block-spacer\"><\/div>\n\n\n\n<div class=\"wp-block-media-text alignwide is-stacked-on-mobile\"><figure class=\"wp-block-media-text__media\"><img loading=\"lazy\" decoding=\"async\" width=\"800\" height=\"600\" src=\"https:\/\/www.vinscoeur.be\/wp-content\/uploads\/2026\/01\/S5001857.jpg\" alt=\"\" class=\"wp-image-9875 size-full\" srcset=\"https:\/\/www.vinscoeur.be\/wp-content\/uploads\/2026\/01\/S5001857.jpg 800w, https:\/\/www.vinscoeur.be\/wp-content\/uploads\/2026\/01\/S5001857-300x225.jpg 300w, https:\/\/www.vinscoeur.be\/wp-content\/uploads\/2026\/01\/S5001857-768x576.jpg 768w, https:\/\/www.vinscoeur.be\/wp-content\/uploads\/2026\/01\/S5001857-600x450.jpg 600w\" sizes=\"auto, (max-width: 800px) 100vw, 800px\" \/><\/figure><div class=\"wp-block-media-text__content\">\n<p>Nathalie Reynaud propri\u00e9taire du Domaine de l&rsquo;Abb\u00e9 D\u00eene<\/p>\n<\/div><\/div>\n\n\n\n<div style=\"height:100px\" aria-hidden=\"true\" class=\"wp-block-spacer\"><\/div>\n\n\n\n<div class=\"wp-block-media-text alignwide has-media-on-the-right is-stacked-on-mobile\"><div class=\"wp-block-media-text__content\">\n<p>La cuv\u00e9e \u00ab\u00a0Phare\u00a0\u00bb du Domaine : <strong>97-98\/100<\/strong> dans la RVF janvier 2023 pour le mill\u00e9sime <strong>2019<\/strong> en vente \u00e0 la d\u00e9gustation de printemps 2024<\/p>\n<\/div><figure class=\"wp-block-media-text__media\"><img loading=\"lazy\" decoding=\"async\" width=\"526\" height=\"701\" src=\"http:\/\/tgtovsp.cluster031.hosting.ovh.net\/wp-content\/uploads\/2023\/01\/172422229_2009183172553419_8799610060015478481_n.jpg\" alt=\"\" class=\"wp-image-1359 size-full\" srcset=\"https:\/\/www.vinscoeur.be\/wp-content\/uploads\/2023\/01\/172422229_2009183172553419_8799610060015478481_n.jpg 526w, https:\/\/www.vinscoeur.be\/wp-content\/uploads\/2023\/01\/172422229_2009183172553419_8799610060015478481_n-225x300.jpg 225w\" sizes=\"auto, (max-width: 526px) 100vw, 526px\" \/><\/figure><\/div>\n\n\n\n<div style=\"height:100px\" aria-hidden=\"true\" class=\"wp-block-spacer\"><\/div>\n\n\n\n<div class=\"wp-block-media-text alignwide is-stacked-on-mobile\"><figure class=\"wp-block-media-text__media\"><img loading=\"lazy\" decoding=\"async\" width=\"600\" height=\"600\" src=\"http:\/\/tgtovsp.cluster031.hosting.ovh.net\/wp-content\/uploads\/2023\/01\/144000994_243780144037417_4773372813625939533_n.jpg\" alt=\"\" class=\"wp-image-1354 size-full\" srcset=\"https:\/\/www.vinscoeur.be\/wp-content\/uploads\/2023\/01\/144000994_243780144037417_4773372813625939533_n.jpg 600w, https:\/\/www.vinscoeur.be\/wp-content\/uploads\/2023\/01\/144000994_243780144037417_4773372813625939533_n-300x300.jpg 300w, https:\/\/www.vinscoeur.be\/wp-content\/uploads\/2023\/01\/144000994_243780144037417_4773372813625939533_n-100x100.jpg 100w, https:\/\/www.vinscoeur.be\/wp-content\/uploads\/2023\/01\/144000994_243780144037417_4773372813625939533_n-150x150.jpg 150w\" sizes=\"auto, (max-width: 600px) 100vw, 600px\" \/><\/figure><div class=\"wp-block-media-text__content\">\n<p>La cuverie du Domaine<\/p>\n<\/div><\/div>\n\n\n\n<div style=\"height:50px\" aria-hidden=\"true\" class=\"wp-block-spacer\"><\/div>\n\n\n\n<p><font><font><font><strong><em><strong><em><strong><em>Liste des vins disponibles \u00e0 l\u2019achat lors de notre d\u00e9gustation de printemps 2026 :<\/em><\/strong><\/em><\/strong><\/em><\/strong><\/font><\/font><\/font><\/p>\n\n\n\n<div style=\"height:25px\" aria-hidden=\"true\" class=\"wp-block-spacer\"><\/div>\n\n\n\n<figure class=\"wp-block-table is-style-stripes has-small-font-size\"><table class=\"has-colibri-color-6-color has-colibri-color-4-background-color has-text-color has-background has-link-color\"><tbody><tr><td><ul><li><em><strong>Vin Blanc<\/strong><\/em> <\/li><\/ul><\/td><td class=\"has-text-align-right\" data-align=\"right\">&nbsp;<\/td><\/tr><tr><td><mark style=\"background-color:#303e7a\" class=\"has-inline-color has-colibri-color-4-color\">Ch\u00e2teauneuf du P\u00e2pe<\/mark>&nbsp;<\/td><td class=\"has-text-align-right\" data-align=\"right\">2025<\/td><\/tr><tr><td><ul><li><em><strong>Vin Rouge<\/strong><\/em> <\/li><\/ul><\/td><td class=\"has-text-align-right\" data-align=\"right\">&nbsp;<\/td><\/tr><tr><td>C\u00f4tes du Rh\u00f4ne&nbsp;<\/td><td class=\"has-text-align-right\" data-align=\"right\">2024<\/td><\/tr><tr><td><mark style=\"background-color:#303e7a\" class=\"has-inline-color has-colibri-color-4-color\">C\u00f4tes du Rh\u00f4ne Villages<\/mark>&nbsp;<\/td><td class=\"has-text-align-right\" data-align=\"right\">2024<\/td><\/tr><tr><td><mark style=\"background-color:#303e7a\" class=\"has-inline-color has-colibri-color-4-color\">Ch\u00e2teauneuf du P\u00e2pe<\/mark>&nbsp;<\/td><td class=\"has-text-align-right\" data-align=\"right\">2024<\/td><\/tr><tr><td>Ch\u00e2teauneuf du P\u00e2pe \u00ab\u00a0La R\u00e9serve des Cieux\u00a0\u00bb&nbsp;<\/td><td class=\"has-text-align-right\" data-align=\"right\">2023<\/td><\/tr><\/tbody><\/table><figcaption class=\"wp-element-caption\"><strong>Cuv\u00e9es \u00e0 d\u00e9guster le 19 avril 2026<\/strong> :&nbsp;<mark style=\"background-color:#303e7a\" class=\"has-inline-color has-colibri-color-4-color\">nom de la cuv\u00e9e<\/mark><\/figcaption><\/figure>\n\n\n\n<div style=\"height:25px\" aria-hidden=\"true\" class=\"wp-block-spacer\"><\/div>\n\n\n\n<div class=\"wp-block-buttons is-layout-flex wp-block-buttons-is-layout-flex\">\n<div class=\"wp-block-button\"><a class=\"wp-block-button__link wp-element-button\" href=\"https:\/\/www.vinscoeur.be\/index.php\/les-domaines\/\">Retour aux domaines<\/a><\/div>\n<\/div>\n","protected":false},"excerpt":{"rendered":"<p>Lien vers le site du Domaine Nathalie Reynaud propri\u00e9taire du Domaine de l&rsquo;Abb\u00e9 D\u00eene La cuv\u00e9e \u00ab\u00a0Phare\u00a0\u00bb du Domaine : 97-98\/100 dans la RVF janvier 2023 pour le mill\u00e9sime 2019 en vente \u00e0 la d\u00e9gustation de printemps 2024 La cuverie du Domaine Liste des vins disponibles \u00e0 l\u2019achat lors de notre d\u00e9gustation de printemps 2026 [&hellip;]<\/p>\n","protected":false},"author":54,"featured_media":1356,"parent":0,"menu_order":0,"comment_status":"closed","ping_status":"open","template":"","meta":{"_acf_changed":false,"footnotes":""},"categories":[25],"tags":[],"class_list":["post-4077","page","type-page","status-publish","has-post-thumbnail","hentry","category-rhone-sud"],"acf":[],"_links":{"self":[{"href":"https:\/\/www.vinscoeur.be\/index.php\/wp-json\/wp\/v2\/pages\/4077","targetHints":{"allow":["GET"]}}],"collection":[{"href":"https:\/\/www.vinscoeur.be\/index.php\/wp-json\/wp\/v2\/pages"}],"about":[{"href":"https:\/\/www.vinscoeur.be\/index.php\/wp-json\/wp\/v2\/types\/page"}],"author":[{"embeddable":true,"href":"https:\/\/www.vinscoeur.be\/index.php\/wp-json\/wp\/v2\/users\/54"}],"replies":[{"embeddable":true,"href":"https:\/\/www.vinscoeur.be\/index.php\/wp-json\/wp\/v2\/comments?post=4077"}],"version-history":[{"count":8,"href":"https:\/\/www.vinscoeur.be\/index.php\/wp-json\/wp\/v2\/pages\/4077\/revisions"}],"predecessor-version":[{"id":9876,"href":"https:\/\/www.vinscoeur.be\/index.php\/wp-json\/wp\/v2\/pages\/4077\/revisions\/9876"}],"wp:featuredmedia":[{"embeddable":true,"href":"https:\/\/www.vinscoeur.be\/index.php\/wp-json\/wp\/v2\/media\/1356"}],"wp:attachment":[{"href":"https:\/\/www.vinscoeur.be\/index.php\/wp-json\/wp\/v2\/media?parent=4077"}],"wp:term":[{"taxonomy":"category","embeddable":true,"href":"https:\/\/www.vinscoeur.be\/index.php\/wp-json\/wp\/v2\/categories?post=4077"},{"taxonomy":"post_tag","embeddable":true,"href":"https:\/\/www.vinscoeur.be\/index.php\/wp-json\/wp\/v2\/tags?post=4077"}],"curies":[{"name":"wp","href":"https:\/\/api.w.org\/{rel}","templated":true}]}}