{"id":4075,"date":"2023-01-31T13:03:15","date_gmt":"2023-01-31T12:03:15","guid":{"rendered":"http:\/\/ymmnqox.cluster028.hosting.ovh.net\/index.php\/chave-j-l\/"},"modified":"2026-01-02T08:48:46","modified_gmt":"2026-01-02T07:48:46","slug":"chave-j-l","status":"publish","type":"page","link":"https:\/\/www.vinscoeur.be\/index.php\/chave-j-l\/","title":{"rendered":"Domaine Jean-Louis CHAVE"},"content":{"rendered":"\n<p><strong><a href=\"http:\/\/www.domainejlchave.fr\/\" data-type=\"URL\" data-id=\"https:\/\/www.vinscoeur.be\/102\" target=\"_blank\" rel=\"noreferrer noopener\">Lien vers le site du Domaine<\/a><\/strong><\/p>\n\n\n\n<div style=\"height:90px\" aria-hidden=\"true\" class=\"wp-block-spacer\"><\/div>\n\n\n\n<div class=\"wp-block-media-text alignwide is-stacked-on-mobile\"><figure class=\"wp-block-media-text__media\"><img loading=\"lazy\" decoding=\"async\" width=\"1000\" height=\"500\" src=\"http:\/\/tgtovsp.cluster031.hosting.ovh.net\/wp-content\/uploads\/2023\/01\/chave.jpg\" alt=\"\" class=\"wp-image-1330 size-full\" srcset=\"https:\/\/www.vinscoeur.be\/wp-content\/uploads\/2023\/01\/chave.jpg 1000w, https:\/\/www.vinscoeur.be\/wp-content\/uploads\/2023\/01\/chave-600x300.jpg 600w, https:\/\/www.vinscoeur.be\/wp-content\/uploads\/2023\/01\/chave-300x150.jpg 300w, https:\/\/www.vinscoeur.be\/wp-content\/uploads\/2023\/01\/chave-768x384.jpg 768w\" sizes=\"auto, (max-width: 1000px) 100vw, 1000px\" \/><\/figure><div class=\"wp-block-media-text__content\">\n<p>Jean-Louis Chave dans les vignes familiales. Le domaine a \u00e9t\u00e9 cr\u00e9\u00e9 en 1481 par ses a\u00efeux. La r\u00e9putation du domaine est plan\u00e9taire, Jean-Louis Chave \u00e9tant consid\u00e9r\u00e9  comme le P\u00e2pe de l&rsquo;Hermitage<\/p>\n<\/div><\/div>\n\n\n\n<div style=\"height:15px\" aria-hidden=\"true\" class=\"wp-block-spacer\"><\/div>\n\n\n\n<div class=\"wp-block-media-text alignwide is-stacked-on-mobile\"><figure class=\"wp-block-media-text__media\"><img loading=\"lazy\" decoding=\"async\" width=\"600\" height=\"600\" src=\"http:\/\/tgtovsp.cluster031.hosting.ovh.net\/wp-content\/uploads\/2023\/01\/hermitage-blanc-2012-jean-louis-chave-3.jpg\" alt=\"\" class=\"wp-image-1331 size-full\" srcset=\"https:\/\/www.vinscoeur.be\/wp-content\/uploads\/2023\/01\/hermitage-blanc-2012-jean-louis-chave-3.jpg 600w, https:\/\/www.vinscoeur.be\/wp-content\/uploads\/2023\/01\/hermitage-blanc-2012-jean-louis-chave-3-300x300.jpg 300w, https:\/\/www.vinscoeur.be\/wp-content\/uploads\/2023\/01\/hermitage-blanc-2012-jean-louis-chave-3-100x100.jpg 100w, https:\/\/www.vinscoeur.be\/wp-content\/uploads\/2023\/01\/hermitage-blanc-2012-jean-louis-chave-3-150x150.jpg 150w\" sizes=\"auto, (max-width: 600px) 100vw, 600px\" \/><\/figure><div class=\"wp-block-media-text__content\">\n<p>La cuverie du Domaine<\/p>\n<\/div><\/div>\n\n\n\n<div class=\"wp-block-media-text alignwide is-stacked-on-mobile\"><figure class=\"wp-block-media-text__media\"><img loading=\"lazy\" decoding=\"async\" width=\"600\" height=\"600\" src=\"http:\/\/tgtovsp.cluster031.hosting.ovh.net\/wp-content\/uploads\/2023\/01\/hermitage-blanc-2012-jean-louis-chave-1.jpg\" alt=\"\" class=\"wp-image-1333 size-full\" srcset=\"https:\/\/www.vinscoeur.be\/wp-content\/uploads\/2023\/01\/hermitage-blanc-2012-jean-louis-chave-1.jpg 600w, https:\/\/www.vinscoeur.be\/wp-content\/uploads\/2023\/01\/hermitage-blanc-2012-jean-louis-chave-1-300x300.jpg 300w, https:\/\/www.vinscoeur.be\/wp-content\/uploads\/2023\/01\/hermitage-blanc-2012-jean-louis-chave-1-100x100.jpg 100w, https:\/\/www.vinscoeur.be\/wp-content\/uploads\/2023\/01\/hermitage-blanc-2012-jean-louis-chave-1-150x150.jpg 150w\" sizes=\"auto, (max-width: 600px) 100vw, 600px\" \/><\/figure><div class=\"wp-block-media-text__content\">\n<p>Construction de murets de sout\u00e8nement sur les c\u00f4teaux les plus pentus<\/p>\n<\/div><\/div>\n\n\n\n<p><font><font><font><strong><em><font><font><font><strong><em><strong><em>Liste des vins disponibles \u00e0 l\u2019achat lors de notre d\u00e9gustation de printemps 2026 :<\/em><\/strong><\/em><\/strong><\/font><\/font><\/font><\/em><\/strong><\/font><\/font><\/font><\/p>\n\n\n\n<div style=\"height:30px\" aria-hidden=\"true\" class=\"wp-block-spacer\"><\/div>\n\n\n\n<figure class=\"wp-block-table is-style-stripes has-small-font-size\"><table class=\"has-colibri-color-1-color has-colibri-color-4-background-color has-text-color has-background has-link-color\"><tbody><tr><td>\n<ul>\n<li><em><strong>Vin Blanc<\/strong><\/em><\/li>\n<\/ul>\n<\/td><td>&nbsp;<\/td><\/tr><tr><td>Hermitage<\/td><td>2023<\/td><\/tr><tr><td>\n<ul>\n<li><em><strong>Vin Rouge<\/strong><\/em><\/li>\n<\/ul>\n<\/td><td>&nbsp;<\/td><\/tr><tr><td>Saint-Joseph&nbsp;<\/td><td>2023<\/td><\/tr><tr><td>Hermitage&nbsp;<\/td><td>2023<\/td><\/tr><\/tbody><\/table><figcaption class=\"wp-element-caption\">Les cuv\u00e9es d&rsquo;Hermitage sont vendues par paire : 1 blanc et 1 rouge<\/figcaption><\/figure>\n\n\n\n<div style=\"height:30px\" aria-hidden=\"true\" class=\"wp-block-spacer\"><\/div>\n\n\n\n<div class=\"wp-block-buttons is-layout-flex wp-block-buttons-is-layout-flex\">\n<div class=\"wp-block-button\"><a class=\"wp-block-button__link wp-element-button\" href=\"https:\/\/www.vinscoeur.be\/index.php\/les-domaines\/\">Retour aux domaines<\/a><\/div>\n<\/div>\n","protected":false},"excerpt":{"rendered":"<p>Lien vers le site du Domaine Jean-Louis Chave dans les vignes familiales. Le domaine a \u00e9t\u00e9 cr\u00e9\u00e9 en 1481 par ses a\u00efeux. La r\u00e9putation du domaine est plan\u00e9taire, Jean-Louis Chave \u00e9tant consid\u00e9r\u00e9 comme le P\u00e2pe de l&rsquo;Hermitage La cuverie du Domaine Construction de murets de sout\u00e8nement sur les c\u00f4teaux les plus pentus Liste des vins [&hellip;]<\/p>\n","protected":false},"author":54,"featured_media":1330,"parent":0,"menu_order":0,"comment_status":"closed","ping_status":"open","template":"","meta":{"_acf_changed":false,"footnotes":""},"categories":[22],"tags":[],"class_list":["post-4075","page","type-page","status-publish","has-post-thumbnail","hentry","category-rhone"],"acf":[],"_links":{"self":[{"href":"https:\/\/www.vinscoeur.be\/index.php\/wp-json\/wp\/v2\/pages\/4075","targetHints":{"allow":["GET"]}}],"collection":[{"href":"https:\/\/www.vinscoeur.be\/index.php\/wp-json\/wp\/v2\/pages"}],"about":[{"href":"https:\/\/www.vinscoeur.be\/index.php\/wp-json\/wp\/v2\/types\/page"}],"author":[{"embeddable":true,"href":"https:\/\/www.vinscoeur.be\/index.php\/wp-json\/wp\/v2\/users\/54"}],"replies":[{"embeddable":true,"href":"https:\/\/www.vinscoeur.be\/index.php\/wp-json\/wp\/v2\/comments?post=4075"}],"version-history":[{"count":6,"href":"https:\/\/www.vinscoeur.be\/index.php\/wp-json\/wp\/v2\/pages\/4075\/revisions"}],"predecessor-version":[{"id":9838,"href":"https:\/\/www.vinscoeur.be\/index.php\/wp-json\/wp\/v2\/pages\/4075\/revisions\/9838"}],"wp:featuredmedia":[{"embeddable":true,"href":"https:\/\/www.vinscoeur.be\/index.php\/wp-json\/wp\/v2\/media\/1330"}],"wp:attachment":[{"href":"https:\/\/www.vinscoeur.be\/index.php\/wp-json\/wp\/v2\/media?parent=4075"}],"wp:term":[{"taxonomy":"category","embeddable":true,"href":"https:\/\/www.vinscoeur.be\/index.php\/wp-json\/wp\/v2\/categories?post=4075"},{"taxonomy":"post_tag","embeddable":true,"href":"https:\/\/www.vinscoeur.be\/index.php\/wp-json\/wp\/v2\/tags?post=4075"}],"curies":[{"name":"wp","href":"https:\/\/api.w.org\/{rel}","templated":true}]}}