{"id":4074,"date":"2023-01-31T12:35:07","date_gmt":"2023-01-31T11:35:07","guid":{"rendered":"http:\/\/ymmnqox.cluster028.hosting.ovh.net\/index.php\/la-mordoree\/"},"modified":"2026-01-02T08:47:28","modified_gmt":"2026-01-02T07:47:28","slug":"la-mordoree","status":"publish","type":"page","link":"https:\/\/www.vinscoeur.be\/index.php\/la-mordoree\/","title":{"rendered":"Domaine de La MORDOREE"},"content":{"rendered":"\n<p><strong><a href=\"https:\/\/www.domaine-mordoree.com\/\" data-type=\"URL\" data-id=\"https:\/\/www.vinscoeur.be\/101\" target=\"_blank\" rel=\"noreferrer noopener\">Lien vers le site du Domaine<\/a><\/strong><\/p>\n\n\n\n<div style=\"height:50px\" aria-hidden=\"true\" class=\"wp-block-spacer\"><\/div>\n\n\n\n<div class=\"wp-block-media-text alignwide is-stacked-on-mobile\"><figure class=\"wp-block-media-text__media\"><img loading=\"lazy\" decoding=\"async\" width=\"900\" height=\"620\" src=\"http:\/\/tgtovsp.cluster031.hosting.ovh.net\/wp-content\/uploads\/2023\/01\/NosVins9.jpg\" alt=\"\" class=\"wp-image-1319 size-full\" srcset=\"https:\/\/www.vinscoeur.be\/wp-content\/uploads\/2023\/01\/NosVins9.jpg 900w, https:\/\/www.vinscoeur.be\/wp-content\/uploads\/2023\/01\/NosVins9-600x413.jpg 600w, https:\/\/www.vinscoeur.be\/wp-content\/uploads\/2023\/01\/NosVins9-300x207.jpg 300w, https:\/\/www.vinscoeur.be\/wp-content\/uploads\/2023\/01\/NosVins9-768x529.jpg 768w\" sizes=\"auto, (max-width: 900px) 100vw, 900px\" \/><\/figure><div class=\"wp-block-media-text__content\">\n<p>Madeleine Delorme, \u00e9pouse de Christophe  d\u00e9c\u00e9d\u00e9 en 2015 et leur fille Ambre sont aux commandes du Domaine de la Mordor\u00e9e<\/p>\n<\/div><\/div>\n\n\n\n<div style=\"height:100px\" aria-hidden=\"true\" class=\"wp-block-spacer\"><\/div>\n\n\n\n<div class=\"wp-block-media-text alignwide is-stacked-on-mobile\"><figure class=\"wp-block-media-text__media\"><img loading=\"lazy\" decoding=\"async\" width=\"900\" height=\"620\" src=\"http:\/\/tgtovsp.cluster031.hosting.ovh.net\/wp-content\/uploads\/2023\/01\/Domaine7.jpg\" alt=\"\" class=\"wp-image-1320 size-full\" srcset=\"https:\/\/www.vinscoeur.be\/wp-content\/uploads\/2023\/01\/Domaine7.jpg 900w, https:\/\/www.vinscoeur.be\/wp-content\/uploads\/2023\/01\/Domaine7-600x413.jpg 600w, https:\/\/www.vinscoeur.be\/wp-content\/uploads\/2023\/01\/Domaine7-300x207.jpg 300w, https:\/\/www.vinscoeur.be\/wp-content\/uploads\/2023\/01\/Domaine7-768x529.jpg 768w\" sizes=\"auto, (max-width: 900px) 100vw, 900px\" \/><\/figure><div class=\"wp-block-media-text__content\">\n<p>Vue de la cour int\u00e9rieure du Domaine<\/p>\n<\/div><\/div>\n\n\n\n<div style=\"height:100px\" aria-hidden=\"true\" class=\"wp-block-spacer\"><\/div>\n\n\n\n<div class=\"wp-block-media-text alignwide is-stacked-on-mobile\"><figure class=\"wp-block-media-text__media\"><img loading=\"lazy\" decoding=\"async\" width=\"900\" height=\"620\" src=\"http:\/\/tgtovsp.cluster031.hosting.ovh.net\/wp-content\/uploads\/2023\/01\/Domaine8.jpg\" alt=\"\" class=\"wp-image-1321 size-full\" srcset=\"https:\/\/www.vinscoeur.be\/wp-content\/uploads\/2023\/01\/Domaine8.jpg 900w, https:\/\/www.vinscoeur.be\/wp-content\/uploads\/2023\/01\/Domaine8-600x413.jpg 600w, https:\/\/www.vinscoeur.be\/wp-content\/uploads\/2023\/01\/Domaine8-300x207.jpg 300w, https:\/\/www.vinscoeur.be\/wp-content\/uploads\/2023\/01\/Domaine8-768x529.jpg 768w\" sizes=\"auto, (max-width: 900px) 100vw, 900px\" \/><\/figure><div class=\"wp-block-media-text__content\">\n<p>Le caveau de d\u00e9gustation<\/p>\n<\/div><\/div>\n\n\n\n<div style=\"height:50px\" aria-hidden=\"true\" class=\"wp-block-spacer\"><\/div>\n\n\n\n<p><font><font><font><strong><em><strong><em>Liste des vins disponibles \u00e0 l\u2019achat lors de notre d\u00e9gustation de printemps 2026 :<\/em><\/strong><\/em><\/strong><\/font><\/font><\/font><\/p>\n\n\n\n<div style=\"height:25px\" aria-hidden=\"true\" class=\"wp-block-spacer\"><\/div>\n\n\n\n<figure class=\"wp-block-table is-style-stripes has-small-font-size\"><table class=\"has-colibri-color-6-color has-colibri-color-4-background-color has-text-color has-background has-link-color\"><tbody><tr><td>\n<ul>\n<li><em><strong>Vin Ros\u00e9<\/strong><\/em><\/li>\n<\/ul>\n<\/td><td class=\"has-text-align-right\" data-align=\"right\">&nbsp;<\/td><\/tr><tr><td><mark style=\"background-color:#303e7a\" class=\"has-inline-color has-colibri-color-4-color\">C\u00f4tes du Rh\u00f4ne Dame Rousse<\/mark><\/td><td class=\"has-text-align-right\" data-align=\"right\">2025<\/td><\/tr><tr><td><mark style=\"background-color:#303e7a\" class=\"has-inline-color has-colibri-color-4-color\">Tavel Dame Rousse<\/mark>&nbsp;<\/td><td class=\"has-text-align-right\" data-align=\"right\">2025<\/td><\/tr><tr><td>Tavel Reine des Bois<\/td><td class=\"has-text-align-right\" data-align=\"right\">2025<\/td><\/tr><tr><td>\n<ul>\n<li><em><strong>Vin Blanc<\/strong><\/em><\/li>\n<\/ul>\n<\/td><td class=\"has-text-align-right\" data-align=\"right\">&nbsp;<\/td><\/tr><tr><td><mark style=\"background-color:#303e7a\" class=\"has-inline-color has-colibri-color-4-color\">Lirac Reine des Bois<\/mark>&nbsp;<\/td><td class=\"has-text-align-right\" data-align=\"right\">2025<\/td><\/tr><tr><td>\n<ul>\n<li><em><strong>Vin Rouge<\/strong><\/em><\/li>\n<\/ul>\n<\/td><td class=\"has-text-align-right\" data-align=\"right\">&nbsp;<\/td><\/tr><tr><td><\/td><td class=\"has-text-align-right\" data-align=\"right\"><\/td><\/tr><tr><td><mark style=\"background-color:#303e7a\" class=\"has-inline-color has-colibri-color-4-color\">C\u00f4tes du Rh\u00f4ne Domaine de la Mordor\u00e9e (anciennement Dame Rousse)<\/mark>&nbsp;<\/td><td class=\"has-text-align-right\" data-align=\"right\">2025<\/td><\/tr><tr><td>Vin de France Les Lauzes<\/td><td class=\"has-text-align-right\" data-align=\"right\">2024<\/td><\/tr><tr><td><mark style=\"background-color:#303e7a\" class=\"has-inline-color has-colibri-color-4-color\">Lirac Dame Rousse<\/mark>&nbsp;&nbsp;<\/td><td class=\"has-text-align-right\" data-align=\"right\">2023<\/td><\/tr><tr><td><mark style=\"background-color:#303e7a\" class=\"has-inline-color has-colibri-color-4-color\">Lirac Reine des Bois<\/mark>&nbsp;<\/td><td class=\"has-text-align-right\" data-align=\"right\">2023<\/td><\/tr><tr><td>Ch\u00e2teauneuf-du-Pape Reine des Bois&nbsp;<\/td><td class=\"has-text-align-right\" data-align=\"right\">2023<\/td><\/tr><tr><td>Ch\u00e2teauneuf-du-Pape Reine des Bois magnum&nbsp;<\/td><td class=\"has-text-align-right\" data-align=\"right\">2023<\/td><\/tr><\/tbody><\/table><figcaption class=\"wp-element-caption\"><strong>Cuv\u00e9es \u00e0 d\u00e9guster le 19 avril 2026<\/strong> :\u00a0<mark style=\"background-color:#303e7a\" class=\"has-inline-color has-colibri-color-4-color\">nom de la cuv\u00e9e<\/mark><\/figcaption><\/figure>\n\n\n\n<div style=\"height:25px\" aria-hidden=\"true\" class=\"wp-block-spacer\"><\/div>\n\n\n\n<div class=\"wp-block-buttons is-layout-flex wp-block-buttons-is-layout-flex\">\n<div class=\"wp-block-button\"><a class=\"wp-block-button__link wp-element-button\" href=\"https:\/\/www.vinscoeur.be\/index.php\/les-domaines\/\">Retour aux domaines<\/a><\/div>\n<\/div>\n","protected":false},"excerpt":{"rendered":"<p>Lien vers le site du Domaine Madeleine Delorme, \u00e9pouse de Christophe d\u00e9c\u00e9d\u00e9 en 2015 et leur fille Ambre sont aux commandes du Domaine de la Mordor\u00e9e Vue de la cour int\u00e9rieure du Domaine Le caveau de d\u00e9gustation Liste des vins disponibles \u00e0 l\u2019achat lors de notre d\u00e9gustation de printemps 2026 : Vin Ros\u00e9 &nbsp; C\u00f4tes [&hellip;]<\/p>\n","protected":false},"author":54,"featured_media":1471,"parent":0,"menu_order":0,"comment_status":"closed","ping_status":"open","template":"","meta":{"_acf_changed":false,"footnotes":""},"categories":[25],"tags":[],"class_list":["post-4074","page","type-page","status-publish","has-post-thumbnail","hentry","category-rhone-sud"],"acf":[],"_links":{"self":[{"href":"https:\/\/www.vinscoeur.be\/index.php\/wp-json\/wp\/v2\/pages\/4074","targetHints":{"allow":["GET"]}}],"collection":[{"href":"https:\/\/www.vinscoeur.be\/index.php\/wp-json\/wp\/v2\/pages"}],"about":[{"href":"https:\/\/www.vinscoeur.be\/index.php\/wp-json\/wp\/v2\/types\/page"}],"author":[{"embeddable":true,"href":"https:\/\/www.vinscoeur.be\/index.php\/wp-json\/wp\/v2\/users\/54"}],"replies":[{"embeddable":true,"href":"https:\/\/www.vinscoeur.be\/index.php\/wp-json\/wp\/v2\/comments?post=4074"}],"version-history":[{"count":9,"href":"https:\/\/www.vinscoeur.be\/index.php\/wp-json\/wp\/v2\/pages\/4074\/revisions"}],"predecessor-version":[{"id":9837,"href":"https:\/\/www.vinscoeur.be\/index.php\/wp-json\/wp\/v2\/pages\/4074\/revisions\/9837"}],"wp:featuredmedia":[{"embeddable":true,"href":"https:\/\/www.vinscoeur.be\/index.php\/wp-json\/wp\/v2\/media\/1471"}],"wp:attachment":[{"href":"https:\/\/www.vinscoeur.be\/index.php\/wp-json\/wp\/v2\/media?parent=4074"}],"wp:term":[{"taxonomy":"category","embeddable":true,"href":"https:\/\/www.vinscoeur.be\/index.php\/wp-json\/wp\/v2\/categories?post=4074"},{"taxonomy":"post_tag","embeddable":true,"href":"https:\/\/www.vinscoeur.be\/index.php\/wp-json\/wp\/v2\/tags?post=4074"}],"curies":[{"name":"wp","href":"https:\/\/api.w.org\/{rel}","templated":true}]}}