{"id":4071,"date":"2023-01-30T22:24:51","date_gmt":"2023-01-30T21:24:51","guid":{"rendered":"http:\/\/ymmnqox.cluster028.hosting.ovh.net\/index.php\/canet-valette\/"},"modified":"2025-12-26T10:42:38","modified_gmt":"2025-12-26T09:42:38","slug":"canet-valette","status":"publish","type":"page","link":"https:\/\/www.vinscoeur.be\/index.php\/canet-valette\/","title":{"rendered":"Domaine CANET VALETTE"},"content":{"rendered":"\n<p><a href=\"https:\/\/www.canetvalette.com\/\" data-type=\"URL\" data-id=\"https:\/\/www.vinscoeur.be\/98\" target=\"_blank\" rel=\"noreferrer noopener\"><strong>Lien vers le site du Domaine<\/strong><\/a><\/p>\n\n\n\n<div style=\"height:50px\" aria-hidden=\"true\" class=\"wp-block-spacer\"><\/div>\n\n\n\n<div class=\"wp-block-media-text alignwide is-stacked-on-mobile\"><figure class=\"wp-block-media-text__media\"><img loading=\"lazy\" decoding=\"async\" width=\"680\" height=\"510\" src=\"http:\/\/tgtovsp.cluster031.hosting.ovh.net\/wp-content\/uploads\/2023\/01\/CAVE1.jpg\" alt=\"\" class=\"wp-image-1265 size-full\" srcset=\"https:\/\/www.vinscoeur.be\/wp-content\/uploads\/2023\/01\/CAVE1.jpg 680w, https:\/\/www.vinscoeur.be\/wp-content\/uploads\/2023\/01\/CAVE1-600x450.jpg 600w, https:\/\/www.vinscoeur.be\/wp-content\/uploads\/2023\/01\/CAVE1-300x225.jpg 300w\" sizes=\"auto, (max-width: 680px) 100vw, 680px\" \/><\/figure><div class=\"wp-block-media-text__content\">\n<p>Le Domaine Canet Valette<\/p>\n<\/div><\/div>\n\n\n\n<div style=\"height:100px\" aria-hidden=\"true\" class=\"wp-block-spacer\"><\/div>\n\n\n\n<div class=\"wp-block-media-text alignwide is-stacked-on-mobile\"><figure class=\"wp-block-media-text__media\"><img loading=\"lazy\" decoding=\"async\" width=\"1024\" height=\"683\" src=\"http:\/\/tgtovsp.cluster031.hosting.ovh.net\/wp-content\/uploads\/2023\/01\/peche-divin-la-cave-caviste-jacou-montpellier-vignerons-languedoc-Canet-Valette-galerie-1-1024x683.jpg\" alt=\"\" class=\"wp-image-1266 size-full\" srcset=\"https:\/\/www.vinscoeur.be\/wp-content\/uploads\/2023\/01\/peche-divin-la-cave-caviste-jacou-montpellier-vignerons-languedoc-Canet-Valette-galerie-1-1024x683.jpg 1024w, https:\/\/www.vinscoeur.be\/wp-content\/uploads\/2023\/01\/peche-divin-la-cave-caviste-jacou-montpellier-vignerons-languedoc-Canet-Valette-galerie-1-600x400.jpg 600w, https:\/\/www.vinscoeur.be\/wp-content\/uploads\/2023\/01\/peche-divin-la-cave-caviste-jacou-montpellier-vignerons-languedoc-Canet-Valette-galerie-1-300x200.jpg 300w, https:\/\/www.vinscoeur.be\/wp-content\/uploads\/2023\/01\/peche-divin-la-cave-caviste-jacou-montpellier-vignerons-languedoc-Canet-Valette-galerie-1-768x512.jpg 768w, https:\/\/www.vinscoeur.be\/wp-content\/uploads\/2023\/01\/peche-divin-la-cave-caviste-jacou-montpellier-vignerons-languedoc-Canet-Valette-galerie-1.jpg 1368w\" sizes=\"auto, (max-width: 1024px) 100vw, 1024px\" \/><\/figure><div class=\"wp-block-media-text__content\">\n<p>Marc Valette dans sa cuverie<\/p>\n<\/div><\/div>\n\n\n\n<div style=\"height:100px\" aria-hidden=\"true\" class=\"wp-block-spacer\"><\/div>\n\n\n\n<div class=\"wp-block-media-text alignwide is-stacked-on-mobile\"><figure class=\"wp-block-media-text__media\"><img loading=\"lazy\" decoding=\"async\" width=\"795\" height=\"333\" src=\"http:\/\/tgtovsp.cluster031.hosting.ovh.net\/wp-content\/uploads\/2023\/01\/21_771196153.webp\" alt=\"\" class=\"wp-image-1269 size-full\" srcset=\"https:\/\/www.vinscoeur.be\/wp-content\/uploads\/2023\/01\/21_771196153.webp 795w, https:\/\/www.vinscoeur.be\/wp-content\/uploads\/2023\/01\/21_771196153-600x251.webp 600w, https:\/\/www.vinscoeur.be\/wp-content\/uploads\/2023\/01\/21_771196153-300x126.webp 300w, https:\/\/www.vinscoeur.be\/wp-content\/uploads\/2023\/01\/21_771196153-768x322.webp 768w\" sizes=\"auto, (max-width: 795px) 100vw, 795px\" \/><\/figure><div class=\"wp-block-media-text__content\">\n<p>Le vignoble de St. Chinian<\/p>\n<\/div><\/div>\n\n\n\n<div style=\"height:50px\" aria-hidden=\"true\" class=\"wp-block-spacer\"><\/div>\n\n\n\n<p><font><font><font><strong><em><strong><em><strong><em><strong><em><strong><em>Liste des vins disponibles \u00e0 l\u2019achat lors de notre d\u00e9gustation de printemps 2026 :<\/em><\/strong><\/em><\/strong><\/em><\/strong><\/em><\/strong><\/em><\/strong><\/font><\/font><\/font><\/p>\n\n\n\n<div style=\"height:25px\" aria-hidden=\"true\" class=\"wp-block-spacer\"><\/div>\n\n\n\n<figure class=\"wp-block-table is-style-stripes has-small-font-size\"><table class=\"has-colibri-color-6-color has-colibri-color-4-background-color has-text-color has-background has-link-color\"><tbody><tr><td><ul><br><li><em><strong>Vins Rouge<\/strong><\/em><\/li><br><\/ul><\/td><td class=\"has-text-align-right\" data-align=\"right\">&nbsp;<\/td><td>&nbsp;<\/td><\/tr><tr><td>St. Chinian &#8211; Ivresses<\/td><td class=\"has-text-align-right\" data-align=\"right\">2024<\/td><td><\/td><\/tr><tr><td><mark style=\"background-color:#303e7a\" class=\"has-inline-color has-colibri-color-4-color\">St. Chinian &#8211; Maghani<\/mark><\/td><td class=\"has-text-align-right\" data-align=\"right\">2021 ou 2022<\/td><td><\/td><\/tr><\/tbody><\/table><figcaption class=\"wp-element-caption\">Cuv\u00e9es \u00e0 d\u00e9guster le 19 avril 2026 :\u00a0<mark style=\"background-color:#303e7a\" class=\"has-inline-color has-colibri-color-4-color\">nom de la cuv\u00e9e<\/mark><\/figcaption><\/figure>\n\n\n\n<div style=\"height:25px\" aria-hidden=\"true\" class=\"wp-block-spacer\"><\/div>\n\n\n\n<div class=\"wp-block-buttons is-layout-flex wp-block-buttons-is-layout-flex\">\n<div class=\"wp-block-button\"><a class=\"wp-block-button__link wp-element-button\" href=\"https:\/\/www.vinscoeur.be\/index.php\/les-domaines\/\" target=\"_blank\" rel=\"noreferrer noopener\">Retour aux domaines<\/a><\/div>\n<\/div>\n","protected":false},"excerpt":{"rendered":"<p>Lien vers le site du Domaine Le Domaine Canet Valette Marc Valette dans sa cuverie Le vignoble de St. Chinian Liste des vins disponibles \u00e0 l\u2019achat lors de notre d\u00e9gustation de printemps 2026 : Vins Rouge &nbsp; &nbsp; St. Chinian &#8211; Ivresses 2024 St. Chinian &#8211; Maghani 2021 ou 2022 Cuv\u00e9es \u00e0 d\u00e9guster le 19 [&hellip;]<\/p>\n","protected":false},"author":54,"featured_media":1265,"parent":0,"menu_order":0,"comment_status":"closed","ping_status":"open","template":"","meta":{"_acf_changed":false,"footnotes":""},"categories":[15],"tags":[],"class_list":["post-4071","page","type-page","status-publish","has-post-thumbnail","hentry","category-languedoc"],"acf":[],"_links":{"self":[{"href":"https:\/\/www.vinscoeur.be\/index.php\/wp-json\/wp\/v2\/pages\/4071","targetHints":{"allow":["GET"]}}],"collection":[{"href":"https:\/\/www.vinscoeur.be\/index.php\/wp-json\/wp\/v2\/pages"}],"about":[{"href":"https:\/\/www.vinscoeur.be\/index.php\/wp-json\/wp\/v2\/types\/page"}],"author":[{"embeddable":true,"href":"https:\/\/www.vinscoeur.be\/index.php\/wp-json\/wp\/v2\/users\/54"}],"replies":[{"embeddable":true,"href":"https:\/\/www.vinscoeur.be\/index.php\/wp-json\/wp\/v2\/comments?post=4071"}],"version-history":[{"count":6,"href":"https:\/\/www.vinscoeur.be\/index.php\/wp-json\/wp\/v2\/pages\/4071\/revisions"}],"predecessor-version":[{"id":9759,"href":"https:\/\/www.vinscoeur.be\/index.php\/wp-json\/wp\/v2\/pages\/4071\/revisions\/9759"}],"wp:featuredmedia":[{"embeddable":true,"href":"https:\/\/www.vinscoeur.be\/index.php\/wp-json\/wp\/v2\/media\/1265"}],"wp:attachment":[{"href":"https:\/\/www.vinscoeur.be\/index.php\/wp-json\/wp\/v2\/media?parent=4071"}],"wp:term":[{"taxonomy":"category","embeddable":true,"href":"https:\/\/www.vinscoeur.be\/index.php\/wp-json\/wp\/v2\/categories?post=4071"},{"taxonomy":"post_tag","embeddable":true,"href":"https:\/\/www.vinscoeur.be\/index.php\/wp-json\/wp\/v2\/tags?post=4071"}],"curies":[{"name":"wp","href":"https:\/\/api.w.org\/{rel}","templated":true}]}}