{"id":4070,"date":"2023-01-30T17:50:10","date_gmt":"2023-01-30T16:50:10","guid":{"rendered":"http:\/\/ymmnqox.cluster028.hosting.ovh.net\/index.php\/reverdy-ducroux\/"},"modified":"2025-09-16T12:13:57","modified_gmt":"2025-09-16T10:13:57","slug":"reverdy-ducroux","status":"publish","type":"page","link":"https:\/\/www.vinscoeur.be\/index.php\/reverdy-ducroux\/","title":{"rendered":"Domaine REVERDY-DUCROUX"},"content":{"rendered":"\n<p><strong><a href=\"https:\/\/www.sancerre-reverdy-ducroux.com\/\" data-type=\"URL\" data-id=\"https:\/\/www.vinscoeur.be\/97\" target=\"_blank\" rel=\"noreferrer noopener\">Lien vers le site du Domaine<\/a><\/strong><\/p>\n\n\n\n<div style=\"height:50px\" aria-hidden=\"true\" class=\"wp-block-spacer\"><\/div>\n\n\n\n<div class=\"wp-block-media-text alignwide is-stacked-on-mobile\"><figure class=\"wp-block-media-text__media\"><img loading=\"lazy\" decoding=\"async\" width=\"590\" height=\"440\" src=\"https:\/\/www.vinscoeur.be\/wp-content\/uploads\/2024\/07\/sancerre_bouffants.jpeg\" alt=\"\" class=\"wp-image-6160 size-full\" srcset=\"https:\/\/www.vinscoeur.be\/wp-content\/uploads\/2024\/07\/sancerre_bouffants.jpeg 590w, https:\/\/www.vinscoeur.be\/wp-content\/uploads\/2024\/07\/sancerre_bouffants-300x224.jpeg 300w\" sizes=\"auto, (max-width: 590px) 100vw, 590px\" \/><\/figure><div class=\"wp-block-media-text__content\">\n<p>Le vieux moulin des Bouffants (d\u00e9capit\u00e9) \u00ab\u00a0plant\u00e9\u00a0\u00bb dans le vignoble du Domaine Reverdy-Ducroux.<\/p>\n<\/div><\/div>\n\n\n\n<div style=\"height:100px\" aria-hidden=\"true\" class=\"wp-block-spacer\"><\/div>\n\n\n\n<div class=\"wp-block-media-text alignwide is-stacked-on-mobile\"><figure class=\"wp-block-media-text__media\"><img loading=\"lazy\" decoding=\"async\" width=\"680\" height=\"510\" src=\"https:\/\/www.vinscoeur.be\/wp-content\/uploads\/2024\/01\/2021-08-17.jpg\" alt=\"\" class=\"wp-image-3450 size-full\" srcset=\"https:\/\/www.vinscoeur.be\/wp-content\/uploads\/2024\/01\/2021-08-17.jpg 680w, https:\/\/www.vinscoeur.be\/wp-content\/uploads\/2024\/01\/2021-08-17-300x225.jpg 300w\" sizes=\"auto, (max-width: 680px) 100vw, 680px\" \/><\/figure><div class=\"wp-block-media-text__content\">\n<p>La cave de vieillissement <\/p>\n\n\n\n<p>des Sancerres rouges.<\/p>\n<\/div><\/div>\n\n\n\n<div style=\"height:100px\" aria-hidden=\"true\" class=\"wp-block-spacer\"><\/div>\n\n\n\n<figure class=\"wp-block-gallery has-nested-images columns-5 wp-block-gallery-1 is-layout-flex wp-block-gallery-is-layout-flex\">\n<figure class=\"wp-block-image size-full\"><img loading=\"lazy\" decoding=\"async\" width=\"134\" height=\"500\" data-id=\"8716\" src=\"https:\/\/www.vinscoeur.be\/wp-content\/uploads\/2025\/08\/clos-du-roy-2.png\" alt=\"\" class=\"wp-image-8716\" srcset=\"https:\/\/www.vinscoeur.be\/wp-content\/uploads\/2025\/08\/clos-du-roy-2.png 134w, https:\/\/www.vinscoeur.be\/wp-content\/uploads\/2025\/08\/clos-du-roy-2-80x300.png 80w\" sizes=\"auto, (max-width: 134px) 100vw, 134px\" \/><\/figure>\n\n\n\n<figure class=\"wp-block-image size-full\"><img loading=\"lazy\" decoding=\"async\" width=\"299\" height=\"1100\" data-id=\"8718\" src=\"https:\/\/www.vinscoeur.be\/wp-content\/uploads\/2025\/08\/grand-chemarin-2.png\" alt=\"\" class=\"wp-image-8718\" srcset=\"https:\/\/www.vinscoeur.be\/wp-content\/uploads\/2025\/08\/grand-chemarin-2.png 299w, https:\/\/www.vinscoeur.be\/wp-content\/uploads\/2025\/08\/grand-chemarin-2-278x1024.png 278w\" sizes=\"auto, (max-width: 299px) 100vw, 299px\" \/><\/figure>\n\n\n\n<figure class=\"wp-block-image size-full\"><img loading=\"lazy\" decoding=\"async\" width=\"144\" height=\"500\" data-id=\"8717\" src=\"https:\/\/www.vinscoeur.be\/wp-content\/uploads\/2025\/08\/montee-de-bouffant.png\" alt=\"\" class=\"wp-image-8717\" srcset=\"https:\/\/www.vinscoeur.be\/wp-content\/uploads\/2025\/08\/montee-de-bouffant.png 144w, https:\/\/www.vinscoeur.be\/wp-content\/uploads\/2025\/08\/montee-de-bouffant-86x300.png 86w\" sizes=\"auto, (max-width: 144px) 100vw, 144px\" \/><\/figure>\n\n\n\n<figure class=\"wp-block-image size-full\"><img loading=\"lazy\" decoding=\"async\" width=\"136\" height=\"500\" data-id=\"8719\" src=\"https:\/\/www.vinscoeur.be\/wp-content\/uploads\/2025\/08\/beau-regard-2.png\" alt=\"\" class=\"wp-image-8719\" srcset=\"https:\/\/www.vinscoeur.be\/wp-content\/uploads\/2025\/08\/beau-regard-2.png 136w, https:\/\/www.vinscoeur.be\/wp-content\/uploads\/2025\/08\/beau-regard-2-82x300.png 82w\" sizes=\"auto, (max-width: 136px) 100vw, 136px\" \/><\/figure>\n\n\n\n<figure class=\"wp-block-image size-full\"><img loading=\"lazy\" decoding=\"async\" width=\"143\" height=\"500\" data-id=\"8721\" src=\"https:\/\/www.vinscoeur.be\/wp-content\/uploads\/2025\/08\/grappes-entieres-3.png\" alt=\"\" class=\"wp-image-8721\" srcset=\"https:\/\/www.vinscoeur.be\/wp-content\/uploads\/2025\/08\/grappes-entieres-3.png 143w, https:\/\/www.vinscoeur.be\/wp-content\/uploads\/2025\/08\/grappes-entieres-3-86x300.png 86w\" sizes=\"auto, (max-width: 143px) 100vw, 143px\" \/><\/figure>\n<figcaption class=\"blocks-gallery-caption wp-element-caption\">Les 5  cuv\u00e9es disponibles \u00e0 la vente d&rsquo;automne 2025.<\/figcaption><\/figure>\n\n\n\n<div style=\"height:50px\" aria-hidden=\"true\" class=\"wp-block-spacer\"><\/div>\n\n\n\n<p><em><strong><em>Liste des vins disponibles \u00e0 l\u2019achat lors de notre d\u00e9gustation d<\/em>&lsquo;automne<em> 2025 :<\/em><\/strong><\/em><\/p>\n\n\n\n<div style=\"height:30px\" aria-hidden=\"true\" class=\"wp-block-spacer\"><\/div>\n\n\n\n<figure class=\"wp-block-table is-style-stripes has-small-font-size\"><table class=\"has-colibri-color-6-color has-colibri-color-2-background-color has-text-color has-background has-link-color\"><tbody><tr><td> <ul> <li><em><strong>Vin Blanc<\/strong><\/em><\/li> <\/ul> <\/td><td class=\"has-text-align-center\" data-align=\"center\">&nbsp;<\/td><td>&nbsp;<\/td><\/tr><tr><td>Sancerre \u00ab\u00a0Clos du Roi\u00a0\u00bb<\/td><td class=\"has-text-align-center\" data-align=\"center\">2024<\/td><td><\/td><\/tr><tr><td>Sancerre \u00ab\u00a0Grand Chemarin\u00a0\u00bb<\/td><td class=\"has-text-align-center\" data-align=\"center\">2024<\/td><td><\/td><\/tr><tr><td><mark style=\"background-color:#303e7a\" class=\"has-inline-color has-colibri-color-4-color\">Sancerre \u00ab\u00a0Mont\u00e9e de Bouffant\u00a0\u00bb<\/mark><\/td><td class=\"has-text-align-center\" data-align=\"center\">2023<\/td><td><\/td><\/tr><tr><td>\n<ul>\n<li><em><strong>Vin Rouge<\/strong><\/em><\/li>\n<\/ul>\n<\/td><td class=\"has-text-align-center\" data-align=\"center\">&nbsp;<\/td><td>&nbsp;<\/td><\/tr><tr><td><mark style=\"background-color:#303e7a\" class=\"has-inline-color has-colibri-color-4-color\">Sancerre \u00ab\u00a0Beauregard\u00a0\u00bb<\/mark><\/td><td class=\"has-text-align-center\" data-align=\"center\">2023<\/td><td><\/td><\/tr><tr><td>Sancerre \u00ab\u00a0Les Grappes Enti\u00e8res\u00a0\u00bb<\/td><td class=\"has-text-align-center\" data-align=\"center\">2022<\/td><td><\/td><\/tr><\/tbody><\/table><figcaption class=\"wp-element-caption\">Cuv\u00e9es d\u00e9gust\u00e9es le 13 septembre 2025 :\u00a0<mark style=\"background-color:#303e7a\" class=\"has-inline-color has-colibri-color-4-color\">nom de la cuv\u00e9e<\/mark><\/figcaption><\/figure>\n\n\n\n<div style=\"height:25px\" aria-hidden=\"true\" class=\"wp-block-spacer\"><\/div>\n\n\n\n<div class=\"wp-block-buttons is-layout-flex wp-block-buttons-is-layout-flex\">\n<div class=\"wp-block-button\"><a class=\"wp-block-button__link wp-element-button\" href=\"https:\/\/www.vinscoeur.be\/index.php\/les-domaines\/\">Retour aux domaines<\/a><\/div>\n<\/div>\n\n\n\n<p><\/p>\n","protected":false},"excerpt":{"rendered":"<p>Lien vers le site du Domaine Le vieux moulin des Bouffants (d\u00e9capit\u00e9) \u00ab\u00a0plant\u00e9\u00a0\u00bb dans le vignoble du Domaine Reverdy-Ducroux. La cave de vieillissement des Sancerres rouges. Liste des vins disponibles \u00e0 l\u2019achat lors de notre d\u00e9gustation d&lsquo;automne 2025 : Vin Blanc &nbsp; &nbsp; Sancerre \u00ab\u00a0Clos du Roi\u00a0\u00bb 2024 Sancerre \u00ab\u00a0Grand Chemarin\u00a0\u00bb 2024 Sancerre \u00ab\u00a0Mont\u00e9e de [&hellip;]<\/p>\n","protected":false},"author":54,"featured_media":1169,"parent":0,"menu_order":0,"comment_status":"closed","ping_status":"open","template":"","meta":{"_acf_changed":false,"footnotes":""},"categories":[10],"tags":[],"class_list":["post-4070","page","type-page","status-publish","has-post-thumbnail","hentry","category-loire"],"acf":[],"_links":{"self":[{"href":"https:\/\/www.vinscoeur.be\/index.php\/wp-json\/wp\/v2\/pages\/4070","targetHints":{"allow":["GET"]}}],"collection":[{"href":"https:\/\/www.vinscoeur.be\/index.php\/wp-json\/wp\/v2\/pages"}],"about":[{"href":"https:\/\/www.vinscoeur.be\/index.php\/wp-json\/wp\/v2\/types\/page"}],"author":[{"embeddable":true,"href":"https:\/\/www.vinscoeur.be\/index.php\/wp-json\/wp\/v2\/users\/54"}],"replies":[{"embeddable":true,"href":"https:\/\/www.vinscoeur.be\/index.php\/wp-json\/wp\/v2\/comments?post=4070"}],"version-history":[{"count":19,"href":"https:\/\/www.vinscoeur.be\/index.php\/wp-json\/wp\/v2\/pages\/4070\/revisions"}],"predecessor-version":[{"id":9026,"href":"https:\/\/www.vinscoeur.be\/index.php\/wp-json\/wp\/v2\/pages\/4070\/revisions\/9026"}],"wp:featuredmedia":[{"embeddable":true,"href":"https:\/\/www.vinscoeur.be\/index.php\/wp-json\/wp\/v2\/media\/1169"}],"wp:attachment":[{"href":"https:\/\/www.vinscoeur.be\/index.php\/wp-json\/wp\/v2\/media?parent=4070"}],"wp:term":[{"taxonomy":"category","embeddable":true,"href":"https:\/\/www.vinscoeur.be\/index.php\/wp-json\/wp\/v2\/categories?post=4070"},{"taxonomy":"post_tag","embeddable":true,"href":"https:\/\/www.vinscoeur.be\/index.php\/wp-json\/wp\/v2\/tags?post=4070"}],"curies":[{"name":"wp","href":"https:\/\/api.w.org\/{rel}","templated":true}]}}