{"id":4065,"date":"2023-01-30T15:37:19","date_gmt":"2023-01-30T14:37:19","guid":{"rendered":"http:\/\/ymmnqox.cluster028.hosting.ovh.net\/index.php\/la-cotelleraie\/"},"modified":"2026-03-31T23:36:04","modified_gmt":"2026-03-31T21:36:04","slug":"la-cotelleraie","status":"publish","type":"page","link":"https:\/\/www.vinscoeur.be\/index.php\/la-cotelleraie\/","title":{"rendered":"Domaine de la COTELLERAIE"},"content":{"rendered":"\n<p><a href=\"http:\/\/www.domaine-cotelleraie.fr\/\" data-type=\"URL\" data-id=\"https:\/\/www.vinscoeur.be\/94\" target=\"_blank\" rel=\"noreferrer noopener\"><strong>Lien vers le site du Domaine<\/strong><\/a><\/p>\n\n\n\n<div style=\"height:50px\" aria-hidden=\"true\" class=\"wp-block-spacer\"><\/div>\n\n\n\n<div class=\"wp-block-media-text alignwide is-stacked-on-mobile\"><figure class=\"wp-block-media-text__media\"><img loading=\"lazy\" decoding=\"async\" width=\"1005\" height=\"1005\" src=\"http:\/\/tgtovsp.cluster031.hosting.ovh.net\/wp-content\/uploads\/2023\/01\/puid_4332d0d9-cf52-4103-a5b3-80995b3cc9a9_1005_4090.jpg\" alt=\"\" class=\"wp-image-1166 size-full\" srcset=\"https:\/\/www.vinscoeur.be\/wp-content\/uploads\/2023\/01\/puid_4332d0d9-cf52-4103-a5b3-80995b3cc9a9_1005_4090.jpg 1005w, https:\/\/www.vinscoeur.be\/wp-content\/uploads\/2023\/01\/puid_4332d0d9-cf52-4103-a5b3-80995b3cc9a9_1005_4090-300x300.jpg 300w, https:\/\/www.vinscoeur.be\/wp-content\/uploads\/2023\/01\/puid_4332d0d9-cf52-4103-a5b3-80995b3cc9a9_1005_4090-100x100.jpg 100w, https:\/\/www.vinscoeur.be\/wp-content\/uploads\/2023\/01\/puid_4332d0d9-cf52-4103-a5b3-80995b3cc9a9_1005_4090-600x600.jpg 600w, https:\/\/www.vinscoeur.be\/wp-content\/uploads\/2023\/01\/puid_4332d0d9-cf52-4103-a5b3-80995b3cc9a9_1005_4090-150x150.jpg 150w, https:\/\/www.vinscoeur.be\/wp-content\/uploads\/2023\/01\/puid_4332d0d9-cf52-4103-a5b3-80995b3cc9a9_1005_4090-768x768.jpg 768w\" sizes=\"auto, (max-width: 1005px) 100vw, 1005px\" \/><\/figure><div class=\"wp-block-media-text__content\">\n<p>G\u00e9rard Vall\u00e9e, le propri\u00e9taire et vigneron du Domaine<\/p>\n<\/div><\/div>\n\n\n\n<div style=\"height:100px\" aria-hidden=\"true\" class=\"wp-block-spacer\"><\/div>\n\n\n\n<div class=\"wp-block-media-text alignwide has-media-on-the-right is-stacked-on-mobile\"><div class=\"wp-block-media-text__content\">\n<p>Au travail dans les vignes &#8230;<\/p>\n<\/div><figure class=\"wp-block-media-text__media\"><img loading=\"lazy\" decoding=\"async\" width=\"438\" height=\"236\" src=\"http:\/\/tgtovsp.cluster031.hosting.ovh.net\/wp-content\/uploads\/2023\/01\/Travail-de-la-vigne-La-Cotellerais-JPGweb0036-438x236-1.jpg\" alt=\"\" class=\"wp-image-1164 size-full\" srcset=\"https:\/\/www.vinscoeur.be\/wp-content\/uploads\/2023\/01\/Travail-de-la-vigne-La-Cotellerais-JPGweb0036-438x236-1.jpg 438w, https:\/\/www.vinscoeur.be\/wp-content\/uploads\/2023\/01\/Travail-de-la-vigne-La-Cotellerais-JPGweb0036-438x236-1-300x162.jpg 300w\" sizes=\"auto, (max-width: 438px) 100vw, 438px\" \/><\/figure><\/div>\n\n\n\n<div style=\"height:100px\" aria-hidden=\"true\" class=\"wp-block-spacer\"><\/div>\n\n\n\n<div class=\"wp-block-media-text alignwide is-stacked-on-mobile\"><figure class=\"wp-block-media-text__media\"><img loading=\"lazy\" decoding=\"async\" width=\"680\" height=\"453\" src=\"http:\/\/tgtovsp.cluster031.hosting.ovh.net\/wp-content\/uploads\/2023\/01\/Le-Domaine-de-la-Cotelleraie.jpg\" alt=\"\" class=\"wp-image-1165 size-full\" srcset=\"https:\/\/www.vinscoeur.be\/wp-content\/uploads\/2023\/01\/Le-Domaine-de-la-Cotelleraie.jpg 680w, https:\/\/www.vinscoeur.be\/wp-content\/uploads\/2023\/01\/Le-Domaine-de-la-Cotelleraie-600x400.jpg 600w, https:\/\/www.vinscoeur.be\/wp-content\/uploads\/2023\/01\/Le-Domaine-de-la-Cotelleraie-300x200.jpg 300w\" sizes=\"auto, (max-width: 680px) 100vw, 680px\" \/><\/figure><div class=\"wp-block-media-text__content\">\n<p>Le Domaine de la Cotelleraie <\/p>\n\n\n\n<p>\u00e0 St. Nicolas de Bourgueil <\/p>\n<\/div><\/div>\n\n\n\n<div style=\"height:50px\" aria-hidden=\"true\" class=\"wp-block-spacer\"><\/div>\n\n\n\n<p><strong><em>Liste des vins disponibles \u00e0 l\u2019achat lors de notre d\u00e9gustation de printemps 2026 :<\/em><\/strong><\/p>\n\n\n\n<div style=\"height:25px\" aria-hidden=\"true\" class=\"wp-block-spacer\"><\/div>\n\n\n\n<figure class=\"wp-block-table is-style-stripes has-small-font-size\"><table class=\"has-colibri-color-6-color has-colibri-color-4-background-color has-text-color has-background has-link-color\"><tbody><tr><td><ul><li><em><strong>Vin Rouge<\/strong><\/em> <\/li><\/ul><\/td><td>&nbsp;<\/td><\/tr><tr><td><mark style=\"background-color:#303e7a\" class=\"has-inline-color has-colibri-color-4-color\">Saint-Nicolas-de-Bourgueil Cuv\u00e9e les Perruches<\/mark><\/td><td>2024<\/td><\/tr><tr><td>Saint-Nicolas-de-Bourgueil Cuv\u00e9e Le Pigeur Fou (vin nature)<\/td><td>2024<\/td><\/tr><tr><td><mark style=\"background-color:#303e7a\" class=\"has-inline-color has-colibri-color-4-color\">Saint-Nicolas-de-Bourgueil Cuv\u00e9e Le Vau Jaumier<\/mark><\/td><td>2024<\/td><\/tr><tr><td>Saint-Nicolas-de-Bourgueil Cuv\u00e9e L&rsquo;envol\u00e9e\u00a0<\/td><td>2022<\/td><\/tr><tr><td>Saint-Nicolas-de-Bourgueil Cuv\u00e9e L&rsquo;envol\u00e9e\u00a0<\/td><td>2015<\/td><\/tr><\/tbody><\/table><figcaption class=\"wp-element-caption\"><strong>Cuv\u00e9es \u00e0 d\u00e9guster le 19 avril 2026<\/strong> :&nbsp;<mark style=\"background-color:#303e7a\" class=\"has-inline-color has-colibri-color-4-color\">nom de la cuv\u00e9e<\/mark><\/figcaption><\/figure>\n\n\n\n<div style=\"height:25px\" aria-hidden=\"true\" class=\"wp-block-spacer\"><\/div>\n\n\n\n<div class=\"wp-block-buttons is-layout-flex wp-block-buttons-is-layout-flex\">\n<div class=\"wp-block-button\"><a class=\"wp-block-button__link wp-element-button\" href=\"https:\/\/www.vinscoeur.be\/index.php\/les-domaines\/\">Retour aux domaines<\/a><\/div>\n<\/div>\n\n\n\n<p><\/p>\n","protected":false},"excerpt":{"rendered":"<p>Lien vers le site du Domaine G\u00e9rard Vall\u00e9e, le propri\u00e9taire et vigneron du Domaine Au travail dans les vignes &#8230; Le Domaine de la Cotelleraie \u00e0 St. Nicolas de Bourgueil Liste des vins disponibles \u00e0 l\u2019achat lors de notre d\u00e9gustation de printemps 2026 : Vin Rouge &nbsp; Saint-Nicolas-de-Bourgueil Cuv\u00e9e les Perruches 2024 Saint-Nicolas-de-Bourgueil Cuv\u00e9e Le [&hellip;]<\/p>\n","protected":false},"author":54,"featured_media":412,"parent":0,"menu_order":0,"comment_status":"closed","ping_status":"open","template":"","meta":{"_acf_changed":false,"footnotes":""},"categories":[10],"tags":[],"class_list":["post-4065","page","type-page","status-publish","has-post-thumbnail","hentry","category-loire"],"acf":[],"_links":{"self":[{"href":"https:\/\/www.vinscoeur.be\/index.php\/wp-json\/wp\/v2\/pages\/4065","targetHints":{"allow":["GET"]}}],"collection":[{"href":"https:\/\/www.vinscoeur.be\/index.php\/wp-json\/wp\/v2\/pages"}],"about":[{"href":"https:\/\/www.vinscoeur.be\/index.php\/wp-json\/wp\/v2\/types\/page"}],"author":[{"embeddable":true,"href":"https:\/\/www.vinscoeur.be\/index.php\/wp-json\/wp\/v2\/users\/54"}],"replies":[{"embeddable":true,"href":"https:\/\/www.vinscoeur.be\/index.php\/wp-json\/wp\/v2\/comments?post=4065"}],"version-history":[{"count":11,"href":"https:\/\/www.vinscoeur.be\/index.php\/wp-json\/wp\/v2\/pages\/4065\/revisions"}],"predecessor-version":[{"id":10190,"href":"https:\/\/www.vinscoeur.be\/index.php\/wp-json\/wp\/v2\/pages\/4065\/revisions\/10190"}],"wp:featuredmedia":[{"embeddable":true,"href":"https:\/\/www.vinscoeur.be\/index.php\/wp-json\/wp\/v2\/media\/412"}],"wp:attachment":[{"href":"https:\/\/www.vinscoeur.be\/index.php\/wp-json\/wp\/v2\/media?parent=4065"}],"wp:term":[{"taxonomy":"category","embeddable":true,"href":"https:\/\/www.vinscoeur.be\/index.php\/wp-json\/wp\/v2\/categories?post=4065"},{"taxonomy":"post_tag","embeddable":true,"href":"https:\/\/www.vinscoeur.be\/index.php\/wp-json\/wp\/v2\/tags?post=4065"}],"curies":[{"name":"wp","href":"https:\/\/api.w.org\/{rel}","templated":true}]}}