{"id":4063,"date":"2023-01-30T12:49:27","date_gmt":"2023-01-30T11:49:27","guid":{"rendered":"http:\/\/ymmnqox.cluster028.hosting.ovh.net\/index.php\/jacqueson-p-et-m\/"},"modified":"2025-12-22T09:56:20","modified_gmt":"2025-12-22T08:56:20","slug":"jacqueson-p-et-m","status":"publish","type":"page","link":"https:\/\/www.vinscoeur.be\/index.php\/jacqueson-p-et-m\/","title":{"rendered":"Domaine Paul et Marie JACQUESON"},"content":{"rendered":"\n<p><a href=\"https:\/\/www.jacqueson-vins.fr\/\" data-type=\"URL\" data-id=\"https:\/\/www.vinscoeur.be\/92\" target=\"_blank\" rel=\"noreferrer noopener\"><strong>Lien vers le site du Domaine<\/strong><\/a><\/p>\n\n\n\n<div style=\"height:50px\" aria-hidden=\"true\" class=\"wp-block-spacer\"><\/div>\n\n\n\n<p class=\"has-text-align-center has-medium-font-size\"><strong>Pr\u00e9sentation du domaine Paul et Marie Jacqueson<\/strong><\/p>\n\n\n\n<figure class=\"wp-block-embed aligncenter is-type-video is-provider-vimeo wp-block-embed-vimeo wp-embed-aspect-16-9 wp-has-aspect-ratio\"><div class=\"wp-block-embed__wrapper\">\n<iframe loading=\"lazy\" title=\"Domaine P&amp;M Jacqueson\" src=\"https:\/\/player.vimeo.com\/video\/729249248?dnt=1&amp;app_id=122963\" width=\"500\" height=\"281\" frameborder=\"0\" allow=\"autoplay; fullscreen; picture-in-picture; clipboard-write; encrypted-media; web-share\" referrerpolicy=\"strict-origin-when-cross-origin\"><\/iframe>\n<\/div><\/figure>\n\n\n\n<div style=\"height:50px\" aria-hidden=\"true\" class=\"wp-block-spacer\"><\/div>\n\n\n\n<div class=\"wp-block-media-text alignwide is-stacked-on-mobile\"><figure class=\"wp-block-media-text__media\"><img loading=\"lazy\" decoding=\"async\" width=\"720\" height=\"480\" src=\"http:\/\/tgtovsp.cluster031.hosting.ovh.net\/wp-content\/uploads\/2023\/01\/003_ETIENNE-RAMOUSSE_DOMAINE-JACQUESON_PORTRAITS_HD_2022.jpg\" alt=\"\" class=\"wp-image-1154 size-full\" srcset=\"https:\/\/www.vinscoeur.be\/wp-content\/uploads\/2023\/01\/003_ETIENNE-RAMOUSSE_DOMAINE-JACQUESON_PORTRAITS_HD_2022.jpg 720w, https:\/\/www.vinscoeur.be\/wp-content\/uploads\/2023\/01\/003_ETIENNE-RAMOUSSE_DOMAINE-JACQUESON_PORTRAITS_HD_2022-600x400.jpg 600w, https:\/\/www.vinscoeur.be\/wp-content\/uploads\/2023\/01\/003_ETIENNE-RAMOUSSE_DOMAINE-JACQUESON_PORTRAITS_HD_2022-300x200.jpg 300w\" sizes=\"auto, (max-width: 720px) 100vw, 720px\" \/><\/figure><div class=\"wp-block-media-text__content\">\n<p>Paul, Marie et Pierre Jacqueson<\/p>\n<\/div><\/div>\n\n\n\n<div style=\"height:50px\" aria-hidden=\"true\" class=\"wp-block-spacer\"><\/div>\n\n\n\n<div class=\"wp-block-media-text alignwide is-stacked-on-mobile\"><figure class=\"wp-block-media-text__media\"><img loading=\"lazy\" decoding=\"async\" width=\"724\" height=\"1024\" src=\"http:\/\/tgtovsp.cluster031.hosting.ovh.net\/wp-content\/uploads\/2023\/01\/cartographie-climats-724x1024.jpg\" alt=\"\" class=\"wp-image-1153 size-full\" srcset=\"https:\/\/www.vinscoeur.be\/wp-content\/uploads\/2023\/01\/cartographie-climats-724x1024.jpg 724w, https:\/\/www.vinscoeur.be\/wp-content\/uploads\/2023\/01\/cartographie-climats-600x849.jpg 600w, https:\/\/www.vinscoeur.be\/wp-content\/uploads\/2023\/01\/cartographie-climats-212x300.jpg 212w, https:\/\/www.vinscoeur.be\/wp-content\/uploads\/2023\/01\/cartographie-climats-768x1086.jpg 768w, https:\/\/www.vinscoeur.be\/wp-content\/uploads\/2023\/01\/cartographie-climats-1086x1536.jpg 1086w, https:\/\/www.vinscoeur.be\/wp-content\/uploads\/2023\/01\/cartographie-climats.jpg 1240w\" sizes=\"auto, (max-width: 724px) 100vw, 724px\" \/><\/figure><div class=\"wp-block-media-text__content\">\n<p>Les diff\u00e9rents climats du Domaine<\/p>\n<\/div><\/div>\n\n\n\n<div style=\"height:50px\" aria-hidden=\"true\" class=\"wp-block-spacer\"><\/div>\n\n\n\n<div class=\"wp-block-media-text alignwide is-stacked-on-mobile\"><figure class=\"wp-block-media-text__media\"><img loading=\"lazy\" decoding=\"async\" width=\"400\" height=\"267\" src=\"http:\/\/tgtovsp.cluster031.hosting.ovh.net\/wp-content\/uploads\/2023\/01\/paul-marie-jacqueson-2.jpg\" alt=\"\" class=\"wp-image-1156 size-full\" srcset=\"https:\/\/www.vinscoeur.be\/wp-content\/uploads\/2023\/01\/paul-marie-jacqueson-2.jpg 400w, https:\/\/www.vinscoeur.be\/wp-content\/uploads\/2023\/01\/paul-marie-jacqueson-2-300x200.jpg 300w\" sizes=\"auto, (max-width: 400px) 100vw, 400px\" \/><\/figure><div class=\"wp-block-media-text__content\">\n<p>La cuverie au pied de <\/p>\n\n\n\n<p>l&rsquo;\u00e9glise du village<\/p>\n<\/div><\/div>\n\n\n\n<div style=\"height:50px\" aria-hidden=\"true\" class=\"wp-block-spacer\"><\/div>\n\n\n\n<p><strong><em><strong><em>Liste des vins disponibles \u00e0 l\u2019achat lors de notre d\u00e9gustation de printemps 2026 :<\/em><\/strong><\/em><\/strong><\/p>\n\n\n\n<div style=\"height:20px\" aria-hidden=\"true\" class=\"wp-block-spacer\"><\/div>\n\n\n\n<figure class=\"wp-block-table is-style-stripes has-small-font-size\"><table class=\"has-colibri-color-6-color has-colibri-color-4-background-color has-text-color has-background has-link-color\"><tbody><tr><td>\n<ul>\n<li><em><strong>Vin Blanc<\/strong><\/em><\/li>\n<\/ul>\n<\/td><td>&nbsp;<\/td><\/tr><tr><td><mark style=\"background-color:#303e7a\" class=\"has-inline-color has-colibri-color-4-color\">Aligot\u00e9 Bouzeron \u00ab\u00a0Les Cord\u00e8res\u00a0\u00bb<\/mark><\/td><td>2024<\/td><\/tr><tr><td>Rully<\/td><td>2024<\/td><\/tr><tr><td>Rully 1er Cru \u00ab\u00a0Vauvry\u00a0\u00bb<\/td><td>2024<\/td><\/tr><tr><td>Rully 1er Cru \u00ab\u00a0La Pucelle\u00a0\u00bb<\/td><td>2024<\/td><\/tr><tr><td>Rully 1er Cru \u00ab\u00a0Gr\u00e9signy\u00a0\u00bb<\/td><td>2023<\/td><\/tr><tr><td>\n<ul>\n<li><em><strong>Vin Rouge<\/strong><\/em><\/li>\n<\/ul>\n<\/td><td>&nbsp;<\/td><\/tr><tr><td>Rully 1er Cru \u00ab\u00a0Les Pr\u00e9aux\u00a0\u00bb<\/td><td>2023<\/td><\/tr><tr><td>Rully 1er Cru \u00ab\u00a0Les Pr\u00e9aux\u00a0\u00bb<\/td><td>2024<\/td><\/tr><tr><td><mark style=\"background-color:#303e7a\" class=\"has-inline-color has-colibri-color-4-color\">Mercurey<\/mark><\/td><td>2023<\/td><\/tr><tr><td>Mercurey<\/td><td>2024<\/td><\/tr><tr><td>Mercurey 1er Cru \u00ab\u00a0Les Naugues\u00a0\u00bb<\/td><td>2023<\/td><\/tr><tr><td><mark style=\"background-color:#303e7a\" class=\"has-inline-color has-colibri-color-4-color\">Mercurey 1er Cru \u00ab\u00a0Les Naugues\u00a0\u00bb<\/mark><\/td><td>2024<\/td><\/tr><\/tbody><\/table><figcaption class=\"wp-element-caption\"><strong>Cuv\u00e9es \u00e0 d\u00e9guster le 19 avril 2026<\/strong> :\u00a0<mark style=\"background-color:#303e7a\" class=\"has-inline-color has-colibri-color-4-color\">nom de la cuv\u00e9e<\/mark><\/figcaption><\/figure>\n\n\n\n<div style=\"height:25px\" aria-hidden=\"true\" class=\"wp-block-spacer\"><\/div>\n\n\n\n<div class=\"wp-block-buttons is-layout-flex wp-block-buttons-is-layout-flex\">\n<div class=\"wp-block-button\"><a class=\"wp-block-button__link wp-element-button\" href=\"https:\/\/www.vinscoeur.be\/index.php\/les-domaines\/\">Retour aux domaines<\/a><\/div>\n<\/div>\n","protected":false},"excerpt":{"rendered":"<p>Lien vers le site du Domaine Pr\u00e9sentation du domaine Paul et Marie Jacqueson Paul, Marie et Pierre Jacqueson Les diff\u00e9rents climats du Domaine La cuverie au pied de l&rsquo;\u00e9glise du village Liste des vins disponibles \u00e0 l\u2019achat lors de notre d\u00e9gustation de printemps 2026 : Vin Blanc &nbsp; Aligot\u00e9 Bouzeron \u00ab\u00a0Les Cord\u00e8res\u00a0\u00bb 2024 Rully 2024 [&hellip;]<\/p>\n","protected":false},"author":54,"featured_media":1154,"parent":0,"menu_order":0,"comment_status":"closed","ping_status":"open","template":"","meta":{"_acf_changed":false,"footnotes":""},"categories":[19],"tags":[],"class_list":["post-4063","page","type-page","status-publish","has-post-thumbnail","hentry","category-bourgogne"],"acf":[],"_links":{"self":[{"href":"https:\/\/www.vinscoeur.be\/index.php\/wp-json\/wp\/v2\/pages\/4063","targetHints":{"allow":["GET"]}}],"collection":[{"href":"https:\/\/www.vinscoeur.be\/index.php\/wp-json\/wp\/v2\/pages"}],"about":[{"href":"https:\/\/www.vinscoeur.be\/index.php\/wp-json\/wp\/v2\/types\/page"}],"author":[{"embeddable":true,"href":"https:\/\/www.vinscoeur.be\/index.php\/wp-json\/wp\/v2\/users\/54"}],"replies":[{"embeddable":true,"href":"https:\/\/www.vinscoeur.be\/index.php\/wp-json\/wp\/v2\/comments?post=4063"}],"version-history":[{"count":15,"href":"https:\/\/www.vinscoeur.be\/index.php\/wp-json\/wp\/v2\/pages\/4063\/revisions"}],"predecessor-version":[{"id":9716,"href":"https:\/\/www.vinscoeur.be\/index.php\/wp-json\/wp\/v2\/pages\/4063\/revisions\/9716"}],"wp:featuredmedia":[{"embeddable":true,"href":"https:\/\/www.vinscoeur.be\/index.php\/wp-json\/wp\/v2\/media\/1154"}],"wp:attachment":[{"href":"https:\/\/www.vinscoeur.be\/index.php\/wp-json\/wp\/v2\/media?parent=4063"}],"wp:term":[{"taxonomy":"category","embeddable":true,"href":"https:\/\/www.vinscoeur.be\/index.php\/wp-json\/wp\/v2\/categories?post=4063"},{"taxonomy":"post_tag","embeddable":true,"href":"https:\/\/www.vinscoeur.be\/index.php\/wp-json\/wp\/v2\/tags?post=4063"}],"curies":[{"name":"wp","href":"https:\/\/api.w.org\/{rel}","templated":true}]}}