{"id":4062,"date":"2023-01-30T12:08:21","date_gmt":"2023-01-30T11:08:21","guid":{"rendered":"http:\/\/ymmnqox.cluster028.hosting.ovh.net\/index.php\/janin-p\/"},"modified":"2026-01-05T12:37:14","modified_gmt":"2026-01-05T11:37:14","slug":"janin-p","status":"publish","type":"page","link":"https:\/\/www.vinscoeur.be\/index.php\/janin-p\/","title":{"rendered":"Domaine Paul JANIN"},"content":{"rendered":"\n<p><a href=\"https:\/\/www.domaine-paul-janin.fr\/\" data-type=\"URL\" data-id=\"https:\/\/www.vinscoeur.be\/91\" target=\"_blank\" rel=\"noreferrer noopener\"><strong>Lien vers le site du Domaine<\/strong><\/a><\/p>\n\n\n\n<div style=\"height:50px\" aria-hidden=\"true\" class=\"wp-block-spacer\"><\/div>\n\n\n\n<div class=\"wp-block-media-text alignwide has-media-on-the-right is-stacked-on-mobile\" style=\"grid-template-columns:auto 59%\"><div class=\"wp-block-media-text__content\">\n<p>Eric Janin, fils de Paul et sa fille Perrine<\/p>\n<\/div><figure class=\"wp-block-media-text__media\"><img loading=\"lazy\" decoding=\"async\" width=\"600\" height=\"400\" src=\"https:\/\/www.vinscoeur.be\/wp-content\/uploads\/2025\/12\/Janin-Pere-et-fille.jpg\" alt=\"\" class=\"wp-image-9577 size-full\" srcset=\"https:\/\/www.vinscoeur.be\/wp-content\/uploads\/2025\/12\/Janin-Pere-et-fille.jpg 600w, https:\/\/www.vinscoeur.be\/wp-content\/uploads\/2025\/12\/Janin-Pere-et-fille-300x200.jpg 300w\" sizes=\"auto, (max-width: 600px) 100vw, 600px\" \/><\/figure><\/div>\n\n\n\n<div style=\"height:52px\" aria-hidden=\"true\" class=\"wp-block-spacer\"><\/div>\n\n\n\n<div class=\"wp-block-media-text alignwide is-stacked-on-mobile\"><figure class=\"wp-block-media-text__media\"><img loading=\"lazy\" decoding=\"async\" width=\"580\" height=\"435\" src=\"https:\/\/www.vinscoeur.be\/wp-content\/uploads\/2025\/12\/La-cuverie.webp\" alt=\"\" class=\"wp-image-9578 size-full\" srcset=\"https:\/\/www.vinscoeur.be\/wp-content\/uploads\/2025\/12\/La-cuverie.webp 580w, https:\/\/www.vinscoeur.be\/wp-content\/uploads\/2025\/12\/La-cuverie-300x225.webp 300w\" sizes=\"auto, (max-width: 580px) 100vw, 580px\" \/><\/figure><div class=\"wp-block-media-text__content\">\n<p>L&rsquo;entr\u00e9e de la cuverie<\/p>\n<\/div><\/div>\n\n\n\n<div style=\"height:50px\" aria-hidden=\"true\" class=\"wp-block-spacer\"><\/div>\n\n\n\n<figure class=\"wp-block-gallery has-nested-images columns-7 is-cropped wp-block-gallery-1 is-layout-flex wp-block-gallery-is-layout-flex\">\n<figure class=\"wp-block-image size-full is-style-rounded\"><img loading=\"lazy\" decoding=\"async\" width=\"166\" height=\"615\" data-id=\"9575\" src=\"https:\/\/www.vinscoeur.be\/wp-content\/uploads\/2025\/12\/paul-janin-mav-empreinte-1.png\" alt=\"\" class=\"wp-image-9575\" srcset=\"https:\/\/www.vinscoeur.be\/wp-content\/uploads\/2025\/12\/paul-janin-mav-empreinte-1.png 166w, https:\/\/www.vinscoeur.be\/wp-content\/uploads\/2025\/12\/paul-janin-mav-empreinte-1-81x300.png 81w\" sizes=\"auto, (max-width: 166px) 100vw, 166px\" \/><\/figure>\n\n\n\n<figure class=\"wp-block-image size-full\"><img loading=\"lazy\" decoding=\"async\" width=\"85\" height=\"341\" data-id=\"9584\" src=\"https:\/\/www.vinscoeur.be\/wp-content\/uploads\/2025\/12\/Capture-decran-2025-12-09-140314.png\" alt=\"\" class=\"wp-image-9584\" srcset=\"https:\/\/www.vinscoeur.be\/wp-content\/uploads\/2025\/12\/Capture-decran-2025-12-09-140314.png 85w, https:\/\/www.vinscoeur.be\/wp-content\/uploads\/2025\/12\/Capture-decran-2025-12-09-140314-75x300.png 75w\" sizes=\"auto, (max-width: 85px) 100vw, 85px\" \/><\/figure>\n\n\n\n<figure class=\"wp-block-image size-large\"><img loading=\"lazy\" decoding=\"async\" width=\"166\" height=\"615\" data-id=\"9572\" src=\"https:\/\/www.vinscoeur.be\/wp-content\/uploads\/2025\/12\/paul-janin-mav-vignes-du-tremblay.png\" alt=\"\" class=\"wp-image-9572\" srcset=\"https:\/\/www.vinscoeur.be\/wp-content\/uploads\/2025\/12\/paul-janin-mav-vignes-du-tremblay.png 166w, https:\/\/www.vinscoeur.be\/wp-content\/uploads\/2025\/12\/paul-janin-mav-vignes-du-tremblay-81x300.png 81w\" sizes=\"auto, (max-width: 166px) 100vw, 166px\" \/><\/figure>\n\n\n\n<figure class=\"wp-block-image size-full\"><img loading=\"lazy\" decoding=\"async\" width=\"85\" height=\"341\" data-id=\"9585\" src=\"https:\/\/www.vinscoeur.be\/wp-content\/uploads\/2025\/12\/Capture-decran-2025-12-09-140314-1.png\" alt=\"\" class=\"wp-image-9585\" srcset=\"https:\/\/www.vinscoeur.be\/wp-content\/uploads\/2025\/12\/Capture-decran-2025-12-09-140314-1.png 85w, https:\/\/www.vinscoeur.be\/wp-content\/uploads\/2025\/12\/Capture-decran-2025-12-09-140314-1-75x300.png 75w\" sizes=\"auto, (max-width: 85px) 100vw, 85px\" \/><\/figure>\n\n\n\n<figure class=\"wp-block-image size-large\"><img loading=\"lazy\" decoding=\"async\" width=\"166\" height=\"615\" data-id=\"9573\" src=\"https:\/\/www.vinscoeur.be\/wp-content\/uploads\/2025\/12\/paul-janin-mav-heritage.png\" alt=\"\" class=\"wp-image-9573\" srcset=\"https:\/\/www.vinscoeur.be\/wp-content\/uploads\/2025\/12\/paul-janin-mav-heritage.png 166w, https:\/\/www.vinscoeur.be\/wp-content\/uploads\/2025\/12\/paul-janin-mav-heritage-81x300.png 81w\" sizes=\"auto, (max-width: 166px) 100vw, 166px\" \/><\/figure>\n\n\n\n<figure class=\"wp-block-image size-full\"><img loading=\"lazy\" decoding=\"async\" width=\"85\" height=\"341\" data-id=\"9586\" src=\"https:\/\/www.vinscoeur.be\/wp-content\/uploads\/2025\/12\/Capture-decran-2025-12-09-140314-2.png\" alt=\"\" class=\"wp-image-9586\" srcset=\"https:\/\/www.vinscoeur.be\/wp-content\/uploads\/2025\/12\/Capture-decran-2025-12-09-140314-2.png 85w, https:\/\/www.vinscoeur.be\/wp-content\/uploads\/2025\/12\/Capture-decran-2025-12-09-140314-2-75x300.png 75w\" sizes=\"auto, (max-width: 85px) 100vw, 85px\" \/><\/figure>\n\n\n\n<figure class=\"wp-block-image size-large\"><img loading=\"lazy\" decoding=\"async\" width=\"166\" height=\"615\" data-id=\"9574\" src=\"https:\/\/www.vinscoeur.be\/wp-content\/uploads\/2025\/12\/paul-janin-mav-greneriers.png\" alt=\"\" class=\"wp-image-9574\" srcset=\"https:\/\/www.vinscoeur.be\/wp-content\/uploads\/2025\/12\/paul-janin-mav-greneriers.png 166w, https:\/\/www.vinscoeur.be\/wp-content\/uploads\/2025\/12\/paul-janin-mav-greneriers-81x300.png 81w\" sizes=\"auto, (max-width: 166px) 100vw, 166px\" \/><\/figure>\n<figcaption class=\"blocks-gallery-caption wp-element-caption\">Les 4 cuv\u00e9es disponibles dans les bonnes ann\u00e9es pour la cuv\u00e9e mythique \u00ab\u00a0Les Greneriers\u00a0\u00bb<\/figcaption><\/figure>\n\n\n\n<div style=\"height:50px\" aria-hidden=\"true\" class=\"wp-block-spacer\"><\/div>\n\n\n\n<p><strong><em><strong><em>Liste des vins disponibles \u00e0 l\u2019achat lors de notre d\u00e9gustation de printemps 2026 :<\/em><\/strong><\/em><\/strong><\/p>\n\n\n\n<div style=\"height:25px\" aria-hidden=\"true\" class=\"wp-block-spacer\"><\/div>\n\n\n\n<figure class=\"wp-block-table is-style-stripes has-small-font-size\"><table class=\"has-colibri-color-6-color has-colibri-color-4-background-color has-text-color has-background has-link-color\"><tbody><tr><td><ul><br><li><em><strong>Vins rouge<\/strong><\/em><\/li><br><\/ul><\/td><td>&nbsp;<\/td><td>&nbsp;<\/td><\/tr><tr><td>Moulin \u00e0 Vent&nbsp; \u00ab\u00a0Empreinte\u00a0\u00bb<\/td><td>2024<\/td><td><\/td><\/tr><tr><td>Moulin \u00e0 Vent\u00a0 \u00ab\u00a0Empreinte\u00a0\u00bb<\/td><td>2023<\/td><td><\/td><\/tr><tr><td>Moulin \u00e0 Vent&nbsp; \u00ab\u00a0Vignes du Tremblay\u00a0\u00bb<\/td><td>2024<\/td><td><\/td><\/tr><tr><td><mark style=\"background-color:#303e7a\" class=\"has-inline-color has-colibri-color-4-color\">Moulin \u00e0 Vent&nbsp; \u00ab\u00a0Vignes du Tremblay\u00a0\u00bb<\/mark><\/td><td>2023<\/td><td><\/td><\/tr><tr><td><mark style=\"background-color:#303e7a\" class=\"has-inline-color has-colibri-color-4-color\">Moulin \u00e0 Vent&nbsp; \u00ab\u00a0H\u00e9ritage\u00a0\u00bb<\/mark><\/td><td>2023<\/td><td><\/td><\/tr><\/tbody><\/table><figcaption class=\"wp-element-caption\"><strong>Cuv\u00e9es \u00e0 d\u00e9guster le 19 avril 2026<\/strong> :\u00a0<mark style=\"background-color:#303e7a\" class=\"has-inline-color has-colibri-color-4-color\">nom de la cuv\u00e9e<\/mark><\/figcaption><\/figure>\n\n\n\n<div style=\"height:25px\" aria-hidden=\"true\" class=\"wp-block-spacer\"><\/div>\n\n\n\n<div class=\"wp-block-buttons is-layout-flex wp-block-buttons-is-layout-flex\">\n<div class=\"wp-block-button\"><a class=\"wp-block-button__link wp-element-button\" href=\"https:\/\/www.vinscoeur.be\/index.php\/les-domaines\/\">Retour aux domaines<\/a><\/div>\n<\/div>\n\n\n\n<p><\/p>\n","protected":false},"excerpt":{"rendered":"<p>Lien vers le site du Domaine Eric Janin, fils de Paul et sa fille Perrine L&rsquo;entr\u00e9e de la cuverie Liste des vins disponibles \u00e0 l\u2019achat lors de notre d\u00e9gustation de printemps 2026 : Vins rouge &nbsp; &nbsp; Moulin \u00e0 Vent&nbsp; \u00ab\u00a0Empreinte\u00a0\u00bb 2024 Moulin \u00e0 Vent\u00a0 \u00ab\u00a0Empreinte\u00a0\u00bb 2023 Moulin \u00e0 Vent&nbsp; \u00ab\u00a0Vignes du Tremblay\u00a0\u00bb 2024 Moulin [&hellip;]<\/p>\n","protected":false},"author":54,"featured_media":1144,"parent":0,"menu_order":0,"comment_status":"closed","ping_status":"open","template":"","meta":{"_acf_changed":false,"footnotes":""},"categories":[11],"tags":[],"class_list":["post-4062","page","type-page","status-publish","has-post-thumbnail","hentry","category-beaujolais"],"acf":[],"_links":{"self":[{"href":"https:\/\/www.vinscoeur.be\/index.php\/wp-json\/wp\/v2\/pages\/4062","targetHints":{"allow":["GET"]}}],"collection":[{"href":"https:\/\/www.vinscoeur.be\/index.php\/wp-json\/wp\/v2\/pages"}],"about":[{"href":"https:\/\/www.vinscoeur.be\/index.php\/wp-json\/wp\/v2\/types\/page"}],"author":[{"embeddable":true,"href":"https:\/\/www.vinscoeur.be\/index.php\/wp-json\/wp\/v2\/users\/54"}],"replies":[{"embeddable":true,"href":"https:\/\/www.vinscoeur.be\/index.php\/wp-json\/wp\/v2\/comments?post=4062"}],"version-history":[{"count":14,"href":"https:\/\/www.vinscoeur.be\/index.php\/wp-json\/wp\/v2\/pages\/4062\/revisions"}],"predecessor-version":[{"id":9907,"href":"https:\/\/www.vinscoeur.be\/index.php\/wp-json\/wp\/v2\/pages\/4062\/revisions\/9907"}],"wp:featuredmedia":[{"embeddable":true,"href":"https:\/\/www.vinscoeur.be\/index.php\/wp-json\/wp\/v2\/media\/1144"}],"wp:attachment":[{"href":"https:\/\/www.vinscoeur.be\/index.php\/wp-json\/wp\/v2\/media?parent=4062"}],"wp:term":[{"taxonomy":"category","embeddable":true,"href":"https:\/\/www.vinscoeur.be\/index.php\/wp-json\/wp\/v2\/categories?post=4062"},{"taxonomy":"post_tag","embeddable":true,"href":"https:\/\/www.vinscoeur.be\/index.php\/wp-json\/wp\/v2\/tags?post=4062"}],"curies":[{"name":"wp","href":"https:\/\/api.w.org\/{rel}","templated":true}]}}