{"id":4060,"date":"2023-01-29T09:18:22","date_gmt":"2023-01-29T08:18:22","guid":{"rendered":"http:\/\/ymmnqox.cluster028.hosting.ovh.net\/index.php\/henri-bonnaud\/"},"modified":"2026-03-02T15:22:31","modified_gmt":"2026-03-02T14:22:31","slug":"henri-bonnaud","status":"publish","type":"page","link":"https:\/\/www.vinscoeur.be\/index.php\/henri-bonnaud\/","title":{"rendered":"Ch\u00e2teau Henri BONNAUD"},"content":{"rendered":"\n<p><a href=\"https:\/\/www.chateau-henri-bonnaud.fr\/\" data-type=\"URL\" data-id=\"https:\/\/www.vinscoeur.be\/89\" target=\"_blank\" rel=\"noreferrer noopener\"><strong>Lien vers le site du Domaine<\/strong><\/a><\/p>\n\n\n\n<div style=\"height:25px\" aria-hidden=\"true\" class=\"wp-block-spacer\"><\/div>\n\n\n\n<p class=\"has-text-align-left\">Le&nbsp;Ch\u00e2teau Henri Bonnaud, situ\u00e9 \u00e0&nbsp;Le Tholonet&nbsp;en Provence, incarne le savoir-faire d&rsquo;une famille profond\u00e9ment ancr\u00e9e dans la tradition viticole proven\u00e7ale. C&rsquo;est en hommage \u00e0 son grand-p\u00e8re, Henri Bonnaud, que&nbsp;<strong>St\u00e9phane Spitzglous<\/strong>&nbsp;a d\u00e9cid\u00e9 de reprendre et d\u00e9velopper ce domaine au d\u00e9but des ann\u00e9es 2000. <\/p>\n\n\n\n<p class=\"has-text-align-left\">Le domaine, certifi\u00e9 en&nbsp;Agriculture Biologique en 2013, s\u2019\u00e9tend sur une trentaine d\u2019hectares dont 14 situ\u00e9s au c\u0153ur de l\u2019appellation&nbsp;Palette. Cette appellation est l\u2019une des plus confidentielles de France (48 hectares), et on y trouve de superbes vins de garde. Son terroir est constitu\u00e9 d\u2019un sol d\u2019\u00e9boulis calcaire dit de \u00abLangesse\u00bb. (un calcaire lacustre de l\u2019\u00e8re tertiaire). Le Domaine, blotti dans un amphith\u00e9\u00e2tre naturel, prot\u00e9g\u00e9 du mistral par les collines de Langesse et du Grand Cabri, et par les montagnes du Cengle et de la Sainte-Victoire, b\u00e9n\u00e9ficie ainsi d\u2019un microclimat.<\/p>\n\n\n\n<p class=\"has-text-align-left\">Depuis la fondation du domaine, St\u00e9phane s&rsquo;est concentr\u00e9 sur la production de vins \u00e9l\u00e9gants, refl\u00e9tant le caract\u00e8re unique de cette r\u00e9gion viticole. Il a modernis\u00e9 les installations tout en restant fid\u00e8le aux m\u00e9thodes traditionnelles de viticulture, unissant innovation et respect du terroir et a su s&rsquo;imposer parmi les grands noms de l\u2019appellation Palette .<\/p>\n\n\n\n<div style=\"height:90px\" aria-hidden=\"true\" class=\"wp-block-spacer\"><\/div>\n\n\n<div class=\"wp-block-image\">\n<figure class=\"aligncenter size-full\"><img loading=\"lazy\" decoding=\"async\" width=\"1021\" height=\"680\" src=\"https:\/\/www.vinscoeur.be\/wp-content\/uploads\/2026\/01\/Propriete-Henri-Bonnaud-6.jpg\" alt=\"\" class=\"wp-image-9888\" srcset=\"https:\/\/www.vinscoeur.be\/wp-content\/uploads\/2026\/01\/Propriete-Henri-Bonnaud-6.jpg 1021w, https:\/\/www.vinscoeur.be\/wp-content\/uploads\/2026\/01\/Propriete-Henri-Bonnaud-6-300x200.jpg 300w, https:\/\/www.vinscoeur.be\/wp-content\/uploads\/2026\/01\/Propriete-Henri-Bonnaud-6-768x511.jpg 768w, https:\/\/www.vinscoeur.be\/wp-content\/uploads\/2026\/01\/Propriete-Henri-Bonnaud-6-600x400.jpg 600w\" sizes=\"auto, (max-width: 1021px) 100vw, 1021px\" \/><figcaption class=\"wp-element-caption\">Le vignoble dans un cadre exceptionnel<\/figcaption><\/figure>\n<\/div>\n\n\n<div style=\"height:90px\" aria-hidden=\"true\" class=\"wp-block-spacer\"><\/div>\n\n\n\n<figure class=\"wp-block-gallery has-nested-images columns-default is-cropped wp-block-gallery-1 is-layout-flex wp-block-gallery-is-layout-flex\">\n<figure class=\"wp-block-image size-large\"><img loading=\"lazy\" decoding=\"async\" width=\"1024\" height=\"683\" data-id=\"9892\" src=\"https:\/\/www.vinscoeur.be\/wp-content\/uploads\/2026\/01\/Propriete-Henri-Bonnaud-1024x683.jpeg\" alt=\"\" class=\"wp-image-9892\" srcset=\"https:\/\/www.vinscoeur.be\/wp-content\/uploads\/2026\/01\/Propriete-Henri-Bonnaud-1024x683.jpeg 1024w, https:\/\/www.vinscoeur.be\/wp-content\/uploads\/2026\/01\/Propriete-Henri-Bonnaud-300x200.jpeg 300w, https:\/\/www.vinscoeur.be\/wp-content\/uploads\/2026\/01\/Propriete-Henri-Bonnaud-768x512.jpeg 768w, https:\/\/www.vinscoeur.be\/wp-content\/uploads\/2026\/01\/Propriete-Henri-Bonnaud-1536x1024.jpeg 1536w, https:\/\/www.vinscoeur.be\/wp-content\/uploads\/2026\/01\/Propriete-Henri-Bonnaud-600x400.jpeg 600w, https:\/\/www.vinscoeur.be\/wp-content\/uploads\/2026\/01\/Propriete-Henri-Bonnaud.jpeg 1701w\" sizes=\"auto, (max-width: 1024px) 100vw, 1024px\" \/><figcaption class=\"wp-element-caption\">La salle de d\u00e9gustation<\/figcaption><\/figure>\n\n\n\n<figure class=\"wp-block-image size-large\"><img loading=\"lazy\" decoding=\"async\" width=\"1024\" height=\"683\" data-id=\"9897\" src=\"https:\/\/www.vinscoeur.be\/wp-content\/uploads\/2026\/01\/Propriete-Henri-Bonnaud-11-1-1024x683.jpg\" alt=\"\" class=\"wp-image-9897\" srcset=\"https:\/\/www.vinscoeur.be\/wp-content\/uploads\/2026\/01\/Propriete-Henri-Bonnaud-11-1-1024x683.jpg 1024w, https:\/\/www.vinscoeur.be\/wp-content\/uploads\/2026\/01\/Propriete-Henri-Bonnaud-11-1-300x200.jpg 300w, https:\/\/www.vinscoeur.be\/wp-content\/uploads\/2026\/01\/Propriete-Henri-Bonnaud-11-1-768x512.jpg 768w, https:\/\/www.vinscoeur.be\/wp-content\/uploads\/2026\/01\/Propriete-Henri-Bonnaud-11-1-1536x1024.jpg 1536w, https:\/\/www.vinscoeur.be\/wp-content\/uploads\/2026\/01\/Propriete-Henri-Bonnaud-11-1-600x400.jpg 600w, https:\/\/www.vinscoeur.be\/wp-content\/uploads\/2026\/01\/Propriete-Henri-Bonnaud-11-1.jpg 1701w\" sizes=\"auto, (max-width: 1024px) 100vw, 1024px\" \/><figcaption class=\"wp-element-caption\">St\u00e9phane Spitzglous<\/figcaption><\/figure>\n<\/figure>\n\n\n\n<div style=\"height:90px\" aria-hidden=\"true\" class=\"wp-block-spacer\"><\/div>\n\n\n\n<p><font><font><font><strong><em><strong><em>Liste des vins disponibles \u00e0 l\u2019achat lors de notre d\u00e9gustation de printemps 2026 :<\/em><\/strong><\/em><\/strong><\/font><\/font><\/font><\/p>\n\n\n\n<div style=\"height:25px\" aria-hidden=\"true\" class=\"wp-block-spacer\"><\/div>\n\n\n\n<figure class=\"wp-block-table is-style-stripes has-small-font-size\"><table class=\"has-colibri-color-6-color has-colibri-color-4-background-color has-text-color has-background has-link-color\"><tbody><tr><td><ul><li><strong><em>Vin Ros\u00e9<\/em><\/strong> <\/li><\/ul><\/td><td>&nbsp;<\/td><td>&nbsp;<\/td><\/tr><tr><td><mark style=\"background-color:#303e7a\" class=\"has-inline-color has-colibri-color-4-color\">AOC C\u00f4tes de Provence cru Ste Victoire<\/mark><\/td><td>2025<\/td><td><\/td><\/tr><tr><td>Quintessence de palette<\/td><td>2025<\/td><td><\/td><\/tr><tr><td><ul><li><strong><em>Vin Blanc<\/em><\/strong> <\/li><\/ul><\/td><td>&nbsp;<\/td><td>&nbsp;<\/td><\/tr><tr><td>IGP Terre Promise<\/td><td>2025<\/td><td><\/td><\/tr><tr><td><mark style=\"background-color:#303e7a\" class=\"has-inline-color has-colibri-color-4-color\">AOC C\u00f4tes de Provence<\/mark><\/td><td>2025<\/td><td><\/td><\/tr><tr><td>Quintessence de palette<\/td><td>2024 <\/td><td><\/td><\/tr><tr><td><ul><li><strong><em>Vin Rouge<\/em><\/strong> <\/li><\/ul><\/td><td>&nbsp;<\/td><td>&nbsp;<\/td><\/tr><tr><td>AOC C\u00f4tes de Provence<\/td><td>2024<\/td><td><\/td><\/tr><tr><td><mark style=\"background-color:#303e7a\" class=\"has-inline-color has-colibri-color-4-color\">AOC Palette<\/mark>\u00a0<\/td><td>2020<\/td><td><\/td><\/tr><tr><td>Quintessence de palette<\/td><td>2022<br><\/td><td><\/td><\/tr><\/tbody><\/table><figcaption class=\"wp-element-caption\"><strong>Cuv\u00e9es \u00e0 d\u00e9guster le 19 avril 2026 <\/strong>:&nbsp;<mark style=\"background-color:#303e7a\" class=\"has-inline-color has-colibri-color-4-color\">nom de la cuv\u00e9e<\/mark><\/figcaption><\/figure>\n\n\n\n<div style=\"height:25px\" aria-hidden=\"true\" class=\"wp-block-spacer\"><\/div>\n\n\n\n<div class=\"wp-block-buttons is-layout-flex wp-block-buttons-is-layout-flex\">\n<div class=\"wp-block-button\"><a class=\"wp-block-button__link wp-element-button\" href=\"https:\/\/www.vinscoeur.be\/index.php\/les-domaines\/\">Retour aux domaines<\/a><\/div>\n<\/div>\n","protected":false},"excerpt":{"rendered":"<p>Lien vers le site du Domaine Le&nbsp;Ch\u00e2teau Henri Bonnaud, situ\u00e9 \u00e0&nbsp;Le Tholonet&nbsp;en Provence, incarne le savoir-faire d&rsquo;une famille profond\u00e9ment ancr\u00e9e dans la tradition viticole proven\u00e7ale. C&rsquo;est en hommage \u00e0 son grand-p\u00e8re, Henri Bonnaud, que&nbsp;St\u00e9phane Spitzglous&nbsp;a d\u00e9cid\u00e9 de reprendre et d\u00e9velopper ce domaine au d\u00e9but des ann\u00e9es 2000. Le domaine, certifi\u00e9 en&nbsp;Agriculture Biologique en 2013, s\u2019\u00e9tend [&hellip;]<\/p>\n","protected":false},"author":54,"featured_media":1082,"parent":0,"menu_order":0,"comment_status":"closed","ping_status":"open","template":"","meta":{"_acf_changed":false,"footnotes":""},"categories":[26],"tags":[],"class_list":["post-4060","page","type-page","status-publish","has-post-thumbnail","hentry","category-provence"],"acf":[],"_links":{"self":[{"href":"https:\/\/www.vinscoeur.be\/index.php\/wp-json\/wp\/v2\/pages\/4060","targetHints":{"allow":["GET"]}}],"collection":[{"href":"https:\/\/www.vinscoeur.be\/index.php\/wp-json\/wp\/v2\/pages"}],"about":[{"href":"https:\/\/www.vinscoeur.be\/index.php\/wp-json\/wp\/v2\/types\/page"}],"author":[{"embeddable":true,"href":"https:\/\/www.vinscoeur.be\/index.php\/wp-json\/wp\/v2\/users\/54"}],"replies":[{"embeddable":true,"href":"https:\/\/www.vinscoeur.be\/index.php\/wp-json\/wp\/v2\/comments?post=4060"}],"version-history":[{"count":17,"href":"https:\/\/www.vinscoeur.be\/index.php\/wp-json\/wp\/v2\/pages\/4060\/revisions"}],"predecessor-version":[{"id":10109,"href":"https:\/\/www.vinscoeur.be\/index.php\/wp-json\/wp\/v2\/pages\/4060\/revisions\/10109"}],"wp:featuredmedia":[{"embeddable":true,"href":"https:\/\/www.vinscoeur.be\/index.php\/wp-json\/wp\/v2\/media\/1082"}],"wp:attachment":[{"href":"https:\/\/www.vinscoeur.be\/index.php\/wp-json\/wp\/v2\/media?parent=4060"}],"wp:term":[{"taxonomy":"category","embeddable":true,"href":"https:\/\/www.vinscoeur.be\/index.php\/wp-json\/wp\/v2\/categories?post=4060"},{"taxonomy":"post_tag","embeddable":true,"href":"https:\/\/www.vinscoeur.be\/index.php\/wp-json\/wp\/v2\/tags?post=4060"}],"curies":[{"name":"wp","href":"https:\/\/api.w.org\/{rel}","templated":true}]}}