{"id":4059,"date":"2023-01-27T14:17:44","date_gmt":"2023-01-27T13:17:44","guid":{"rendered":"http:\/\/ymmnqox.cluster028.hosting.ovh.net\/index.php\/domaine-g-demarie\/"},"modified":"2026-03-18T07:09:24","modified_gmt":"2026-03-18T06:09:24","slug":"domaine-g-demarie","status":"publish","type":"page","link":"https:\/\/www.vinscoeur.be\/index.php\/domaine-g-demarie\/","title":{"rendered":"Azienda Agricola DEMARIE"},"content":{"rendered":"\n<p class=\"has-medium-font-size\"><a href=\"https:\/\/demarie.com\/\" data-type=\"URL\" data-id=\"https:\/\/www.vinscoeur.be\/88\" target=\"_blank\" rel=\"noreferrer noopener\"><strong>Lien vers le site du Domaine<\/strong><\/a><\/p>\n\n\n\n<div style=\"height:50px\" aria-hidden=\"true\" class=\"wp-block-spacer\"><\/div>\n\n\n\n<div class=\"wp-block-media-text alignwide is-stacked-on-mobile\" style=\"grid-template-columns:38% auto\"><figure class=\"wp-block-media-text__media\"><img loading=\"lazy\" decoding=\"async\" width=\"653\" height=\"653\" src=\"http:\/\/tgtovsp.cluster031.hosting.ovh.net\/wp-content\/uploads\/2023\/01\/La-cuverie.png\" alt=\"\" class=\"wp-image-948 size-full\" srcset=\"https:\/\/www.vinscoeur.be\/wp-content\/uploads\/2023\/01\/La-cuverie.png 653w, https:\/\/www.vinscoeur.be\/wp-content\/uploads\/2023\/01\/La-cuverie-300x300.png 300w, https:\/\/www.vinscoeur.be\/wp-content\/uploads\/2023\/01\/La-cuverie-100x100.png 100w, https:\/\/www.vinscoeur.be\/wp-content\/uploads\/2023\/01\/La-cuverie-600x600.png 600w, https:\/\/www.vinscoeur.be\/wp-content\/uploads\/2023\/01\/La-cuverie-150x150.png 150w\" sizes=\"auto, (max-width: 653px) 100vw, 653px\" \/><\/figure><div class=\"wp-block-media-text__content\">\n<p>La cuverie<\/p>\n<\/div><\/div>\n\n\n\n<div style=\"height:100px\" aria-hidden=\"true\" class=\"wp-block-spacer\"><\/div>\n\n\n\n<div class=\"wp-block-media-text alignwide is-stacked-on-mobile\" style=\"grid-template-columns:38% auto\"><figure class=\"wp-block-media-text__media\"><img loading=\"lazy\" decoding=\"async\" width=\"1024\" height=\"640\" src=\"http:\/\/tgtovsp.cluster031.hosting.ovh.net\/wp-content\/uploads\/2023\/01\/La-salle-de-degustation-1024x640.jpg\" alt=\"\" class=\"wp-image-949 size-full\" srcset=\"https:\/\/www.vinscoeur.be\/wp-content\/uploads\/2023\/01\/La-salle-de-degustation-1024x640.jpg 1024w, https:\/\/www.vinscoeur.be\/wp-content\/uploads\/2023\/01\/La-salle-de-degustation-600x375.jpg 600w, https:\/\/www.vinscoeur.be\/wp-content\/uploads\/2023\/01\/La-salle-de-degustation-300x188.jpg 300w, https:\/\/www.vinscoeur.be\/wp-content\/uploads\/2023\/01\/La-salle-de-degustation-768x480.jpg 768w, https:\/\/www.vinscoeur.be\/wp-content\/uploads\/2023\/01\/La-salle-de-degustation.jpg 1400w\" sizes=\"auto, (max-width: 1024px) 100vw, 1024px\" \/><\/figure><div class=\"wp-block-media-text__content\">\n<p>La salle de d\u00e9gustation<\/p>\n<\/div><\/div>\n\n\n\n<div style=\"height:100px\" aria-hidden=\"true\" class=\"wp-block-spacer\"><\/div>\n\n\n\n<div class=\"wp-block-media-text alignwide is-stacked-on-mobile\" style=\"grid-template-columns:34% auto\"><figure class=\"wp-block-media-text__media\"><img loading=\"lazy\" decoding=\"async\" width=\"1024\" height=\"1024\" src=\"http:\/\/tgtovsp.cluster031.hosting.ovh.net\/wp-content\/uploads\/2023\/01\/cartina-italia-1024x1024.jpg\" alt=\"\" class=\"wp-image-950 size-full\" srcset=\"https:\/\/www.vinscoeur.be\/wp-content\/uploads\/2023\/01\/cartina-italia-1024x1024.jpg 1024w, https:\/\/www.vinscoeur.be\/wp-content\/uploads\/2023\/01\/cartina-italia-300x300.jpg 300w, https:\/\/www.vinscoeur.be\/wp-content\/uploads\/2023\/01\/cartina-italia-100x100.jpg 100w, https:\/\/www.vinscoeur.be\/wp-content\/uploads\/2023\/01\/cartina-italia-600x600.jpg 600w, https:\/\/www.vinscoeur.be\/wp-content\/uploads\/2023\/01\/cartina-italia-150x150.jpg 150w, https:\/\/www.vinscoeur.be\/wp-content\/uploads\/2023\/01\/cartina-italia-768x768.jpg 768w, https:\/\/www.vinscoeur.be\/wp-content\/uploads\/2023\/01\/cartina-italia.jpg 1417w\" sizes=\"auto, (max-width: 1024px) 100vw, 1024px\" \/><\/figure><div class=\"wp-block-media-text__content\">\n<p>Les 3 r\u00e9gions viticoles principales du Pi\u00e9mont :                         Barolo, Barbaresco et Roero<\/p>\n<\/div><\/div>\n\n\n\n<div style=\"height:51px\" aria-hidden=\"true\" class=\"wp-block-spacer\"><\/div>\n\n\n\n<p><strong><em>Liste des vins disponibles \u00e0 l\u2019achat lors de notre d\u00e9gustation de printemps 2026 :<\/em><\/strong><\/p>\n\n\n\n<div style=\"height:30px\" aria-hidden=\"true\" class=\"wp-block-spacer\"><\/div>\n\n\n\n<figure class=\"wp-block-table alignleft is-style-stripes has-small-font-size\"><table class=\"has-colibri-color-6-color has-colibri-color-4-background-color has-text-color has-background has-link-color\"><tbody><tr><td> <ul> <li><em><strong>Vin Blanc<\/strong><\/em><\/li> <\/ul> <\/td><td class=\"has-text-align-right\" data-align=\"right\">&nbsp;<\/td><td>&nbsp;<\/td><\/tr><tr><td> Roero Arneis  <strong>Bio<\/strong><\/td><td class=\"has-text-align-right\" data-align=\"right\">2025<\/td><td><\/td><\/tr><tr><td><mark style=\"background-color:#303e7a\" class=\"has-inline-color has-colibri-color-4-color\">Gavi<\/mark><\/td><td class=\"has-text-align-right\" data-align=\"right\">2025<\/td><td><\/td><\/tr><tr><td>\n<ul>\n<li><em><strong>Vin Rouge<\/strong><\/em><\/li>\n<\/ul>\n<\/td><td class=\"has-text-align-right\" data-align=\"right\">&nbsp;<\/td><td>&nbsp;<\/td><\/tr><tr><td>Langhe Dolcetto<\/td><td class=\"has-text-align-right\" data-align=\"right\">2024<\/td><td><\/td><\/tr><tr><td><mark style=\"background-color:#303e7a\" class=\"has-inline-color has-colibri-color-4-color\">Barbera d\u2019Alba Superiore&nbsp;<strong>Bio<\/strong><\/mark><\/td><td class=\"has-text-align-right\" data-align=\"right\">2023<\/td><td><\/td><\/tr><tr><td><mark style=\"background-color:#303e7a\" class=\"has-inline-color has-colibri-color-4-color\">Langhe Rosso<\/mark><\/td><td class=\"has-text-align-right\" data-align=\"right\">2022<\/td><td><\/td><\/tr><tr><td>Langhe Rosso <\/td><td class=\"has-text-align-right\" data-align=\"right\">2021<\/td><td><\/td><\/tr><tr><td>N\u00e9biolo d\u2019Alba <strong>Bio<\/strong><\/td><td class=\"has-text-align-right\" data-align=\"right\">2022<\/td><td><\/td><\/tr><tr><td><mark style=\"background-color:#303e7a\" class=\"has-inline-color has-colibri-color-4-color\">Roero Riserva<strong>&nbsp;Bio<\/strong><\/mark><\/td><td class=\"has-text-align-right\" data-align=\"right\">2021<\/td><td><\/td><\/tr><tr><td>Roero Riserva \u00ab\u00a0Valmaggiore\u00a0\u00bb<\/td><td class=\"has-text-align-right\" data-align=\"right\">2020<\/td><td><\/td><\/tr><tr><td>Barbaresco&nbsp;<\/td><td class=\"has-text-align-right\" data-align=\"right\"> 2022<\/td><td><\/td><\/tr><tr><td><mark style=\"background-color:#202a54\" class=\"has-inline-color has-colibri-color-4-color\">Barbaresco Riserva \u00ab&nbsp;Top Vintage&nbsp;\u00bb<\/mark><\/td><td class=\"has-text-align-right\" data-align=\"right\">2015<\/td><td><\/td><\/tr><tr><td>Barolo&nbsp;<\/td><td class=\"has-text-align-right\" data-align=\"right\">2021<\/td><td><\/td><\/tr><tr><td><mark style=\"background-color:#303e7a\" class=\"has-inline-color has-colibri-color-4-color\">Barolo \u00ab\u00a0Bussia\u00a0\u00bb<\/mark><\/td><td class=\"has-text-align-right\" data-align=\"right\">2021<\/td><td><\/td><\/tr><tr><td>Barolo Riserva \u00ab&nbsp;Top Vintage&nbsp;\u00bb<\/td><td class=\"has-text-align-right\" data-align=\"right\">2019<\/td><td><\/td><\/tr><tr><td>Barolo Riserva \u00ab&nbsp;Top Vintage&nbsp;\u00bb <strong>Limited Edition<\/strong> <\/td><td class=\"has-text-align-right\" data-align=\"right\">2016<\/td><td><\/td><\/tr><\/tbody><\/table><figcaption class=\"wp-element-caption\"><strong>Cuv\u00e9es \u00e0 d\u00e9guster le 19 avril 2026<\/strong> :&nbsp;<mark style=\"background-color:#303e7a\" class=\"has-inline-color has-colibri-color-4-color\">nom de la cuv\u00e9e<\/mark><\/figcaption><\/figure>\n\n\n\n<div style=\"height:30px\" aria-hidden=\"true\" class=\"wp-block-spacer\"><\/div>\n\n\n\n<div class=\"wp-block-buttons is-layout-flex wp-block-buttons-is-layout-flex\">\n<div class=\"wp-block-button\"><a class=\"wp-block-button__link wp-element-button\" href=\"https:\/\/www.vinscoeur.be\/index.php\/les-domaines\/\" target=\"_blank\" rel=\"noreferrer noopener\">Retour aux domaines<\/a><\/div>\n<\/div>\n","protected":false},"excerpt":{"rendered":"<p>Lien vers le site du Domaine La cuverie La salle de d\u00e9gustation Les 3 r\u00e9gions viticoles principales du Pi\u00e9mont : Barolo, Barbaresco et Roero Liste des vins disponibles \u00e0 l\u2019achat lors de notre d\u00e9gustation de printemps 2026 : Vin Blanc &nbsp; &nbsp; Roero Arneis Bio 2025 Gavi 2025 Vin Rouge &nbsp; &nbsp; Langhe Dolcetto 2024 [&hellip;]<\/p>\n","protected":false},"author":54,"featured_media":949,"parent":0,"menu_order":0,"comment_status":"closed","ping_status":"open","template":"","meta":{"_acf_changed":false,"footnotes":""},"categories":[23],"tags":[],"class_list":["post-4059","page","type-page","status-publish","has-post-thumbnail","hentry","category-italie"],"acf":[],"_links":{"self":[{"href":"https:\/\/www.vinscoeur.be\/index.php\/wp-json\/wp\/v2\/pages\/4059","targetHints":{"allow":["GET"]}}],"collection":[{"href":"https:\/\/www.vinscoeur.be\/index.php\/wp-json\/wp\/v2\/pages"}],"about":[{"href":"https:\/\/www.vinscoeur.be\/index.php\/wp-json\/wp\/v2\/types\/page"}],"author":[{"embeddable":true,"href":"https:\/\/www.vinscoeur.be\/index.php\/wp-json\/wp\/v2\/users\/54"}],"replies":[{"embeddable":true,"href":"https:\/\/www.vinscoeur.be\/index.php\/wp-json\/wp\/v2\/comments?post=4059"}],"version-history":[{"count":16,"href":"https:\/\/www.vinscoeur.be\/index.php\/wp-json\/wp\/v2\/pages\/4059\/revisions"}],"predecessor-version":[{"id":10145,"href":"https:\/\/www.vinscoeur.be\/index.php\/wp-json\/wp\/v2\/pages\/4059\/revisions\/10145"}],"wp:featuredmedia":[{"embeddable":true,"href":"https:\/\/www.vinscoeur.be\/index.php\/wp-json\/wp\/v2\/media\/949"}],"wp:attachment":[{"href":"https:\/\/www.vinscoeur.be\/index.php\/wp-json\/wp\/v2\/media?parent=4059"}],"wp:term":[{"taxonomy":"category","embeddable":true,"href":"https:\/\/www.vinscoeur.be\/index.php\/wp-json\/wp\/v2\/categories?post=4059"},{"taxonomy":"post_tag","embeddable":true,"href":"https:\/\/www.vinscoeur.be\/index.php\/wp-json\/wp\/v2\/tags?post=4059"}],"curies":[{"name":"wp","href":"https:\/\/api.w.org\/{rel}","templated":true}]}}