{"id":4056,"date":"2023-01-23T23:40:19","date_gmt":"2023-01-23T22:40:19","guid":{"rendered":"http:\/\/ymmnqox.cluster028.hosting.ovh.net\/index.php\/domaine-christophe-pichon\/"},"modified":"2025-09-16T12:20:44","modified_gmt":"2025-09-16T10:20:44","slug":"domaine-christophe-pichon","status":"publish","type":"page","link":"https:\/\/www.vinscoeur.be\/index.php\/domaine-christophe-pichon\/","title":{"rendered":"Domaine Christophe PICHON et fils"},"content":{"rendered":"\n<p><a href=\"https:\/\/maison-christophe-pichon.com\/\" target=\"_blank\" rel=\"noreferrer noopener\"><strong>Lien vers le site du Domaine<\/strong><\/a><\/p>\n\n\n\n<div style=\"height:50px\" aria-hidden=\"true\" class=\"wp-block-spacer\"><\/div>\n\n\n\n<div class=\"wp-block-media-text alignwide is-stacked-on-mobile\" style=\"grid-template-columns:36% auto\"><figure class=\"wp-block-media-text__media\"><img loading=\"lazy\" decoding=\"async\" width=\"333\" height=\"500\" src=\"https:\/\/www.vinscoeur.be\/wp-content\/uploads\/2025\/08\/domaine-christophe-pichon-et-fils-min-max.jpg\" alt=\"\" class=\"wp-image-8738 size-full\" srcset=\"https:\/\/www.vinscoeur.be\/wp-content\/uploads\/2025\/08\/domaine-christophe-pichon-et-fils-min-max.jpg 333w, https:\/\/www.vinscoeur.be\/wp-content\/uploads\/2025\/08\/domaine-christophe-pichon-et-fils-min-max-200x300.jpg 200w\" sizes=\"auto, (max-width: 333px) 100vw, 333px\" \/><\/figure><div class=\"wp-block-media-text__content\">\n<p>Christophe Pichon et ses 2 fils Alexis et Corentin.<\/p>\n<\/div><\/div>\n\n\n\n<div style=\"height:100px\" aria-hidden=\"true\" class=\"wp-block-spacer\"><\/div>\n\n\n\n<div class=\"wp-block-media-text alignwide is-stacked-on-mobile\"><figure class=\"wp-block-media-text__media\"><img loading=\"lazy\" decoding=\"async\" width=\"300\" height=\"169\" src=\"https:\/\/www.vinscoeur.be\/wp-content\/uploads\/2024\/01\/le-domaine-pichon-a-certains-vignoles-a-plus-de-70-dinclinaison-photo-guy-carlier-300x169-1.png\" alt=\"\" class=\"wp-image-3466 size-full\" \/><\/figure><div class=\"wp-block-media-text__content\">\n<p>Le Domaine poss\u00e8de certaines vignes dont l&rsquo;inclinaison est de pr\u00e8s de 70 %.<\/p>\n<\/div><\/div>\n\n\n\n<div style=\"height:100px\" aria-hidden=\"true\" class=\"wp-block-spacer\"><\/div>\n\n\n\n<figure class=\"wp-block-gallery has-nested-images columns-2 is-cropped wp-block-gallery-1 is-layout-flex wp-block-gallery-is-layout-flex\">\n<figure class=\"wp-block-image size-large\"><img loading=\"lazy\" decoding=\"async\" width=\"683\" height=\"1024\" data-id=\"3589\" src=\"https:\/\/www.vinscoeur.be\/wp-content\/uploads\/2024\/01\/Viognier-683x1024.jpg\" alt=\"\" class=\"wp-image-3589\" srcset=\"https:\/\/www.vinscoeur.be\/wp-content\/uploads\/2024\/01\/Viognier-683x1024.jpg 683w, https:\/\/www.vinscoeur.be\/wp-content\/uploads\/2024\/01\/Viognier-200x300.jpg 200w, https:\/\/www.vinscoeur.be\/wp-content\/uploads\/2024\/01\/Viognier-768x1151.jpg 768w, https:\/\/www.vinscoeur.be\/wp-content\/uploads\/2024\/01\/Viognier.jpg 854w\" sizes=\"auto, (max-width: 683px) 100vw, 683px\" \/><\/figure>\n\n\n\n<figure class=\"wp-block-image size-large is-style-rounded\"><img loading=\"lazy\" decoding=\"async\" width=\"683\" height=\"1024\" data-id=\"3588\" src=\"https:\/\/www.vinscoeur.be\/wp-content\/uploads\/2024\/01\/76c24b94c0cd587eac69be3651938681-683x1024.jpg\" alt=\"\" class=\"wp-image-3588\" srcset=\"https:\/\/www.vinscoeur.be\/wp-content\/uploads\/2024\/01\/76c24b94c0cd587eac69be3651938681-683x1024.jpg 683w, https:\/\/www.vinscoeur.be\/wp-content\/uploads\/2024\/01\/76c24b94c0cd587eac69be3651938681-200x300.jpg 200w, https:\/\/www.vinscoeur.be\/wp-content\/uploads\/2024\/01\/76c24b94c0cd587eac69be3651938681-768x1151.jpg 768w, https:\/\/www.vinscoeur.be\/wp-content\/uploads\/2024\/01\/76c24b94c0cd587eac69be3651938681.jpg 854w\" sizes=\"auto, (max-width: 683px) 100vw, 683px\" \/><\/figure>\n<\/figure>\n\n\n\n<div style=\"height:50px\" aria-hidden=\"true\" class=\"wp-block-spacer\"><\/div>\n\n\n\n<figure class=\"wp-block-gallery has-nested-images columns-default is-cropped wp-block-gallery-2 is-layout-flex wp-block-gallery-is-layout-flex\">\n<figure class=\"wp-block-image size-large\"><img loading=\"lazy\" decoding=\"async\" width=\"326\" height=\"1024\" data-id=\"8734\" src=\"https:\/\/www.vinscoeur.be\/wp-content\/uploads\/2025\/08\/Condrieu-Roche-coulante-326x1024.jpg\" alt=\"\" class=\"wp-image-8734\" srcset=\"https:\/\/www.vinscoeur.be\/wp-content\/uploads\/2025\/08\/Condrieu-Roche-coulante-326x1024.jpg 326w, https:\/\/www.vinscoeur.be\/wp-content\/uploads\/2025\/08\/Condrieu-Roche-coulante.jpg 407w\" sizes=\"auto, (max-width: 326px) 100vw, 326px\" \/><\/figure>\n\n\n\n<figure class=\"wp-block-image size-large\"><img loading=\"lazy\" decoding=\"async\" width=\"352\" height=\"1024\" data-id=\"8735\" src=\"https:\/\/www.vinscoeur.be\/wp-content\/uploads\/2025\/08\/Condrieu-Pur-100-352x1024.jpg\" alt=\"\" class=\"wp-image-8735\" srcset=\"https:\/\/www.vinscoeur.be\/wp-content\/uploads\/2025\/08\/Condrieu-Pur-100-352x1024.jpg 352w, https:\/\/www.vinscoeur.be\/wp-content\/uploads\/2025\/08\/Condrieu-Pur-100-103x300.jpg 103w, https:\/\/www.vinscoeur.be\/wp-content\/uploads\/2025\/08\/Condrieu-Pur-100.jpg 440w\" sizes=\"auto, (max-width: 352px) 100vw, 352px\" \/><\/figure>\n\n\n\n<figure class=\"wp-block-image size-large\"><img loading=\"lazy\" decoding=\"async\" width=\"291\" height=\"772\" data-id=\"8736\" src=\"https:\/\/www.vinscoeur.be\/wp-content\/uploads\/2025\/08\/Hermitage-blanc-Opale-2021-domaine-Pichon-Fils.png\" alt=\"\" class=\"wp-image-8736\" srcset=\"https:\/\/www.vinscoeur.be\/wp-content\/uploads\/2025\/08\/Hermitage-blanc-Opale-2021-domaine-Pichon-Fils.png 291w, https:\/\/www.vinscoeur.be\/wp-content\/uploads\/2025\/08\/Hermitage-blanc-Opale-2021-domaine-Pichon-Fils-113x300.png 113w\" sizes=\"auto, (max-width: 291px) 100vw, 291px\" \/><\/figure>\n<figcaption class=\"blocks-gallery-caption wp-element-caption\">Les 5 cuv\u00e9es de vin blanc du Domaine Pichon disponibles \u00e0 l&rsquo;achat<\/figcaption><\/figure>\n\n\n\n<div style=\"height:50px\" aria-hidden=\"true\" class=\"wp-block-spacer\"><\/div>\n\n\n\n<p><strong><em>Liste des vins disponibles \u00e0 l\u2019achat lors de notre d\u00e9gustation d&rsquo;automne 2025 :<\/em><\/strong><\/p>\n\n\n\n<div style=\"height:26px\" aria-hidden=\"true\" class=\"wp-block-spacer\"><\/div>\n\n\n\n<figure class=\"wp-block-table is-style-stripes has-small-font-size\"><table class=\"has-colibri-color-6-color has-colibri-color-2-background-color has-text-color has-background has-link-color\"><tbody><tr><td>\n<ul>\n<li><strong>Vin Blanc<\/strong><\/li>\n<\/ul>\n<\/td><td class=\"has-text-align-right\" data-align=\"right\">&nbsp;<\/td><\/tr><tr><td><mark style=\"background-color:#303e7a\" class=\"has-inline-color has-colibri-color-4-color\">Viognier&nbsp; IGP<\/mark>&nbsp;<\/td><td class=\"has-text-align-right\" data-align=\"right\">2024<\/td><\/tr><tr><td><mark style=\"background-color:#303e7a\" class=\"has-inline-color has-colibri-color-4-color\">Condrieu<\/mark><\/td><td class=\"has-text-align-right\" data-align=\"right\">2024<\/td><\/tr><tr><td><mark style=\"background-color:#303e7a\" class=\"has-inline-color has-colibri-color-4-color\">Condrieu \u00ab\u00a0Roche Coulante\u00a0\u00bb<\/mark><\/td><td class=\"has-text-align-right\" data-align=\"right\">2024<\/td><\/tr><tr><td>Condrieu \u00ab\u00a0Pur 100\u00a0\u00bb<\/td><td class=\"has-text-align-right\" data-align=\"right\">2024<\/td><\/tr><tr><td>Hermitage \u00ab\u00a0Opale\u00a0\u00bb&nbsp;&nbsp;<\/td><td class=\"has-text-align-right\" data-align=\"right\">2023<\/td><\/tr><tr><td>\n<ul>\n<li><strong>Vin Rouge<\/strong><\/li>\n<\/ul>\n<\/td><td class=\"has-text-align-right\" data-align=\"right\">&nbsp;<\/td><\/tr><tr><td>C\u00f4te R\u00f4tie \u00ab\u00a0Promesse\u00a0\u00bb<\/td><td class=\"has-text-align-right\" data-align=\"right\">2023<\/td><\/tr><tr><td>C\u00f4te R\u00f4tie \u00ab\u00a0Rozier\u00a0\u00bb<\/td><td class=\"has-text-align-right\" data-align=\"right\">2023<\/td><\/tr><tr><td><mark style=\"background-color:#303e7a\" class=\"has-inline-color has-colibri-color-4-color\">C\u00f4te R\u00f4tie \u00ab\u00a0Tess\u00a0\u00bb<\/mark><\/td><td class=\"has-text-align-right\" data-align=\"right\">2023<\/td><\/tr><tr><td>C\u00f4te R\u00f4tie \u00ab\u00a0La Comtesse en C\u00f4te Blonde\u00a0\u00bb&nbsp;<\/td><td class=\"has-text-align-right\" data-align=\"right\">2022<\/td><\/tr><tr><td><mark style=\"background-color:#303e7a\" class=\"has-inline-color has-colibri-color-4-color\">Cornas \u00ab\u00a0All\u00e9gorie\u00a0\u00bb<\/mark>&nbsp;&nbsp;<\/td><td class=\"has-text-align-right\" data-align=\"right\">2022<\/td><\/tr><tr><td><mark style=\"background-color:#303e7a\" class=\"has-inline-color has-colibri-color-4-color\">Hermitage \u00ab\u00a0B\u00e9ryl\u00a0\u00bb<\/mark><\/td><td class=\"has-text-align-right\" data-align=\"right\">2023<\/td><\/tr><\/tbody><\/table><figcaption class=\"wp-element-caption\">Cuv\u00e9es d\u00e9gust\u00e9es le 13 septembre 2025 :\u00a0<mark style=\"background-color:#303e7a\" class=\"has-inline-color has-colibri-color-4-color\">nom de la cuv\u00e9e<\/mark><\/figcaption><\/figure>\n\n\n\n<div style=\"height:25px\" aria-hidden=\"true\" class=\"wp-block-spacer\"><\/div>\n\n\n\n<div class=\"wp-block-buttons is-layout-flex wp-block-buttons-is-layout-flex\">\n<div class=\"wp-block-button\"><a class=\"wp-block-button__link wp-element-button\" href=\"https:\/\/www.vinscoeur.be\/index.php\/les-domaines\/\">Retour aux domaines<\/a><\/div>\n<\/div>\n\n\n\n<p><\/p>\n","protected":false},"excerpt":{"rendered":"<p>Lien vers le site du Domaine Christophe Pichon et ses 2 fils Alexis et Corentin. Le Domaine poss\u00e8de certaines vignes dont l&rsquo;inclinaison est de pr\u00e8s de 70 %. Liste des vins disponibles \u00e0 l\u2019achat lors de notre d\u00e9gustation d&rsquo;automne 2025 : Vin Blanc &nbsp; Viognier&nbsp; IGP&nbsp; 2024 Condrieu 2024 Condrieu \u00ab\u00a0Roche Coulante\u00a0\u00bb 2024 Condrieu \u00ab\u00a0Pur [&hellip;]<\/p>\n","protected":false},"author":54,"featured_media":352,"parent":0,"menu_order":0,"comment_status":"closed","ping_status":"open","template":"","meta":{"_acf_changed":false,"footnotes":""},"categories":[22],"tags":[],"class_list":["post-4056","page","type-page","status-publish","has-post-thumbnail","hentry","category-rhone"],"acf":[],"_links":{"self":[{"href":"https:\/\/www.vinscoeur.be\/index.php\/wp-json\/wp\/v2\/pages\/4056","targetHints":{"allow":["GET"]}}],"collection":[{"href":"https:\/\/www.vinscoeur.be\/index.php\/wp-json\/wp\/v2\/pages"}],"about":[{"href":"https:\/\/www.vinscoeur.be\/index.php\/wp-json\/wp\/v2\/types\/page"}],"author":[{"embeddable":true,"href":"https:\/\/www.vinscoeur.be\/index.php\/wp-json\/wp\/v2\/users\/54"}],"replies":[{"embeddable":true,"href":"https:\/\/www.vinscoeur.be\/index.php\/wp-json\/wp\/v2\/comments?post=4056"}],"version-history":[{"count":15,"href":"https:\/\/www.vinscoeur.be\/index.php\/wp-json\/wp\/v2\/pages\/4056\/revisions"}],"predecessor-version":[{"id":9034,"href":"https:\/\/www.vinscoeur.be\/index.php\/wp-json\/wp\/v2\/pages\/4056\/revisions\/9034"}],"wp:featuredmedia":[{"embeddable":true,"href":"https:\/\/www.vinscoeur.be\/index.php\/wp-json\/wp\/v2\/media\/352"}],"wp:attachment":[{"href":"https:\/\/www.vinscoeur.be\/index.php\/wp-json\/wp\/v2\/media?parent=4056"}],"wp:term":[{"taxonomy":"category","embeddable":true,"href":"https:\/\/www.vinscoeur.be\/index.php\/wp-json\/wp\/v2\/categories?post=4056"},{"taxonomy":"post_tag","embeddable":true,"href":"https:\/\/www.vinscoeur.be\/index.php\/wp-json\/wp\/v2\/tags?post=4056"}],"curies":[{"name":"wp","href":"https:\/\/api.w.org\/{rel}","templated":true}]}}