{"id":4054,"date":"2023-01-23T23:07:53","date_gmt":"2023-01-23T22:07:53","guid":{"rendered":"http:\/\/ymmnqox.cluster028.hosting.ovh.net\/index.php\/devenir-membre\/"},"modified":"2025-12-16T12:57:22","modified_gmt":"2025-12-16T11:57:22","slug":"devenir-membre","status":"publish","type":"page","link":"https:\/\/www.vinscoeur.be\/index.php\/devenir-membre\/","title":{"rendered":"Devenir membre"},"content":{"rendered":"\n<div style=\"height:90px\" aria-hidden=\"true\" class=\"wp-block-spacer\"><\/div>\n\n\n\n<div class=\"wp-block-media-text is-stacked-on-mobile\" style=\"grid-template-columns:33% auto\"><figure class=\"wp-block-media-text__media\"><img loading=\"lazy\" decoding=\"async\" width=\"681\" height=\"1024\" src=\"https:\/\/www.vinscoeur.be\/wp-content\/uploads\/2023\/04\/DSC_0368-681x1024.jpg\" alt=\"\" class=\"wp-image-2362 size-full\" srcset=\"https:\/\/www.vinscoeur.be\/wp-content\/uploads\/2023\/04\/DSC_0368-681x1024.jpg 681w, https:\/\/www.vinscoeur.be\/wp-content\/uploads\/2023\/04\/DSC_0368-scaled-600x902.jpg 600w, https:\/\/www.vinscoeur.be\/wp-content\/uploads\/2023\/04\/DSC_0368-199x300.jpg 199w, https:\/\/www.vinscoeur.be\/wp-content\/uploads\/2023\/04\/DSC_0368-768x1155.jpg 768w, https:\/\/www.vinscoeur.be\/wp-content\/uploads\/2023\/04\/DSC_0368-1021x1536.jpg 1021w, https:\/\/www.vinscoeur.be\/wp-content\/uploads\/2023\/04\/DSC_0368-1362x2048.jpg 1362w, https:\/\/www.vinscoeur.be\/wp-content\/uploads\/2023\/04\/DSC_0368-scaled.jpg 1702w\" sizes=\"auto, (max-width: 681px) 100vw, 681px\" \/><\/figure><div class=\"wp-block-media-text__content\">\n<p>Vous souhaitez nous rejoindre pour participer \u00e0 nos d\u00e9gustations et\/ou nous passer commande ?<\/p>\n\n\n\n<p>Rien de plus simple, il vous suffit :<\/p>\n\n\n\n<ul class=\"wp-block-list\">\n<li>Soit de compl\u00e9ter le formulaire ci-dessous<\/li>\n\n\n\n<li>Soit de nous envoyer un email avec vos coordonn\u00e9es&nbsp;\u00e0&nbsp;<strong>contact@vinscoeur.be<\/strong><\/li>\n<\/ul>\n\n\n\n<p>et vous acquitter de la cotisation annuelle pour 2026 de\u00a0<strong>5\u20ac<\/strong>\u00a0sur le compte\u00a0:\u00a0<strong>BE73 0682 4522 9060<\/strong><\/p>\n\n\n\n<p>Ceci validera votre inscription et vous recevrez alors nos tarifs et invitations aux d\u00e9gustations deux fois par an, sans engagement.<\/p>\n\n\n\n<p>(pour plus d&rsquo;informations sur les pr\u00e9commandes, <a href=\"https:\/\/www.vinscoeur.be\/index.php\/precommandes\/\" data-type=\"page\" data-id=\"4922\" target=\"_blank\" rel=\"noreferrer noopener\">cliquez ici<\/a>) <\/p>\n<\/div><\/div>\n\n\n<div id=\"custom\" class=\"h-section h-section-global-spacing d-flex align-items-lg-start align-items-md-start align-items-start style-918 style-local-4054-c6 position-relative\" data-colibri-component=\"section\" data-colibri-id=\"4054-c6\">\n<div class=\"h-section-grid-container h-section-boxed-container\">\n<div class=\"h-row-container gutters-row-lg-1 gutters-row-md-1 gutters-row-0 gutters-row-v-lg-1 gutters-row-v-md-1 gutters-row-v-1 style-919 style-local-4054-c7 position-relative\" data-colibri-id=\"4054-c7\">\n<div class=\"h-row justify-content-lg-center justify-content-md-center justify-content-center align-items-lg-stretch align-items-md-stretch align-items-stretch gutters-col-lg-1 gutters-col-md-1 gutters-col-0 gutters-col-v-lg-1 gutters-col-v-md-1 gutters-col-v-1\">\n<div class=\"h-column h-column-container d-flex h-col-lg-6 h-col-md-6 h-col-12 style-920-outer style-local-4054-c8-outer\">\n<div class=\"d-flex h-flex-basis h-column__inner h-px-lg-0 h-px-md-0 h-px-0 v-inner-lg-0 v-inner-md-0 v-inner-0 style-920 style-local-4054-c8 position-relative\" data-colibri-id=\"4054-c8\">\n<div class=\"w-100 h-y-container h-column__content h-column__v-align flex-basis-100 align-self-lg-start align-self-md-start align-self-start\">\n<div class=\"style-922 style-local-4054-c9 position-relative h-element\" data-colibri-id=\"4054-c9\">\n<div class=\"h-global-transition-all h-global-transition h-global-transition-all h-contact-form-shortcode\">\n<div class=\"wpcf7 no-js\" id=\"wpcf7-f4244-o1\" lang=\"en-US\" dir=\"ltr\" data-wpcf7-id=\"4244\">\n<div class=\"screen-reader-response\"><p role=\"status\" aria-live=\"polite\" aria-atomic=\"true\"><\/p> <ul><\/ul><\/div>\n<form action=\"\/index.php\/wp-json\/wp\/v2\/pages\/4054#wpcf7-f4244-o1\" method=\"post\" class=\"wpcf7-form init\" aria-label=\"Contact form\" novalidate=\"novalidate\" data-status=\"init\">\n<fieldset class=\"hidden-fields-container\"><input type=\"hidden\" name=\"_wpcf7\" value=\"4244\" \/><input type=\"hidden\" name=\"_wpcf7_version\" value=\"6.1.5\" \/><input type=\"hidden\" name=\"_wpcf7_locale\" value=\"en_US\" \/><input type=\"hidden\" name=\"_wpcf7_unit_tag\" value=\"wpcf7-f4244-o1\" \/><input type=\"hidden\" name=\"_wpcf7_container_post\" value=\"0\" \/><input type=\"hidden\" name=\"_wpcf7_posted_data_hash\" value=\"\" \/><input type=\"hidden\" name=\"_extcf7_conditional_options\" value=\"{&quot;form_id&quot;:4244,&quot;conditions&quot;:[]}\" \/><input type=\"hidden\" name=\"_extcf7_redirect_options\" value=\"{&quot;form_id&quot;:4244,&quot;redirect_options&quot;:&quot;&quot;}\" \/><input type=\"hidden\" name=\"_wpcf7_recaptcha_response\" value=\"\" \/>\n<\/fieldset>\n<p><label> Nom et Pr\u00e9nom :<br \/>\n<span class=\"wpcf7-form-control-wrap\" data-name=\"your-name\"><input size=\"40\" maxlength=\"400\" class=\"wpcf7-form-control wpcf7-text wpcf7-validates-as-required\" autocomplete=\"name\" aria-required=\"true\" aria-invalid=\"false\" value=\"\" type=\"text\" name=\"your-name\" \/><\/span> <\/label>\n<\/p>\n<p><label> Adresse email :<br \/>\n<span class=\"wpcf7-form-control-wrap\" data-name=\"your-email\"><input size=\"40\" maxlength=\"400\" class=\"wpcf7-form-control wpcf7-email wpcf7-validates-as-required wpcf7-text wpcf7-validates-as-email\" autocomplete=\"email\" aria-required=\"true\" aria-invalid=\"false\" value=\"\" type=\"email\" name=\"your-email\" \/><\/span> <\/label>\n<\/p>\n<p><label> N\u00b0 de t\u00e9l\u00e9phone :<br \/>\n<span class=\"wpcf7-form-control-wrap\" data-name=\"tel-324\"><input size=\"40\" maxlength=\"400\" class=\"wpcf7-form-control wpcf7-tel wpcf7-validates-as-required wpcf7-text wpcf7-validates-as-tel\" aria-required=\"true\" aria-invalid=\"false\" value=\"\" type=\"tel\" name=\"tel-324\" \/><\/span> <\/label>\n<\/p>\n<p><label> Adresse postale :<br \/>\n<span class=\"wpcf7-form-control-wrap\" data-name=\"textarea-941\"><textarea cols=\"40\" rows=\"10\" maxlength=\"2000\" class=\"wpcf7-form-control wpcf7-textarea wpcf7-validates-as-required\" aria-required=\"true\" aria-invalid=\"false\" name=\"textarea-941\"><\/textarea><\/span> <\/label>\n<\/p>\n<p><label> J'ai connu 'Les Vins Coeur' gr\u00e2ce \u00e0 :<br \/>\n<span class=\"wpcf7-form-control-wrap\" data-name=\"text-304\"><input size=\"40\" maxlength=\"400\" class=\"wpcf7-form-control wpcf7-text\" aria-invalid=\"false\" value=\"\" type=\"text\" name=\"text-304\" \/><\/span> <\/label>\n<\/p>\n<p><label>Je souhaite \u00e9galement \u00eatre tenu au courant des pr\u00e9commandes aupr\u00e8s des domaines : <\/label>\n<\/p>\n<p><span class=\"wpcf7-form-control-wrap\" data-name=\"checkbox-ambroise\"><span class=\"wpcf7-form-control wpcf7-checkbox\"><span class=\"wpcf7-list-item first last\"><label><input type=\"checkbox\" name=\"checkbox-ambroise[]\" value=\"Maison Ambroise\" \/><span class=\"wpcf7-list-item-label\">Maison Ambroise<\/span><\/label><\/span><\/span><\/span>\n<\/p>\n<p><span class=\"wpcf7-form-control-wrap\" data-name=\"checkbox-guillon\"><span class=\"wpcf7-form-control wpcf7-checkbox\"><span class=\"wpcf7-list-item first last\"><label><input type=\"checkbox\" name=\"checkbox-guillon[]\" value=\"Domaine Jean-Michel et Alexis Guillon\" \/><span class=\"wpcf7-list-item-label\">Domaine Jean-Michel et Alexis Guillon<\/span><\/label><\/span><\/span><\/span>\n<\/p>\n<p><span class=\"wpcf7-form-control-wrap\" data-name=\"checkbox-agros\"><span class=\"wpcf7-form-control wpcf7-checkbox\"><span class=\"wpcf7-list-item first last\"><label><input type=\"checkbox\" name=\"checkbox-agros[]\" value=\"Domaine Anne Gros\" \/><span class=\"wpcf7-list-item-label\">Domaine Anne Gros<\/span><\/label><\/span><\/span><\/span>\n<\/p>\n<p><span class=\"wpcf7-form-control-wrap\" data-name=\"checkbox-tollotgros\"><span class=\"wpcf7-form-control wpcf7-checkbox\"><span class=\"wpcf7-list-item first last\"><label><input type=\"checkbox\" name=\"checkbox-tollotgros[]\" value=\"Domaine Jean-Paul Tollot &amp; Anne Gros\" \/><span class=\"wpcf7-list-item-label\">Domaine Jean-Paul Tollot &amp; Anne Gros<\/span><\/label><\/span><\/span><\/span>\n<\/p>\n<p><label> Autre remarque \u00e9ventuelle :<br \/>\n<span class=\"wpcf7-form-control-wrap\" data-name=\"textarea-889\"><textarea cols=\"40\" rows=\"10\" maxlength=\"2000\" class=\"wpcf7-form-control wpcf7-textarea\" aria-invalid=\"false\" name=\"textarea-889\"><\/textarea><\/span> <\/label>\n<\/p>\n\n<p><input class=\"wpcf7-form-control wpcf7-submit has-spinner\" type=\"submit\" value=\"Je m&#039;inscris\" \/>\n<\/p><div class=\"wpcf7-response-output\" aria-hidden=\"true\"><\/div>\n<\/form>\n<\/div>\n<\/div>\n<\/div>\n<div>\u00a0<\/div>\n<\/div>\n<\/div>\n<\/div>\n<\/div>\n<\/div>\n<\/div>\n<\/div>","protected":false},"excerpt":{"rendered":"<p>\u00a0<\/p>\n","protected":false},"author":53,"featured_media":319,"parent":0,"menu_order":0,"comment_status":"closed","ping_status":"open","template":"","meta":{"_acf_changed":false,"footnotes":""},"class_list":["post-4054","page","type-page","status-publish","has-post-thumbnail","hentry"],"acf":[],"_links":{"self":[{"href":"https:\/\/www.vinscoeur.be\/index.php\/wp-json\/wp\/v2\/pages\/4054","targetHints":{"allow":["GET"]}}],"collection":[{"href":"https:\/\/www.vinscoeur.be\/index.php\/wp-json\/wp\/v2\/pages"}],"about":[{"href":"https:\/\/www.vinscoeur.be\/index.php\/wp-json\/wp\/v2\/types\/page"}],"author":[{"embeddable":true,"href":"https:\/\/www.vinscoeur.be\/index.php\/wp-json\/wp\/v2\/users\/53"}],"replies":[{"embeddable":true,"href":"https:\/\/www.vinscoeur.be\/index.php\/wp-json\/wp\/v2\/comments?post=4054"}],"version-history":[{"count":13,"href":"https:\/\/www.vinscoeur.be\/index.php\/wp-json\/wp\/v2\/pages\/4054\/revisions"}],"predecessor-version":[{"id":9653,"href":"https:\/\/www.vinscoeur.be\/index.php\/wp-json\/wp\/v2\/pages\/4054\/revisions\/9653"}],"wp:featuredmedia":[{"embeddable":true,"href":"https:\/\/www.vinscoeur.be\/index.php\/wp-json\/wp\/v2\/media\/319"}],"wp:attachment":[{"href":"https:\/\/www.vinscoeur.be\/index.php\/wp-json\/wp\/v2\/media?parent=4054"}],"curies":[{"name":"wp","href":"https:\/\/api.w.org\/{rel}","templated":true}]}}