{"id":4052,"date":"2023-01-23T21:13:51","date_gmt":"2023-01-23T20:13:51","guid":{"rendered":"http:\/\/ymmnqox.cluster028.hosting.ovh.net\/index.php\/les-domaines\/"},"modified":"2026-04-01T11:53:24","modified_gmt":"2026-04-01T09:53:24","slug":"les-domaines","status":"publish","type":"page","link":"https:\/\/www.vinscoeur.be\/index.php\/les-domaines\/","title":{"rendered":"Les domaines"},"content":{"rendered":"\n<p>Les domaines avec lesquels nous travaillons sont g\u00e9n\u00e9ralement des r\u00e9f\u00e9rences au sein de leur appellation. Nous sommes fiers de pouvoir vous les proposer lors de nos 2 d\u00e9gustations.<\/p>\n\n\n\n<div class=\"wp-block-cover is-light\" style=\"min-height:170px;aspect-ratio:unset;\"><img loading=\"lazy\" decoding=\"async\" width=\"1836\" height=\"472\" class=\"wp-block-cover__image-background wp-image-6792\" alt=\"\" src=\"https:\/\/www.vinscoeur.be\/wp-content\/uploads\/2024\/08\/vigne-pommard.png\" data-object-fit=\"cover\" srcset=\"https:\/\/www.vinscoeur.be\/wp-content\/uploads\/2024\/08\/vigne-pommard.png 1836w, https:\/\/www.vinscoeur.be\/wp-content\/uploads\/2024\/08\/vigne-pommard-300x77.png 300w, https:\/\/www.vinscoeur.be\/wp-content\/uploads\/2024\/08\/vigne-pommard-1024x263.png 1024w, https:\/\/www.vinscoeur.be\/wp-content\/uploads\/2024\/08\/vigne-pommard-768x197.png 768w, https:\/\/www.vinscoeur.be\/wp-content\/uploads\/2024\/08\/vigne-pommard-1536x395.png 1536w, https:\/\/www.vinscoeur.be\/wp-content\/uploads\/2024\/08\/vigne-pommard-600x154.png 600w\" sizes=\"auto, (max-width: 1836px) 100vw, 1836px\" \/><span aria-hidden=\"true\" class=\"wp-block-cover__background has-colibri-color-5-background-color has-background-dim-60 has-background-dim\"><\/span><div class=\"wp-block-cover__inner-container is-layout-constrained wp-block-cover-is-layout-constrained\">\n<p class=\"has-text-align-center has-colibri-color-6-color has-text-color has-link-color has-large-font-size wp-elements-d4b27389003874ccd333339e8074761b\">D\u00e9gustation de Printemps<\/p>\n<\/div><\/div>\n\n\n\n<div style=\"height:23px\" aria-hidden=\"true\" class=\"wp-block-spacer\"><\/div>\n\n\n\n<ul id=\"block-b3b78fcf-a4e6-490e-9399-6aae6fe75401\" class=\"wp-block-list\">\n<li><a href=\"https:\/\/www.vinscoeur.be\/index.php\/beaujolais\/\" data-type=\"link\" data-id=\"https:\/\/www.vinscoeur.be\/21\" target=\"_blank\" rel=\"noreferrer noopener\">Beaujolais<\/a>\n<ul class=\"wp-block-list\">\n<li><a href=\"https:\/\/www.vinscoeur.be\/index.php\/janin-p\/\" data-type=\"page\" data-id=\"1141\" target=\"_blank\" rel=\"noreferrer noopener\">Domaine Paul JANIN<\/a><\/li>\n<\/ul>\n<\/li>\n\n\n\n<li><a href=\"https:\/\/www.vinscoeur.be\/index.php\/loire\/\" data-type=\"page\" data-id=\"1398\" target=\"_blank\" rel=\"noreferrer noopener\">Loire<\/a>\n<ul class=\"wp-block-list\">\n<li><a href=\"https:\/\/www.vinscoeur.be\/index.php\/la-cotelleraie\/\" data-type=\"page\" data-id=\"1163\" target=\"_blank\" rel=\"noreferrer noopener\">Domaine de la COTELLERAIE<\/a><\/li>\n\n\n\n<li><a href=\"https:\/\/www.vinscoeur.be\/index.php\/domaine-bernard-fleuriet\/\" data-type=\"page\" data-id=\"2524\" target=\"_blank\" rel=\"noreferrer noopener\">Domaine Bernard FLEURIET<\/a><\/li>\n\n\n\n<li><a href=\"https:\/\/www.vinscoeur.be\/index.php\/domaine-marius-tabordet\/\" target=\"_blank\" rel=\"noreferrer noopener\">Domaine Marius TABORDET<\/a><\/li>\n\n\n\n<li><a href=\"https:\/\/www.vinscoeur.be\/index.php\/domaine-pascal-cotat\/\" data-type=\"page\" data-id=\"10195\">Domaine Pascal COTAT<\/a><\/li>\n\n\n\n<li><a href=\"https:\/\/www.vinscoeur.be\/index.php\/roches-neuves\/\" data-type=\"page\" data-id=\"1184\" target=\"_blank\" rel=\"noreferrer noopener\">Domaine des ROCHES NEUVES<\/a><\/li>\n<\/ul>\n<\/li>\n\n\n\n<li><a href=\"https:\/\/www.vinscoeur.be\/index.php\/languedoc-roussillon\/\" data-type=\"page\" data-id=\"1404\" target=\"_blank\" rel=\"noreferrer noopener\">Languedoc-Roussillon<\/a>\n<ul class=\"wp-block-list\">\n<li><a href=\"https:\/\/www.vinscoeur.be\/index.php\/cave-de-terrassous\/\" data-type=\"page\" data-id=\"1235\" target=\"_blank\" rel=\"noreferrer noopener\">Caves de TERRASSOUS<\/a><\/li>\n\n\n\n<li><a href=\"https:\/\/www.vinscoeur.be\/index.php\/canet-valette\/\" data-type=\"page\" data-id=\"1264\" target=\"_blank\" rel=\"noreferrer noopener\">Domaine CANET-VALETTE<\/a><\/li>\n\n\n\n<li><a href=\"https:\/\/www.vinscoeur.be\/index.php\/clos-des-fees\/\" data-type=\"page\" data-id=\"1274\" target=\"_blank\" rel=\"noreferrer noopener\">Clos des FEES<\/a><\/li>\n\n\n\n<li><a href=\"https:\/\/www.vinscoeur.be\/index.php\/domaine-de-la-preceptorie\/\" target=\"_blank\" rel=\"noreferrer noopener\">Domaine de la PRECEPTORIE<\/a><\/li>\n\n\n\n<li><a href=\"https:\/\/www.vinscoeur.be\/index.php\/domaine-de-lhortus\/\" data-type=\"page\" data-id=\"2533\" target=\"_blank\" rel=\"noreferrer noopener\">Domaine de l\u2019HORTUS<\/a><\/li>\n\n\n\n<li><a href=\"https:\/\/www.vinscoeur.be\/index.php\/mas-mudigliza\/\" data-type=\"page\" data-id=\"3301\" target=\"_blank\" rel=\"noreferrer noopener\">Mas MUDIGLIZA<\/a><\/li>\n\n\n\n<li><a href=\"https:\/\/www.vinscoeur.be\/index.php\/domaine-consolation\/\" target=\"_blank\" rel=\"noreferrer noopener\">Domaines COUME DEL MAS &#8211; CONSOLATION<\/a><\/li>\n\n\n\n<li><a href=\"https:\/\/www.vinscoeur.be\/index.php\/domaine-olivier-pithon\/\">Domaine Olivier Pithon<\/a><\/li>\n\n\n\n<li><a href=\"https:\/\/www.vinscoeur.be\/index.php\/laster\/\" data-type=\"page\" data-id=\"1366\" target=\"_blank\" rel=\"noreferrer noopener\">Domaine de l&rsquo;ASTER<\/a><\/li>\n\n\n\n<li><a href=\"https:\/\/www.vinscoeur.be\/?page_id=4129\" target=\"_blank\" rel=\"noreferrer noopener\">Domaine Jean-Paul TOLLOT &amp; Anne GROS<\/a><\/li>\n<\/ul>\n<\/li>\n\n\n\n<li><a href=\"https:\/\/www.vinscoeur.be\/index.php\/cotes-du-rhone\/\" data-type=\"page\" data-id=\"1411\" target=\"_blank\" rel=\"noreferrer noopener\">C\u00f4tes du Rh\u00f4ne<\/a>\n<ul class=\"wp-block-list\">\n<li><a href=\"https:\/\/www.vinscoeur.be\/index.php\/la-mordoree\/\" data-type=\"page\" data-id=\"1318\" target=\"_blank\" rel=\"noreferrer noopener\">Domaine de La MORDOREE<\/a><\/li>\n\n\n\n<li><a href=\"https:\/\/www.vinscoeur.be\/index.php\/chave-j-l\/\" data-type=\"page\" data-id=\"1329\" target=\"_blank\" rel=\"noreferrer noopener\">Domaine Jean-Louis CHAVE<\/a><\/li>\n\n\n\n<li><a href=\"https:\/\/www.vinscoeur.be\/index.php\/jl-chave-selection\/\" data-type=\"page\" data-id=\"1460\" target=\"_blank\" rel=\"noreferrer noopener\">Jean-Louis CHAVE S\u00e9lection<\/a><\/li>\n\n\n\n<li><a href=\"https:\/\/www.vinscoeur.be\/index.php\/domaine-auguste-clape\/\" data-type=\"page\" data-id=\"1457\" target=\"_blank\" rel=\"noreferrer noopener\">Domaine Auguste CLAPE<\/a><\/li>\n\n\n\n<li><a href=\"https:\/\/www.vinscoeur.be\/index.php\/domaine-marcel-richaud\/\" data-type=\"page\" data-id=\"2548\" target=\"_blank\" rel=\"noreferrer noopener\">Domaine Marcel RICHAUD<\/a><\/li>\n\n\n\n<li><a href=\"https:\/\/www.vinscoeur.be\/index.php\/labbe-dine\/\" data-type=\"page\" data-id=\"1346\" target=\"_blank\" rel=\"noreferrer noopener\">Domaine l&rsquo;ABBE DINE<\/a><\/li>\n<\/ul>\n<\/li>\n\n\n\n<li><a href=\"https:\/\/www.vinscoeur.be\/index.php\/bourgogne\/\" target=\"_blank\" rel=\"noreferrer noopener\">Bourgogne<\/a>\n<ul class=\"wp-block-list\">\n<li><a href=\"https:\/\/www.vinscoeur.be\/index.php\/saumaize-j\/\" data-type=\"page\" data-id=\"1158\" target=\"_blank\" rel=\"noreferrer noopener\">Domaine Jacques SAUMAIZE<\/a><\/li>\n\n\n\n<li><a href=\"https:\/\/www.vinscoeur.be\/index.php\/jacqueson-p-et-m\/\" data-type=\"page\" data-id=\"1151\" target=\"_blank\" rel=\"noreferrer noopener\">Domaine Paul et Marie JACQUESON<\/a><\/li>\n\n\n\n<li><a href=\"https:\/\/www.vinscoeur.be\/index.php\/domaine-francoise-et-denis-clair\/\" target=\"_blank\" rel=\"noreferrer noopener\">Domaine Fran\u00e7oise et Denis CLAIR<\/a><\/li>\n\n\n\n<li><a href=\"https:\/\/www.vinscoeur.be\/index.php\/domaine-andre-moingeon-et-fils\/\" data-type=\"page\" data-id=\"1982\" target=\"_blank\" rel=\"noreferrer noopener\">Domaine Andr\u00e9 MOINGEON et fils<\/a><\/li>\n\n\n\n<li><a href=\"https:\/\/www.vinscoeur.be\/index.php\/domaine-de-la-pousse-dor\/\" data-type=\"page\" data-id=\"938\" target=\"_blank\" rel=\"noreferrer noopener\">Domaine de la POUSSE D&rsquo;OR<\/a><\/li>\n\n\n\n<li><a href=\"https:\/\/www.vinscoeur.be\/index.php\/maison-ambroise\/\" data-type=\"page\" data-id=\"9478\" target=\"_blank\" rel=\"noreferrer noopener\">Maison AMBROISE<\/a><\/li>\n\n\n\n<li><a href=\"https:\/\/www.vinscoeur.be\/index.php\/domaine-anne-gros\/\" data-type=\"page\" data-id=\"485\" target=\"_blank\" rel=\"noreferrer noopener\">Domaine Anne GROS<\/a><\/li>\n\n\n\n<li><a href=\"https:\/\/www.vinscoeur.be\/index.php\/domaine-jean-michel-guillon-et-fils\/\" data-type=\"page\" data-id=\"277\" target=\"_blank\" rel=\"noreferrer noopener\">Domaine Jean-Michel GUILLON et fils<\/a><\/li>\n<\/ul>\n<\/li>\n\n\n\n<li><a href=\"https:\/\/www.vinscoeur.be\/index.php\/provence\/\" data-type=\"page\" data-id=\"1409\" target=\"_blank\" rel=\"noreferrer noopener\">Provence<\/a>\n<ul class=\"wp-block-list\">\n<li><a href=\"https:\/\/www.vinscoeur.be\/index.php\/henri-bonnaud\/\" data-type=\"page\" data-id=\"1078\" target=\"_blank\" rel=\"noreferrer noopener\">Domaine Henri BONNAUD<\/a><\/li>\n<\/ul>\n<\/li>\n\n\n\n<li><a href=\"https:\/\/www.vinscoeur.be\/index.php\/corse\/\" data-type=\"page\" data-id=\"10164\">Corse<\/a>\n<ul class=\"wp-block-list\">\n<li><a href=\"https:\/\/www.vinscoeur.be\/index.php\/domaine-vincenti\/\" data-type=\"page\" data-id=\"10146\">Domaine VINCENTI<\/a><\/li>\n<\/ul>\n<\/li>\n\n\n\n<li><a href=\"https:\/\/www.vinscoeur.be\/index.php\/italie-piemont\/\" data-type=\"page\" data-id=\"1413\" target=\"_blank\" rel=\"noreferrer noopener\">Italie &#8211; Pi\u00e9mont<\/a>\n<ul class=\"wp-block-list\">\n<li><a href=\"https:\/\/www.vinscoeur.be\/index.php\/domaine-g-demarie\/\" data-type=\"page\" data-id=\"945\" target=\"_blank\" rel=\"noreferrer noopener\">Azienda Agricola DEMARIE<\/a><\/li>\n<\/ul>\n<\/li>\n\n\n\n<li><a href=\"https:\/\/www.vinscoeur.be\/index.php\/espagne\/\" data-type=\"page\" data-id=\"1415\" target=\"_blank\" rel=\"noreferrer noopener\">Espagne<\/a>\n<ul class=\"wp-block-list\">\n<li><a href=\"https:\/\/www.vinscoeur.be\/54\" data-type=\"page\" data-id=\"1078\"><\/a><a href=\"https:\/\/www.vinscoeur.be\/index.php\/domaine-terra-remota\/\" data-type=\"page\" data-id=\"2537\" target=\"_blank\" rel=\"noreferrer noopener\">Domaine TERRA REMOTA<\/a><\/li>\n<\/ul>\n<\/li>\n<\/ul>\n\n\n\n<div style=\"height:62px\" aria-hidden=\"true\" class=\"wp-block-spacer\"><\/div>\n\n\n\n<div class=\"wp-block-cover is-light\" style=\"min-height:181px;aspect-ratio:unset;\"><img loading=\"lazy\" decoding=\"async\" width=\"1836\" height=\"472\" class=\"wp-block-cover__image-background wp-image-6792\" alt=\"\" src=\"https:\/\/www.vinscoeur.be\/wp-content\/uploads\/2024\/08\/vigne-pommard.png\" data-object-fit=\"cover\" srcset=\"https:\/\/www.vinscoeur.be\/wp-content\/uploads\/2024\/08\/vigne-pommard.png 1836w, https:\/\/www.vinscoeur.be\/wp-content\/uploads\/2024\/08\/vigne-pommard-300x77.png 300w, https:\/\/www.vinscoeur.be\/wp-content\/uploads\/2024\/08\/vigne-pommard-1024x263.png 1024w, https:\/\/www.vinscoeur.be\/wp-content\/uploads\/2024\/08\/vigne-pommard-768x197.png 768w, https:\/\/www.vinscoeur.be\/wp-content\/uploads\/2024\/08\/vigne-pommard-1536x395.png 1536w, https:\/\/www.vinscoeur.be\/wp-content\/uploads\/2024\/08\/vigne-pommard-600x154.png 600w\" sizes=\"auto, (max-width: 1836px) 100vw, 1836px\" \/><span aria-hidden=\"true\" class=\"wp-block-cover__background has-colibri-color-5-background-color has-background-dim-60 has-background-dim\"><\/span><div class=\"wp-block-cover__inner-container is-layout-constrained wp-block-cover-is-layout-constrained\">\n<p class=\"has-text-align-center has-colibri-color-6-color has-text-color has-link-color has-large-font-size wp-elements-8e9692f2ad64caafbdc101beb57b8791\">D\u00e9gustation d&rsquo;Automne<\/p>\n<\/div><\/div>\n\n\n\n<div style=\"height:24px\" aria-hidden=\"true\" class=\"wp-block-spacer\"><\/div>\n\n\n\n<ul id=\"block-b3b78fcf-a4e6-490e-9399-6aae6fe75401\" class=\"wp-block-list\">\n<li><a href=\"https:\/\/www.vinscoeur.be\/21\" data-type=\"page\" data-id=\"1402\">Beaujolais<\/a> \n\n\n\n\n\n\n\n\n\n\n\n\n\n\n\n\n\n\n\n\n\n\n\n\n\n\n\n\n\n\n\n\n\n\n\n\n\n\n\n\n\n\n\n\n\n\n\n\n\n\n\n\n\n\n\n\n<ul class=\"wp-block-list\">\n<li><a href=\"https:\/\/www.vinscoeur.be\/index.php\/domaine-serge-desperrier\/\" data-type=\"page\" data-id=\"1817\" target=\"_blank\" rel=\"noreferrer noopener\">Domaine Serge DESPERRIER<\/a><\/li>\n\n\n\n<li><a href=\"https:\/\/www.vinscoeur.be\/index.php\/clos-de-la-roilette\/\" data-type=\"page\" data-id=\"1808\" target=\"_blank\" rel=\"noreferrer noopener\">Clos de la ROILETTE<\/a><\/li>\n\n\n\n<li><a href=\"https:\/\/www.vinscoeur.be\/index.php\/domaine-jean-marc-burgaud\/\" data-type=\"page\" data-id=\"1833\" target=\"_blank\" rel=\"noreferrer noopener\">Domaine Jean-Marc BURGAUD<\/a><\/li>\n<\/ul>\n<\/li>\n\n\n\n<li><a href=\"https:\/\/www.vinscoeur.be\/index.php\/bourgogne\/\" data-type=\"page\" data-id=\"1396\" target=\"_blank\" rel=\"noreferrer noopener\">Bourgogne<\/a>\n<ul class=\"wp-block-list\">\n<li><a href=\"https:\/\/www.vinscoeur.be\/index.php\/domaine-nathalie-et-gilles-fevre\/\" data-type=\"page\" data-id=\"2477\" target=\"_blank\" rel=\"noreferrer noopener\">Domaine Nathalie et Gilles FEVRE<\/a><\/li>\n\n\n\n<li><a href=\"https:\/\/www.vinscoeur.be\/index.php\/domaine-des-gerbeaux\/\" target=\"_blank\" rel=\"noreferrer noopener\">Domaine des GERBEAUX<\/a><\/li>\n\n\n\n<li><a href=\"https:\/\/www.vinscoeur.be\/index.php\/domaine-de-leveche\/\" data-type=\"page\" data-id=\"2517\" target=\"_blank\" rel=\"noreferrer noopener\">Domaine de L\u2019\u00c9V\u00caCH\u00c9<\/a><\/li>\n\n\n\n<li><a href=\"https:\/\/www.vinscoeur.be\/index.php\/domaine-de-villaine\/\" data-type=\"page\" data-id=\"8124\">Domaine de VILLAINE<\/a><\/li>\n\n\n\n<li><a href=\"https:\/\/www.vinscoeur.be\/index.php\/domaine-vincent-et-sophie-morey\/\" target=\"_blank\" rel=\"noreferrer noopener\">Domaine Vincent et Sophie MOREY<\/a><\/li>\n\n\n\n<li><a href=\"https:\/\/www.vinscoeur.be\/index.php\/domaine-catherine-et-claude-marechal\/\" data-type=\"page\" data-id=\"2507\" target=\"_blank\" rel=\"noreferrer noopener\">Domaine Catherine et Claude MARECHAL<\/a><\/li>\n\n\n\n<li><a href=\"https:\/\/www.vinscoeur.be\/index.php\/domaine-michel-gros\/\" data-type=\"page\" data-id=\"2519\" target=\"_blank\" rel=\"noreferrer noopener\">Domaine Michel GROS<\/a><\/li>\n\n\n\n<li><a href=\"https:\/\/www.vinscoeur.be\/index.php\/domaine-bart-3\/\" data-type=\"page\" data-id=\"2511\" target=\"_blank\" rel=\"noreferrer noopener\">Domaine Martin BART<\/a><\/li>\n<\/ul>\n<\/li>\n\n\n\n<li><a href=\"https:\/\/www.vinscoeur.be\/index.php\/loire\/\" data-type=\"page\" data-id=\"1398\" target=\"_blank\" rel=\"noreferrer noopener\">Loire<\/a>\n<ul class=\"wp-block-list\">\n<li><a href=\"https:\/\/www.vinscoeur.be\/?page_id=6168\" data-type=\"page\" data-id=\"2521\" target=\"_blank\" rel=\"noreferrer noopener\">Domaine Nicolas GAUDRY<\/a><\/li>\n\n\n\n<li><a href=\"https:\/\/www.vinscoeur.be\/?page_id=6479\" target=\"_blank\" rel=\"noreferrer noopener\">Domaine des RABICHATTES<\/a><\/li>\n\n\n\n<li><a href=\"https:\/\/www.vinscoeur.be\/index.php\/reverdy-ducroux\/\" data-type=\"page\" data-id=\"1239\" target=\"_blank\" rel=\"noreferrer noopener\">Domaine REVERDY-DUCROUX<\/a><\/li>\n\n\n\n<li><a href=\"https:\/\/www.vinscoeur.be\/index.php\/domaine-thibauld-denizot\/\" data-type=\"page\" data-id=\"6187\" target=\"_blank\" rel=\"noreferrer noopener\">Domaine Thibauld DENIZOT<\/a><\/li>\n\n\n\n<li><a href=\"https:\/\/www.vinscoeur.be\/index.php\/domaine-de-nerleux\/\" data-type=\"page\" data-id=\"2855\" target=\"_blank\" rel=\"noreferrer noopener\">Domaine de NERLEUX<\/a><\/li>\n<\/ul>\n<\/li>\n\n\n\n<li><a href=\"https:\/\/www.vinscoeur.be\/index.php\/languedoc-roussillon\/\" data-type=\"page\" data-id=\"1404\" target=\"_blank\" rel=\"noreferrer noopener\">Languedoc-Roussillon<\/a>\n<ul class=\"wp-block-list\">\n<li><a href=\"https:\/\/www.vinscoeur.be\/index.php\/domaine-daupilhac\/\" data-type=\"page\" data-id=\"1854\" target=\"_blank\" rel=\"noreferrer noopener\">Domaine d\u2019AUPILHAC<\/a><\/li>\n\n\n\n<li><a href=\"https:\/\/www.vinscoeur.be\/index.php\/domaine-jean-et-victor-gardies\/\" data-type=\"page\" data-id=\"2841\" target=\"_blank\" rel=\"noreferrer noopener\">Domaine Jean et Victor GARDIES<\/a><\/li>\n\n\n\n<li><a href=\"https:\/\/www.vinscoeur.be\/index.php\/aigues-belles\/\" data-type=\"page\" data-id=\"1300\" target=\"_blank\" rel=\"noreferrer noopener\">Domaine d\u2019AIGUES BELLES<\/a><\/li>\n<\/ul>\n<\/li>\n\n\n\n<li><a href=\"https:\/\/www.vinscoeur.be\/index.php\/cotes-du-rhone\/\" data-type=\"page\" data-id=\"1411\" target=\"_blank\" rel=\"noreferrer noopener\">C\u00f4tes du Rh\u00f4ne<\/a>\n<ul class=\"wp-block-list\">\n<li><a href=\"https:\/\/www.vinscoeur.be\/index.php\/domaine-christophe-curtat\/\" data-type=\"page\" data-id=\"2541\" target=\"_blank\" rel=\"noreferrer noopener\">Domaine Christophe CURTAT<\/a><\/li>\n\n\n\n<li><a href=\"https:\/\/www.vinscoeur.be\/index.php\/domaine-christophe-pichon\/\" data-type=\"page\" data-id=\"351\" target=\"_blank\" rel=\"noreferrer noopener\">Domaine Christophe PICHON et fils<\/a><\/li>\n\n\n\n<li><a href=\"https:\/\/www.vinscoeur.be\/index.php\/domaine-du-vieux-donjon\/\" data-type=\"page\" data-id=\"2544\" target=\"_blank\" rel=\"noreferrer noopener\">Domaine du VIEUX DONJON<\/a><\/li>\n\n\n\n<li><a href=\"https:\/\/www.vinscoeur.be\/index.php\/chateau-unang\/\" data-type=\"page\" data-id=\"1335\" target=\"_blank\" rel=\"noreferrer noopener\">Ch\u00e2teau UNANG<\/a><\/li>\n\n\n\n<li><a href=\"https:\/\/www.vinscoeur.be\/index.php\/domaine-saladin\/\" data-type=\"page\" data-id=\"2546\" target=\"_blank\" rel=\"noreferrer noopener\">Domaine SALADIN<\/a><\/li>\n<\/ul>\n<\/li>\n\n\n\n<li><a href=\"https:\/\/www.vinscoeur.be\/index.php\/sud-ouest\/\" data-type=\"page\" data-id=\"2905\" target=\"_blank\" rel=\"noreferrer noopener\">Sud-Ouest<\/a>\n<ul class=\"wp-block-list\">\n<li><a href=\"https:\/\/www.vinscoeur.be\/index.php\/domaine-berthoumieu\/\" data-type=\"page\" data-id=\"2539\" target=\"_blank\" rel=\"noreferrer noopener\">Domaine BERTHOUMIEU<\/a><\/li>\n\n\n\n<li><a href=\"https:\/\/www.vinscoeur.be\/index.php\/clos-de-la-vierge-clos-cancaillau\/\" data-type=\"page\" data-id=\"8301\">Clos de la VIERGE \u2013 Clos CANCAILLA\u00dc<\/a><\/li>\n\n\n\n<li><a href=\"https:\/\/www.vinscoeur.be\/index.php\/chateau-laurou\/\" data-type=\"page\" data-id=\"8304\">Ch\u00e2teau LAUROU<\/a><\/li>\n<\/ul>\n<\/li>\n\n\n\n<li><a href=\"https:\/\/www.vinscoeur.be\/index.php\/champagne\/\" data-type=\"page\" data-id=\"2903\" target=\"_blank\" rel=\"noreferrer noopener\">Champagne<\/a>\n<ul class=\"wp-block-list\">\n<li><a href=\"https:\/\/www.vinscoeur.be\/index.php\/champagne-jean-pernet\/\" data-type=\"page\" data-id=\"2979\" target=\"_blank\" rel=\"noreferrer noopener\">Champagne Jean PERNET<\/a><\/li>\n\n\n\n<li><a href=\"https:\/\/www.vinscoeur.be\/index.php\/champagne-bollinger\/\" data-type=\"page\" data-id=\"2976\" target=\"_blank\" rel=\"noreferrer noopener\">Champagne BOLLINGER<\/a><\/li>\n<\/ul>\n<\/li>\n\n\n\n<li><a href=\"https:\/\/www.vinscoeur.be\/index.php\/italie-toscane\/\" data-type=\"page\" data-id=\"8321\">Italie \u2013 Toscane<\/a>\n<ul class=\"wp-block-list\">\n<li><a href=\"https:\/\/www.vinscoeur.be\/index.php\/domaine-borgo-macereto\/\" data-type=\"page\" data-id=\"8318\">Domaine BORGO MACERETO<\/a><\/li>\n\n\n\n<li><a href=\"https:\/\/www.vinscoeur.be\/index.php\/domaine-collosorbo\/\" data-type=\"page\" data-id=\"8308\">Domaine COLLOSORBO<\/a><\/li>\n<\/ul>\n<\/li>\n<\/ul>\n\n\n\n<p><\/p>\n","protected":false},"excerpt":{"rendered":"<p>Les domaines avec lesquels nous travaillons sont g\u00e9n\u00e9ralement des r\u00e9f\u00e9rences au sein de leur appellation. Nous sommes fiers de pouvoir vous les proposer lors de nos 2 d\u00e9gustations.<\/p>\n","protected":false},"author":53,"featured_media":0,"parent":0,"menu_order":0,"comment_status":"closed","ping_status":"open","template":"","meta":{"_acf_changed":false,"footnotes":""},"categories":[],"tags":[],"class_list":["post-4052","page","type-page","status-publish","hentry"],"acf":[],"_links":{"self":[{"href":"https:\/\/www.vinscoeur.be\/index.php\/wp-json\/wp\/v2\/pages\/4052","targetHints":{"allow":["GET"]}}],"collection":[{"href":"https:\/\/www.vinscoeur.be\/index.php\/wp-json\/wp\/v2\/pages"}],"about":[{"href":"https:\/\/www.vinscoeur.be\/index.php\/wp-json\/wp\/v2\/types\/page"}],"author":[{"embeddable":true,"href":"https:\/\/www.vinscoeur.be\/index.php\/wp-json\/wp\/v2\/users\/53"}],"replies":[{"embeddable":true,"href":"https:\/\/www.vinscoeur.be\/index.php\/wp-json\/wp\/v2\/comments?post=4052"}],"version-history":[{"count":117,"href":"https:\/\/www.vinscoeur.be\/index.php\/wp-json\/wp\/v2\/pages\/4052\/revisions"}],"predecessor-version":[{"id":10387,"href":"https:\/\/www.vinscoeur.be\/index.php\/wp-json\/wp\/v2\/pages\/4052\/revisions\/10387"}],"wp:attachment":[{"href":"https:\/\/www.vinscoeur.be\/index.php\/wp-json\/wp\/v2\/media?parent=4052"}],"wp:term":[{"taxonomy":"category","embeddable":true,"href":"https:\/\/www.vinscoeur.be\/index.php\/wp-json\/wp\/v2\/categories?post=4052"},{"taxonomy":"post_tag","embeddable":true,"href":"https:\/\/www.vinscoeur.be\/index.php\/wp-json\/wp\/v2\/tags?post=4052"}],"curies":[{"name":"wp","href":"https:\/\/api.w.org\/{rel}","templated":true}]}}